{"id":446,"date":"2023-03-14T10:36:16","date_gmt":"2023-03-14T10:36:16","guid":{"rendered":"http:\/\/neu.hacker-feinmechanik.de\/?page_id=446"},"modified":"2024-06-28T08:13:34","modified_gmt":"2024-06-28T07:13:34","slug":"medizintechnik","status":"publish","type":"page","link":"https:\/\/mikrotech.sk\/sk\/medizintechnik\/","title":{"rendered":"ZDRAVOTN\u00cdCTVO"},"content":{"rendered":"<div id='full_slider_1'  class='avia-fullwidth-slider main_color avia-shadow   avia-builder-el-0  el_before_av_one_half  avia-builder-el-first   container_wrap fullsize'  ><div  class='avia-slideshow av-lf84ag0d-8424bcf87edc20a4a5a45c68de82b600 avia-slideshow-no scaling av_slideshow_full avia-slide-slider av-slideshow-ui av-control-default av-slideshow-manual av-loop-once av-loop-manual-endless av-default-height-applied   avia-slideshow-1' data-slideshow-options=\"{&quot;animation&quot;:&quot;slide&quot;,&quot;autoplay&quot;:false,&quot;loop_autoplay&quot;:&quot;once&quot;,&quot;interval&quot;:5,&quot;loop_manual&quot;:&quot;manual-endless&quot;,&quot;autoplay_stopper&quot;:false,&quot;noNavigation&quot;:false,&quot;bg_slider&quot;:false,&quot;keep_padding&quot;:false,&quot;hoverpause&quot;:false,&quot;show_slide_delay&quot;:0}\"  itemprop=\"image\" itemscope=\"itemscope\" itemtype=\"https:\/\/schema.org\/ImageObject\" ><ul class='avia-slideshow-inner ' style='padding-bottom: 21.09375%;'><li  class='avia-slideshow-slide av-lf84ag0d-8424bcf87edc20a4a5a45c68de82b600__0  av-single-slide slide-1 slide-odd'><div data-rel='slideshow-1' class='avia-slide-wrap '   ><img decoding=\"async\" fetchpriority=\"high\" class=\"wp-image-3601 avia-img-lazy-loading-not-3601\"  src=\"https:\/\/mikrotech.sk\/wp-content\/uploads\/2023\/03\/medizintechnik-hacker-feinmechanik-12-12-16-16-01-17.jpg\" width=\"1920\" height=\"405\" title='medizintechnik-hacker-feinmechanik-12-12-16-16-01-17' alt=''  itemprop=\"thumbnailUrl\" srcset=\"https:\/\/mikrotech.sk\/wp-content\/uploads\/2023\/03\/medizintechnik-hacker-feinmechanik-12-12-16-16-01-17.jpg 1920w, https:\/\/mikrotech.sk\/wp-content\/uploads\/2023\/03\/medizintechnik-hacker-feinmechanik-12-12-16-16-01-17-300x63.jpg 300w, https:\/\/mikrotech.sk\/wp-content\/uploads\/2023\/03\/medizintechnik-hacker-feinmechanik-12-12-16-16-01-17-1030x217.jpg 1030w, https:\/\/mikrotech.sk\/wp-content\/uploads\/2023\/03\/medizintechnik-hacker-feinmechanik-12-12-16-16-01-17-768x162.jpg 768w, https:\/\/mikrotech.sk\/wp-content\/uploads\/2023\/03\/medizintechnik-hacker-feinmechanik-12-12-16-16-01-17-1536x324.jpg 1536w, https:\/\/mikrotech.sk\/wp-content\/uploads\/2023\/03\/medizintechnik-hacker-feinmechanik-12-12-16-16-01-17-1500x316.jpg 1500w, https:\/\/mikrotech.sk\/wp-content\/uploads\/2023\/03\/medizintechnik-hacker-feinmechanik-12-12-16-16-01-17-705x149.jpg 705w\" sizes=\"(max-width: 1920px) 100vw, 1920px\" \/><\/div><\/li><\/ul><\/div><\/div><div id='after_full_slider_1'  class='main_color av_default_container_wrap container_wrap fullsize'  ><div class='container av-section-cont-open' ><div class='template-page content  av-content-full alpha units'><div class='post-entry post-entry-type-page post-entry-446'><div class='entry-content-wrapper clearfix'>\n<div  class='flex_column av-10k5im-c3da642bbde74c28969d5afc3ad1d7d0 av_one_half  avia-builder-el-1  el_after_av_slideshow_full  el_before_av_one_half  avia-builder-el-first  first flex_column_div  '     ><section  class='av_textblock_section av-lf8497gr-43b919e81b1451a77ab5aab603ac80f0 '   itemscope=\"itemscope\" itemtype=\"https:\/\/schema.org\/CreativeWork\" ><div class='avia_textblock'  itemprop=\"text\" ><h1>ZDRAVOTN\u00cdCTVO<\/h1>\n<\/div><\/section><br \/>\n\n<style type=\"text\/css\" data-created_by=\"avia_inline_auto\" id=\"style-css-av-za2ke-734810f609782ef38b07ce3597e6dcd3\">\n#top .hr.av-za2ke-734810f609782ef38b07ce3597e6dcd3{\nmargin-top:10px;\nmargin-bottom:30px;\n}\n.hr.av-za2ke-734810f609782ef38b07ce3597e6dcd3 .hr-inner{\nwidth:80px;\nborder-color:#00519e;\n}\n<\/style>\n<div  class='hr av-za2ke-734810f609782ef38b07ce3597e6dcd3 hr-custom  avia-builder-el-3  el_after_av_textblock  el_before_av_textblock  hr-left hr-icon-no'><span class='hr-inner inner-border-av-border-fat'><span class=\"hr-inner-style\"><\/span><\/span><\/div><br \/>\n<section  class='av_textblock_section av-lf849cwh-696cf93884b76158e5469c9c5c105b9c '   itemscope=\"itemscope\" itemtype=\"https:\/\/schema.org\/CreativeWork\" ><div class='avia_textblock'  itemprop=\"text\" ><h3><strong><span style=\"color: #00519e;\">PRESN\u00c9 DIELY PRE ZDRAVOTN\u00cdCKU TECHNIKU<\/span><\/strong><\/h3>\n<\/div><\/section><\/p><\/div>\n<div  class='flex_column av-qidli-d579e6d21137ba49854ba102f257ad26 av_one_half  avia-builder-el-5  el_after_av_one_half  el_before_av_section  avia-builder-el-last  flex_column_div  '     ><section  class='av_textblock_section av-lf849ytk-bc87d52a279942c9a03d5954b4071167 '   itemscope=\"itemscope\" itemtype=\"https:\/\/schema.org\/CreativeWork\" ><div class='avia_textblock'  itemprop=\"text\" ><p>Mno\u017estvo\u00a0zdravotn\u00edckych\u00a0produktov si vy\u017eaduje presn\u00e9 rie\u0161enia. MIKROTECH vyr\u00e1ba vysoko kvalitn\u00e9 s\u00fastru\u017een\u00e9 s\u00fa\u010diastky, rovnako ako fr\u00e9zovan\u00e9 \u010dasti a mechanick\u00e9 komponenty vyroben\u00e9 z kovu, ktor\u00e9 sa pou\u017e\u00edvaj\u00fa v\u00a0zdravotn\u00edckej technike.<\/p>\n<h5><span style=\"color: #00519e;\">Tu s\u00fa niektor\u00e9 pr\u00edklady, ktor\u00e9 ilustruj\u00fa rozmanitos\u0165 mo\u017en\u00fdch aplik\u00e1ci\u00ed:<\/span><\/h5>\n<ul>\n<li>protetika<\/li>\n<li>ortetika<\/li>\n<li>voz\u00edky<\/li>\n<li>zubn\u00e1 technika<\/li>\n<li>endoskopia \/ optotechnol\u00f3gia<\/li>\n<li>analytika<\/li>\n<\/ul>\n<p>Va\u0161a oblas\u0165 zdravotn\u00edckej techniky nie je uveden\u00e1? Nev\u00e1hajte n\u00e1s kontaktova\u0165, mo\u017eno m\u00e1me\u00a0pr\u00e1ve my pre Va\u0161u spolo\u010dnos\u0165 to spr\u00e1vne rie\u0161enie.<\/p>\n<\/div>\n<\/div>\n<\/div>\n<div class=\"wrapper-blau\">\n<div class=\"container\">\n<div class=\"row\"><\/div>\n<\/div>\n<\/div>\n<\/div><\/section><\/div><\/div><\/div><\/div><!-- close content main div --><\/div><\/div>\n<style type=\"text\/css\" data-created_by=\"avia_inline_auto\" id=\"style-css-av-lhpzz613-8a17e99312e3171b205e1758d9cfbf7f\">\n.avia-section.av-lhpzz613-8a17e99312e3171b205e1758d9cfbf7f{\nbackground-color:#00519e;\nbackground-image:unset;\n}\n<\/style>\n<div id='av_section_1'  class='avia-section av-lhpzz613-8a17e99312e3171b205e1758d9cfbf7f main_color avia-section-default avia-no-border-styling  avia-builder-el-7  el_after_av_one_half  avia-builder-el-last  avia-bg-style-scroll container_wrap fullsize'  ><div class='container av-section-cont-open' ><div class='template-page content  av-content-full alpha units'><div class='post-entry post-entry-type-page post-entry-446'><div class='entry-content-wrapper clearfix'>\n<div  class='flex_column av-hiaxi-6f465e0ba932d10e9e444546e52b5f2f av_one_half  avia-builder-el-8  el_before_av_one_half  avia-builder-el-first  first flex_column_div  '     ><style type=\"text\/css\" data-created_by=\"avia_inline_auto\" id=\"style-css-av-lf84ayxk-e25c111d619c566bcdf17da8a7e9388a\">\n#top .av_textblock_section.av-lf84ayxk-e25c111d619c566bcdf17da8a7e9388a .avia_textblock{\nfont-size:36px;\ntext-align:center;\n}\n\n@media only screen and (max-width: 479px){ \n#top .av_textblock_section.av-lf84ayxk-e25c111d619c566bcdf17da8a7e9388a .avia_textblock{\nfont-size:28px;\n}\n}\n<\/style>\n<section  class='av_textblock_section av-lf84ayxk-e25c111d619c566bcdf17da8a7e9388a '   itemscope=\"itemscope\" itemtype=\"https:\/\/schema.org\/CreativeWork\" ><div class='avia_textblock'  itemprop=\"text\" ><div style=\"text-align: left;\"><span style=\"color: #ffffff;\">KONTAKTN\u00c1 OSOBA:<\/span><\/div>\n<\/div><\/section><br \/>\n\n<style type=\"text\/css\" data-created_by=\"avia_inline_auto\" id=\"style-css-av-lf84bazw-b4d8846972506f4eb638a0bf9f0f4dd0\">\n#top .hr.av-lf84bazw-b4d8846972506f4eb638a0bf9f0f4dd0{\nmargin-top:10px;\nmargin-bottom:30px;\n}\n.hr.av-lf84bazw-b4d8846972506f4eb638a0bf9f0f4dd0 .hr-inner{\nwidth:80px;\nborder-color:#ffffff;\n}\n<\/style>\n<div  class='hr av-lf84bazw-b4d8846972506f4eb638a0bf9f0f4dd0 hr-custom  avia-builder-el-10  el_after_av_textblock  avia-builder-el-last  hr-left hr-icon-no'><span class='hr-inner inner-border-av-border-fat'><span class=\"hr-inner-style\"><\/span><\/span><\/div><\/p><\/div><div  class='flex_column av-p2cm-1a6988d108646a840e35357c490f290e av_one_half  avia-builder-el-11  el_after_av_one_half  avia-builder-el-last  flex_column_div  '     ><section  class='av_textblock_section av-lf84bk1c-736b3e2693bf4fa014ebdea2bd158167 '   itemscope=\"itemscope\" itemtype=\"https:\/\/schema.org\/CreativeWork\" ><div class='avia_textblock'  itemprop=\"text\" ><h3><span style=\"color: #ffffff;\"><strong>FRANTI\u0160EK LI\u0160AN\u00cdK<\/strong><\/span><\/h3>\n<\/div><\/section><br \/>\n\n<style type=\"text\/css\" data-created_by=\"avia_inline_auto\" id=\"style-css-av-7fxem-bf6fa75e8b71cf4f298ee4a7c5c06fc3\">\n#top .hr.hr-invisible.av-7fxem-bf6fa75e8b71cf4f298ee4a7c5c06fc3{\nheight:15px;\n}\n<\/style>\n<div  class='hr av-7fxem-bf6fa75e8b71cf4f298ee4a7c5c06fc3 hr-invisible  avia-builder-el-13  el_after_av_textblock  el_before_av_icon_box '><span class='hr-inner '><span class=\"hr-inner-style\"><\/span><\/span><\/div><br \/>\n\n<style type=\"text\/css\" data-created_by=\"avia_inline_auto\" id=\"style-css-av-lhpzyq2x-d78abf3e4b510a11c779c481504ad79b\">\n.iconbox.av-lhpzyq2x-d78abf3e4b510a11c779c481504ad79b .iconbox_icon{\ncolor:#ffffff;\n}\n.iconbox.av-lhpzyq2x-d78abf3e4b510a11c779c481504ad79b .iconbox_icon.avia-svg-icon svg:first-child{\nfill:#ffffff;\nstroke:#ffffff;\n}\n<\/style>\n<article  class='iconbox iconbox_left av-lhpzyq2x-d78abf3e4b510a11c779c481504ad79b  avia-builder-el-14  el_after_av_hr  el_before_av_icon_box '  itemscope=\"itemscope\" itemtype=\"https:\/\/schema.org\/CreativeWork\" ><div class=\"iconbox_content\"><header class=\"entry-content-header\" aria-label=\"Icon: \"><div class='iconbox_icon heading-color avia-iconfont avia-font-entypo-fontello' data-av_icon='\ue854' data-av_iconfont='entypo-fontello'  ><\/div><\/header><div class='iconbox_content_container '  itemprop=\"text\" ><h3><span style=\"color: #ffffff;\"><strong>\u00a0 +421 42 4305 012<\/strong><\/span><\/h3>\n<\/div><\/div><footer class=\"entry-footer\"><\/footer><\/article><br \/>\n\n<style type=\"text\/css\" data-created_by=\"avia_inline_auto\" id=\"style-css-av-lhpzxy8j-08c0d09371fbf8444ec0bf1baf57db48\">\n.iconbox.av-lhpzxy8j-08c0d09371fbf8444ec0bf1baf57db48 .iconbox_icon{\ncolor:#ffffff;\n}\n.iconbox.av-lhpzxy8j-08c0d09371fbf8444ec0bf1baf57db48 .iconbox_icon.avia-svg-icon svg:first-child{\nfill:#ffffff;\nstroke:#ffffff;\n}\n<\/style>\n<article  class='iconbox iconbox_left av-lhpzxy8j-08c0d09371fbf8444ec0bf1baf57db48  avia-builder-el-15  el_after_av_icon_box  avia-builder-el-last '  itemscope=\"itemscope\" itemtype=\"https:\/\/schema.org\/CreativeWork\" ><div class=\"iconbox_content\"><header class=\"entry-content-header\" aria-label=\"Icon: \"><div class='iconbox_icon heading-color avia-iconfont avia-font-entypo-fontello' data-av_icon='\ue805' data-av_iconfont='entypo-fontello'  ><\/div><\/header><div class='iconbox_content_container '  itemprop=\"text\" ><h3><span style=\"color: #ffffff;\"><strong><a style=\"color: #ffffff;\" href=\"mailto:F.LISANIK@MIKROTECH.SK\">\u00a0F.LISANIK@MIKROTECH.SK<\/a><\/strong><\/span><\/h3>\n<\/div><\/div><footer class=\"entry-footer\"><\/footer><\/article><\/p><\/div>\n<\/p>\n","protected":false},"excerpt":{"rendered":"","protected":false},"author":2,"featured_media":0,"parent":0,"menu_order":0,"comment_status":"closed","ping_status":"closed","template":"","meta":{"footnotes":""},"class_list":["post-446","page","type-page","status-publish","hentry"],"yoast_head":"<!-- This site is optimized with the Yoast SEO plugin v27.5 - https:\/\/yoast.com\/product\/yoast-seo-wordpress\/ -->\n<title>ZDRAVOTN\u00cdCTVO - Mikrotech s.r.o.<\/title>\n<meta name=\"robots\" content=\"index, follow, max-snippet:-1, max-image-preview:large, max-video-preview:-1\" \/>\n<link rel=\"canonical\" href=\"https:\/\/mikrotech.sk\/sk\/medizintechnik\/\" \/>\n<meta property=\"og:locale\" content=\"sk_SK\" \/>\n<meta property=\"og:type\" content=\"article\" \/>\n<meta property=\"og:title\" content=\"ZDRAVOTN\u00cdCTVO - Mikrotech s.r.o.\" \/>\n<meta property=\"og:url\" content=\"https:\/\/mikrotech.sk\/sk\/medizintechnik\/\" \/>\n<meta property=\"og:site_name\" content=\"Mikrotech s.r.o.\" \/>\n<meta property=\"article:modified_time\" content=\"2024-06-28T07:13:34+00:00\" \/>\n<meta name=\"twitter:card\" content=\"summary_large_image\" \/>\n<meta name=\"twitter:label1\" content=\"Predpokladan\u00fd \u010das \u010d\u00edtania\" \/>\n\t<meta name=\"twitter:data1\" content=\"14 min\u00fat\" \/>\n<script type=\"application\/ld+json\" class=\"yoast-schema-graph\">{\"@context\":\"https:\\\/\\\/schema.org\",\"@graph\":[{\"@type\":\"WebPage\",\"@id\":\"https:\\\/\\\/mikrotech.sk\\\/sk\\\/medizintechnik\\\/\",\"url\":\"https:\\\/\\\/mikrotech.sk\\\/sk\\\/medizintechnik\\\/\",\"name\":\"ZDRAVOTN\u00cdCTVO - Mikrotech s.r.o.\",\"isPartOf\":{\"@id\":\"https:\\\/\\\/mikrotech.sk\\\/sk\\\/#website\"},\"datePublished\":\"2023-03-14T10:36:16+00:00\",\"dateModified\":\"2024-06-28T07:13:34+00:00\",\"breadcrumb\":{\"@id\":\"https:\\\/\\\/mikrotech.sk\\\/sk\\\/medizintechnik\\\/#breadcrumb\"},\"inLanguage\":\"sk-SK\",\"potentialAction\":[{\"@type\":\"ReadAction\",\"target\":[\"https:\\\/\\\/mikrotech.sk\\\/sk\\\/medizintechnik\\\/\"]}]},{\"@type\":\"BreadcrumbList\",\"@id\":\"https:\\\/\\\/mikrotech.sk\\\/sk\\\/medizintechnik\\\/#breadcrumb\",\"itemListElement\":[{\"@type\":\"ListItem\",\"position\":1,\"name\":\"Startseite\",\"item\":\"https:\\\/\\\/mikrotech.sk\\\/sk\\\/\"},{\"@type\":\"ListItem\",\"position\":2,\"name\":\"ZDRAVOTN\u00cdCTVO\"}]},{\"@type\":\"WebSite\",\"@id\":\"https:\\\/\\\/mikrotech.sk\\\/sk\\\/#website\",\"url\":\"https:\\\/\\\/mikrotech.sk\\\/sk\\\/\",\"name\":\"Mikrotech s.r.o.\",\"description\":\"s\u00fastru\u017een\u00e9 diely, fr\u00e9zovan\u00e9 diely, br\u00fasen\u00e9 diely\",\"potentialAction\":[{\"@type\":\"SearchAction\",\"target\":{\"@type\":\"EntryPoint\",\"urlTemplate\":\"https:\\\/\\\/mikrotech.sk\\\/sk\\\/?s={search_term_string}\"},\"query-input\":{\"@type\":\"PropertyValueSpecification\",\"valueRequired\":true,\"valueName\":\"search_term_string\"}}],\"inLanguage\":\"sk-SK\"}]}<\/script>\n<!-- \/ Yoast SEO plugin. -->","yoast_head_json":{"title":"ZDRAVOTN\u00cdCTVO - Mikrotech s.r.o.","robots":{"index":"index","follow":"follow","max-snippet":"max-snippet:-1","max-image-preview":"max-image-preview:large","max-video-preview":"max-video-preview:-1"},"canonical":"https:\/\/mikrotech.sk\/sk\/medizintechnik\/","og_locale":"sk_SK","og_type":"article","og_title":"ZDRAVOTN\u00cdCTVO - Mikrotech s.r.o.","og_url":"https:\/\/mikrotech.sk\/sk\/medizintechnik\/","og_site_name":"Mikrotech s.r.o.","article_modified_time":"2024-06-28T07:13:34+00:00","twitter_card":"summary_large_image","twitter_misc":{"Predpokladan\u00fd \u010das \u010d\u00edtania":"14 min\u00fat"},"schema":{"@context":"https:\/\/schema.org","@graph":[{"@type":"WebPage","@id":"https:\/\/mikrotech.sk\/sk\/medizintechnik\/","url":"https:\/\/mikrotech.sk\/sk\/medizintechnik\/","name":"ZDRAVOTN\u00cdCTVO - Mikrotech s.r.o.","isPartOf":{"@id":"https:\/\/mikrotech.sk\/sk\/#website"},"datePublished":"2023-03-14T10:36:16+00:00","dateModified":"2024-06-28T07:13:34+00:00","breadcrumb":{"@id":"https:\/\/mikrotech.sk\/sk\/medizintechnik\/#breadcrumb"},"inLanguage":"sk-SK","potentialAction":[{"@type":"ReadAction","target":["https:\/\/mikrotech.sk\/sk\/medizintechnik\/"]}]},{"@type":"BreadcrumbList","@id":"https:\/\/mikrotech.sk\/sk\/medizintechnik\/#breadcrumb","itemListElement":[{"@type":"ListItem","position":1,"name":"Startseite","item":"https:\/\/mikrotech.sk\/sk\/"},{"@type":"ListItem","position":2,"name":"ZDRAVOTN\u00cdCTVO"}]},{"@type":"WebSite","@id":"https:\/\/mikrotech.sk\/sk\/#website","url":"https:\/\/mikrotech.sk\/sk\/","name":"Mikrotech s.r.o.","description":"s\u00fastru\u017een\u00e9 diely, fr\u00e9zovan\u00e9 diely, br\u00fasen\u00e9 diely","potentialAction":[{"@type":"SearchAction","target":{"@type":"EntryPoint","urlTemplate":"https:\/\/mikrotech.sk\/sk\/?s={search_term_string}"},"query-input":{"@type":"PropertyValueSpecification","valueRequired":true,"valueName":"search_term_string"}}],"inLanguage":"sk-SK"}]}},"_links":{"self":[{"href":"https:\/\/mikrotech.sk\/sk\/wp-json\/wp\/v2\/pages\/446","targetHints":{"allow":["GET"]}}],"collection":[{"href":"https:\/\/mikrotech.sk\/sk\/wp-json\/wp\/v2\/pages"}],"about":[{"href":"https:\/\/mikrotech.sk\/sk\/wp-json\/wp\/v2\/types\/page"}],"author":[{"embeddable":true,"href":"https:\/\/mikrotech.sk\/sk\/wp-json\/wp\/v2\/users\/2"}],"replies":[{"embeddable":true,"href":"https:\/\/mikrotech.sk\/sk\/wp-json\/wp\/v2\/comments?post=446"}],"version-history":[{"count":17,"href":"https:\/\/mikrotech.sk\/sk\/wp-json\/wp\/v2\/pages\/446\/revisions"}],"predecessor-version":[{"id":3338,"href":"https:\/\/mikrotech.sk\/sk\/wp-json\/wp\/v2\/pages\/446\/revisions\/3338"}],"wp:attachment":[{"href":"https:\/\/mikrotech.sk\/sk\/wp-json\/wp\/v2\/media?parent=446"}],"curies":[{"name":"wp","href":"https:\/\/api.w.org\/{rel}","templated":true}]}}