{"id":433,"date":"2023-03-14T10:25:41","date_gmt":"2023-03-14T10:25:41","guid":{"rendered":"http:\/\/neu.hacker-feinmechanik.de\/?page_id=433"},"modified":"2024-06-28T08:14:07","modified_gmt":"2024-06-28T07:14:07","slug":"maschinenbau","status":"publish","type":"page","link":"https:\/\/mikrotech.sk\/sk\/maschinenbau\/","title":{"rendered":"STROJ\u00c1RSTVO"},"content":{"rendered":"<div id='full_slider_1'  class='avia-fullwidth-slider main_color avia-shadow   avia-builder-el-0  el_before_av_one_half  avia-builder-el-first   container_wrap fullsize'  ><div  class='avia-slideshow av-h1rd-b3d943cb5b9207c9534150e8be703a55 avia-slideshow-no scaling av_slideshow_full avia-slide-slider av-slideshow-ui av-control-default av-slideshow-manual av-loop-once av-loop-manual-endless av-default-height-applied   avia-slideshow-1' data-slideshow-options=\"{&quot;animation&quot;:&quot;slide&quot;,&quot;autoplay&quot;:false,&quot;loop_autoplay&quot;:&quot;once&quot;,&quot;interval&quot;:5,&quot;loop_manual&quot;:&quot;manual-endless&quot;,&quot;autoplay_stopper&quot;:false,&quot;noNavigation&quot;:false,&quot;bg_slider&quot;:false,&quot;keep_padding&quot;:false,&quot;hoverpause&quot;:false,&quot;show_slide_delay&quot;:0}\"  itemprop=\"image\" itemscope=\"itemscope\" itemtype=\"https:\/\/schema.org\/ImageObject\" ><ul class='avia-slideshow-inner ' style='padding-bottom: 21.09375%;'><li  class='avia-slideshow-slide av-h1rd-b3d943cb5b9207c9534150e8be703a55__0  av-single-slide slide-1 slide-odd'><div data-rel='slideshow-1' class='avia-slide-wrap '   ><img decoding=\"async\" fetchpriority=\"high\" class=\"wp-image-3599 avia-img-lazy-loading-not-3599\"  src=\"https:\/\/mikrotech.sk\/wp-content\/uploads\/2023\/03\/maschinenbau-hacker-feinmechanik-05-27-34-21-02-17.jpg\" width=\"1920\" height=\"405\" title='maschinenbau-hacker-feinmechanik-05-27-34-21-02-17' alt=''  itemprop=\"thumbnailUrl\" srcset=\"https:\/\/mikrotech.sk\/wp-content\/uploads\/2023\/03\/maschinenbau-hacker-feinmechanik-05-27-34-21-02-17.jpg 1920w, https:\/\/mikrotech.sk\/wp-content\/uploads\/2023\/03\/maschinenbau-hacker-feinmechanik-05-27-34-21-02-17-300x63.jpg 300w, https:\/\/mikrotech.sk\/wp-content\/uploads\/2023\/03\/maschinenbau-hacker-feinmechanik-05-27-34-21-02-17-1030x217.jpg 1030w, https:\/\/mikrotech.sk\/wp-content\/uploads\/2023\/03\/maschinenbau-hacker-feinmechanik-05-27-34-21-02-17-768x162.jpg 768w, https:\/\/mikrotech.sk\/wp-content\/uploads\/2023\/03\/maschinenbau-hacker-feinmechanik-05-27-34-21-02-17-1536x324.jpg 1536w, https:\/\/mikrotech.sk\/wp-content\/uploads\/2023\/03\/maschinenbau-hacker-feinmechanik-05-27-34-21-02-17-1500x316.jpg 1500w, https:\/\/mikrotech.sk\/wp-content\/uploads\/2023\/03\/maschinenbau-hacker-feinmechanik-05-27-34-21-02-17-705x149.jpg 705w\" sizes=\"(max-width: 1920px) 100vw, 1920px\" \/><\/div><\/li><\/ul><\/div><\/div><div id='after_full_slider_1'  class='main_color av_default_container_wrap container_wrap fullsize'  ><div class='container av-section-cont-open' ><div class='template-page content  av-content-full alpha units'><div class='post-entry post-entry-type-page post-entry-433'><div class='entry-content-wrapper clearfix'>\n<div  class='flex_column av-11pmk9-d22a8414ab5c7a66d58c2a858c6c2752 av_one_half  avia-builder-el-1  el_after_av_slideshow_full  el_before_av_one_half  avia-builder-el-first  first flex_column_div  '     ><section  class='av_textblock_section av-lf83xij3-d1b1fa7e4af658a054d78127cbb58a34 '   itemscope=\"itemscope\" itemtype=\"https:\/\/schema.org\/CreativeWork\" ><div class='avia_textblock'  itemprop=\"text\" ><h1>STROJ\u00c1RSTVO<\/h1>\n<\/div><\/section><br \/>\n\n<style type=\"text\/css\" data-created_by=\"avia_inline_auto\" id=\"style-css-av-3bkch-3112ef18c7cb91b496b2e85b1ea14964\">\n#top .hr.av-3bkch-3112ef18c7cb91b496b2e85b1ea14964{\nmargin-top:10px;\nmargin-bottom:30px;\n}\n.hr.av-3bkch-3112ef18c7cb91b496b2e85b1ea14964 .hr-inner{\nwidth:80px;\nborder-color:#00519e;\n}\n<\/style>\n<div  class='hr av-3bkch-3112ef18c7cb91b496b2e85b1ea14964 hr-custom  avia-builder-el-3  el_after_av_textblock  el_before_av_textblock  hr-left hr-icon-no'><span class='hr-inner inner-border-av-border-fat'><span class=\"hr-inner-style\"><\/span><\/span><\/div><br \/>\n<section  class='av_textblock_section av-lf83xou0-1d3f234d4a91cfc07d8ce06fb02b8974 '   itemscope=\"itemscope\" itemtype=\"https:\/\/schema.org\/CreativeWork\" ><div class='avia_textblock'  itemprop=\"text\" ><h3><strong><span style=\"color: #00519e;\">PREC\u00cdZNE V\u00ddROBKY PRE OBLAS\u0164 PRIEMYSLU<\/span><\/strong><\/h3>\n<\/div><\/section><\/p><\/div>\n<div  class='flex_column av-rnkm1-b700f8dc6a56d0dae30e42cc51e2b3d9 av_one_half  avia-builder-el-5  el_after_av_one_half  el_before_av_section  avia-builder-el-last  flex_column_div  '     ><section  class='av_textblock_section av-lf83y0nf-8d325a13de814d628b1107d714baef1f '   itemscope=\"itemscope\" itemtype=\"https:\/\/schema.org\/CreativeWork\" ><div class='avia_textblock'  itemprop=\"text\" ><p>Na\u0161a spolo\u010dnos\u0165 MIKROTECH vyr\u00e1ba presn\u00e9 diely do oblasti stroj\u00e1rstva u\u017e mnoho rokov. V tejto oblasti priemyslu\u00a0n\u00e1s pova\u017euj\u00fa\u00a0za kompetentn\u00e9ho a spo\u013eahliv\u00e9ho partnera.<\/p>\n<h5><span style=\"color: #00519e;\">\u0160pecializujeme sa na presn\u00e9 diely do odvetvia stroj\u00e1rstva<\/span><\/h5>\n<p>V priebehu nieko\u013ek\u00fdch rokov sa uk\u00e1zalo, \u017ee ako dod\u00e1vate\u013e obr\u00e1ban\u00fdch dielov sme museli\u00a0splni\u0165 ur\u010dit\u00e9 po\u017eiadavky. Z tohto d\u00f4vodu prebiehala \u0161pecializ\u00e1cia postupne na mal\u00fdch a\u017e stredne ve\u013ek\u00fdch s\u00e9ri\u00e1ch a v\u00fdrobn\u00fdch procesoch. Tento \u00faspe\u0161n\u00fd model neust\u00e1le zdokona\u013eujeme a pokra\u010dujeme v \u0148om dodnes.<\/p>\n<h5><span style=\"color: #00519e;\">Vysokokvalitn\u00e9 rie\u0161enie pre r\u00f4zne aplik\u00e1cie<\/span><\/h5>\n<p>Mo\u017enosti pou\u017eitia na\u0161ich s\u00fastru\u017een\u00fdch, fr\u00e9zovan\u00fdch a br\u00fasen\u00fdch dielov vyroben\u00fdch predov\u0161etk\u00fdm z kovu s\u00fa r\u00f4znorod\u00e9.<\/p>\n<p>Vyr\u00e1bame vysokokvalitn\u00e9 presn\u00e9 komponentny pre v\u00fdrobcov z najr\u00f4znej\u0161\u00edch odvetv\u00ed:<\/p>\n<ul>\n<li>tla\u010diarensk\u00e9 lisy<\/li>\n<li>\u010distiace zariadenia<\/li>\n<li>baliace\u00a0zariadenia<\/li>\n<li>n\u00e1stroje<\/li>\n<li>spojovacia technika<\/li>\n<\/ul>\n<p>Chcete vedie\u0165 viac? S rados\u0165ou V\u00e1m porad\u00edme a pom\u00f4\u017eeme.<\/p>\n<\/div>\n<\/div>\n<\/div>\n<\/div><\/section><\/div><\/div><\/div><\/div><!-- close content main div --><\/div><\/div>\n<style type=\"text\/css\" data-created_by=\"avia_inline_auto\" id=\"style-css-av-lhpzseax-cfd6f9bb486f06dcbc4f22bc427d4f8d\">\n.avia-section.av-lhpzseax-cfd6f9bb486f06dcbc4f22bc427d4f8d{\nbackground-color:#00519e;\nbackground-image:unset;\n}\n<\/style>\n<div id='av_section_1'  class='avia-section av-lhpzseax-cfd6f9bb486f06dcbc4f22bc427d4f8d main_color avia-section-default avia-no-border-styling  avia-builder-el-7  el_after_av_one_half  avia-builder-el-last  avia-bg-style-scroll container_wrap fullsize'  ><div class='container av-section-cont-open' ><div class='template-page content  av-content-full alpha units'><div class='post-entry post-entry-type-page post-entry-433'><div class='entry-content-wrapper clearfix'>\n<div  class='flex_column av-gw52x-a4091330903f7238a3ea05d91e485802 av_one_half  avia-builder-el-8  el_before_av_one_half  avia-builder-el-first  first flex_column_div  '     ><style type=\"text\/css\" data-created_by=\"avia_inline_auto\" id=\"style-css-av-lf841d8p-84d5a34046389c4dc41fb21571a58e4a\">\n#top .av_textblock_section.av-lf841d8p-84d5a34046389c4dc41fb21571a58e4a .avia_textblock{\nfont-size:36px;\ntext-align:center;\n}\n\n@media only screen and (max-width: 479px){ \n#top .av_textblock_section.av-lf841d8p-84d5a34046389c4dc41fb21571a58e4a .avia_textblock{\nfont-size:28px;\n}\n}\n<\/style>\n<section  class='av_textblock_section av-lf841d8p-84d5a34046389c4dc41fb21571a58e4a '   itemscope=\"itemscope\" itemtype=\"https:\/\/schema.org\/CreativeWork\" ><div class='avia_textblock'  itemprop=\"text\" ><div style=\"text-align: left;\"><span style=\"color: #ffffff;\">KONTAKTN\u00c1 OSOBA:<\/span><\/div>\n<\/div><\/section><br \/>\n\n<style type=\"text\/css\" data-created_by=\"avia_inline_auto\" id=\"style-css-av-9bqr5-e2952f05ce071f80af42e2f4647ac812\">\n#top .hr.av-9bqr5-e2952f05ce071f80af42e2f4647ac812{\nmargin-top:10px;\nmargin-bottom:30px;\n}\n.hr.av-9bqr5-e2952f05ce071f80af42e2f4647ac812 .hr-inner{\nwidth:80px;\nborder-color:#ffffff;\n}\n<\/style>\n<div  class='hr av-9bqr5-e2952f05ce071f80af42e2f4647ac812 hr-custom  avia-builder-el-10  el_after_av_textblock  avia-builder-el-last  hr-left hr-icon-no'><span class='hr-inner inner-border-av-border-fat'><span class=\"hr-inner-style\"><\/span><\/span><\/div><\/p><\/div><div  class='flex_column av-7071d-01cbf7177437f45560216b96f2b613f8 av_one_half  avia-builder-el-11  el_after_av_one_half  avia-builder-el-last  flex_column_div  '     ><section  class='av_textblock_section av-lf841sct-3297bc2b634537fee08cb537ae7df9c0 '   itemscope=\"itemscope\" itemtype=\"https:\/\/schema.org\/CreativeWork\" ><div class='avia_textblock'  itemprop=\"text\" ><h3><strong><span style=\"color: #ffffff;\">FRANTI\u0160EK LI\u0160AN\u00cdK<\/span><\/strong><\/h3>\n<\/div><\/section><br \/>\n\n<style type=\"text\/css\" data-created_by=\"avia_inline_auto\" id=\"style-css-av-bbcop-dea0d2d4b6049efd23a9be5fe6d714eb\">\n#top .hr.hr-invisible.av-bbcop-dea0d2d4b6049efd23a9be5fe6d714eb{\nheight:15px;\n}\n<\/style>\n<div  class='hr av-bbcop-dea0d2d4b6049efd23a9be5fe6d714eb hr-invisible  avia-builder-el-13  el_after_av_textblock  el_before_av_icon_box '><span class='hr-inner '><span class=\"hr-inner-style\"><\/span><\/span><\/div><br \/>\n\n<style type=\"text\/css\" data-created_by=\"avia_inline_auto\" id=\"style-css-av-lhpzgbqt-7319cd741187e850d0d3bb8c72d541ed\">\n.iconbox.av-lhpzgbqt-7319cd741187e850d0d3bb8c72d541ed .iconbox_icon{\ncolor:#ffffff;\n}\n.iconbox.av-lhpzgbqt-7319cd741187e850d0d3bb8c72d541ed .iconbox_icon.avia-svg-icon svg:first-child{\nfill:#ffffff;\nstroke:#ffffff;\n}\n<\/style>\n<article  class='iconbox iconbox_left av-lhpzgbqt-7319cd741187e850d0d3bb8c72d541ed  avia-builder-el-14  el_after_av_hr  el_before_av_icon_box '  itemscope=\"itemscope\" itemtype=\"https:\/\/schema.org\/CreativeWork\" ><div class=\"iconbox_content\"><header class=\"entry-content-header\" aria-label=\"Icon: \"><div class='iconbox_icon heading-color avia-iconfont avia-font-entypo-fontello' data-av_icon='\ue854' data-av_iconfont='entypo-fontello'  ><\/div><\/header><div class='iconbox_content_container '  itemprop=\"text\" ><h3><span style=\"color: #ffffff;\"><strong>\u00a0+421 42 4305 012<\/strong><\/span><\/h3>\n<\/div><\/div><footer class=\"entry-footer\"><\/footer><\/article><br \/>\n\n<style type=\"text\/css\" data-created_by=\"avia_inline_auto\" id=\"style-css-av-lhpzfolj-473cc75ea166c108db432e062f736e22\">\n.iconbox.av-lhpzfolj-473cc75ea166c108db432e062f736e22 .iconbox_icon{\ncolor:#ffffff;\n}\n.iconbox.av-lhpzfolj-473cc75ea166c108db432e062f736e22 .iconbox_icon.avia-svg-icon svg:first-child{\nfill:#ffffff;\nstroke:#ffffff;\n}\n<\/style>\n<article  class='iconbox iconbox_left av-lhpzfolj-473cc75ea166c108db432e062f736e22  avia-builder-el-15  el_after_av_icon_box  avia-builder-el-last '  itemscope=\"itemscope\" itemtype=\"https:\/\/schema.org\/CreativeWork\" ><div class=\"iconbox_content\"><header class=\"entry-content-header\" aria-label=\"Icon: \"><div class='iconbox_icon heading-color avia-iconfont avia-font-entypo-fontello' data-av_icon='\ue805' data-av_iconfont='entypo-fontello'  ><\/div><\/header><div class='iconbox_content_container '  itemprop=\"text\" ><h3><strong><span style=\"color: #ffffff;\"><a style=\"color: #ffffff;\" href=\"mailto:F.LISANIK@MIKROTECH.SK\">\u00a0F.LISANIK@MIKROTECH.SK<\/a><\/span><\/strong><\/h3>\n<\/div><\/div><footer class=\"entry-footer\"><\/footer><\/article><\/p><\/div>\n<\/p>\n","protected":false},"excerpt":{"rendered":"","protected":false},"author":2,"featured_media":0,"parent":0,"menu_order":0,"comment_status":"closed","ping_status":"closed","template":"","meta":{"footnotes":""},"class_list":["post-433","page","type-page","status-publish","hentry"],"yoast_head":"<!-- This site is optimized with the Yoast SEO plugin v27.4 - https:\/\/yoast.com\/product\/yoast-seo-wordpress\/ -->\n<title>STROJ\u00c1RSTVO - Mikrotech s.r.o.<\/title>\n<meta name=\"robots\" content=\"index, follow, max-snippet:-1, max-image-preview:large, max-video-preview:-1\" \/>\n<link rel=\"canonical\" href=\"https:\/\/mikrotech.sk\/sk\/maschinenbau\/\" \/>\n<meta property=\"og:locale\" content=\"sk_SK\" \/>\n<meta property=\"og:type\" content=\"article\" \/>\n<meta property=\"og:title\" content=\"STROJ\u00c1RSTVO - Mikrotech s.r.o.\" \/>\n<meta property=\"og:url\" content=\"https:\/\/mikrotech.sk\/sk\/maschinenbau\/\" \/>\n<meta property=\"og:site_name\" content=\"Mikrotech s.r.o.\" \/>\n<meta property=\"article:modified_time\" content=\"2024-06-28T07:14:07+00:00\" \/>\n<meta name=\"twitter:card\" content=\"summary_large_image\" \/>\n<meta name=\"twitter:label1\" content=\"Predpokladan\u00fd \u010das \u010d\u00edtania\" \/>\n\t<meta name=\"twitter:data1\" content=\"14 min\u00fat\" \/>\n<script type=\"application\/ld+json\" class=\"yoast-schema-graph\">{\"@context\":\"https:\\\/\\\/schema.org\",\"@graph\":[{\"@type\":\"WebPage\",\"@id\":\"https:\\\/\\\/mikrotech.sk\\\/sk\\\/maschinenbau\\\/\",\"url\":\"https:\\\/\\\/mikrotech.sk\\\/sk\\\/maschinenbau\\\/\",\"name\":\"STROJ\u00c1RSTVO - Mikrotech s.r.o.\",\"isPartOf\":{\"@id\":\"https:\\\/\\\/mikrotech.sk\\\/sk\\\/#website\"},\"datePublished\":\"2023-03-14T10:25:41+00:00\",\"dateModified\":\"2024-06-28T07:14:07+00:00\",\"breadcrumb\":{\"@id\":\"https:\\\/\\\/mikrotech.sk\\\/sk\\\/maschinenbau\\\/#breadcrumb\"},\"inLanguage\":\"sk-SK\",\"potentialAction\":[{\"@type\":\"ReadAction\",\"target\":[\"https:\\\/\\\/mikrotech.sk\\\/sk\\\/maschinenbau\\\/\"]}]},{\"@type\":\"BreadcrumbList\",\"@id\":\"https:\\\/\\\/mikrotech.sk\\\/sk\\\/maschinenbau\\\/#breadcrumb\",\"itemListElement\":[{\"@type\":\"ListItem\",\"position\":1,\"name\":\"Startseite\",\"item\":\"https:\\\/\\\/mikrotech.sk\\\/sk\\\/\"},{\"@type\":\"ListItem\",\"position\":2,\"name\":\"STROJ\u00c1RSTVO\"}]},{\"@type\":\"WebSite\",\"@id\":\"https:\\\/\\\/mikrotech.sk\\\/sk\\\/#website\",\"url\":\"https:\\\/\\\/mikrotech.sk\\\/sk\\\/\",\"name\":\"Mikrotech s.r.o.\",\"description\":\"s\u00fastru\u017een\u00e9 diely, fr\u00e9zovan\u00e9 diely, br\u00fasen\u00e9 diely\",\"potentialAction\":[{\"@type\":\"SearchAction\",\"target\":{\"@type\":\"EntryPoint\",\"urlTemplate\":\"https:\\\/\\\/mikrotech.sk\\\/sk\\\/?s={search_term_string}\"},\"query-input\":{\"@type\":\"PropertyValueSpecification\",\"valueRequired\":true,\"valueName\":\"search_term_string\"}}],\"inLanguage\":\"sk-SK\"}]}<\/script>\n<!-- \/ Yoast SEO plugin. -->","yoast_head_json":{"title":"STROJ\u00c1RSTVO - Mikrotech s.r.o.","robots":{"index":"index","follow":"follow","max-snippet":"max-snippet:-1","max-image-preview":"max-image-preview:large","max-video-preview":"max-video-preview:-1"},"canonical":"https:\/\/mikrotech.sk\/sk\/maschinenbau\/","og_locale":"sk_SK","og_type":"article","og_title":"STROJ\u00c1RSTVO - Mikrotech s.r.o.","og_url":"https:\/\/mikrotech.sk\/sk\/maschinenbau\/","og_site_name":"Mikrotech s.r.o.","article_modified_time":"2024-06-28T07:14:07+00:00","twitter_card":"summary_large_image","twitter_misc":{"Predpokladan\u00fd \u010das \u010d\u00edtania":"14 min\u00fat"},"schema":{"@context":"https:\/\/schema.org","@graph":[{"@type":"WebPage","@id":"https:\/\/mikrotech.sk\/sk\/maschinenbau\/","url":"https:\/\/mikrotech.sk\/sk\/maschinenbau\/","name":"STROJ\u00c1RSTVO - Mikrotech s.r.o.","isPartOf":{"@id":"https:\/\/mikrotech.sk\/sk\/#website"},"datePublished":"2023-03-14T10:25:41+00:00","dateModified":"2024-06-28T07:14:07+00:00","breadcrumb":{"@id":"https:\/\/mikrotech.sk\/sk\/maschinenbau\/#breadcrumb"},"inLanguage":"sk-SK","potentialAction":[{"@type":"ReadAction","target":["https:\/\/mikrotech.sk\/sk\/maschinenbau\/"]}]},{"@type":"BreadcrumbList","@id":"https:\/\/mikrotech.sk\/sk\/maschinenbau\/#breadcrumb","itemListElement":[{"@type":"ListItem","position":1,"name":"Startseite","item":"https:\/\/mikrotech.sk\/sk\/"},{"@type":"ListItem","position":2,"name":"STROJ\u00c1RSTVO"}]},{"@type":"WebSite","@id":"https:\/\/mikrotech.sk\/sk\/#website","url":"https:\/\/mikrotech.sk\/sk\/","name":"Mikrotech s.r.o.","description":"s\u00fastru\u017een\u00e9 diely, fr\u00e9zovan\u00e9 diely, br\u00fasen\u00e9 diely","potentialAction":[{"@type":"SearchAction","target":{"@type":"EntryPoint","urlTemplate":"https:\/\/mikrotech.sk\/sk\/?s={search_term_string}"},"query-input":{"@type":"PropertyValueSpecification","valueRequired":true,"valueName":"search_term_string"}}],"inLanguage":"sk-SK"}]}},"_links":{"self":[{"href":"https:\/\/mikrotech.sk\/sk\/wp-json\/wp\/v2\/pages\/433","targetHints":{"allow":["GET"]}}],"collection":[{"href":"https:\/\/mikrotech.sk\/sk\/wp-json\/wp\/v2\/pages"}],"about":[{"href":"https:\/\/mikrotech.sk\/sk\/wp-json\/wp\/v2\/types\/page"}],"author":[{"embeddable":true,"href":"https:\/\/mikrotech.sk\/sk\/wp-json\/wp\/v2\/users\/2"}],"replies":[{"embeddable":true,"href":"https:\/\/mikrotech.sk\/sk\/wp-json\/wp\/v2\/comments?post=433"}],"version-history":[{"count":24,"href":"https:\/\/mikrotech.sk\/sk\/wp-json\/wp\/v2\/pages\/433\/revisions"}],"predecessor-version":[{"id":3339,"href":"https:\/\/mikrotech.sk\/sk\/wp-json\/wp\/v2\/pages\/433\/revisions\/3339"}],"wp:attachment":[{"href":"https:\/\/mikrotech.sk\/sk\/wp-json\/wp\/v2\/media?parent=433"}],"curies":[{"name":"wp","href":"https:\/\/api.w.org\/{rel}","templated":true}]}}