{"id":2671,"date":"2022-10-07T19:13:40","date_gmt":"2022-10-07T18:13:40","guid":{"rendered":"https:\/\/hf.sikora-webdesign.de\/?page_id=2671"},"modified":"2025-06-17T14:09:58","modified_gmt":"2025-06-17T13:09:58","slug":"domovska-stranka","status":"publish","type":"page","link":"https:\/\/mikrotech.sk\/sk\/domovska-stranka\/","title":{"rendered":"Domovsk\u00e1 str\u00e1nka"},"content":{"rendered":"<div id='full_slider_1'  class='avia-fullwidth-slider main_color avia-shadow   avia-builder-el-0  el_before_av_one_half  avia-builder-el-first   container_wrap fullsize'  >\n<style type=\"text\/css\" data-created_by=\"avia_inline_auto\" id=\"style-css-av-l8yv3vzc-81ec0c136ab595bcef71a0c5e86654b9\">\n\n@media only screen and (max-width: 479px){ \n#top #wrap_all .avia-slideshow .av-slideshow-caption.av-l8yv3vzc-81ec0c136ab595bcef71a0c5e86654b9__0 .avia-caption-title{\nfont-size:12px;\n}\n}\n\n@media only screen and (max-width: 479px){ \n#top #wrap_all .avia-slideshow .av-slideshow-caption.av-l8yv3vzc-81ec0c136ab595bcef71a0c5e86654b9__1 .avia-caption-title{\nfont-size:12px;\n}\n}\n\n@media only screen and (max-width: 479px){ \n#top #wrap_all .avia-slideshow .av-slideshow-caption.av-l8yv3vzc-81ec0c136ab595bcef71a0c5e86654b9__2 .avia-caption-title{\nfont-size:12px;\n}\n}\n\n@media only screen and (max-width: 479px){ \n#top #wrap_all .avia-slideshow .av-slideshow-caption.av-l8yv3vzc-81ec0c136ab595bcef71a0c5e86654b9__3 .avia-caption-title{\nfont-size:12px;\n}\n}\n<\/style>\n<div  class='avia-slideshow av-l8yv3vzc-81ec0c136ab595bcef71a0c5e86654b9 avia-slideshow-featured_large av_slideshow_full avia-slide-slider av-slideshow-ui av-control-default av-nav-arrows-visible av-nav-dots-visible av-slideshow-autoplay av-loop-endless av-loop-manual-endless av-default-height-applied   avia-slideshow-1' data-slideshow-options=\"{&quot;animation&quot;:&quot;slide&quot;,&quot;autoplay&quot;:true,&quot;loop_autoplay&quot;:&quot;endless&quot;,&quot;interval&quot;:6,&quot;loop_manual&quot;:&quot;manual-endless&quot;,&quot;autoplay_stopper&quot;:false,&quot;noNavigation&quot;:false,&quot;bg_slider&quot;:false,&quot;keep_padding&quot;:false,&quot;hoverpause&quot;:false,&quot;show_slide_delay&quot;:0}\"  itemprop=\"image\" itemscope=\"itemscope\" itemtype=\"https:\/\/schema.org\/ImageObject\" ><ul class='avia-slideshow-inner ' style='padding-bottom: 42%;'><li  class='avia-slideshow-slide av-l8yv3vzc-81ec0c136ab595bcef71a0c5e86654b9__0  slide-1 slide-odd'><div data-rel='slideshow-1' class='avia-slide-wrap '   ><div class='av-slideshow-caption av-l8yv3vzc-81ec0c136ab595bcef71a0c5e86654b9__0 caption_fullwidth caption_bottom caption_bottom_framed caption_framed'><div class=\"container caption_container\"><div class=\"slideshow_caption\"><div class=\"slideshow_inner_caption\"><div class=\"slideshow_align_caption\"><h2 class='avia-caption-title '  itemprop=\"name\" >U\u017d 30 ROKOV NA TRHU<\/h2><div class='avia-caption-content '  itemprop=\"description\" ><p>MODERN\u00c1 SPOLO\u010cNOS\u0164 S VYSOKOU INOVAT\u00cdVNOU SILOU A CITOM PRE DETAIL<\/p>\n<\/div><\/div><\/div><\/div><\/div><\/div><img decoding=\"async\" fetchpriority=\"high\" class=\"wp-image-3421 avia-img-lazy-loading-not-3421\"  src=\"https:\/\/mikrotech.sk\/wp-content\/uploads\/2024\/06\/Luftaufnahme-Mikrotech-retuschiert-1500x630.jpg\" width=\"1500\" height=\"630\" title='Luftaufnahme Mikrotech retuschiert' alt=''  itemprop=\"thumbnailUrl\"  style='min-height:20px; min-width:48px; ' \/><\/div><\/li><li  class='avia-slideshow-slide av-l8yv3vzc-81ec0c136ab595bcef71a0c5e86654b9__1  slide-2 slide-even'><div data-rel='slideshow-1' class='avia-slide-wrap '   ><div class='av-slideshow-caption av-l8yv3vzc-81ec0c136ab595bcef71a0c5e86654b9__1 caption_fullwidth caption_bottom caption_bottom_framed caption_framed'><div class=\"container caption_container\"><div class=\"slideshow_caption\"><div class=\"slideshow_inner_caption\"><div class=\"slideshow_align_caption\"><h2 class='avia-caption-title '  itemprop=\"name\" >Na\u0161e kompetencie<\/h2><div class='avia-caption-content '  itemprop=\"description\" ><p>OD JEDNODUCH\u00ddCH PREC\u00cdZNYCH DIELOV A\u017d PO KOMPLEXN\u00c9 ZOSTAVY<\/p>\n<\/div><\/div><\/div><\/div><\/div><\/div><img decoding=\"async\" fetchpriority=\"high\" class=\"wp-image-3564 avia-img-lazy-loading-not-3564\"  src=\"https:\/\/mikrotech.sk\/wp-content\/uploads\/2022\/10\/dsc-3351-1920x405-12-42-00-12-05-17-1500x405.jpg\" width=\"1500\" height=\"405\" title='dsc-3351-1920x405-12-42-00-12-05-17' alt=''  itemprop=\"thumbnailUrl\"  style='min-height:20px; min-width:75px; ' \/><\/div><\/li><li  class='avia-slideshow-slide av-l8yv3vzc-81ec0c136ab595bcef71a0c5e86654b9__2  slide-3 slide-odd'><div data-rel='slideshow-1' class='avia-slide-wrap '   ><div class='av-slideshow-caption av-l8yv3vzc-81ec0c136ab595bcef71a0c5e86654b9__2 caption_fullwidth caption_bottom caption_bottom_framed caption_framed'><div class=\"container caption_container\"><div class=\"slideshow_caption\"><div class=\"slideshow_inner_caption\"><div class=\"slideshow_align_caption\"><h2 class='avia-caption-title '  itemprop=\"name\" >Z\u00c1RUKA KVALITY<\/h2><div class='avia-caption-content '  itemprop=\"description\" ><p>SYST\u00c9M KVALITY JE Z\u00c1KLADN\u00dd KAME\u0147 \u00daSPECHU<\/p>\n<\/div><\/div><\/div><\/div><\/div><\/div><img decoding=\"async\" fetchpriority=\"high\" class=\"wp-image-3422 avia-img-lazy-loading-not-3422\"  src=\"https:\/\/mikrotech.sk\/wp-content\/uploads\/2024\/06\/MG_1385-Edit-2-1500x630.jpg\" width=\"1500\" height=\"630\" title='_MG_1385-Edit (2)' alt=''  itemprop=\"thumbnailUrl\"  style='min-height:20px; min-width:48px; ' \/><\/div><\/li><li  class='avia-slideshow-slide av-l8yv3vzc-81ec0c136ab595bcef71a0c5e86654b9__3  slide-4 slide-even'><div data-rel='slideshow-1' class='avia-slide-wrap '   ><div class='av-slideshow-caption av-l8yv3vzc-81ec0c136ab595bcef71a0c5e86654b9__3 caption_fullwidth caption_bottom caption_bottom_framed caption_framed'><div class=\"container caption_container\"><div class=\"slideshow_caption\"><div class=\"slideshow_inner_caption\"><div class=\"slideshow_align_caption\"><h2 class='avia-caption-title '  itemprop=\"name\" >FULL SERVICE<\/h2><div class='avia-caption-content '  itemprop=\"description\" ><p>KVALITA, FLEXIBILITA, SPOL&#8217;AHLIVOS\u0164 A TECHNICK\u00c9 KNOW-HOW<\/p>\n<\/div><a href=''  class='avia-slideshow-button avia-button avia-color-light ' data-duration='800' data-easing='easeInOutQuad'>Apply_Now<\/a><\/div><\/div><\/div><\/div><\/div><img decoding=\"async\" fetchpriority=\"high\" class=\"wp-image-3423 avia-img-lazy-loading-not-3423\"  src=\"https:\/\/mikrotech.sk\/wp-content\/uploads\/2024\/06\/MG_1371-2-1500x630.jpg\" width=\"1500\" height=\"630\" title='_MG_1371 (2)' alt=''  itemprop=\"thumbnailUrl\"  style='min-height:20px; min-width:48px; ' \/><\/div><\/li><\/ul><div class='avia-slideshow-arrows avia-slideshow-controls' ><a href='#prev' class='prev-slide  avia-svg-icon avia-font-svg_entypo-fontello' data-av_svg_icon='left-open-big' data-av_iconset='svg_entypo-fontello' tabindex='-1' title=\"Sp\u00e4\u0165\"><svg version=\"1.1\" xmlns=\"http:\/\/www.w3.org\/2000\/svg\" width=\"15\" height=\"32\" viewBox=\"0 0 15 32\" preserveAspectRatio=\"xMidYMid meet\" aria-labelledby='av-svg-title-1' aria-describedby='av-svg-desc-1' role=\"graphics-symbol\" aria-hidden=\"true\">\n<title id='av-svg-title-1'>Sp\u00e4\u0165<\/title>\n<desc id='av-svg-desc-1'>Sp\u00e4\u0165<\/desc>\n<path d=\"M14.464 27.84q0.832 0.832 0 1.536-0.832 0.832-1.536 0l-12.544-12.608q-0.768-0.768 0-1.6l12.544-12.608q0.704-0.832 1.536 0 0.832 0.704 0 1.536l-11.456 11.904z\"><\/path>\n<\/svg><span class='avia_hidden_link_text'>Sp\u00e4\u0165<\/span><\/a><a href='#next' class='next-slide  avia-svg-icon avia-font-svg_entypo-fontello' data-av_svg_icon='right-open-big' data-av_iconset='svg_entypo-fontello' tabindex='-1' title=\"\u010ealej\"><svg version=\"1.1\" xmlns=\"http:\/\/www.w3.org\/2000\/svg\" width=\"15\" height=\"32\" viewBox=\"0 0 15 32\" preserveAspectRatio=\"xMidYMid meet\" aria-labelledby='av-svg-title-2' aria-describedby='av-svg-desc-2' role=\"graphics-symbol\" aria-hidden=\"true\">\n<title id='av-svg-title-2'>\u010ealej<\/title>\n<desc id='av-svg-desc-2'>\u010ealej<\/desc>\n<path d=\"M0.416 27.84l11.456-11.84-11.456-11.904q-0.832-0.832 0-1.536 0.832-0.832 1.536 0l12.544 12.608q0.768 0.832 0 1.6l-12.544 12.608q-0.704 0.832-1.536 0-0.832-0.704 0-1.536z\"><\/path>\n<\/svg><span class='avia_hidden_link_text'>\u010ealej<\/span><\/a><\/div><div class='avia-slideshow-dots avia-slideshow-controls'><a href='#1' class='goto-slide active' >1<\/a><a href='#2' class='goto-slide ' >2<\/a><a href='#3' class='goto-slide ' >3<\/a><a href='#4' class='goto-slide ' >4<\/a><\/div><\/div><\/div><div id='after_full_slider_1'  class='main_color av_default_container_wrap container_wrap fullsize'  ><div class='container av-section-cont-open' ><div class='template-page content  av-content-full alpha units'><div class='post-entry post-entry-type-page post-entry-2671'><div class='entry-content-wrapper clearfix'>\n<div  class='flex_column av-5oe6u-dea5c0fcaf00f34b01b0abd7b34023c6 av_one_half  avia-builder-el-1  el_after_av_slideshow_full  avia-builder-el-no-sibling  first flex_column_div  '     ><p>\n<style type=\"text\/css\" data-created_by=\"avia_inline_auto\" id=\"style-css-av-l8yw1ll7-5d3e0ac7ca2ba7d2da31fb4a9ddb5a2c\">\n#top .av-special-heading.av-l8yw1ll7-5d3e0ac7ca2ba7d2da31fb4a9ddb5a2c{\npadding-bottom:10px;\nfont-size:36px;\n}\nbody .av-special-heading.av-l8yw1ll7-5d3e0ac7ca2ba7d2da31fb4a9ddb5a2c .av-special-heading-tag .heading-char{\nfont-size:25px;\n}\n#top #wrap_all .av-special-heading.av-l8yw1ll7-5d3e0ac7ca2ba7d2da31fb4a9ddb5a2c .av-special-heading-tag{\nfont-size:36px;\n}\n.av-special-heading.av-l8yw1ll7-5d3e0ac7ca2ba7d2da31fb4a9ddb5a2c .av-subheading{\nfont-size:15px;\n}\n\n@media only screen and (min-width: 480px) and (max-width: 767px){ \n#top #wrap_all .av-special-heading.av-l8yw1ll7-5d3e0ac7ca2ba7d2da31fb4a9ddb5a2c .av-special-heading-tag{\nfont-size:0.8em;\n}\n}\n\n@media only screen and (max-width: 479px){ \n#top #wrap_all .av-special-heading.av-l8yw1ll7-5d3e0ac7ca2ba7d2da31fb4a9ddb5a2c .av-special-heading-tag{\nfont-size:0.8em;\n}\n}\n<\/style>\n<div  class='av-special-heading av-l8yw1ll7-5d3e0ac7ca2ba7d2da31fb4a9ddb5a2c av-special-heading-h2 blockquote modern-quote  avia-builder-el-2  el_before_av_hr  avia-builder-el-first  av-inherit-size'><h2 class='av-special-heading-tag '  itemprop=\"headline\"  >PREC\u00cdZNOS\u0164 V DETAILOCH: S\u00daSTRU\u017dEN\u00c9 DIELY, FR\u00c9ZOVAN\u00c9 DIELY, BR\u00daSEN\u00c9 DIELY<\/h2><div class=\"special-heading-border\"><div class=\"special-heading-inner-border\"><\/div><\/div><\/div><br \/>\n\n<style type=\"text\/css\" data-created_by=\"avia_inline_auto\" id=\"style-css-av-3iuai-f051fea67f1d5c7412e733f8ea05eb96\">\n#top .hr.av-3iuai-f051fea67f1d5c7412e733f8ea05eb96{\nmargin-top:10px;\nmargin-bottom:30px;\n}\n.hr.av-3iuai-f051fea67f1d5c7412e733f8ea05eb96 .hr-inner{\nwidth:80px;\nborder-color:#00519e;\n}\n<\/style>\n<div  class='hr av-3iuai-f051fea67f1d5c7412e733f8ea05eb96 hr-custom  avia-builder-el-3  el_after_av_heading  el_before_av_textblock  hr-left hr-icon-no'><span class='hr-inner inner-border-av-border-fat'><span class=\"hr-inner-style\"><\/span><\/span><\/div><br \/>\n<section  class='av_textblock_section av-l8yv4kj9-903d973dbd3c61f18cd527893ec3db68 '   itemscope=\"itemscope\" itemtype=\"https:\/\/schema.org\/CreativeWork\" ><div class='avia_textblock'  itemprop=\"text\" ><h5><strong><span style=\"color: #00519e;\">MIKROTECH ZNAMEN\u00c1 KVALITU, FLEXIBILITU A SPO\u013dAHLIVOS\u0164 U\u017d 30 ROKOV.<\/span><\/strong><\/h5>\n<\/div><\/section><\/p><\/div>\n","protected":false},"excerpt":{"rendered":"","protected":false},"author":1,"featured_media":0,"parent":0,"menu_order":0,"comment_status":"closed","ping_status":"closed","template":"","meta":{"footnotes":""},"class_list":["post-2671","page","type-page","status-publish","hentry"],"yoast_head":"<!-- This site is optimized with the Yoast SEO plugin v27.4 - https:\/\/yoast.com\/product\/yoast-seo-wordpress\/ -->\n<title>Domovsk\u00e1 str\u00e1nka - Mikrotech s.r.o.<\/title>\n<meta name=\"robots\" content=\"index, follow, max-snippet:-1, max-image-preview:large, max-video-preview:-1\" \/>\n<link rel=\"canonical\" href=\"https:\/\/mikrotech.sk\/sk\/domovska-stranka\/\" \/>\n<meta property=\"og:locale\" content=\"sk_SK\" \/>\n<meta property=\"og:type\" content=\"article\" \/>\n<meta property=\"og:title\" content=\"Domovsk\u00e1 str\u00e1nka - Mikrotech s.r.o.\" \/>\n<meta property=\"og:url\" content=\"https:\/\/mikrotech.sk\/sk\/domovska-stranka\/\" \/>\n<meta property=\"og:site_name\" content=\"Mikrotech s.r.o.\" \/>\n<meta property=\"article:modified_time\" content=\"2025-06-17T13:09:58+00:00\" \/>\n<meta name=\"twitter:card\" content=\"summary_large_image\" \/>\n<meta name=\"twitter:label1\" content=\"Predpokladan\u00fd \u010das \u010d\u00edtania\" \/>\n\t<meta name=\"twitter:data1\" content=\"2 min\u00faty\" \/>\n<script type=\"application\/ld+json\" class=\"yoast-schema-graph\">{\"@context\":\"https:\\\/\\\/schema.org\",\"@graph\":[{\"@type\":\"WebPage\",\"@id\":\"https:\\\/\\\/mikrotech.sk\\\/sk\\\/domovska-stranka\\\/\",\"url\":\"https:\\\/\\\/mikrotech.sk\\\/sk\\\/domovska-stranka\\\/\",\"name\":\"Domovsk\u00e1 str\u00e1nka - Mikrotech s.r.o.\",\"isPartOf\":{\"@id\":\"https:\\\/\\\/mikrotech.sk\\\/sk\\\/#website\"},\"datePublished\":\"2022-10-07T18:13:40+00:00\",\"dateModified\":\"2025-06-17T13:09:58+00:00\",\"breadcrumb\":{\"@id\":\"https:\\\/\\\/mikrotech.sk\\\/sk\\\/domovska-stranka\\\/#breadcrumb\"},\"inLanguage\":\"sk-SK\",\"potentialAction\":[{\"@type\":\"ReadAction\",\"target\":[\"https:\\\/\\\/mikrotech.sk\\\/sk\\\/domovska-stranka\\\/\"]}]},{\"@type\":\"BreadcrumbList\",\"@id\":\"https:\\\/\\\/mikrotech.sk\\\/sk\\\/domovska-stranka\\\/#breadcrumb\",\"itemListElement\":[{\"@type\":\"ListItem\",\"position\":1,\"name\":\"Startseite\",\"item\":\"https:\\\/\\\/mikrotech.sk\\\/sk\\\/\"},{\"@type\":\"ListItem\",\"position\":2,\"name\":\"Domovsk\u00e1 str\u00e1nka\"}]},{\"@type\":\"WebSite\",\"@id\":\"https:\\\/\\\/mikrotech.sk\\\/sk\\\/#website\",\"url\":\"https:\\\/\\\/mikrotech.sk\\\/sk\\\/\",\"name\":\"Mikrotech s.r.o.\",\"description\":\"s\u00fastru\u017een\u00e9 diely, fr\u00e9zovan\u00e9 diely, br\u00fasen\u00e9 diely\",\"potentialAction\":[{\"@type\":\"SearchAction\",\"target\":{\"@type\":\"EntryPoint\",\"urlTemplate\":\"https:\\\/\\\/mikrotech.sk\\\/sk\\\/?s={search_term_string}\"},\"query-input\":{\"@type\":\"PropertyValueSpecification\",\"valueRequired\":true,\"valueName\":\"search_term_string\"}}],\"inLanguage\":\"sk-SK\"}]}<\/script>\n<!-- \/ Yoast SEO plugin. -->","yoast_head_json":{"title":"Domovsk\u00e1 str\u00e1nka - Mikrotech s.r.o.","robots":{"index":"index","follow":"follow","max-snippet":"max-snippet:-1","max-image-preview":"max-image-preview:large","max-video-preview":"max-video-preview:-1"},"canonical":"https:\/\/mikrotech.sk\/sk\/domovska-stranka\/","og_locale":"sk_SK","og_type":"article","og_title":"Domovsk\u00e1 str\u00e1nka - Mikrotech s.r.o.","og_url":"https:\/\/mikrotech.sk\/sk\/domovska-stranka\/","og_site_name":"Mikrotech s.r.o.","article_modified_time":"2025-06-17T13:09:58+00:00","twitter_card":"summary_large_image","twitter_misc":{"Predpokladan\u00fd \u010das \u010d\u00edtania":"2 min\u00faty"},"schema":{"@context":"https:\/\/schema.org","@graph":[{"@type":"WebPage","@id":"https:\/\/mikrotech.sk\/sk\/domovska-stranka\/","url":"https:\/\/mikrotech.sk\/sk\/domovska-stranka\/","name":"Domovsk\u00e1 str\u00e1nka - Mikrotech s.r.o.","isPartOf":{"@id":"https:\/\/mikrotech.sk\/sk\/#website"},"datePublished":"2022-10-07T18:13:40+00:00","dateModified":"2025-06-17T13:09:58+00:00","breadcrumb":{"@id":"https:\/\/mikrotech.sk\/sk\/domovska-stranka\/#breadcrumb"},"inLanguage":"sk-SK","potentialAction":[{"@type":"ReadAction","target":["https:\/\/mikrotech.sk\/sk\/domovska-stranka\/"]}]},{"@type":"BreadcrumbList","@id":"https:\/\/mikrotech.sk\/sk\/domovska-stranka\/#breadcrumb","itemListElement":[{"@type":"ListItem","position":1,"name":"Startseite","item":"https:\/\/mikrotech.sk\/sk\/"},{"@type":"ListItem","position":2,"name":"Domovsk\u00e1 str\u00e1nka"}]},{"@type":"WebSite","@id":"https:\/\/mikrotech.sk\/sk\/#website","url":"https:\/\/mikrotech.sk\/sk\/","name":"Mikrotech s.r.o.","description":"s\u00fastru\u017een\u00e9 diely, fr\u00e9zovan\u00e9 diely, br\u00fasen\u00e9 diely","potentialAction":[{"@type":"SearchAction","target":{"@type":"EntryPoint","urlTemplate":"https:\/\/mikrotech.sk\/sk\/?s={search_term_string}"},"query-input":{"@type":"PropertyValueSpecification","valueRequired":true,"valueName":"search_term_string"}}],"inLanguage":"sk-SK"}]}},"_links":{"self":[{"href":"https:\/\/mikrotech.sk\/sk\/wp-json\/wp\/v2\/pages\/2671","targetHints":{"allow":["GET"]}}],"collection":[{"href":"https:\/\/mikrotech.sk\/sk\/wp-json\/wp\/v2\/pages"}],"about":[{"href":"https:\/\/mikrotech.sk\/sk\/wp-json\/wp\/v2\/types\/page"}],"author":[{"embeddable":true,"href":"https:\/\/mikrotech.sk\/sk\/wp-json\/wp\/v2\/users\/1"}],"replies":[{"embeddable":true,"href":"https:\/\/mikrotech.sk\/sk\/wp-json\/wp\/v2\/comments?post=2671"}],"version-history":[{"count":55,"href":"https:\/\/mikrotech.sk\/sk\/wp-json\/wp\/v2\/pages\/2671\/revisions"}],"predecessor-version":[{"id":4792,"href":"https:\/\/mikrotech.sk\/sk\/wp-json\/wp\/v2\/pages\/2671\/revisions\/4792"}],"wp:attachment":[{"href":"https:\/\/mikrotech.sk\/sk\/wp-json\/wp\/v2\/media?parent=2671"}],"curies":[{"name":"wp","href":"https:\/\/api.w.org\/{rel}","templated":true}]}}