{"id":254,"date":"2022-10-28T08:43:19","date_gmt":"2022-10-28T08:43:19","guid":{"rendered":"http:\/\/neu.hacker-feinmechanik.de\/?page_id=254"},"modified":"2024-06-24T09:19:43","modified_gmt":"2024-06-24T08:19:43","slug":"baugruppen","status":"publish","type":"page","link":"https:\/\/mikrotech.sk\/sk\/baugruppen\/","title":{"rendered":"MONT\u00c1\u017dNE PODSKUPINY"},"content":{"rendered":"<div id='full_slider_1'  class='avia-fullwidth-slider main_color avia-shadow   avia-builder-el-0  el_before_av_one_half  avia-builder-el-first   container_wrap fullsize'  ><div  class='avia-slideshow av-xdprq-1b7e80903458c7def84e5d1e49bb85e7 avia-slideshow-no scaling av_slideshow_full avia-slide-slider av-slideshow-ui av-control-default av-slideshow-manual av-loop-once av-loop-manual-endless av-default-height-applied   avia-slideshow-1' data-slideshow-options=\"{&quot;animation&quot;:&quot;slide&quot;,&quot;autoplay&quot;:false,&quot;loop_autoplay&quot;:&quot;once&quot;,&quot;interval&quot;:5,&quot;loop_manual&quot;:&quot;manual-endless&quot;,&quot;autoplay_stopper&quot;:false,&quot;noNavigation&quot;:false,&quot;bg_slider&quot;:false,&quot;keep_padding&quot;:false,&quot;hoverpause&quot;:false,&quot;show_slide_delay&quot;:0}\"  itemprop=\"image\" itemscope=\"itemscope\" itemtype=\"https:\/\/schema.org\/ImageObject\" ><ul class='avia-slideshow-inner ' style='padding-bottom: 21.09375%;'><li  class='avia-slideshow-slide av-xdprq-1b7e80903458c7def84e5d1e49bb85e7__0  av-single-slide slide-1 slide-odd'><div data-rel='slideshow-1' class='avia-slide-wrap '   ><img decoding=\"async\" fetchpriority=\"high\" class=\"wp-image-3565 avia-img-lazy-loading-not-3565\"  src=\"https:\/\/mikrotech.sk\/wp-content\/uploads\/2022\/10\/1920x405-baugruppen-wm-02-01-07-19-05-17.jpg\" width=\"1920\" height=\"405\" title='1920x405-baugruppen-wm-02-01-07-19-05-17' alt=''  itemprop=\"thumbnailUrl\" srcset=\"https:\/\/mikrotech.sk\/wp-content\/uploads\/2022\/10\/1920x405-baugruppen-wm-02-01-07-19-05-17.jpg 1920w, https:\/\/mikrotech.sk\/wp-content\/uploads\/2022\/10\/1920x405-baugruppen-wm-02-01-07-19-05-17-300x63.jpg 300w, https:\/\/mikrotech.sk\/wp-content\/uploads\/2022\/10\/1920x405-baugruppen-wm-02-01-07-19-05-17-1030x217.jpg 1030w, https:\/\/mikrotech.sk\/wp-content\/uploads\/2022\/10\/1920x405-baugruppen-wm-02-01-07-19-05-17-768x162.jpg 768w, https:\/\/mikrotech.sk\/wp-content\/uploads\/2022\/10\/1920x405-baugruppen-wm-02-01-07-19-05-17-1536x324.jpg 1536w, https:\/\/mikrotech.sk\/wp-content\/uploads\/2022\/10\/1920x405-baugruppen-wm-02-01-07-19-05-17-1500x316.jpg 1500w, https:\/\/mikrotech.sk\/wp-content\/uploads\/2022\/10\/1920x405-baugruppen-wm-02-01-07-19-05-17-705x149.jpg 705w\" sizes=\"(max-width: 1920px) 100vw, 1920px\" \/><\/div><\/li><\/ul><\/div><\/div><div id='after_full_slider_1'  class='main_color av_default_container_wrap container_wrap fullsize'  ><div class='container av-section-cont-open' ><div class='template-page content  av-content-full alpha units'><div class='post-entry post-entry-type-page post-entry-254'><div class='entry-content-wrapper clearfix'>\n<div  class='flex_column av-ol22u-e544456f0b22d3e6540c31213ef67fa8 av_one_half  avia-builder-el-1  el_after_av_slideshow_full  el_before_av_one_half  avia-builder-el-first  first flex_column_div  '     ><section  class='av_textblock_section av-jg5fy-d5183d4622c8afa709aa65a0ae7146ca '   itemscope=\"itemscope\" itemtype=\"https:\/\/schema.org\/CreativeWork\" ><div class='avia_textblock'  itemprop=\"text\" ><h1>MONT\u00c1\u017dNE PODSKUPINY<\/h1>\n<\/div><\/section><br \/>\n\n<style type=\"text\/css\" data-created_by=\"avia_inline_auto\" id=\"style-css-av-7m3ha-b9759d4a7ec8075ab3d14617cb3d50fd\">\n#top .hr.av-7m3ha-b9759d4a7ec8075ab3d14617cb3d50fd{\nmargin-top:10px;\nmargin-bottom:30px;\n}\n.hr.av-7m3ha-b9759d4a7ec8075ab3d14617cb3d50fd .hr-inner{\nwidth:80px;\nborder-color:#00519e;\n}\n<\/style>\n<div  class='hr av-7m3ha-b9759d4a7ec8075ab3d14617cb3d50fd hr-custom  avia-builder-el-3  el_after_av_textblock  el_before_av_textblock  hr-left hr-icon-no'><span class='hr-inner inner-border-av-border-fat'><span class=\"hr-inner-style\"><\/span><\/span><\/div><br \/>\n<section  class='av_textblock_section av-l9s91nys-0394afd78b233ff348b7d3c7f22bc455 '   itemscope=\"itemscope\" itemtype=\"https:\/\/schema.org\/CreativeWork\" ><div class='avia_textblock'  itemprop=\"text\" ><h3><strong><span style=\"color: #00519e;\">PRI MONT\u00c1\u017dI MECHANICK\u00ddCH ZOST\u00c1V PON\u00daKAME V\u0160ETKY SLU\u017dBY PRIAMO POD JEDNOU STRECHOU<br \/>\n<\/span><\/strong><\/h3>\n<\/div><\/section><br \/>\n<div  class='hr av-9vv5i-ab618c95a97a62a9105131b8474cb7b3 hr-default  avia-builder-el-5  el_after_av_textblock  el_before_av_image '><span class='hr-inner '><span class=\"hr-inner-style\"><\/span><\/span><\/div><br \/>\n\n<style type=\"text\/css\" data-created_by=\"avia_inline_auto\" id=\"style-css-av-lxd8l7o1-2175401b2b6a8da23aed464919433e79\">\n.avia-image-container.av-lxd8l7o1-2175401b2b6a8da23aed464919433e79 img.avia_image{\nbox-shadow:none;\n}\n.avia-image-container.av-lxd8l7o1-2175401b2b6a8da23aed464919433e79 .av-image-caption-overlay-center{\ncolor:#ffffff;\n}\n<\/style>\n<div  class='avia-image-container av-lxd8l7o1-2175401b2b6a8da23aed464919433e79 av-styling- avia-align-center  avia-builder-el-6  el_after_av_hr  avia-builder-el-last '   itemprop=\"image\" itemscope=\"itemscope\" itemtype=\"https:\/\/schema.org\/ImageObject\" ><div class=\"avia-image-container-inner\"><div class=\"avia-image-overlay-wrap\"><img decoding=\"async\" fetchpriority=\"high\" class='wp-image-3047 avia-img-lazy-loading-not-3047 avia_image ' src=\"https:\/\/mikrotech.sk\/wp-content\/uploads\/2024\/06\/mg-9625-edit-02-45-17-16-05-18.jpg\" alt='' title='mg-9625-edit-02-45-17-16-05-18'  height=\"534\" width=\"800\"  itemprop=\"thumbnailUrl\" srcset=\"https:\/\/mikrotech.sk\/wp-content\/uploads\/2024\/06\/mg-9625-edit-02-45-17-16-05-18.jpg 800w, https:\/\/mikrotech.sk\/wp-content\/uploads\/2024\/06\/mg-9625-edit-02-45-17-16-05-18-300x200.jpg 300w, https:\/\/mikrotech.sk\/wp-content\/uploads\/2024\/06\/mg-9625-edit-02-45-17-16-05-18-768x513.jpg 768w, https:\/\/mikrotech.sk\/wp-content\/uploads\/2024\/06\/mg-9625-edit-02-45-17-16-05-18-705x471.jpg 705w\" sizes=\"(max-width: 800px) 100vw, 800px\" \/><\/div><\/div><\/div><\/p><\/div>\n<div  class='flex_column av-e0t1a-f878c89605d1bca5e5faf3828686008a av_one_half  avia-builder-el-7  el_after_av_one_half  el_before_av_hr  flex_column_div  '     ><section  class='av_textblock_section av-bij1a-fc2136a0cc736bc9b191965393bc4803 '   itemscope=\"itemscope\" itemtype=\"https:\/\/schema.org\/CreativeWork\" ><div class='avia_textblock'  itemprop=\"text\" ><p>Pon\u00fakame v\u00e1m kompletn\u00fd servis prostredn\u00edctvom mont\u00e1\u017ee zost\u00e1v pripraven\u00fdch na in\u0161tal\u00e1ciu.<strong><span style=\"color: #000000;\">\u00a0<\/span><\/strong><\/p>\n<h5><span style=\"color: #00519e;\">Individu\u00e1lne mo\u017enosti jednotliv\u00fdch kombin\u00e1ci\u00ed<br \/>\n<\/span><\/h5>\n<p>K s\u00fastru\u017een\u00fdm a fr\u00e9zovan\u00fdm dielom, ktor\u00e9 vyr\u00e1bame, montujeme r\u00f4zne komponenty pod\u013ea zadania.<\/p>\n<p>Spolo\u010dne so spo\u013eahliv\u00fdmi partnermi zabezpe\u010dujeme po\u017eadovan\u00fa tepeln\u00fa \u00fapravu, povrchov\u00fa \u00fapravu a sp\u00e1janie \u010dast\u00ed prostredn\u00edctvom sp\u00e1jkovania, nitovania alebo zv\u00e1rania. Popisujeme tie\u017e diely alebo zostavy pod\u013ea po\u017eiadavky z\u00e1kazn\u00edka.<\/p>\n<h5><span style=\"color: #00519e;\">Zabezpe\u010denie kvality<br \/>\n<\/span><\/h5>\n<p>V\u00fdrobn\u00e9 procesy certifikovan\u00e9 pod\u013ea ISO 9001: 2015 a s t\u00fdm s\u00favisiaca vysoko presn\u00e1 meracia technika zabezpe\u010duj\u00faca kvalitu v\u0161etk\u00fdch slu\u017eieb, zost\u00e1v a v\u00fdrobn\u00fdch \u010dast\u00ed.<\/p>\n<\/div><\/section><\/div>\n\n<style type=\"text\/css\" data-created_by=\"avia_inline_auto\" id=\"style-css-av-l9sb0ik6-8da640c1b8c3783e2405071ad2d63b2b\">\n#top .hr.av-l9sb0ik6-8da640c1b8c3783e2405071ad2d63b2b{\nmargin-top:30px;\nmargin-bottom:30px;\n}\n.hr.av-l9sb0ik6-8da640c1b8c3783e2405071ad2d63b2b .hr-inner{\nwidth:5000px;\nborder-color:#0a0a0a;\n}\n<\/style>\n<div  class='hr av-l9sb0ik6-8da640c1b8c3783e2405071ad2d63b2b hr-custom  avia-builder-el-9  el_after_av_one_half  el_before_av_section  avia-builder-el-last  hr-center hr-icon-no'><span class='hr-inner inner-border-av-border-thin'><span class=\"hr-inner-style\"><\/span><\/span><\/div>\n<\/div><\/div><\/div><!-- close content main div --><\/div><\/div>\n<style type=\"text\/css\" data-created_by=\"avia_inline_auto\" id=\"style-css-av-lxegtyhp-e680dcba507273e09307c2db9d6a3c5d\">\n.avia-section.av-lxegtyhp-e680dcba507273e09307c2db9d6a3c5d{\nbackground-color:#00519e;\nbackground-image:unset;\n}\n<\/style>\n<div id='av_section_1'  class='avia-section av-lxegtyhp-e680dcba507273e09307c2db9d6a3c5d main_color avia-section-default avia-no-shadow  avia-builder-el-10  el_after_av_hr  avia-builder-el-last  avia-bg-style-scroll container_wrap fullsize'  ><div class='container av-section-cont-open' ><div class='template-page content  av-content-full alpha units'><div class='post-entry post-entry-type-page post-entry-254'><div class='entry-content-wrapper clearfix'>\n<div  class='flex_column av-op0tq-c867577f3d9037e67f547f206f5452f8 av_one_half  avia-builder-el-11  el_before_av_one_half  avia-builder-el-first  first flex_column_div  '     ><section  class='av_textblock_section av-lxegvsrb-29acc6e5f187e65effac41ef7bb95747 '   itemscope=\"itemscope\" itemtype=\"https:\/\/schema.org\/CreativeWork\" ><div class='avia_textblock'  itemprop=\"text\" ><h2>\n<div style=\"text-align: left;\"><span style=\"color: #ffffff;\">KONTAKTN\u00c1 OSOBA:<\/span><\/div>\n<\/h2>\n<\/div><\/section><br \/>\n<div  class='hr av-jttq6-f99a404b074aa8b4df68cd5c915ef969 hr-default  avia-builder-el-13  el_after_av_textblock  avia-builder-el-last '><span class='hr-inner '><span class=\"hr-inner-style\"><\/span><\/span><\/div><\/p><\/div><div  class='flex_column av-drfue-70ccccd494af0f34ac2428b2eef2394f av_one_half  avia-builder-el-14  el_after_av_one_half  avia-builder-el-last  flex_column_div  '     ><section  class='av_textblock_section av-lxegwgsh-d59cf9d0d296064006f572e595d0702a '   itemscope=\"itemscope\" itemtype=\"https:\/\/schema.org\/CreativeWork\" ><div class='avia_textblock'  itemprop=\"text\" ><h2><span style=\"color: #ffffff;\"><strong>FRANTI\u0160EK LI\u0160AN\u00cdK<\/strong><\/span><\/h2>\n<\/div><\/section><br \/>\n<div  class='hr av-bvdzy-e7dd2ae200b22a3da871b411875ddc90 hr-default  avia-builder-el-16  el_after_av_textblock  el_before_av_icon_box '><span class='hr-inner '><span class=\"hr-inner-style\"><\/span><\/span><\/div><br \/>\n\n<style type=\"text\/css\" data-created_by=\"avia_inline_auto\" id=\"style-css-av-lxehg2uv-a590a3d5fef5527d79ba0141ee0eef5c\">\n.iconbox.av-lxehg2uv-a590a3d5fef5527d79ba0141ee0eef5c .iconbox_icon{\ncolor:#ffffff;\n}\n.iconbox.av-lxehg2uv-a590a3d5fef5527d79ba0141ee0eef5c .iconbox_icon.avia-svg-icon svg:first-child{\nfill:#ffffff;\nstroke:#ffffff;\n}\n<\/style>\n<article  class='iconbox iconbox_left av-lxehg2uv-a590a3d5fef5527d79ba0141ee0eef5c  avia-builder-el-17  el_after_av_hr  el_before_av_icon_box '  itemscope=\"itemscope\" itemtype=\"https:\/\/schema.org\/CreativeWork\" ><div class=\"iconbox_content\"><header class=\"entry-content-header\" aria-label=\"Icon: \"><div class='iconbox_icon heading-color avia-iconfont avia-font-entypo-fontello' data-av_icon='\ue854' data-av_iconfont='entypo-fontello'  ><\/div><\/header><div class='iconbox_content_container '  itemprop=\"text\" ><h3><span style=\"color: #ffffff;\"><strong>\u00a0+421 42 4305 012<\/strong><\/span><\/h3>\n<\/div><\/div><footer class=\"entry-footer\"><\/footer><\/article><br \/>\n\n<style type=\"text\/css\" data-created_by=\"avia_inline_auto\" id=\"style-css-av-lxehjw2b-07101a770903523ba93a7cfab150436d\">\n.iconbox.av-lxehjw2b-07101a770903523ba93a7cfab150436d .iconbox_icon{\ncolor:#ffffff;\n}\n.iconbox.av-lxehjw2b-07101a770903523ba93a7cfab150436d .iconbox_icon.avia-svg-icon svg:first-child{\nfill:#ffffff;\nstroke:#ffffff;\n}\n<\/style>\n<article  class='iconbox iconbox_left av-lxehjw2b-07101a770903523ba93a7cfab150436d  avia-builder-el-18  el_after_av_icon_box  avia-builder-el-last '  itemscope=\"itemscope\" itemtype=\"https:\/\/schema.org\/CreativeWork\" ><div class=\"iconbox_content\"><header class=\"entry-content-header\" aria-label=\"Icon: \"><div class='iconbox_icon heading-color avia-iconfont avia-font-entypo-fontello' data-av_icon='\ue805' data-av_iconfont='entypo-fontello'  ><\/div><\/header><div class='iconbox_content_container '  itemprop=\"text\" ><h3><span style=\"color: #ffffff;\"><strong><a style=\"color: #ffffff;\" href=\" mailto:F.LISANIK@MIKROTECH.SK\">\u00a0 F.LISANIK@MIKROTECH.SK<\/a><\/strong><\/span><\/h3>\n<\/div><\/div><footer class=\"entry-footer\"><\/footer><\/article><\/p><\/div>\n","protected":false},"excerpt":{"rendered":"","protected":false},"author":2,"featured_media":0,"parent":0,"menu_order":0,"comment_status":"closed","ping_status":"closed","template":"","meta":{"footnotes":""},"class_list":["post-254","page","type-page","status-publish","hentry"],"yoast_head":"<!-- This site is optimized with the Yoast SEO plugin v27.4 - https:\/\/yoast.com\/product\/yoast-seo-wordpress\/ -->\n<title>MONT\u00c1\u017dNE PODSKUPINY - Mikrotech s.r.o.<\/title>\n<meta name=\"robots\" content=\"index, follow, max-snippet:-1, max-image-preview:large, max-video-preview:-1\" \/>\n<link rel=\"canonical\" href=\"https:\/\/mikrotech.sk\/sk\/baugruppen\/\" \/>\n<meta property=\"og:locale\" content=\"sk_SK\" \/>\n<meta property=\"og:type\" content=\"article\" \/>\n<meta property=\"og:title\" content=\"MONT\u00c1\u017dNE PODSKUPINY - Mikrotech s.r.o.\" \/>\n<meta property=\"og:url\" content=\"https:\/\/mikrotech.sk\/sk\/baugruppen\/\" \/>\n<meta property=\"og:site_name\" content=\"Mikrotech s.r.o.\" \/>\n<meta property=\"article:modified_time\" content=\"2024-06-24T08:19:43+00:00\" \/>\n<meta name=\"twitter:card\" content=\"summary_large_image\" \/>\n<meta name=\"twitter:label1\" content=\"Predpokladan\u00fd \u010das \u010d\u00edtania\" \/>\n\t<meta name=\"twitter:data1\" content=\"18 min\u00fat\" \/>\n<script type=\"application\/ld+json\" class=\"yoast-schema-graph\">{\"@context\":\"https:\\\/\\\/schema.org\",\"@graph\":[{\"@type\":\"WebPage\",\"@id\":\"https:\\\/\\\/mikrotech.sk\\\/sk\\\/baugruppen\\\/\",\"url\":\"https:\\\/\\\/mikrotech.sk\\\/sk\\\/baugruppen\\\/\",\"name\":\"MONT\u00c1\u017dNE PODSKUPINY - Mikrotech s.r.o.\",\"isPartOf\":{\"@id\":\"https:\\\/\\\/mikrotech.sk\\\/sk\\\/#website\"},\"datePublished\":\"2022-10-28T08:43:19+00:00\",\"dateModified\":\"2024-06-24T08:19:43+00:00\",\"breadcrumb\":{\"@id\":\"https:\\\/\\\/mikrotech.sk\\\/sk\\\/baugruppen\\\/#breadcrumb\"},\"inLanguage\":\"sk-SK\",\"potentialAction\":[{\"@type\":\"ReadAction\",\"target\":[\"https:\\\/\\\/mikrotech.sk\\\/sk\\\/baugruppen\\\/\"]}]},{\"@type\":\"BreadcrumbList\",\"@id\":\"https:\\\/\\\/mikrotech.sk\\\/sk\\\/baugruppen\\\/#breadcrumb\",\"itemListElement\":[{\"@type\":\"ListItem\",\"position\":1,\"name\":\"Startseite\",\"item\":\"https:\\\/\\\/mikrotech.sk\\\/sk\\\/\"},{\"@type\":\"ListItem\",\"position\":2,\"name\":\"MONT\u00c1\u017dNE PODSKUPINY\"}]},{\"@type\":\"WebSite\",\"@id\":\"https:\\\/\\\/mikrotech.sk\\\/sk\\\/#website\",\"url\":\"https:\\\/\\\/mikrotech.sk\\\/sk\\\/\",\"name\":\"Mikrotech s.r.o.\",\"description\":\"s\u00fastru\u017een\u00e9 diely, fr\u00e9zovan\u00e9 diely, br\u00fasen\u00e9 diely\",\"potentialAction\":[{\"@type\":\"SearchAction\",\"target\":{\"@type\":\"EntryPoint\",\"urlTemplate\":\"https:\\\/\\\/mikrotech.sk\\\/sk\\\/?s={search_term_string}\"},\"query-input\":{\"@type\":\"PropertyValueSpecification\",\"valueRequired\":true,\"valueName\":\"search_term_string\"}}],\"inLanguage\":\"sk-SK\"}]}<\/script>\n<!-- \/ Yoast SEO plugin. -->","yoast_head_json":{"title":"MONT\u00c1\u017dNE PODSKUPINY - Mikrotech s.r.o.","robots":{"index":"index","follow":"follow","max-snippet":"max-snippet:-1","max-image-preview":"max-image-preview:large","max-video-preview":"max-video-preview:-1"},"canonical":"https:\/\/mikrotech.sk\/sk\/baugruppen\/","og_locale":"sk_SK","og_type":"article","og_title":"MONT\u00c1\u017dNE PODSKUPINY - Mikrotech s.r.o.","og_url":"https:\/\/mikrotech.sk\/sk\/baugruppen\/","og_site_name":"Mikrotech s.r.o.","article_modified_time":"2024-06-24T08:19:43+00:00","twitter_card":"summary_large_image","twitter_misc":{"Predpokladan\u00fd \u010das \u010d\u00edtania":"18 min\u00fat"},"schema":{"@context":"https:\/\/schema.org","@graph":[{"@type":"WebPage","@id":"https:\/\/mikrotech.sk\/sk\/baugruppen\/","url":"https:\/\/mikrotech.sk\/sk\/baugruppen\/","name":"MONT\u00c1\u017dNE PODSKUPINY - Mikrotech s.r.o.","isPartOf":{"@id":"https:\/\/mikrotech.sk\/sk\/#website"},"datePublished":"2022-10-28T08:43:19+00:00","dateModified":"2024-06-24T08:19:43+00:00","breadcrumb":{"@id":"https:\/\/mikrotech.sk\/sk\/baugruppen\/#breadcrumb"},"inLanguage":"sk-SK","potentialAction":[{"@type":"ReadAction","target":["https:\/\/mikrotech.sk\/sk\/baugruppen\/"]}]},{"@type":"BreadcrumbList","@id":"https:\/\/mikrotech.sk\/sk\/baugruppen\/#breadcrumb","itemListElement":[{"@type":"ListItem","position":1,"name":"Startseite","item":"https:\/\/mikrotech.sk\/sk\/"},{"@type":"ListItem","position":2,"name":"MONT\u00c1\u017dNE PODSKUPINY"}]},{"@type":"WebSite","@id":"https:\/\/mikrotech.sk\/sk\/#website","url":"https:\/\/mikrotech.sk\/sk\/","name":"Mikrotech s.r.o.","description":"s\u00fastru\u017een\u00e9 diely, fr\u00e9zovan\u00e9 diely, br\u00fasen\u00e9 diely","potentialAction":[{"@type":"SearchAction","target":{"@type":"EntryPoint","urlTemplate":"https:\/\/mikrotech.sk\/sk\/?s={search_term_string}"},"query-input":{"@type":"PropertyValueSpecification","valueRequired":true,"valueName":"search_term_string"}}],"inLanguage":"sk-SK"}]}},"_links":{"self":[{"href":"https:\/\/mikrotech.sk\/sk\/wp-json\/wp\/v2\/pages\/254","targetHints":{"allow":["GET"]}}],"collection":[{"href":"https:\/\/mikrotech.sk\/sk\/wp-json\/wp\/v2\/pages"}],"about":[{"href":"https:\/\/mikrotech.sk\/sk\/wp-json\/wp\/v2\/types\/page"}],"author":[{"embeddable":true,"href":"https:\/\/mikrotech.sk\/sk\/wp-json\/wp\/v2\/users\/2"}],"replies":[{"embeddable":true,"href":"https:\/\/mikrotech.sk\/sk\/wp-json\/wp\/v2\/comments?post=254"}],"version-history":[{"count":45,"href":"https:\/\/mikrotech.sk\/sk\/wp-json\/wp\/v2\/pages\/254\/revisions"}],"predecessor-version":[{"id":3219,"href":"https:\/\/mikrotech.sk\/sk\/wp-json\/wp\/v2\/pages\/254\/revisions\/3219"}],"wp:attachment":[{"href":"https:\/\/mikrotech.sk\/sk\/wp-json\/wp\/v2\/media?parent=254"}],"curies":[{"name":"wp","href":"https:\/\/api.w.org\/{rel}","templated":true}]}}