{"id":221,"date":"2022-10-26T12:32:27","date_gmt":"2022-10-26T12:32:27","guid":{"rendered":"http:\/\/neu.hacker-feinmechanik.de\/?page_id=221"},"modified":"2024-06-27T08:14:27","modified_gmt":"2024-06-27T07:14:27","slug":"kompetenz","status":"publish","type":"page","link":"https:\/\/mikrotech.sk\/sk\/kompetenz\/","title":{"rendered":"V\u00ddROBA"},"content":{"rendered":"<div id='full_slider_1'  class='avia-fullwidth-slider main_color avia-shadow   avia-builder-el-0  el_before_av_one_half  avia-builder-el-first   container_wrap fullsize'  ><div  class='avia-slideshow av-7ydl1-1494a8a4d1746059384b6c51d92cd50d avia-slideshow-no scaling av_slideshow_full avia-slide-slider av-slideshow-ui av-control-default av-slideshow-manual av-loop-once av-loop-manual-endless av-default-height-applied   avia-slideshow-1' data-slideshow-options=\"{&quot;animation&quot;:&quot;slide&quot;,&quot;autoplay&quot;:false,&quot;loop_autoplay&quot;:&quot;once&quot;,&quot;interval&quot;:5,&quot;loop_manual&quot;:&quot;manual-endless&quot;,&quot;autoplay_stopper&quot;:false,&quot;noNavigation&quot;:false,&quot;bg_slider&quot;:false,&quot;keep_padding&quot;:false,&quot;hoverpause&quot;:false,&quot;show_slide_delay&quot;:0}\"  itemprop=\"image\" itemscope=\"itemscope\" itemtype=\"https:\/\/schema.org\/ImageObject\" ><ul class='avia-slideshow-inner ' style='padding-bottom: 21.09375%;'><li  class='avia-slideshow-slide av-7ydl1-1494a8a4d1746059384b6c51d92cd50d__0  av-single-slide slide-1 slide-odd'><div data-rel='slideshow-1' class='avia-slide-wrap '   ><img decoding=\"async\" fetchpriority=\"high\" class=\"wp-image-3561 avia-img-lazy-loading-not-3561\"  src=\"https:\/\/mikrotech.sk\/wp-content\/uploads\/2022\/10\/dsc-3340-kompetenz-03-10-02-54-16-05-17.jpg\" width=\"1920\" height=\"405\" title='dsc-3340-kompetenz-03-10-02-54-16-05-17' alt=''  itemprop=\"thumbnailUrl\" srcset=\"https:\/\/mikrotech.sk\/wp-content\/uploads\/2022\/10\/dsc-3340-kompetenz-03-10-02-54-16-05-17.jpg 1920w, https:\/\/mikrotech.sk\/wp-content\/uploads\/2022\/10\/dsc-3340-kompetenz-03-10-02-54-16-05-17-300x63.jpg 300w, https:\/\/mikrotech.sk\/wp-content\/uploads\/2022\/10\/dsc-3340-kompetenz-03-10-02-54-16-05-17-1030x217.jpg 1030w, https:\/\/mikrotech.sk\/wp-content\/uploads\/2022\/10\/dsc-3340-kompetenz-03-10-02-54-16-05-17-768x162.jpg 768w, https:\/\/mikrotech.sk\/wp-content\/uploads\/2022\/10\/dsc-3340-kompetenz-03-10-02-54-16-05-17-1536x324.jpg 1536w, https:\/\/mikrotech.sk\/wp-content\/uploads\/2022\/10\/dsc-3340-kompetenz-03-10-02-54-16-05-17-1500x316.jpg 1500w, https:\/\/mikrotech.sk\/wp-content\/uploads\/2022\/10\/dsc-3340-kompetenz-03-10-02-54-16-05-17-705x149.jpg 705w\" sizes=\"(max-width: 1920px) 100vw, 1920px\" \/><\/div><\/li><\/ul><\/div><\/div><div id='after_full_slider_1'  class='main_color av_default_container_wrap container_wrap fullsize'  ><div class='container av-section-cont-open' ><div class='template-page content  av-content-full alpha units'><div class='post-entry post-entry-type-page post-entry-221'><div class='entry-content-wrapper clearfix'>\n<div  class='flex_column av-shx1h-392636b7308a3a082098b9d35f6f6e73 av_one_half  avia-builder-el-1  el_after_av_slideshow_full  el_before_av_one_half  avia-builder-el-first  first flex_column_div  '     ><section  class='av_textblock_section av-l9qpa6fn-c09ea3624fe3d80a9f435aef7c9dcadd '   itemscope=\"itemscope\" itemtype=\"https:\/\/schema.org\/CreativeWork\" ><div class='avia_textblock'  itemprop=\"text\" ><h1>V\u00ddROBA<\/h1>\n<\/div><\/section><br \/>\n\n<style type=\"text\/css\" data-created_by=\"avia_inline_auto\" id=\"style-css-av-kzt9x-504f0fbca6f0a82a75ebc92286a8494f\">\n#top .hr.av-kzt9x-504f0fbca6f0a82a75ebc92286a8494f{\nmargin-top:10px;\nmargin-bottom:30px;\n}\n.hr.av-kzt9x-504f0fbca6f0a82a75ebc92286a8494f .hr-inner{\nwidth:80px;\nborder-color:#00519e;\n}\n<\/style>\n<div  class='hr av-kzt9x-504f0fbca6f0a82a75ebc92286a8494f hr-custom  avia-builder-el-3  el_after_av_textblock  el_before_av_textblock  hr-left hr-icon-no'><span class='hr-inner inner-border-av-border-fat'><span class=\"hr-inner-style\"><\/span><\/span><\/div><br \/>\n<section  class='av_textblock_section av-l9qpap0q-536e8aafb3ca33bc6b6249dc9fe55cdb '   itemscope=\"itemscope\" itemtype=\"https:\/\/schema.org\/CreativeWork\" ><div class='avia_textblock'  itemprop=\"text\" ><h3><strong><span style=\"color: #00519e;\">U\u017d 30 ROKOV SA VENUJEME KOMPLEXN\u00c9MU OBR\u00c1BANIU A MONT\u00c1\u017dI ZOST\u00c1V<br \/>\n<\/span><\/strong><\/h3>\n<\/div><\/section><\/p><\/div><div  class='flex_column av-ffgb9-5f47de56e724acff7e2d6b81219ae302 av_one_half  avia-builder-el-5  el_after_av_one_half  el_before_av_one_fourth  flex_column_div  '     ><section  class='av_textblock_section av-8azad-9e15fc138fdc10bf35b714932dc4ca9f '   itemscope=\"itemscope\" itemtype=\"https:\/\/schema.org\/CreativeWork\" ><div class='avia_textblock'  itemprop=\"text\" ><p>Na\u0161a kompetencia spo\u010d\u00edva vo vysoko kvalitn\u00fdch rie\u0161eniach obr\u00e1bania ako aj pri zostavovan\u00ed n\u00e1ro\u010dn\u00fdch celkov pod\u013ea po\u017eiadaviek z\u00e1kazn\u00edka. Ako jedna z popredn\u00fdch, stredne ve\u013ek\u00fdch stroj\u00e1rskych spolo\u010dnost\u00ed, s motivovan\u00fdmi a vysokokvalifikovan\u00fdmi zamestnancami, sa zameriavame na v\u00fdrobu prec\u00edznych komponentov v mal\u00fdch a stredne ve\u013ek\u00fdch s\u00e9ri\u00e1ch. Uprednost\u0148ujeme v\u00fdrobu z ocele, nereze, mosadze, hlin\u00edku a plastu.<\/p>\n<p>Po\u017eiadavky k jednotliv\u00fdm v\u00fdkresom spln\u00edme r\u00fdchlo, prec\u00edzne a efektn\u00edvne.<\/p>\n<h5><span style=\"color: #00519e;\">Va\u0161a \u0161peci\u00e1lna v\u00fdhoda:<\/span><\/h5>\n<ul>\n<li style=\"list-style-type: none;\">\n<ul>\n<li>M\u00e1me najmodernej\u0161\u00ed CNC strojov\u00fd park.<\/li>\n<li>Pracujeme 24 hod\u00edn denne v 3-zmennej prev\u00e1dzke.<\/li>\n<li>Sme flexibiln\u00ed a spo\u013eahliv\u00ed.<\/li>\n<li>Pon\u00fakame V\u00e1m dlhodob\u00fa kvalitu na najvy\u0161\u0161ej \u00farovni.\n<div class=\"row row-title\">\n<div class=\"col-md-6  vspace-big-bottom\"><\/div>\n<\/div>\n<\/li>\n<\/ul>\n<\/li>\n<\/ul>\n<\/div><\/section><\/div>\n<style type=\"text\/css\" data-created_by=\"avia_inline_auto\" id=\"style-css-av-ljpvbt10-1af87b1fd12aa459f020c3fef97bd650\">\n.flex_column.av-ljpvbt10-1af87b1fd12aa459f020c3fef97bd650{\nwidth:23.875%;\n}\n<\/style>\n<div  class='flex_column av-ljpvbt10-1af87b1fd12aa459f020c3fef97bd650 av_one_fourth  avia-builder-el-7  el_after_av_one_half  el_before_av_one_fourth  first flex_column_div  column-top-margin'     ><p>\n<style type=\"text\/css\" data-created_by=\"avia_inline_auto\" id=\"style-css-av-5cef91-d9c75cbca8491fb7e56330d054f64be3\">\n.avia-image-container.av-5cef91-d9c75cbca8491fb7e56330d054f64be3 img.avia_image{\nbox-shadow:none;\n}\n.avia-image-container.av-5cef91-d9c75cbca8491fb7e56330d054f64be3 .av-image-caption-overlay-center{\ncolor:#ffffff;\n}\n<\/style>\n<div  class='avia-image-container av-5cef91-d9c75cbca8491fb7e56330d054f64be3 av-styling- av-img-linked avia-align-center  avia-builder-el-8  el_before_av_textblock  avia-builder-el-first '   itemprop=\"image\" itemscope=\"itemscope\" itemtype=\"https:\/\/schema.org\/ImageObject\" ><div class=\"avia-image-container-inner\"><div class=\"avia-image-overlay-wrap\"><a href=\"https:\/\/mikrotech.sk\/sk\/baugruppen\/\" class='avia_image '  aria-label='1920x405-baugruppen-wm-02-01-07-19-05-17'><img decoding=\"async\" fetchpriority=\"high\" class='wp-image-3565 avia-img-lazy-loading-not-3565 avia_image ' src=\"https:\/\/mikrotech.sk\/wp-content\/uploads\/2022\/10\/1920x405-baugruppen-wm-02-01-07-19-05-17.jpg\" alt='' title='1920x405-baugruppen-wm-02-01-07-19-05-17'  height=\"405\" width=\"1920\"  itemprop=\"thumbnailUrl\" srcset=\"https:\/\/mikrotech.sk\/wp-content\/uploads\/2022\/10\/1920x405-baugruppen-wm-02-01-07-19-05-17.jpg 1920w, https:\/\/mikrotech.sk\/wp-content\/uploads\/2022\/10\/1920x405-baugruppen-wm-02-01-07-19-05-17-300x63.jpg 300w, https:\/\/mikrotech.sk\/wp-content\/uploads\/2022\/10\/1920x405-baugruppen-wm-02-01-07-19-05-17-1030x217.jpg 1030w, https:\/\/mikrotech.sk\/wp-content\/uploads\/2022\/10\/1920x405-baugruppen-wm-02-01-07-19-05-17-768x162.jpg 768w, https:\/\/mikrotech.sk\/wp-content\/uploads\/2022\/10\/1920x405-baugruppen-wm-02-01-07-19-05-17-1536x324.jpg 1536w, https:\/\/mikrotech.sk\/wp-content\/uploads\/2022\/10\/1920x405-baugruppen-wm-02-01-07-19-05-17-1500x316.jpg 1500w, https:\/\/mikrotech.sk\/wp-content\/uploads\/2022\/10\/1920x405-baugruppen-wm-02-01-07-19-05-17-705x149.jpg 705w\" sizes=\"(max-width: 1920px) 100vw, 1920px\" \/><\/a><\/div><\/div><\/div><br \/>\n<section  class='av_textblock_section av-ieonh-6179215f9181eaaeae4be7b6e52c10a7 '   itemscope=\"itemscope\" itemtype=\"https:\/\/schema.org\/CreativeWork\" ><div class='avia_textblock'  itemprop=\"text\" ><h6><a href=\"https:\/\/www.mikrotech.sk\/montazne-podskupiny\/\"><span style=\"color: #00519e;\">MONT\u00c1\u017dNE PODSKUPINY<\/span><\/a><\/h6>\n<\/div><\/section><\/p><\/div>\n<style type=\"text\/css\" data-created_by=\"avia_inline_auto\" id=\"style-css-av-imvel-670da4036ebfac3c3bb7277895d1452b\">\n.flex_column.av-imvel-670da4036ebfac3c3bb7277895d1452b{\nwidth:23.875%;\nmargin-left:1.5%;\n}\n<\/style>\n<div  class='flex_column av-imvel-670da4036ebfac3c3bb7277895d1452b av_one_fourth  avia-builder-el-10  el_after_av_one_fourth  el_before_av_one_fourth  flex_column_div  column-top-margin'     ><p>\n<style type=\"text\/css\" data-created_by=\"avia_inline_auto\" id=\"style-css-av-4rhwz1-7439cc0aa7744c038bdd255b7b7c415f\">\n.avia-image-container.av-4rhwz1-7439cc0aa7744c038bdd255b7b7c415f img.avia_image{\nbox-shadow:none;\n}\n.avia-image-container.av-4rhwz1-7439cc0aa7744c038bdd255b7b7c415f .av-image-caption-overlay-center{\ncolor:#ffffff;\n}\n<\/style>\n<div  class='avia-image-container av-4rhwz1-7439cc0aa7744c038bdd255b7b7c415f av-styling- av-img-linked avia-align-center  avia-builder-el-11  el_before_av_textblock  avia-builder-el-first '   itemprop=\"image\" itemscope=\"itemscope\" itemtype=\"https:\/\/schema.org\/ImageObject\" ><div class=\"avia-image-container-inner\"><div class=\"avia-image-overlay-wrap\"><a href=\"https:\/\/mikrotech.sk\/sk\/drehteile\/\" class='avia_image '  aria-label='dsc-3351-1920x405-12-42-00-12-05-17'><img decoding=\"async\" fetchpriority=\"high\" class='wp-image-3564 avia-img-lazy-loading-not-3564 avia_image ' src=\"https:\/\/mikrotech.sk\/wp-content\/uploads\/2022\/10\/dsc-3351-1920x405-12-42-00-12-05-17.jpg\" alt='' title='dsc-3351-1920x405-12-42-00-12-05-17'  height=\"405\" width=\"1920\"  itemprop=\"thumbnailUrl\" srcset=\"https:\/\/mikrotech.sk\/wp-content\/uploads\/2022\/10\/dsc-3351-1920x405-12-42-00-12-05-17.jpg 1920w, https:\/\/mikrotech.sk\/wp-content\/uploads\/2022\/10\/dsc-3351-1920x405-12-42-00-12-05-17-300x63.jpg 300w, https:\/\/mikrotech.sk\/wp-content\/uploads\/2022\/10\/dsc-3351-1920x405-12-42-00-12-05-17-1030x217.jpg 1030w, https:\/\/mikrotech.sk\/wp-content\/uploads\/2022\/10\/dsc-3351-1920x405-12-42-00-12-05-17-768x162.jpg 768w, https:\/\/mikrotech.sk\/wp-content\/uploads\/2022\/10\/dsc-3351-1920x405-12-42-00-12-05-17-1536x324.jpg 1536w, https:\/\/mikrotech.sk\/wp-content\/uploads\/2022\/10\/dsc-3351-1920x405-12-42-00-12-05-17-1500x316.jpg 1500w, https:\/\/mikrotech.sk\/wp-content\/uploads\/2022\/10\/dsc-3351-1920x405-12-42-00-12-05-17-705x149.jpg 705w\" sizes=\"(max-width: 1920px) 100vw, 1920px\" \/><\/a><\/div><\/div><\/div><br \/>\n<section  class='av_textblock_section av-4eo045-9f213ae42eb1cb753f490820bdac8610 '   itemscope=\"itemscope\" itemtype=\"https:\/\/schema.org\/CreativeWork\" ><div class='avia_textblock'  itemprop=\"text\" ><h6><a href=\"https:\/\/www.mikrotech.sk\/sustruzene-diely\/\"><span style=\"color: #00519e;\">S\u00daSTRU\u017dEN\u00c9 DIELY<\/span><\/a><\/h6>\n<\/div><\/section><\/p><\/div>\n<style type=\"text\/css\" data-created_by=\"avia_inline_auto\" id=\"style-css-av-eeqjx-424509710819bdd3f15e8c5080c00a3c\">\n.flex_column.av-eeqjx-424509710819bdd3f15e8c5080c00a3c{\nwidth:23.875%;\nmargin-left:1.5%;\n}\n<\/style>\n<div  class='flex_column av-eeqjx-424509710819bdd3f15e8c5080c00a3c av_one_fourth  avia-builder-el-13  el_after_av_one_fourth  el_before_av_one_fourth  flex_column_div  column-top-margin'     ><p>\n<style type=\"text\/css\" data-created_by=\"avia_inline_auto\" id=\"style-css-av-43wjt9-265b4a47c79800e3cae0dd827d268afc\">\n.avia-image-container.av-43wjt9-265b4a47c79800e3cae0dd827d268afc img.avia_image{\nbox-shadow:none;\n}\n.avia-image-container.av-43wjt9-265b4a47c79800e3cae0dd827d268afc .av-image-caption-overlay-center{\ncolor:#ffffff;\n}\n<\/style>\n<div  class='avia-image-container av-43wjt9-265b4a47c79800e3cae0dd827d268afc av-styling- av-img-linked avia-align-center  avia-builder-el-14  el_before_av_textblock  avia-builder-el-first '   itemprop=\"image\" itemscope=\"itemscope\" itemtype=\"https:\/\/schema.org\/ImageObject\" ><div class=\"avia-image-container-inner\"><div class=\"avia-image-overlay-wrap\"><a href=\"https:\/\/mikrotech.sk\/sk\/fraesteile\/\" class='avia_image '  aria-label='1920-x-400-fraeserei-neu-05-45-47-2-10-17'><img decoding=\"async\" fetchpriority=\"high\" class='wp-image-3563 avia-img-lazy-loading-not-3563 avia_image ' src=\"https:\/\/mikrotech.sk\/wp-content\/uploads\/2022\/10\/1920-x-400-fraeserei-neu-05-45-47-2-10-17.jpg\" alt='' title='1920-x-400-fraeserei-neu-05-45-47-2-10-17'  height=\"408\" width=\"1920\"  itemprop=\"thumbnailUrl\" srcset=\"https:\/\/mikrotech.sk\/wp-content\/uploads\/2022\/10\/1920-x-400-fraeserei-neu-05-45-47-2-10-17.jpg 1920w, https:\/\/mikrotech.sk\/wp-content\/uploads\/2022\/10\/1920-x-400-fraeserei-neu-05-45-47-2-10-17-300x64.jpg 300w, https:\/\/mikrotech.sk\/wp-content\/uploads\/2022\/10\/1920-x-400-fraeserei-neu-05-45-47-2-10-17-1030x219.jpg 1030w, https:\/\/mikrotech.sk\/wp-content\/uploads\/2022\/10\/1920-x-400-fraeserei-neu-05-45-47-2-10-17-768x163.jpg 768w, https:\/\/mikrotech.sk\/wp-content\/uploads\/2022\/10\/1920-x-400-fraeserei-neu-05-45-47-2-10-17-1536x326.jpg 1536w, https:\/\/mikrotech.sk\/wp-content\/uploads\/2022\/10\/1920-x-400-fraeserei-neu-05-45-47-2-10-17-1500x319.jpg 1500w, https:\/\/mikrotech.sk\/wp-content\/uploads\/2022\/10\/1920-x-400-fraeserei-neu-05-45-47-2-10-17-705x150.jpg 705w\" sizes=\"(max-width: 1920px) 100vw, 1920px\" \/><\/a><\/div><\/div><\/div><br \/>\n<section  class='av_textblock_section av-3rkih1-429dc26764ce2c937892af7f045ab937 '   itemscope=\"itemscope\" itemtype=\"https:\/\/schema.org\/CreativeWork\" ><div class='avia_textblock'  itemprop=\"text\" ><h6><a href=\"https:\/\/www.mikrotech.sk\/frezovane-diely\/\"><span style=\"color: #00519e;\">FR\u00c9ZOVAN\u00c9 DIELY<\/span><\/a><\/h6>\n<\/div><\/section><\/p><\/div>\n<style type=\"text\/css\" data-created_by=\"avia_inline_auto\" id=\"style-css-av-8yktp-36773b2492ff35ada21bc28820e376d4\">\n.flex_column.av-8yktp-36773b2492ff35ada21bc28820e376d4{\nwidth:23.875%;\nmargin-left:1.5%;\n}\n<\/style>\n<div  class='flex_column av-8yktp-36773b2492ff35ada21bc28820e376d4 av_one_fourth  avia-builder-el-16  el_after_av_one_fourth  avia-builder-el-last  flex_column_div  column-top-margin'     ><p>\n<style type=\"text\/css\" data-created_by=\"avia_inline_auto\" id=\"style-css-av-cdir1-1388a106b2300480c9d2463fbb2403a8\">\n.avia-image-container.av-cdir1-1388a106b2300480c9d2463fbb2403a8 img.avia_image{\nbox-shadow:none;\n}\n.avia-image-container.av-cdir1-1388a106b2300480c9d2463fbb2403a8 .av-image-caption-overlay-center{\ncolor:#ffffff;\n}\n<\/style>\n<div  class='avia-image-container av-cdir1-1388a106b2300480c9d2463fbb2403a8 av-styling- av-img-linked avia-align-center  avia-builder-el-17  el_before_av_textblock  avia-builder-el-first '   itemprop=\"image\" itemscope=\"itemscope\" itemtype=\"https:\/\/schema.org\/ImageObject\" ><div class=\"avia-image-container-inner\"><div class=\"avia-image-overlay-wrap\"><a href=\"https:\/\/mikrotech.sk\/sk\/schleifteile\/\" class='avia_image '  aria-label='1920x405-schleifteile-wm-02-01-39-19-05-17'><img decoding=\"async\" fetchpriority=\"high\" class='wp-image-3562 avia-img-lazy-loading-not-3562 avia_image ' src=\"https:\/\/mikrotech.sk\/wp-content\/uploads\/2022\/10\/1920x405-schleifteile-wm-02-01-39-19-05-17.jpg\" alt='' title='1920x405-schleifteile-wm-02-01-39-19-05-17'  height=\"405\" width=\"1920\"  itemprop=\"thumbnailUrl\" srcset=\"https:\/\/mikrotech.sk\/wp-content\/uploads\/2022\/10\/1920x405-schleifteile-wm-02-01-39-19-05-17.jpg 1920w, https:\/\/mikrotech.sk\/wp-content\/uploads\/2022\/10\/1920x405-schleifteile-wm-02-01-39-19-05-17-300x63.jpg 300w, https:\/\/mikrotech.sk\/wp-content\/uploads\/2022\/10\/1920x405-schleifteile-wm-02-01-39-19-05-17-1030x217.jpg 1030w, https:\/\/mikrotech.sk\/wp-content\/uploads\/2022\/10\/1920x405-schleifteile-wm-02-01-39-19-05-17-768x162.jpg 768w, https:\/\/mikrotech.sk\/wp-content\/uploads\/2022\/10\/1920x405-schleifteile-wm-02-01-39-19-05-17-1536x324.jpg 1536w, https:\/\/mikrotech.sk\/wp-content\/uploads\/2022\/10\/1920x405-schleifteile-wm-02-01-39-19-05-17-1500x316.jpg 1500w, https:\/\/mikrotech.sk\/wp-content\/uploads\/2022\/10\/1920x405-schleifteile-wm-02-01-39-19-05-17-705x149.jpg 705w\" sizes=\"(max-width: 1920px) 100vw, 1920px\" \/><\/a><\/div><\/div><\/div><br \/>\n<section  class='av_textblock_section av-30zp99-a734225c4eda1c2b6804c9153de66894 '   itemscope=\"itemscope\" itemtype=\"https:\/\/schema.org\/CreativeWork\" ><div class='avia_textblock'  itemprop=\"text\" ><h6><a href=\"https:\/\/www.mikrotech.sk\/brusene-diely\/\"><span style=\"color: #00519e;\">BR\u00daSEN\u00c9 DIELY<\/span><\/a><\/h6>\n<\/div><\/section><\/p><\/div><\/p>\n","protected":false},"excerpt":{"rendered":"","protected":false},"author":2,"featured_media":0,"parent":0,"menu_order":0,"comment_status":"closed","ping_status":"closed","template":"","meta":{"footnotes":""},"class_list":["post-221","page","type-page","status-publish","hentry"],"yoast_head":"<!-- This site is optimized with the Yoast SEO plugin v27.4 - https:\/\/yoast.com\/product\/yoast-seo-wordpress\/ -->\n<title>V\u00ddROBA - Mikrotech s.r.o.<\/title>\n<meta name=\"robots\" content=\"index, follow, max-snippet:-1, max-image-preview:large, max-video-preview:-1\" \/>\n<link rel=\"canonical\" href=\"https:\/\/mikrotech.sk\/sk\/kompetenz\/\" \/>\n<meta property=\"og:locale\" content=\"sk_SK\" \/>\n<meta property=\"og:type\" content=\"article\" \/>\n<meta property=\"og:title\" content=\"V\u00ddROBA - Mikrotech s.r.o.\" \/>\n<meta property=\"og:url\" content=\"https:\/\/mikrotech.sk\/sk\/kompetenz\/\" \/>\n<meta property=\"og:site_name\" content=\"Mikrotech s.r.o.\" \/>\n<meta property=\"article:modified_time\" content=\"2024-06-27T07:14:27+00:00\" \/>\n<meta name=\"twitter:card\" content=\"summary_large_image\" \/>\n<meta name=\"twitter:label1\" content=\"Predpokladan\u00fd \u010das \u010d\u00edtania\" \/>\n\t<meta name=\"twitter:data1\" content=\"22 min\u00fat\" \/>\n<script type=\"application\/ld+json\" class=\"yoast-schema-graph\">{\"@context\":\"https:\\\/\\\/schema.org\",\"@graph\":[{\"@type\":\"WebPage\",\"@id\":\"https:\\\/\\\/mikrotech.sk\\\/sk\\\/kompetenz\\\/\",\"url\":\"https:\\\/\\\/mikrotech.sk\\\/sk\\\/kompetenz\\\/\",\"name\":\"V\u00ddROBA - Mikrotech s.r.o.\",\"isPartOf\":{\"@id\":\"https:\\\/\\\/mikrotech.sk\\\/sk\\\/#website\"},\"datePublished\":\"2022-10-26T12:32:27+00:00\",\"dateModified\":\"2024-06-27T07:14:27+00:00\",\"breadcrumb\":{\"@id\":\"https:\\\/\\\/mikrotech.sk\\\/sk\\\/kompetenz\\\/#breadcrumb\"},\"inLanguage\":\"sk-SK\",\"potentialAction\":[{\"@type\":\"ReadAction\",\"target\":[\"https:\\\/\\\/mikrotech.sk\\\/sk\\\/kompetenz\\\/\"]}]},{\"@type\":\"BreadcrumbList\",\"@id\":\"https:\\\/\\\/mikrotech.sk\\\/sk\\\/kompetenz\\\/#breadcrumb\",\"itemListElement\":[{\"@type\":\"ListItem\",\"position\":1,\"name\":\"Startseite\",\"item\":\"https:\\\/\\\/mikrotech.sk\\\/sk\\\/\"},{\"@type\":\"ListItem\",\"position\":2,\"name\":\"V\u00ddROBA\"}]},{\"@type\":\"WebSite\",\"@id\":\"https:\\\/\\\/mikrotech.sk\\\/sk\\\/#website\",\"url\":\"https:\\\/\\\/mikrotech.sk\\\/sk\\\/\",\"name\":\"Mikrotech s.r.o.\",\"description\":\"s\u00fastru\u017een\u00e9 diely, fr\u00e9zovan\u00e9 diely, br\u00fasen\u00e9 diely\",\"potentialAction\":[{\"@type\":\"SearchAction\",\"target\":{\"@type\":\"EntryPoint\",\"urlTemplate\":\"https:\\\/\\\/mikrotech.sk\\\/sk\\\/?s={search_term_string}\"},\"query-input\":{\"@type\":\"PropertyValueSpecification\",\"valueRequired\":true,\"valueName\":\"search_term_string\"}}],\"inLanguage\":\"sk-SK\"}]}<\/script>\n<!-- \/ Yoast SEO plugin. -->","yoast_head_json":{"title":"V\u00ddROBA - Mikrotech s.r.o.","robots":{"index":"index","follow":"follow","max-snippet":"max-snippet:-1","max-image-preview":"max-image-preview:large","max-video-preview":"max-video-preview:-1"},"canonical":"https:\/\/mikrotech.sk\/sk\/kompetenz\/","og_locale":"sk_SK","og_type":"article","og_title":"V\u00ddROBA - Mikrotech s.r.o.","og_url":"https:\/\/mikrotech.sk\/sk\/kompetenz\/","og_site_name":"Mikrotech s.r.o.","article_modified_time":"2024-06-27T07:14:27+00:00","twitter_card":"summary_large_image","twitter_misc":{"Predpokladan\u00fd \u010das \u010d\u00edtania":"22 min\u00fat"},"schema":{"@context":"https:\/\/schema.org","@graph":[{"@type":"WebPage","@id":"https:\/\/mikrotech.sk\/sk\/kompetenz\/","url":"https:\/\/mikrotech.sk\/sk\/kompetenz\/","name":"V\u00ddROBA - Mikrotech s.r.o.","isPartOf":{"@id":"https:\/\/mikrotech.sk\/sk\/#website"},"datePublished":"2022-10-26T12:32:27+00:00","dateModified":"2024-06-27T07:14:27+00:00","breadcrumb":{"@id":"https:\/\/mikrotech.sk\/sk\/kompetenz\/#breadcrumb"},"inLanguage":"sk-SK","potentialAction":[{"@type":"ReadAction","target":["https:\/\/mikrotech.sk\/sk\/kompetenz\/"]}]},{"@type":"BreadcrumbList","@id":"https:\/\/mikrotech.sk\/sk\/kompetenz\/#breadcrumb","itemListElement":[{"@type":"ListItem","position":1,"name":"Startseite","item":"https:\/\/mikrotech.sk\/sk\/"},{"@type":"ListItem","position":2,"name":"V\u00ddROBA"}]},{"@type":"WebSite","@id":"https:\/\/mikrotech.sk\/sk\/#website","url":"https:\/\/mikrotech.sk\/sk\/","name":"Mikrotech s.r.o.","description":"s\u00fastru\u017een\u00e9 diely, fr\u00e9zovan\u00e9 diely, br\u00fasen\u00e9 diely","potentialAction":[{"@type":"SearchAction","target":{"@type":"EntryPoint","urlTemplate":"https:\/\/mikrotech.sk\/sk\/?s={search_term_string}"},"query-input":{"@type":"PropertyValueSpecification","valueRequired":true,"valueName":"search_term_string"}}],"inLanguage":"sk-SK"}]}},"_links":{"self":[{"href":"https:\/\/mikrotech.sk\/sk\/wp-json\/wp\/v2\/pages\/221","targetHints":{"allow":["GET"]}}],"collection":[{"href":"https:\/\/mikrotech.sk\/sk\/wp-json\/wp\/v2\/pages"}],"about":[{"href":"https:\/\/mikrotech.sk\/sk\/wp-json\/wp\/v2\/types\/page"}],"author":[{"embeddable":true,"href":"https:\/\/mikrotech.sk\/sk\/wp-json\/wp\/v2\/users\/2"}],"replies":[{"embeddable":true,"href":"https:\/\/mikrotech.sk\/sk\/wp-json\/wp\/v2\/comments?post=221"}],"version-history":[{"count":49,"href":"https:\/\/mikrotech.sk\/sk\/wp-json\/wp\/v2\/pages\/221\/revisions"}],"predecessor-version":[{"id":3315,"href":"https:\/\/mikrotech.sk\/sk\/wp-json\/wp\/v2\/pages\/221\/revisions\/3315"}],"wp:attachment":[{"href":"https:\/\/mikrotech.sk\/sk\/wp-json\/wp\/v2\/media?parent=221"}],"curies":[{"name":"wp","href":"https:\/\/api.w.org\/{rel}","templated":true}]}}