{"id":219,"date":"2022-10-26T11:53:25","date_gmt":"2022-10-26T11:53:25","guid":{"rendered":"http:\/\/neu.hacker-feinmechanik.de\/?page_id=219"},"modified":"2026-03-02T15:12:41","modified_gmt":"2026-03-02T14:12:41","slug":"download-2","status":"publish","type":"page","link":"https:\/\/mikrotech.sk\/sk\/download-2\/","title":{"rendered":"DOWNLOAD"},"content":{"rendered":"<div id='full_slider_1'  class='avia-fullwidth-slider main_color avia-shadow   avia-builder-el-0  el_before_av_one_half  avia-builder-el-first   container_wrap fullsize'  ><div  class='avia-slideshow av-z13uz-a4c65bcd8bb597a9d7db46968fb08d70 avia-slideshow-no scaling av_slideshow_full avia-slide-slider av-slideshow-ui av-control-default av-slideshow-manual av-loop-once av-loop-manual-endless av-default-height-applied   avia-slideshow-1' data-slideshow-options=\"{&quot;animation&quot;:&quot;slide&quot;,&quot;autoplay&quot;:false,&quot;loop_autoplay&quot;:&quot;once&quot;,&quot;interval&quot;:5,&quot;loop_manual&quot;:&quot;manual-endless&quot;,&quot;autoplay_stopper&quot;:false,&quot;noNavigation&quot;:false,&quot;bg_slider&quot;:false,&quot;keep_padding&quot;:false,&quot;hoverpause&quot;:false,&quot;show_slide_delay&quot;:0}\"  itemprop=\"image\" itemscope=\"itemscope\" itemtype=\"https:\/\/schema.org\/ImageObject\" ><ul class='avia-slideshow-inner ' style='padding-bottom: 21.09375%;'><li  class='avia-slideshow-slide av-z13uz-a4c65bcd8bb597a9d7db46968fb08d70__0  av-single-slide slide-1 slide-odd'><div data-rel='slideshow-1' class='avia-slide-wrap '   ><img decoding=\"async\" fetchpriority=\"high\" class=\"wp-image-3681 avia-img-lazy-loading-not-3681\"  src=\"https:\/\/mikrotech.sk\/wp-content\/uploads\/2023\/05\/fraesen-hacker-feinmechanik-detail-02-20-30-2-01-17-1.jpg\" width=\"1920\" height=\"405\" title='fraesen-hacker-feinmechanik-detail-02-20-30-2-01-17 (1)' alt=''  itemprop=\"thumbnailUrl\" srcset=\"https:\/\/mikrotech.sk\/wp-content\/uploads\/2023\/05\/fraesen-hacker-feinmechanik-detail-02-20-30-2-01-17-1.jpg 1920w, https:\/\/mikrotech.sk\/wp-content\/uploads\/2023\/05\/fraesen-hacker-feinmechanik-detail-02-20-30-2-01-17-1-300x63.jpg 300w, https:\/\/mikrotech.sk\/wp-content\/uploads\/2023\/05\/fraesen-hacker-feinmechanik-detail-02-20-30-2-01-17-1-1030x217.jpg 1030w, https:\/\/mikrotech.sk\/wp-content\/uploads\/2023\/05\/fraesen-hacker-feinmechanik-detail-02-20-30-2-01-17-1-768x162.jpg 768w, https:\/\/mikrotech.sk\/wp-content\/uploads\/2023\/05\/fraesen-hacker-feinmechanik-detail-02-20-30-2-01-17-1-1536x324.jpg 1536w, https:\/\/mikrotech.sk\/wp-content\/uploads\/2023\/05\/fraesen-hacker-feinmechanik-detail-02-20-30-2-01-17-1-1500x316.jpg 1500w, https:\/\/mikrotech.sk\/wp-content\/uploads\/2023\/05\/fraesen-hacker-feinmechanik-detail-02-20-30-2-01-17-1-705x149.jpg 705w\" sizes=\"(max-width: 1920px) 100vw, 1920px\" \/><\/div><\/li><\/ul><\/div><\/div><div id='after_full_slider_1'  class='main_color av_default_container_wrap container_wrap fullsize'  ><div class='container av-section-cont-open' ><div class='template-page content  av-content-full alpha units'><div class='post-entry post-entry-type-page post-entry-219'><div class='entry-content-wrapper clearfix'>\n<div  class='flex_column av-pz7lv-7f72da79d5b06f7b42baa6d8e8560470 av_one_half  avia-builder-el-1  el_after_av_slideshow_full  el_before_av_one_half  avia-builder-el-first  first flex_column_div  '     ><section  class='av_textblock_section av-l9pki20y-97152eeefe9b78d24f0b0864a439b6b8 '   itemscope=\"itemscope\" itemtype=\"https:\/\/schema.org\/CreativeWork\" ><div class='avia_textblock'  itemprop=\"text\" ><h2>DOWNLOAD<\/h2>\n<\/div><\/section><br \/>\n\n<style type=\"text\/css\" data-created_by=\"avia_inline_auto\" id=\"style-css-av-kv52b-d94027e140692e20b7ddc38aa8e99c58\">\n#top .hr.av-kv52b-d94027e140692e20b7ddc38aa8e99c58{\nmargin-top:10px;\nmargin-bottom:30px;\n}\n.hr.av-kv52b-d94027e140692e20b7ddc38aa8e99c58 .hr-inner{\nwidth:80px;\nborder-color:#00519e;\n}\n<\/style>\n<div  class='hr av-kv52b-d94027e140692e20b7ddc38aa8e99c58 hr-custom  avia-builder-el-3  el_after_av_textblock  avia-builder-el-last  hr-left hr-icon-no'><span class='hr-inner inner-border-av-border-fat'><span class=\"hr-inner-style\"><\/span><\/span><\/div><\/p><\/div>\n<div  class='flex_column av-dtd9f-9d3e6aec799b0457fda576a66a2f9c8d av_one_half  avia-builder-el-4  el_after_av_one_half  el_before_av_hr  flex_column_div  '     ><section  class='av_textblock_section av-l9pkhpmp-ca7401fb1db8dbb22f037949727e8f8e '   itemscope=\"itemscope\" itemtype=\"https:\/\/schema.org\/CreativeWork\" ><div class='avia_textblock'  itemprop=\"text\" ><h4><span style=\"color: #00519e;\"><strong>NA\u0160E INFORMA\u010cN\u00c9 MATERI\u00c1LY PRE V\u00c1S<\/strong><\/span><\/h4>\n<p>Radi by sme V\u00e1m poskytli pr\u00edle\u017eitos\u0165 informova\u0165 sa o na\u0161ej spolo\u010dnosti. Dokumenty PDF, ktor\u00e9 s\u00fa k dispoz\u00edcii na stiahnutie, V\u00e1m poskytn\u00fa r\u00fdchly preh\u013ead o zariadeniach, ktor\u00e9 pou\u017e\u00edvame. \u00a0Na prevzatie sta\u010d\u00ed klikn\u00fa\u0165 na pr\u00edslu\u0161n\u00fd element. Potom m\u00f4\u017eete ulo\u017ei\u0165 alebo vytla\u010di\u0165 s\u00fabor PDF.<\/p>\n<h5><span style=\"color: #00519e;\"><a style=\"color: #00519e;\" title=\"Kontaktformular\" href=\"https:\/\/mikrotech.sk\/index.php\/kontakt\/\">V pr\u00edpade z\u00e1ujmu, V\u00e1m radi za\u0161leme zoznam strojov!<\/a><\/span><\/h5>\n<\/div><\/section><\/div>\n\n<style type=\"text\/css\" data-created_by=\"avia_inline_auto\" id=\"style-css-av-31d8wr-b44041519bf89c1df17b0608eabd0666\">\n#top .hr.hr-invisible.av-31d8wr-b44041519bf89c1df17b0608eabd0666{\nheight:15px;\n}\n<\/style>\n<div  class='hr av-31d8wr-b44041519bf89c1df17b0608eabd0666 hr-invisible  avia-builder-el-6  el_after_av_one_half  el_before_av_hr '><span class='hr-inner '><span class=\"hr-inner-style\"><\/span><\/span><\/div>\n\n<style type=\"text\/css\" data-created_by=\"avia_inline_auto\" id=\"style-css-av-2tzd5f-e1285bdc2f0f26f7865437acb07b9411\">\n#top .hr.hr-invisible.av-2tzd5f-e1285bdc2f0f26f7865437acb07b9411{\nheight:15px;\n}\n<\/style>\n<div  class='hr av-2tzd5f-e1285bdc2f0f26f7865437acb07b9411 hr-invisible  avia-builder-el-7  el_after_av_hr  el_before_av_hr '><span class='hr-inner '><span class=\"hr-inner-style\"><\/span><\/span><\/div>\n\n<style type=\"text\/css\" data-created_by=\"avia_inline_auto\" id=\"style-css-av-2rlmqb-058de05c61ad5ca52814ff39be26da4f\">\n#top .hr.hr-invisible.av-2rlmqb-058de05c61ad5ca52814ff39be26da4f{\nheight:15px;\n}\n<\/style>\n<div  class='hr av-2rlmqb-058de05c61ad5ca52814ff39be26da4f hr-invisible  avia-builder-el-8  el_after_av_hr  el_before_av_hr '><span class='hr-inner '><span class=\"hr-inner-style\"><\/span><\/span><\/div>\n\n<style type=\"text\/css\" data-created_by=\"avia_inline_auto\" id=\"style-css-av-2icqxn-00fc47265726bf72229bb8baf905b9e1\">\n#top .hr.hr-invisible.av-2icqxn-00fc47265726bf72229bb8baf905b9e1{\nheight:15px;\n}\n<\/style>\n<div  class='hr av-2icqxn-00fc47265726bf72229bb8baf905b9e1 hr-invisible  avia-builder-el-9  el_after_av_hr  el_before_av_one_full '><span class='hr-inner '><span class=\"hr-inner-style\"><\/span><\/span><\/div>\n<div  id=\"zertifikate\"  class='flex_column av-23hrob-5ce0a4d779c9e67cc143f1ea1ecdab88 av_one_full  avia-builder-el-10  el_after_av_hr  el_before_av_one_fourth  first flex_column_div  '     ><section  class='av_textblock_section av-li45dfj3-c08802574bffce87a8b2881ec5114575 '   itemscope=\"itemscope\" itemtype=\"https:\/\/schema.org\/CreativeWork\" ><div class='avia_textblock'  itemprop=\"text\" ><h4><strong><span style=\"color: #00519e;\">CERTIFIK\u00c1TY:<\/span><\/strong><\/h4>\n<\/div><\/section><\/div>\n<div  class='flex_column av-14v39v-3902cd5022fb1f7ad4affa256aa009d3 av_one_fourth  avia-builder-el-12  el_after_av_one_full  el_before_av_one_full  first flex_column_div  column-top-margin'     ><p>\n<style type=\"text\/css\" data-created_by=\"avia_inline_auto\" id=\"style-css-av-zgy2r-64788aa2e396f02e35b6a6e06e383640\">\n.avia-image-container.av-zgy2r-64788aa2e396f02e35b6a6e06e383640 img.avia_image{\nbox-shadow:none;\n}\n.avia-image-container.av-zgy2r-64788aa2e396f02e35b6a6e06e383640 .av-image-caption-overlay-center{\ncolor:#ffffff;\n}\n<\/style>\n<div  class='avia-image-container av-zgy2r-64788aa2e396f02e35b6a6e06e383640 av-styling- av-img-linked avia-align-center  avia-builder-el-13  el_before_av_textblock  avia-builder-el-first '   itemprop=\"image\" itemscope=\"itemscope\" itemtype=\"https:\/\/schema.org\/ImageObject\" ><div class=\"avia-image-container-inner\"><div class=\"avia-image-overlay-wrap\"><a href=\"https:\/\/mikrotech.sk\/wp-content\/uploads\/2024\/04\/iso-certifikat-sk-05-10-39-23-03-23-2.pdf\" class='avia_image '  target=\"_blank\"  rel=\"noopener noreferrer\" ><img decoding=\"async\" fetchpriority=\"high\" class='wp-image- avia-img-lazy-loading-not- avia_image ' src=\"https:\/\/mikrotech.sk\/wp-content\/uploads\/2026\/03\/FQ01923_sj-32_podpisany-4.pdf\" alt='' title=''   itemprop=\"thumbnailUrl\"  \/><\/a><\/div><\/div><\/div><br \/>\n<section  class='av_textblock_section av-li45enus-9b50ea24c55dec916181c753041db5ed '   itemscope=\"itemscope\" itemtype=\"https:\/\/schema.org\/CreativeWork\" ><div class='avia_textblock'  itemprop=\"text\" ><p style=\"text-align: center;\"><strong><a href=\"https:\/\/mikrotech.sk\/wp-content\/uploads\/2023\/11\/Hacker-Feinmechanik-ISO9001_2015-TUEV-Zertifikat-gueltig-bis-Dez-2026_de.pdf\">Zertifikat ISO 9001:2015 &#8211; T\u00dcV S\u00fcd<\/a><\/strong><\/p>\n<\/div><\/section><\/p><\/div><div  id=\"bedingungen\"  class='flex_column av-btacr-92895f0e64d58a9c60ceb267f9305b5c av_one_full  avia-builder-el-15  el_after_av_one_fourth  el_before_av_hr  first flex_column_div  column-top-margin'     ><p>\n<style type=\"text\/css\" data-created_by=\"avia_inline_auto\" id=\"style-css-av-li46x8qu-1f7478e18a9d64842a07e13bcd158a18\">\n.iconbox.av-li46x8qu-1f7478e18a9d64842a07e13bcd158a18 .iconbox_icon{\ncolor:#b02b2c;\n}\n.iconbox.av-li46x8qu-1f7478e18a9d64842a07e13bcd158a18 .iconbox_icon.avia-svg-icon svg:first-child{\nfill:#b02b2c;\nstroke:#b02b2c;\n}\n<\/style>\n<article  class='iconbox iconbox_left av-li46x8qu-1f7478e18a9d64842a07e13bcd158a18  avia-builder-el-16  el_before_av_icon_box  avia-builder-el-first '  itemscope=\"itemscope\" itemtype=\"https:\/\/schema.org\/CreativeWork\" ><div class=\"iconbox_content\"><header class=\"entry-content-header\" aria-label=\"Icon: \"><div class='iconbox_icon heading-color avia-iconfont avia-font-entypo-fontello' data-av_icon='\ue82d' data-av_iconfont='entypo-fontello'  ><\/div><\/header><div class='iconbox_content_container '  itemprop=\"text\" ><p><strong><a href=\"https:\/\/mikrotech.sk\/wp-content\/uploads\/2024\/04\/protispolocenska-cinnost-oznamenie-02-40-18-1-06-18.pdf\" target=\"_blank\" rel=\"noopener\">PROTISPOLO\u010cENSK\u00c1 \u010cINNOS\u0164 &#8211; OZN\u00c1MENIE<\/a><\/strong><\/p>\n<\/div><\/div><footer class=\"entry-footer\"><\/footer><\/article><br \/>\n\n<style type=\"text\/css\" data-created_by=\"avia_inline_auto\" id=\"style-css-av-li46y8gl-c7610b59641f4fa8479e822cfd46d8e2\">\n.iconbox.av-li46y8gl-c7610b59641f4fa8479e822cfd46d8e2 .iconbox_icon{\ncolor:#b02b2c;\n}\n.iconbox.av-li46y8gl-c7610b59641f4fa8479e822cfd46d8e2 .iconbox_icon.avia-svg-icon svg:first-child{\nfill:#b02b2c;\nstroke:#b02b2c;\n}\n<\/style>\n<article  class='iconbox iconbox_left av-li46y8gl-c7610b59641f4fa8479e822cfd46d8e2  avia-builder-el-17  el_after_av_icon_box  el_before_av_icon_box '  itemscope=\"itemscope\" itemtype=\"https:\/\/schema.org\/CreativeWork\" ><div class=\"iconbox_content\"><header class=\"entry-content-header\" aria-label=\"Icon: \"><div class='iconbox_icon heading-color avia-iconfont avia-font-entypo-fontello' data-av_icon='\ue82d' data-av_iconfont='entypo-fontello'  ><\/div><\/header><div class='iconbox_content_container '  itemprop=\"text\" ><p><strong><a href=\"https:\/\/mikrotech.sk\/wp-content\/uploads\/2024\/04\/smernica-pc-02-45-10-1-06-18.pdf\" target=\"_blank\" rel=\"noopener\">SMERNICA PROTISPOLO\u010cENSKEJ \u010cINNOSTI<\/a><\/strong><\/p>\n<\/div><\/div><footer class=\"entry-footer\"><\/footer><\/article><br \/>\n\n<style type=\"text\/css\" data-created_by=\"avia_inline_auto\" id=\"style-css-av-li46ykrn-b722d72cc9428f91c79a1cfef25cb5b7\">\n.iconbox.av-li46ykrn-b722d72cc9428f91c79a1cfef25cb5b7 .iconbox_icon{\ncolor:#b02b2c;\n}\n.iconbox.av-li46ykrn-b722d72cc9428f91c79a1cfef25cb5b7 .iconbox_icon.avia-svg-icon svg:first-child{\nfill:#b02b2c;\nstroke:#b02b2c;\n}\n<\/style>\n<article  class='iconbox iconbox_left av-li46ykrn-b722d72cc9428f91c79a1cfef25cb5b7  avia-builder-el-18  el_after_av_icon_box  el_before_av_icon_box '  itemscope=\"itemscope\" itemtype=\"https:\/\/schema.org\/CreativeWork\" ><div class=\"iconbox_content\"><header class=\"entry-content-header\" aria-label=\"Icon: \"><div class='iconbox_icon heading-color avia-iconfont avia-font-entypo-fontello' data-av_icon='\ue82d' data-av_iconfont='entypo-fontello'  ><\/div><\/header><div class='iconbox_content_container '  itemprop=\"text\" ><p><strong><a href=\"https:\/\/mikrotech.sk\/wp-content\/uploads\/2024\/04\/informacia-pre-uchadzacov-o-zamestnanie-02-47-42-1-06-18.pdf\" target=\"_blank\" rel=\"noopener\">INFORM\u00c1CIA PRE UCH\u00c1DZA\u010cOV O ZAMESTNANIE<\/a><\/strong><\/p>\n<\/div><\/div><footer class=\"entry-footer\"><\/footer><\/article><br \/>\n\n<style type=\"text\/css\" data-created_by=\"avia_inline_auto\" id=\"style-css-av-mk546wyp-ec9e27195e6a9df50bdfc1b15a48a2fb\">\n.iconbox.av-mk546wyp-ec9e27195e6a9df50bdfc1b15a48a2fb .iconbox_icon{\ncolor:#b02b2c;\n}\n.iconbox.av-mk546wyp-ec9e27195e6a9df50bdfc1b15a48a2fb .iconbox_icon.avia-svg-icon svg:first-child{\nfill:#b02b2c;\nstroke:#b02b2c;\n}\n<\/style>\n<article  class='iconbox iconbox_left av-mk546wyp-ec9e27195e6a9df50bdfc1b15a48a2fb  avia-builder-el-19  el_after_av_icon_box  el_before_av_icon_box '  itemscope=\"itemscope\" itemtype=\"https:\/\/schema.org\/CreativeWork\" ><div class=\"iconbox_content\"><header class=\"entry-content-header\" aria-label=\"Icon: \"><div class='iconbox_icon heading-color avia-iconfont avia-font-entypo-fontello' data-av_icon='\ue82d' data-av_iconfont='entypo-fontello'  ><\/div><\/header><div class='iconbox_content_container '  itemprop=\"text\" ><p><strong><a href=\"https:\/\/mikrotech.sk\/wp-content\/uploads\/2026\/01\/ZIADOST_O_PRIJATIE_ZIAKA_DO_SDV.pdf\">\u017dIADOS\u0164_O_PRIJATIE_\u017dIAKA_DO_SDV<\/a><\/strong><\/p>\n<\/div><\/div><footer class=\"entry-footer\"><\/footer><\/article><br \/>\n\n<style type=\"text\/css\" data-created_by=\"avia_inline_auto\" id=\"style-css-av-7x077-b0da113cf713056c4d7eb289d3a1bb32\">\n.iconbox.av-7x077-b0da113cf713056c4d7eb289d3a1bb32 .iconbox_icon{\ncolor:#b02b2c;\n}\n.iconbox.av-7x077-b0da113cf713056c4d7eb289d3a1bb32 .iconbox_icon.avia-svg-icon svg:first-child{\nfill:#b02b2c;\nstroke:#b02b2c;\n}\n<\/style>\n<article  class='iconbox iconbox_left av-7x077-b0da113cf713056c4d7eb289d3a1bb32  avia-builder-el-20  el_after_av_icon_box  avia-builder-el-last '  itemscope=\"itemscope\" itemtype=\"https:\/\/schema.org\/CreativeWork\" ><div class=\"iconbox_content\"><header class=\"entry-content-header\" aria-label=\"Icon: \"><div class='iconbox_icon heading-color avia-iconfont avia-font-entypo-fontello' data-av_icon='\ue82d' data-av_iconfont='entypo-fontello'  ><\/div><\/header><div class='iconbox_content_container '  itemprop=\"text\" ><p><strong><a href=\"https:\/\/mikrotech.sk\/wp-content\/uploads\/2025\/01\/SK-Zoznamstrojov-10-2024-1.pdf\">SK-ZOZNAM STROJOV<\/a><\/strong><\/p>\n<\/div><\/div><footer class=\"entry-footer\"><\/footer><\/article><\/p><\/div><\/p>\n\n<style type=\"text\/css\" data-created_by=\"avia_inline_auto\" id=\"style-css-av-1t2li3-757a6aab71d2c186644ef27d8b7e1f8c\">\n#top .hr.hr-invisible.av-1t2li3-757a6aab71d2c186644ef27d8b7e1f8c{\nheight:15px;\n}\n<\/style>\n<div  class='hr av-1t2li3-757a6aab71d2c186644ef27d8b7e1f8c hr-invisible  avia-builder-el-21  el_after_av_one_full  el_before_av_hr '><span class='hr-inner '><span class=\"hr-inner-style\"><\/span><\/span><\/div>\n\n<style type=\"text\/css\" data-created_by=\"avia_inline_auto\" id=\"style-css-av-1khocz-0e51038f497e3f02b063d6362ba819c0\">\n#top .hr.hr-invisible.av-1khocz-0e51038f497e3f02b063d6362ba819c0{\nheight:15px;\n}\n<\/style>\n<div  class='hr av-1khocz-0e51038f497e3f02b063d6362ba819c0 hr-invisible  avia-builder-el-22  el_after_av_hr  el_before_av_hr '><span class='hr-inner '><span class=\"hr-inner-style\"><\/span><\/span><\/div>\n\n<style type=\"text\/css\" data-created_by=\"avia_inline_auto\" id=\"style-css-av-1g6r77-1621b6a50b611bc78bfd52a2bff2d0a9\">\n#top .hr.hr-invisible.av-1g6r77-1621b6a50b611bc78bfd52a2bff2d0a9{\nheight:15px;\n}\n<\/style>\n<div  class='hr av-1g6r77-1621b6a50b611bc78bfd52a2bff2d0a9 hr-invisible  avia-builder-el-23  el_after_av_hr  el_before_av_hr '><span class='hr-inner '><span class=\"hr-inner-style\"><\/span><\/span><\/div>\n\n<style type=\"text\/css\" data-created_by=\"avia_inline_auto\" id=\"style-css-av-1a3ca3-282ecc8a6f9c678a13c97b0b5fc968e4\">\n#top .hr.hr-invisible.av-1a3ca3-282ecc8a6f9c678a13c97b0b5fc968e4{\nheight:15px;\n}\n<\/style>\n<div  class='hr av-1a3ca3-282ecc8a6f9c678a13c97b0b5fc968e4 hr-invisible  avia-builder-el-24  el_after_av_hr  avia-builder-el-last '><span class='hr-inner '><span class=\"hr-inner-style\"><\/span><\/span><\/div>\n","protected":false},"excerpt":{"rendered":"","protected":false},"author":2,"featured_media":0,"parent":0,"menu_order":0,"comment_status":"closed","ping_status":"closed","template":"","meta":{"footnotes":""},"class_list":["post-219","page","type-page","status-publish","hentry"],"yoast_head":"<!-- This site is optimized with the Yoast SEO plugin v27.4 - https:\/\/yoast.com\/product\/yoast-seo-wordpress\/ -->\n<title>DOWNLOAD - Mikrotech s.r.o.<\/title>\n<meta name=\"robots\" content=\"index, follow, max-snippet:-1, max-image-preview:large, max-video-preview:-1\" \/>\n<link rel=\"canonical\" href=\"https:\/\/mikrotech.sk\/sk\/download-2\/\" \/>\n<meta property=\"og:locale\" content=\"sk_SK\" \/>\n<meta property=\"og:type\" content=\"article\" \/>\n<meta property=\"og:title\" content=\"DOWNLOAD - Mikrotech s.r.o.\" \/>\n<meta property=\"og:url\" content=\"https:\/\/mikrotech.sk\/sk\/download-2\/\" \/>\n<meta property=\"og:site_name\" content=\"Mikrotech s.r.o.\" \/>\n<meta property=\"article:modified_time\" content=\"2026-03-02T14:12:41+00:00\" \/>\n<meta name=\"twitter:card\" content=\"summary_large_image\" \/>\n<meta name=\"twitter:label1\" content=\"Predpokladan\u00fd \u010das \u010d\u00edtania\" \/>\n\t<meta name=\"twitter:data1\" content=\"1 min\u00fata\" \/>\n<script type=\"application\/ld+json\" class=\"yoast-schema-graph\">{\"@context\":\"https:\\\/\\\/schema.org\",\"@graph\":[{\"@type\":\"WebPage\",\"@id\":\"https:\\\/\\\/mikrotech.sk\\\/sk\\\/download-2\\\/\",\"url\":\"https:\\\/\\\/mikrotech.sk\\\/sk\\\/download-2\\\/\",\"name\":\"DOWNLOAD - Mikrotech s.r.o.\",\"isPartOf\":{\"@id\":\"https:\\\/\\\/mikrotech.sk\\\/sk\\\/#website\"},\"datePublished\":\"2022-10-26T11:53:25+00:00\",\"dateModified\":\"2026-03-02T14:12:41+00:00\",\"breadcrumb\":{\"@id\":\"https:\\\/\\\/mikrotech.sk\\\/sk\\\/download-2\\\/#breadcrumb\"},\"inLanguage\":\"sk-SK\",\"potentialAction\":[{\"@type\":\"ReadAction\",\"target\":[\"https:\\\/\\\/mikrotech.sk\\\/sk\\\/download-2\\\/\"]}]},{\"@type\":\"BreadcrumbList\",\"@id\":\"https:\\\/\\\/mikrotech.sk\\\/sk\\\/download-2\\\/#breadcrumb\",\"itemListElement\":[{\"@type\":\"ListItem\",\"position\":1,\"name\":\"Startseite\",\"item\":\"https:\\\/\\\/mikrotech.sk\\\/sk\\\/\"},{\"@type\":\"ListItem\",\"position\":2,\"name\":\"DOWNLOAD\"}]},{\"@type\":\"WebSite\",\"@id\":\"https:\\\/\\\/mikrotech.sk\\\/sk\\\/#website\",\"url\":\"https:\\\/\\\/mikrotech.sk\\\/sk\\\/\",\"name\":\"Mikrotech s.r.o.\",\"description\":\"s\u00fastru\u017een\u00e9 diely, fr\u00e9zovan\u00e9 diely, br\u00fasen\u00e9 diely\",\"potentialAction\":[{\"@type\":\"SearchAction\",\"target\":{\"@type\":\"EntryPoint\",\"urlTemplate\":\"https:\\\/\\\/mikrotech.sk\\\/sk\\\/?s={search_term_string}\"},\"query-input\":{\"@type\":\"PropertyValueSpecification\",\"valueRequired\":true,\"valueName\":\"search_term_string\"}}],\"inLanguage\":\"sk-SK\"}]}<\/script>\n<!-- \/ Yoast SEO plugin. -->","yoast_head_json":{"title":"DOWNLOAD - Mikrotech s.r.o.","robots":{"index":"index","follow":"follow","max-snippet":"max-snippet:-1","max-image-preview":"max-image-preview:large","max-video-preview":"max-video-preview:-1"},"canonical":"https:\/\/mikrotech.sk\/sk\/download-2\/","og_locale":"sk_SK","og_type":"article","og_title":"DOWNLOAD - Mikrotech s.r.o.","og_url":"https:\/\/mikrotech.sk\/sk\/download-2\/","og_site_name":"Mikrotech s.r.o.","article_modified_time":"2026-03-02T14:12:41+00:00","twitter_card":"summary_large_image","twitter_misc":{"Predpokladan\u00fd \u010das \u010d\u00edtania":"1 min\u00fata"},"schema":{"@context":"https:\/\/schema.org","@graph":[{"@type":"WebPage","@id":"https:\/\/mikrotech.sk\/sk\/download-2\/","url":"https:\/\/mikrotech.sk\/sk\/download-2\/","name":"DOWNLOAD - Mikrotech s.r.o.","isPartOf":{"@id":"https:\/\/mikrotech.sk\/sk\/#website"},"datePublished":"2022-10-26T11:53:25+00:00","dateModified":"2026-03-02T14:12:41+00:00","breadcrumb":{"@id":"https:\/\/mikrotech.sk\/sk\/download-2\/#breadcrumb"},"inLanguage":"sk-SK","potentialAction":[{"@type":"ReadAction","target":["https:\/\/mikrotech.sk\/sk\/download-2\/"]}]},{"@type":"BreadcrumbList","@id":"https:\/\/mikrotech.sk\/sk\/download-2\/#breadcrumb","itemListElement":[{"@type":"ListItem","position":1,"name":"Startseite","item":"https:\/\/mikrotech.sk\/sk\/"},{"@type":"ListItem","position":2,"name":"DOWNLOAD"}]},{"@type":"WebSite","@id":"https:\/\/mikrotech.sk\/sk\/#website","url":"https:\/\/mikrotech.sk\/sk\/","name":"Mikrotech s.r.o.","description":"s\u00fastru\u017een\u00e9 diely, fr\u00e9zovan\u00e9 diely, br\u00fasen\u00e9 diely","potentialAction":[{"@type":"SearchAction","target":{"@type":"EntryPoint","urlTemplate":"https:\/\/mikrotech.sk\/sk\/?s={search_term_string}"},"query-input":{"@type":"PropertyValueSpecification","valueRequired":true,"valueName":"search_term_string"}}],"inLanguage":"sk-SK"}]}},"_links":{"self":[{"href":"https:\/\/mikrotech.sk\/sk\/wp-json\/wp\/v2\/pages\/219","targetHints":{"allow":["GET"]}}],"collection":[{"href":"https:\/\/mikrotech.sk\/sk\/wp-json\/wp\/v2\/pages"}],"about":[{"href":"https:\/\/mikrotech.sk\/sk\/wp-json\/wp\/v2\/types\/page"}],"author":[{"embeddable":true,"href":"https:\/\/mikrotech.sk\/sk\/wp-json\/wp\/v2\/users\/2"}],"replies":[{"embeddable":true,"href":"https:\/\/mikrotech.sk\/sk\/wp-json\/wp\/v2\/comments?post=219"}],"version-history":[{"count":99,"href":"https:\/\/mikrotech.sk\/sk\/wp-json\/wp\/v2\/pages\/219\/revisions"}],"predecessor-version":[{"id":5075,"href":"https:\/\/mikrotech.sk\/sk\/wp-json\/wp\/v2\/pages\/219\/revisions\/5075"}],"wp:attachment":[{"href":"https:\/\/mikrotech.sk\/sk\/wp-json\/wp\/v2\/media?parent=219"}],"curies":[{"name":"wp","href":"https:\/\/api.w.org\/{rel}","templated":true}]}}