{"id":1561,"date":"2023-09-11T06:48:19","date_gmt":"2023-09-11T06:48:19","guid":{"rendered":"http:\/\/neu.hacker-feinmechanik.de\/?page_id=1561"},"modified":"2025-06-17T14:07:33","modified_gmt":"2025-06-17T13:07:33","slug":"stellenangebote","status":"publish","type":"page","link":"https:\/\/mikrotech.sk\/sk\/stellenangebote\/","title":{"rendered":"VO\u013dN\u00c9 MIESTA"},"content":{"rendered":"<div id='full_slider_1'  class='avia-fullwidth-slider main_color avia-shadow   avia-builder-el-0  el_before_av_one_half  avia-builder-el-first   container_wrap fullsize'  ><div  class='avia-slideshow av-33p9l-859acd295d3f22dbf4e1b72eacff14f6 avia-slideshow-featured av_slideshow_full avia-slide-slider av-slideshow-ui av-control-default av-slideshow-manual av-loop-once av-loop-manual-endless av-default-height-applied   avia-slideshow-1' data-slideshow-options=\"{&quot;animation&quot;:&quot;slide&quot;,&quot;autoplay&quot;:false,&quot;loop_autoplay&quot;:&quot;once&quot;,&quot;interval&quot;:5,&quot;loop_manual&quot;:&quot;manual-endless&quot;,&quot;autoplay_stopper&quot;:false,&quot;noNavigation&quot;:false,&quot;bg_slider&quot;:false,&quot;keep_padding&quot;:false,&quot;hoverpause&quot;:false,&quot;show_slide_delay&quot;:0}\"  itemprop=\"image\" itemscope=\"itemscope\" itemtype=\"https:\/\/schema.org\/ImageObject\" ><ul class='avia-slideshow-inner ' style='padding-bottom: 28.666666666667%;'><li  class='avia-slideshow-slide av-33p9l-859acd295d3f22dbf4e1b72eacff14f6__0  av-single-slide slide-1 slide-odd'><div data-rel='slideshow-1' class='avia-slide-wrap '   ><img decoding=\"async\" fetchpriority=\"high\" class=\"wp-image-2998 avia-img-lazy-loading-not-2998\"  src=\"https:\/\/mikrotech.sk\/wp-content\/uploads\/2024\/06\/dreamstime-m-34158918-02-01-31-4-06-18-1500x430.jpg\" width=\"1500\" height=\"430\" title='dreamstime-m-34158918-02-01-31-4-06-18' alt=''  itemprop=\"thumbnailUrl\"   \/><\/div><\/li><\/ul><\/div><\/div><div id='after_full_slider_1'  class='main_color av_default_container_wrap container_wrap fullsize'  ><div class='container av-section-cont-open' ><div class='template-page content  av-content-full alpha units'><div class='post-entry post-entry-type-page post-entry-1561'><div class='entry-content-wrapper clearfix'>\n<div  class='flex_column av-bw6zh5-7f5fc129a99a3b9b07261d33449b5ae0 av_one_half  avia-builder-el-1  el_after_av_slideshow_full  el_before_av_three_fifth  avia-builder-el-first  first flex_column_div  '     ><section  class='av_textblock_section av-lmeivnks-11a9dfff4743f9fad05fcc236599d747 '   itemscope=\"itemscope\" itemtype=\"https:\/\/schema.org\/CreativeWork\" ><div class='avia_textblock'  itemprop=\"text\" ><h1>VO\u013dN\u00c9 MIESTA<\/h1>\n<\/div><\/section><br \/>\n\n<style type=\"text\/css\" data-created_by=\"avia_inline_auto\" id=\"style-css-av-b416k9-cbbe658892a81b6d486a0e0204278f78\">\n#top .hr.av-b416k9-cbbe658892a81b6d486a0e0204278f78{\nmargin-top:10px;\nmargin-bottom:30px;\n}\n.hr.av-b416k9-cbbe658892a81b6d486a0e0204278f78 .hr-inner{\nwidth:80px;\nborder-color:#00519e;\n}\n<\/style>\n<div  class='hr av-b416k9-cbbe658892a81b6d486a0e0204278f78 hr-custom  avia-builder-el-3  el_after_av_textblock  avia-builder-el-last  hr-left hr-icon-no'><span class='hr-inner inner-border-av-border-fat'><span class=\"hr-inner-style\"><\/span><\/span><\/div><\/p><\/div>\n<div  class='flex_column av-37uk3d-b802d27c8aca9c3fd929b90ff7f5f96d av_three_fifth  avia-builder-el-4  el_after_av_one_half  el_before_av_two_fifth  first flex_column_div  column-top-margin'     ><section  class='av_textblock_section av-lxd2xrhj-e3e4a038876f258531e989465782d39b '   itemscope=\"itemscope\" itemtype=\"https:\/\/schema.org\/CreativeWork\" ><div class='avia_textblock'  itemprop=\"text\" ><h3><strong><span style=\"color: #00519e;\">H\u013dAD\u00c1ME SPOLUPRACOVN\u00cdKOV, KTOR\u00cd POSILNIA N\u00c1\u0160 T\u00cdM PRI RIE\u0160EN\u00cd N\u00c1RO\u010cN\u00ddCH \u00daLOH<br \/>\n<\/span><\/strong><\/h3>\n<\/div><\/section><br \/>\n<div  class='hr av-2rfunt-551c4471e3dd6a2bd2b5fca546987d3b hr-default  avia-builder-el-6  el_after_av_textblock  el_before_av_image '><span class='hr-inner '><span class=\"hr-inner-style\"><\/span><\/span><\/div><br \/>\n\n<style type=\"text\/css\" data-created_by=\"avia_inline_auto\" id=\"style-css-av-lxd2li7k-90fecf9aa12c5dac7ba80d0949f6affb\">\n.avia-image-container.av-lxd2li7k-90fecf9aa12c5dac7ba80d0949f6affb img.avia_image{\nbox-shadow:none;\n}\n.avia-image-container.av-lxd2li7k-90fecf9aa12c5dac7ba80d0949f6affb .av-image-caption-overlay-center{\ncolor:#ffffff;\n}\n<\/style>\n<div  class='avia-image-container av-lxd2li7k-90fecf9aa12c5dac7ba80d0949f6affb av-styling- avia-align-center  avia-builder-el-7  el_after_av_hr  avia-builder-el-last '   itemprop=\"image\" itemscope=\"itemscope\" itemtype=\"https:\/\/schema.org\/ImageObject\" ><div class=\"avia-image-container-inner\"><div class=\"avia-image-overlay-wrap\"><img decoding=\"async\" fetchpriority=\"high\" class='wp-image-3000 avia-img-lazy-loading-not-3000 avia_image ' src=\"https:\/\/mikrotech.sk\/wp-content\/uploads\/2024\/06\/bo-engineering-free-09-08-49-17-05-18.jpg\" alt='' title='bo-engineering-free-09-08-49-17-05-18'  height=\"428\" width=\"800\"  itemprop=\"thumbnailUrl\" srcset=\"https:\/\/mikrotech.sk\/wp-content\/uploads\/2024\/06\/bo-engineering-free-09-08-49-17-05-18.jpg 800w, https:\/\/mikrotech.sk\/wp-content\/uploads\/2024\/06\/bo-engineering-free-09-08-49-17-05-18-300x161.jpg 300w, https:\/\/mikrotech.sk\/wp-content\/uploads\/2024\/06\/bo-engineering-free-09-08-49-17-05-18-768x411.jpg 768w, https:\/\/mikrotech.sk\/wp-content\/uploads\/2024\/06\/bo-engineering-free-09-08-49-17-05-18-705x377.jpg 705w\" sizes=\"(max-width: 800px) 100vw, 800px\" \/><\/div><\/div><\/div><\/p><\/div>\n<div  class='flex_column av-72nzi1-2708d664a85f4fb5f92f7b3de3dfb3d0 av_two_fifth  avia-builder-el-8  el_after_av_three_fifth  el_before_av_section  avia-builder-el-last  flex_column_div  column-top-margin'     ><section  class='av_textblock_section av-lxd27yh2-e17be8b3f0c61fcde2498b7fc308bc7e '   itemscope=\"itemscope\" itemtype=\"https:\/\/schema.org\/CreativeWork\" ><div class='avia_textblock'  itemprop=\"text\" ><h3><strong>V bud\u00facnosti n\u00e1s \u010dakaj\u00fa n\u00e1ro\u010dn\u00e9 v\u00fdzvy, a preto h\u013ead\u00e1me spolupracovn\u00edkov, ktor\u00ed posilnia n\u00e1\u0161 t\u00edm.<\/strong><\/h3>\n<h3><strong><span style=\"color: #00519e;\">PONUKA PR\u00c1CE<\/span><\/strong><\/h3>\n<p>Opracov\u00e1vanie obrobkov v mal\u00fdch a stredn\u00fdch s\u00e9ri\u00e1ch v 3 zmennej prev\u00e1dzke. N\u00e1pl\u0148 pr\u00e1ce zah\u0155\u0148a zoradenie, nastavenie a obsluha CNC strojov vr\u00e1tane priebe\u017enej kontroly vyroben\u00fdch dielov.<\/p>\n<h3><strong><span style=\"color: #00519e;\">V\u00e1\u0161 profil<\/span><\/strong><\/h3>\n<p>\u00daspe\u0161ne ste obsolvovali odborn\u00e9 \u0161t\u00fadium v odbore obr\u00e1bania kovov alebo m\u00e1te sk\u00fasenosti s pr\u00e1cou na CNC s\u00fastruhoch alebo CNC fr\u00e9zovac\u00edch strojoch.<\/p>\n<h3><strong><span style=\"color: #00519e;\">M\u00e1te z\u00e1ujem?<\/span><\/strong><\/h3>\n<p>Za\u0161lite n\u00e1m svoju \u017eiados\u0165 alebo \u017eivotopis na e-mail:<br \/>\nf.lisanik@mikrotech.sk<\/p>\n<p>MIKROTECH, s.r.o.<br \/>\nFranti\u0161ek Li\u0161an\u00edk<br \/>\nPova\u017esk\u00e9 stroj\u00e1rne, objekt 25<br \/>\n017 01 Pova\u017esk\u00e1 Bystrica<\/p>\n<\/div><\/section><\/div><\/div><\/div><\/div><!-- close content main div --><\/div><\/div>\n<style type=\"text\/css\" data-created_by=\"avia_inline_auto\" id=\"style-css-av-lxeftz3e-f3142beb92936da3afdda88b58777ee7\">\n.avia-section.av-lxeftz3e-f3142beb92936da3afdda88b58777ee7{\nbackground-color:#00519e;\nbackground-image:unset;\n}\n<\/style>\n<div id='av_section_1'  class='avia-section av-lxeftz3e-f3142beb92936da3afdda88b58777ee7 main_color avia-section-default avia-no-shadow  avia-builder-el-10  el_after_av_two_fifth  avia-builder-el-last  avia-bg-style-scroll av-minimum-height av-minimum-height-custom av-height-custom  container_wrap fullsize'   data-av_minimum_height_px='60'><div class='container av-section-cont-open' style='height:60px'><div class='template-page content  av-content-full alpha units'><div class='post-entry post-entry-type-page post-entry-1561'><div class='entry-content-wrapper clearfix'>\n<div  class='flex_column av-3wvmd5-9198198896333c27c01c3bea414c033a av_one_half  avia-builder-el-11  el_before_av_one_half  avia-builder-el-first  first flex_column_div  '     ><section  class='av_textblock_section av-lxeg5yti-5459568602ae2814bfb90f5be1ce9d03 '   itemscope=\"itemscope\" itemtype=\"https:\/\/schema.org\/CreativeWork\" ><div class='avia_textblock'  itemprop=\"text\" ><h2>\n<div style=\"text-align: left;\"><span style=\"color: #ffffff;\">KONTAKTN\u00c1 OSOBA:<\/span><\/div>\n<h2\/>\n<\/div><\/section><br \/>\n<div  class='hr av-4c1qux-1ca414e53508a0dad004c8e4e7139cbf hr-default  avia-builder-el-13  el_after_av_textblock  avia-builder-el-last '><span class='hr-inner '><span class=\"hr-inner-style\"><\/span><\/span><\/div><\/p><\/div><div  class='flex_column av-3a5px5-d90c8a80835d50ce0a0c10ba40800815 av_one_half  avia-builder-el-14  el_after_av_one_half  avia-builder-el-last  flex_column_div  '     ><section  class='av_textblock_section av-lxeg7bp6-7717f7e3b2be74b4274b82b3ddcd82ca '   itemscope=\"itemscope\" itemtype=\"https:\/\/schema.org\/CreativeWork\" ><div class='avia_textblock'  itemprop=\"text\" ><h2><span style=\"color: #ffffff;\"><strong>FRANTI\u0160EK LI\u0160AN\u00cdK<\/strong><\/span><\/h2>\n<\/div><\/section><br \/>\n<div  class='hr av-2xc99l-f90df0f5c4ed7d2dd971d6516f598938 hr-default  avia-builder-el-16  el_after_av_textblock  el_before_av_icon_box '><span class='hr-inner '><span class=\"hr-inner-style\"><\/span><\/span><\/div><br \/>\n\n<style type=\"text\/css\" data-created_by=\"avia_inline_auto\" id=\"style-css-av-lxefynpw-c3af4e240fc1183649f02003923abe0b\">\n.iconbox.av-lxefynpw-c3af4e240fc1183649f02003923abe0b .iconbox_icon{\nborder:1px solid #ffffff;\ncolor:#ffffff;\n}\n.iconbox.av-lxefynpw-c3af4e240fc1183649f02003923abe0b .iconbox_icon.avia-svg-icon svg:first-child{\nfill:#ffffff;\nstroke:#ffffff;\n}\n<\/style>\n<article  class='iconbox iconbox_left av-lxefynpw-c3af4e240fc1183649f02003923abe0b  avia-builder-el-17  el_after_av_hr  el_before_av_icon_box '  itemscope=\"itemscope\" itemtype=\"https:\/\/schema.org\/CreativeWork\" ><div class=\"iconbox_content\"><header class=\"entry-content-header\" aria-label=\"Icon: \"><div class='iconbox_icon heading-color avia-iconfont avia-font-entypo-fontello' data-av_icon='\ue854' data-av_iconfont='entypo-fontello'  ><\/div><\/header><div class='iconbox_content_container '  itemprop=\"text\" ><h3><span style=\"color: #ffffff;\"><strong>\u00a0  +421 42 4305 012<\/strong><\/span><\/h3>\n<\/div><\/div><footer class=\"entry-footer\"><\/footer><\/article><br \/>\n\n<style type=\"text\/css\" data-created_by=\"avia_inline_auto\" id=\"style-css-av-lxeg3lcl-9ac58bbec0061c29475647730c97b81c\">\n.iconbox.av-lxeg3lcl-9ac58bbec0061c29475647730c97b81c .iconbox_icon{\ncolor:#ffffff;\n}\n.iconbox.av-lxeg3lcl-9ac58bbec0061c29475647730c97b81c .iconbox_icon.avia-svg-icon svg:first-child{\nfill:#ffffff;\nstroke:#ffffff;\n}\n<\/style>\n<article  class='iconbox iconbox_left av-lxeg3lcl-9ac58bbec0061c29475647730c97b81c  avia-builder-el-18  el_after_av_icon_box  avia-builder-el-last '  itemscope=\"itemscope\" itemtype=\"https:\/\/schema.org\/CreativeWork\" ><div class=\"iconbox_content\"><header class=\"entry-content-header\" aria-label=\"Icon: \"><div class='iconbox_icon heading-color avia-iconfont avia-font-entypo-fontello' data-av_icon='\ue805' data-av_iconfont='entypo-fontello'  ><\/div><\/header><div class='iconbox_content_container '  itemprop=\"text\" ><h3><span style=\"color: #ffffff;\"><strong><a style=\"color: #ffffff;\" href=\"mailto:F.LISANIK@MIKROTECH.SK\">\u00a0F.LISANIK@MIKROTECH.SK<\/a><\/strong><\/span><\/h3>\n<\/div><\/div><footer class=\"entry-footer\"><\/footer><\/article><\/p><\/div>\n<\/p>\n","protected":false},"excerpt":{"rendered":"","protected":false},"author":2,"featured_media":0,"parent":0,"menu_order":0,"comment_status":"closed","ping_status":"closed","template":"","meta":{"footnotes":""},"class_list":["post-1561","page","type-page","status-publish","hentry"],"yoast_head":"<!-- This site is optimized with the Yoast SEO plugin v27.4 - https:\/\/yoast.com\/product\/yoast-seo-wordpress\/ -->\n<title>VO\u013dN\u00c9 MIESTA - Mikrotech s.r.o.<\/title>\n<meta name=\"robots\" content=\"index, follow, max-snippet:-1, max-image-preview:large, max-video-preview:-1\" \/>\n<link rel=\"canonical\" href=\"https:\/\/mikrotech.sk\/sk\/stellenangebote\/\" \/>\n<meta property=\"og:locale\" content=\"sk_SK\" \/>\n<meta property=\"og:type\" content=\"article\" \/>\n<meta property=\"og:title\" content=\"VO\u013dN\u00c9 MIESTA - Mikrotech s.r.o.\" \/>\n<meta property=\"og:url\" content=\"https:\/\/mikrotech.sk\/sk\/stellenangebote\/\" \/>\n<meta property=\"og:site_name\" content=\"Mikrotech s.r.o.\" \/>\n<meta property=\"article:modified_time\" content=\"2025-06-17T13:07:33+00:00\" \/>\n<meta name=\"twitter:card\" content=\"summary_large_image\" \/>\n<meta name=\"twitter:label1\" content=\"Predpokladan\u00fd \u010das \u010d\u00edtania\" \/>\n\t<meta name=\"twitter:data1\" content=\"1 min\u00fata\" \/>\n<script type=\"application\/ld+json\" class=\"yoast-schema-graph\">{\"@context\":\"https:\\\/\\\/schema.org\",\"@graph\":[{\"@type\":\"WebPage\",\"@id\":\"https:\\\/\\\/mikrotech.sk\\\/sk\\\/stellenangebote\\\/\",\"url\":\"https:\\\/\\\/mikrotech.sk\\\/sk\\\/stellenangebote\\\/\",\"name\":\"VO\u013dN\u00c9 MIESTA - Mikrotech s.r.o.\",\"isPartOf\":{\"@id\":\"https:\\\/\\\/mikrotech.sk\\\/sk\\\/#website\"},\"datePublished\":\"2023-09-11T06:48:19+00:00\",\"dateModified\":\"2025-06-17T13:07:33+00:00\",\"breadcrumb\":{\"@id\":\"https:\\\/\\\/mikrotech.sk\\\/sk\\\/stellenangebote\\\/#breadcrumb\"},\"inLanguage\":\"sk-SK\",\"potentialAction\":[{\"@type\":\"ReadAction\",\"target\":[\"https:\\\/\\\/mikrotech.sk\\\/sk\\\/stellenangebote\\\/\"]}]},{\"@type\":\"BreadcrumbList\",\"@id\":\"https:\\\/\\\/mikrotech.sk\\\/sk\\\/stellenangebote\\\/#breadcrumb\",\"itemListElement\":[{\"@type\":\"ListItem\",\"position\":1,\"name\":\"Startseite\",\"item\":\"https:\\\/\\\/mikrotech.sk\\\/sk\\\/\"},{\"@type\":\"ListItem\",\"position\":2,\"name\":\"VO\u013dN\u00c9 MIESTA\"}]},{\"@type\":\"WebSite\",\"@id\":\"https:\\\/\\\/mikrotech.sk\\\/sk\\\/#website\",\"url\":\"https:\\\/\\\/mikrotech.sk\\\/sk\\\/\",\"name\":\"Mikrotech s.r.o.\",\"description\":\"s\u00fastru\u017een\u00e9 diely, fr\u00e9zovan\u00e9 diely, br\u00fasen\u00e9 diely\",\"potentialAction\":[{\"@type\":\"SearchAction\",\"target\":{\"@type\":\"EntryPoint\",\"urlTemplate\":\"https:\\\/\\\/mikrotech.sk\\\/sk\\\/?s={search_term_string}\"},\"query-input\":{\"@type\":\"PropertyValueSpecification\",\"valueRequired\":true,\"valueName\":\"search_term_string\"}}],\"inLanguage\":\"sk-SK\"}]}<\/script>\n<!-- \/ Yoast SEO plugin. -->","yoast_head_json":{"title":"VO\u013dN\u00c9 MIESTA - Mikrotech s.r.o.","robots":{"index":"index","follow":"follow","max-snippet":"max-snippet:-1","max-image-preview":"max-image-preview:large","max-video-preview":"max-video-preview:-1"},"canonical":"https:\/\/mikrotech.sk\/sk\/stellenangebote\/","og_locale":"sk_SK","og_type":"article","og_title":"VO\u013dN\u00c9 MIESTA - Mikrotech s.r.o.","og_url":"https:\/\/mikrotech.sk\/sk\/stellenangebote\/","og_site_name":"Mikrotech s.r.o.","article_modified_time":"2025-06-17T13:07:33+00:00","twitter_card":"summary_large_image","twitter_misc":{"Predpokladan\u00fd \u010das \u010d\u00edtania":"1 min\u00fata"},"schema":{"@context":"https:\/\/schema.org","@graph":[{"@type":"WebPage","@id":"https:\/\/mikrotech.sk\/sk\/stellenangebote\/","url":"https:\/\/mikrotech.sk\/sk\/stellenangebote\/","name":"VO\u013dN\u00c9 MIESTA - Mikrotech s.r.o.","isPartOf":{"@id":"https:\/\/mikrotech.sk\/sk\/#website"},"datePublished":"2023-09-11T06:48:19+00:00","dateModified":"2025-06-17T13:07:33+00:00","breadcrumb":{"@id":"https:\/\/mikrotech.sk\/sk\/stellenangebote\/#breadcrumb"},"inLanguage":"sk-SK","potentialAction":[{"@type":"ReadAction","target":["https:\/\/mikrotech.sk\/sk\/stellenangebote\/"]}]},{"@type":"BreadcrumbList","@id":"https:\/\/mikrotech.sk\/sk\/stellenangebote\/#breadcrumb","itemListElement":[{"@type":"ListItem","position":1,"name":"Startseite","item":"https:\/\/mikrotech.sk\/sk\/"},{"@type":"ListItem","position":2,"name":"VO\u013dN\u00c9 MIESTA"}]},{"@type":"WebSite","@id":"https:\/\/mikrotech.sk\/sk\/#website","url":"https:\/\/mikrotech.sk\/sk\/","name":"Mikrotech s.r.o.","description":"s\u00fastru\u017een\u00e9 diely, fr\u00e9zovan\u00e9 diely, br\u00fasen\u00e9 diely","potentialAction":[{"@type":"SearchAction","target":{"@type":"EntryPoint","urlTemplate":"https:\/\/mikrotech.sk\/sk\/?s={search_term_string}"},"query-input":{"@type":"PropertyValueSpecification","valueRequired":true,"valueName":"search_term_string"}}],"inLanguage":"sk-SK"}]}},"_links":{"self":[{"href":"https:\/\/mikrotech.sk\/sk\/wp-json\/wp\/v2\/pages\/1561","targetHints":{"allow":["GET"]}}],"collection":[{"href":"https:\/\/mikrotech.sk\/sk\/wp-json\/wp\/v2\/pages"}],"about":[{"href":"https:\/\/mikrotech.sk\/sk\/wp-json\/wp\/v2\/types\/page"}],"author":[{"embeddable":true,"href":"https:\/\/mikrotech.sk\/sk\/wp-json\/wp\/v2\/users\/2"}],"replies":[{"embeddable":true,"href":"https:\/\/mikrotech.sk\/sk\/wp-json\/wp\/v2\/comments?post=1561"}],"version-history":[{"count":36,"href":"https:\/\/mikrotech.sk\/sk\/wp-json\/wp\/v2\/pages\/1561\/revisions"}],"predecessor-version":[{"id":4787,"href":"https:\/\/mikrotech.sk\/sk\/wp-json\/wp\/v2\/pages\/1561\/revisions\/4787"}],"wp:attachment":[{"href":"https:\/\/mikrotech.sk\/sk\/wp-json\/wp\/v2\/media?parent=1561"}],"curies":[{"name":"wp","href":"https:\/\/api.w.org\/{rel}","templated":true}]}}