{"id":1417,"date":"2023-07-19T06:39:39","date_gmt":"2023-07-19T06:39:39","guid":{"rendered":"http:\/\/neu.hacker-feinmechanik.de\/?page_id=1417"},"modified":"2025-06-17T14:01:19","modified_gmt":"2025-06-17T13:01:19","slug":"impressum","status":"publish","type":"page","link":"https:\/\/mikrotech.sk\/sk\/impressum\/","title":{"rendered":"Impresum"},"content":{"rendered":"<div id='full_slider_1'  class='avia-fullwidth-slider main_color avia-shadow   avia-builder-el-0  el_before_av_one_half  avia-builder-el-first   container_wrap fullsize'  ><div  class='avia-slideshow av-lk9c8q6p-3b208757ae4d0a9f4a0de1565d3527f5 avia-slideshow-no scaling av_slideshow_full avia-slide-slider av-slideshow-ui av-control-default av-slideshow-manual av-loop-once av-loop-manual-endless av-default-height-applied   avia-slideshow-1' data-slideshow-options=\"{&quot;animation&quot;:&quot;slide&quot;,&quot;autoplay&quot;:false,&quot;loop_autoplay&quot;:&quot;once&quot;,&quot;interval&quot;:5,&quot;loop_manual&quot;:&quot;manual-endless&quot;,&quot;autoplay_stopper&quot;:false,&quot;noNavigation&quot;:false,&quot;bg_slider&quot;:false,&quot;keep_padding&quot;:false,&quot;hoverpause&quot;:false,&quot;show_slide_delay&quot;:0}\"  itemprop=\"image\" itemscope=\"itemscope\" itemtype=\"https:\/\/schema.org\/ImageObject\" ><ul class='avia-slideshow-inner ' style='padding-bottom: 21.09375%;'><li  class='avia-slideshow-slide av-lk9c8q6p-3b208757ae4d0a9f4a0de1565d3527f5__0  av-single-slide slide-1 slide-odd'><div data-rel='slideshow-1' class='avia-slide-wrap '   ><img decoding=\"async\" fetchpriority=\"high\" class=\"wp-image-3702 avia-img-lazy-loading-not-3702\"  src=\"https:\/\/mikrotech.sk\/wp-content\/uploads\/2023\/07\/langdrehen-hacker-feinmechanik-02-24-32-29-03-17.jpg\" width=\"1920\" height=\"405\" title='langdrehen-hacker-feinmechanik-02-24-32-29-03-17' alt=''  itemprop=\"thumbnailUrl\" srcset=\"https:\/\/mikrotech.sk\/wp-content\/uploads\/2023\/07\/langdrehen-hacker-feinmechanik-02-24-32-29-03-17.jpg 1920w, https:\/\/mikrotech.sk\/wp-content\/uploads\/2023\/07\/langdrehen-hacker-feinmechanik-02-24-32-29-03-17-300x63.jpg 300w, https:\/\/mikrotech.sk\/wp-content\/uploads\/2023\/07\/langdrehen-hacker-feinmechanik-02-24-32-29-03-17-1030x217.jpg 1030w, https:\/\/mikrotech.sk\/wp-content\/uploads\/2023\/07\/langdrehen-hacker-feinmechanik-02-24-32-29-03-17-768x162.jpg 768w, https:\/\/mikrotech.sk\/wp-content\/uploads\/2023\/07\/langdrehen-hacker-feinmechanik-02-24-32-29-03-17-1536x324.jpg 1536w, https:\/\/mikrotech.sk\/wp-content\/uploads\/2023\/07\/langdrehen-hacker-feinmechanik-02-24-32-29-03-17-1500x316.jpg 1500w, https:\/\/mikrotech.sk\/wp-content\/uploads\/2023\/07\/langdrehen-hacker-feinmechanik-02-24-32-29-03-17-705x149.jpg 705w\" sizes=\"(max-width: 1920px) 100vw, 1920px\" \/><\/div><\/li><\/ul><\/div><\/div><div id='after_full_slider_1'  class='main_color av_default_container_wrap container_wrap fullsize'  ><div class='container av-section-cont-open' ><div class='template-page content  av-content-full alpha units'><div class='post-entry post-entry-type-page post-entry-1417'><div class='entry-content-wrapper clearfix'>\n<div  class='flex_column av-4c5tcp-5a4f59bbe87291248802551ff2f71ba4 av_one_half  avia-builder-el-1  el_after_av_slideshow_full  el_before_av_one_half  avia-builder-el-first  first flex_column_div  '     ><section  class='av_textblock_section av-lk9ca11v-3c5447defe631ef0a645e967de964983 '   itemscope=\"itemscope\" itemtype=\"https:\/\/schema.org\/CreativeWork\" ><div class='avia_textblock'  itemprop=\"text\" ><h2>IMPRESUM<\/h2>\n<\/div><\/section><br \/>\n\n<style type=\"text\/css\" data-created_by=\"avia_inline_auto\" id=\"style-css-av-lk9cd233-b127a0a4d788c75b5539532fc65650c9\">\n#top .hr.av-lk9cd233-b127a0a4d788c75b5539532fc65650c9{\nmargin-top:10px;\nmargin-bottom:30px;\n}\n.hr.av-lk9cd233-b127a0a4d788c75b5539532fc65650c9 .hr-inner{\nwidth:80px;\nborder-color:#00519e;\n}\n<\/style>\n<div  class='hr av-lk9cd233-b127a0a4d788c75b5539532fc65650c9 hr-custom  avia-builder-el-3  el_after_av_textblock  el_before_av_textblock  hr-left hr-icon-no'><span class='hr-inner inner-border-av-border-fat'><span class=\"hr-inner-style\"><\/span><\/span><\/div><br \/>\n<section  class='av_textblock_section av-lk9cf1qx-957ac74b679b4ce7bb3100638064af57 '   itemscope=\"itemscope\" itemtype=\"https:\/\/schema.org\/CreativeWork\" ><div class='avia_textblock'  itemprop=\"text\" ><h3><strong><span style=\"color: #00519e;\">D\u00d4LE\u017dIT\u00c9 PR\u00c1VNE UPOZORNENIA<\/span><\/strong><\/h3>\n<p><strong>Po\u0161tov\u00e1 adresa:<\/strong><br \/>\nMIKROTECH, s.r.o.<br \/>\nPova\u017esk\u00e9 stroj\u00e1rne, objekt 25<br \/>\n01701 Pova\u017esk\u00e1 Bystrica, Slovensk\u00e1 republika<\/p>\n<p>Tel.: 00421 42 4305010<br \/>\nFax: 00421 42 4324230<\/p>\n<p>E-Mail: mikrotech@mikrotech.sk<br \/>\nWeb:\u00a0<a href=\"http:\/\/www.mikrotech.sk\/\">www.mikrotech.sk<\/a><\/p>\n<p><strong>S\u00eddlo spolo\u010dnosti:<\/strong>\u00a001701 Pova\u017esk\u00e1 Bystrica<br \/>\nSpolo\u010dnos\u0165 zap\u00edsan\u00e1 v OR OS Tren\u010d\u00edn odd. s.r.o. 2717\/R<br \/>\nI\u010c DPH: SK 2020439839, DUNS: 03-133-9137<br \/>\nKonate\u013e: Franti\u0161ek Li\u0161an\u00edk<\/p>\n<p><strong>Koncepcia, n\u00e1vrh a realiz\u00e1cia:<\/strong><br \/>\nRoland C. Ritter Kommunikationsdesign GbR, Hengersberg<br \/>\n<a href=\"http:\/\/www.agentur-ritter.de\/\">www.agentur-ritter.de<\/a><\/p>\n<p><strong>Soci\u00e1lne m\u00e9dia:<\/strong><br \/>\nFacebook profil MIKROTECH, s.r.o.<\/p>\n<p><strong>Fotomaterial:<\/strong><br \/>\nMIKROTECH, s.r.o., Hacker Feinmechanik GmbH, Fotolia.com, 123rf.com<\/p>\n<\/div><\/section><\/p><\/div><div  class='flex_column av-1wso1l-09b05306a462efaa9dcd0d5c4c844ce4 av_one_half  avia-builder-el-5  el_after_av_one_half  avia-builder-el-last  flex_column_div  '     ><section  class='av_textblock_section av-lk9crxz2-4d3f8875724451a0c64410834e3b6ea4 '   itemscope=\"itemscope\" itemtype=\"https:\/\/schema.org\/CreativeWork\" ><div class='avia_textblock'  itemprop=\"text\" ><h3><span style=\"color: #0e6ac0;\">Vyl\u00fa\u010denie z\u00e1ruky:<\/span><\/h3>\n<p>Aj ke\u010f sme starostlivo zostavili inform\u00e1cie zverejnen\u00e9 na tejto webovej str\u00e1nke, nem\u00f4\u017eeme akceptova\u0165 \u017eiadnu zodpovednos\u0165, pokia\u013e ide o jej aktu\u00e1lnos\u0165, spr\u00e1vnos\u0165, \u00faplnos\u0165 alebo kvalitu. Materi\u00e1l je poskytovan\u00fd iba na v\u0161eobecn\u00e9 informa\u010dn\u00e9 \u00fa\u010dely. Za \u0161kody sp\u00f4soben\u00e9 pou\u017eit\u00edm t\u00fdchto inform\u00e1ci\u00ed sa neprij\u00edma \u017eiadna zodpovednos\u0165, pokia\u013e neboli \u00famyselne spr\u00edstupnen\u00e9 nepravdiv\u00e9 inform\u00e1cie.<\/p>\n<p>V\u0161etky ponuky s\u00fa nez\u00e1v\u00e4zn\u00e9. \u010casti webovej str\u00e1nky alebo cel\u00e1 ponuka m\u00f4\u017eu by\u0165 zmenen\u00e9, doplnen\u00e9, odstr\u00e1nen\u00e9 a do\u010dasne alebo natrvalo ukon\u010den\u00e9 bez predch\u00e1dzaj\u00faceho upozornenia. Nie sme zodpovedn\u00ed za ak\u00fdko\u013evek obsah, ktor\u00fd je priamo alebo nepriamo odkazovan\u00fd touto str\u00e1nkou, pokia\u013e nem\u00e1me vedomos\u0165 o nez\u00e1konnom obsahu a je technicky mo\u017en\u00e9 a rozumn\u00e9, aby sme zabr\u00e1nili pou\u017e\u00edvaniu tak\u00e9hoto obsahu n\u00e1v\u0161tevn\u00edkmi tejto str\u00e1nky.<\/p>\n<p>Ak vznikn\u00fa ak\u00e9ko\u013evek \u0161kody pri pou\u017e\u00edvan\u00ed inform\u00e1ci\u00ed poskytovan\u00fdch na tak\u00fdchto miestach, autor zodpovedn\u00fdch str\u00e1nok m\u00f4\u017ee by\u0165 zodpovedn\u00fd, ale nie my, ktor\u00ed sme sa na \u0148u obmedzili.<\/p>\n<h3><span style=\"color: #0e6ac0;\">Copyright:<\/span><\/h3>\n<p>Obsah a fungovanie t\u00fdchto str\u00e1nok podliehaj\u00fa nemeck\u00e9mu autorsk\u00e9mu z\u00e1konu. Rozmno\u017eovanie, spracovanie, distrib\u00facia a ak\u00fdko\u013evek druh vyu\u017e\u00edvania mimo hran\u00edc autorsk\u00fdch pr\u00e1v si vy\u017eaduje p\u00edsomn\u00fd s\u00fahlas pr\u00edslu\u0161n\u00e9ho autora alebo autora. Stiahnutia a k\u00f3pie tejto str\u00e1nky s\u00fa ur\u010den\u00e9 len na nekomer\u010dn\u00e9 pou\u017eitie. Pokia\u013e obsah na tejto strane nebol vytvoren\u00fd spolo\u010dnos\u0165ou Hacker Feinmechanik GmbH, uva\u017euje sa o autorsk\u00fdch pr\u00e1vach tret\u00edch str\u00e1n. Najm\u00e4 obsah tretej strany je ozna\u010den\u00fd ako tak\u00fd. Ak by ste mali st\u00e1le vedie\u0165 o poru\u0161en\u00ed autorsk\u00fdch pr\u00e1v, po\u017eiadame o pozn\u00e1mku. Po upozornen\u00ed na poru\u0161enie bude tak\u00fdto obsah okam\u017eite odstr\u00e1nen\u00fd.<\/p>\n<\/div><\/section><\/div><\/p>\n","protected":false},"excerpt":{"rendered":"","protected":false},"author":2,"featured_media":0,"parent":0,"menu_order":0,"comment_status":"closed","ping_status":"closed","template":"","meta":{"footnotes":""},"class_list":["post-1417","page","type-page","status-publish","hentry"],"yoast_head":"<!-- This site is optimized with the Yoast SEO plugin v27.4 - https:\/\/yoast.com\/product\/yoast-seo-wordpress\/ -->\n<title>Impresum - Mikrotech s.r.o.<\/title>\n<meta name=\"robots\" content=\"index, follow, max-snippet:-1, max-image-preview:large, max-video-preview:-1\" \/>\n<link rel=\"canonical\" href=\"https:\/\/mikrotech.sk\/sk\/impressum\/\" \/>\n<meta property=\"og:locale\" content=\"sk_SK\" \/>\n<meta property=\"og:type\" content=\"article\" \/>\n<meta property=\"og:title\" content=\"Impresum - Mikrotech s.r.o.\" \/>\n<meta property=\"og:url\" content=\"https:\/\/mikrotech.sk\/sk\/impressum\/\" \/>\n<meta property=\"og:site_name\" content=\"Mikrotech s.r.o.\" \/>\n<meta property=\"article:modified_time\" content=\"2025-06-17T13:01:19+00:00\" \/>\n<meta name=\"twitter:card\" content=\"summary_large_image\" \/>\n<meta name=\"twitter:label1\" content=\"Predpokladan\u00fd \u010das \u010d\u00edtania\" \/>\n\t<meta name=\"twitter:data1\" content=\"2 min\u00faty\" \/>\n<script type=\"application\/ld+json\" class=\"yoast-schema-graph\">{\"@context\":\"https:\\\/\\\/schema.org\",\"@graph\":[{\"@type\":\"WebPage\",\"@id\":\"https:\\\/\\\/mikrotech.sk\\\/sk\\\/impressum\\\/\",\"url\":\"https:\\\/\\\/mikrotech.sk\\\/sk\\\/impressum\\\/\",\"name\":\"Impresum - Mikrotech s.r.o.\",\"isPartOf\":{\"@id\":\"https:\\\/\\\/mikrotech.sk\\\/sk\\\/#website\"},\"datePublished\":\"2023-07-19T06:39:39+00:00\",\"dateModified\":\"2025-06-17T13:01:19+00:00\",\"breadcrumb\":{\"@id\":\"https:\\\/\\\/mikrotech.sk\\\/sk\\\/impressum\\\/#breadcrumb\"},\"inLanguage\":\"sk-SK\",\"potentialAction\":[{\"@type\":\"ReadAction\",\"target\":[\"https:\\\/\\\/mikrotech.sk\\\/sk\\\/impressum\\\/\"]}]},{\"@type\":\"BreadcrumbList\",\"@id\":\"https:\\\/\\\/mikrotech.sk\\\/sk\\\/impressum\\\/#breadcrumb\",\"itemListElement\":[{\"@type\":\"ListItem\",\"position\":1,\"name\":\"Startseite\",\"item\":\"https:\\\/\\\/mikrotech.sk\\\/sk\\\/\"},{\"@type\":\"ListItem\",\"position\":2,\"name\":\"Impresum\"}]},{\"@type\":\"WebSite\",\"@id\":\"https:\\\/\\\/mikrotech.sk\\\/sk\\\/#website\",\"url\":\"https:\\\/\\\/mikrotech.sk\\\/sk\\\/\",\"name\":\"Mikrotech s.r.o.\",\"description\":\"s\u00fastru\u017een\u00e9 diely, fr\u00e9zovan\u00e9 diely, br\u00fasen\u00e9 diely\",\"potentialAction\":[{\"@type\":\"SearchAction\",\"target\":{\"@type\":\"EntryPoint\",\"urlTemplate\":\"https:\\\/\\\/mikrotech.sk\\\/sk\\\/?s={search_term_string}\"},\"query-input\":{\"@type\":\"PropertyValueSpecification\",\"valueRequired\":true,\"valueName\":\"search_term_string\"}}],\"inLanguage\":\"sk-SK\"}]}<\/script>\n<!-- \/ Yoast SEO plugin. -->","yoast_head_json":{"title":"Impresum - Mikrotech s.r.o.","robots":{"index":"index","follow":"follow","max-snippet":"max-snippet:-1","max-image-preview":"max-image-preview:large","max-video-preview":"max-video-preview:-1"},"canonical":"https:\/\/mikrotech.sk\/sk\/impressum\/","og_locale":"sk_SK","og_type":"article","og_title":"Impresum - Mikrotech s.r.o.","og_url":"https:\/\/mikrotech.sk\/sk\/impressum\/","og_site_name":"Mikrotech s.r.o.","article_modified_time":"2025-06-17T13:01:19+00:00","twitter_card":"summary_large_image","twitter_misc":{"Predpokladan\u00fd \u010das \u010d\u00edtania":"2 min\u00faty"},"schema":{"@context":"https:\/\/schema.org","@graph":[{"@type":"WebPage","@id":"https:\/\/mikrotech.sk\/sk\/impressum\/","url":"https:\/\/mikrotech.sk\/sk\/impressum\/","name":"Impresum - Mikrotech s.r.o.","isPartOf":{"@id":"https:\/\/mikrotech.sk\/sk\/#website"},"datePublished":"2023-07-19T06:39:39+00:00","dateModified":"2025-06-17T13:01:19+00:00","breadcrumb":{"@id":"https:\/\/mikrotech.sk\/sk\/impressum\/#breadcrumb"},"inLanguage":"sk-SK","potentialAction":[{"@type":"ReadAction","target":["https:\/\/mikrotech.sk\/sk\/impressum\/"]}]},{"@type":"BreadcrumbList","@id":"https:\/\/mikrotech.sk\/sk\/impressum\/#breadcrumb","itemListElement":[{"@type":"ListItem","position":1,"name":"Startseite","item":"https:\/\/mikrotech.sk\/sk\/"},{"@type":"ListItem","position":2,"name":"Impresum"}]},{"@type":"WebSite","@id":"https:\/\/mikrotech.sk\/sk\/#website","url":"https:\/\/mikrotech.sk\/sk\/","name":"Mikrotech s.r.o.","description":"s\u00fastru\u017een\u00e9 diely, fr\u00e9zovan\u00e9 diely, br\u00fasen\u00e9 diely","potentialAction":[{"@type":"SearchAction","target":{"@type":"EntryPoint","urlTemplate":"https:\/\/mikrotech.sk\/sk\/?s={search_term_string}"},"query-input":{"@type":"PropertyValueSpecification","valueRequired":true,"valueName":"search_term_string"}}],"inLanguage":"sk-SK"}]}},"_links":{"self":[{"href":"https:\/\/mikrotech.sk\/sk\/wp-json\/wp\/v2\/pages\/1417","targetHints":{"allow":["GET"]}}],"collection":[{"href":"https:\/\/mikrotech.sk\/sk\/wp-json\/wp\/v2\/pages"}],"about":[{"href":"https:\/\/mikrotech.sk\/sk\/wp-json\/wp\/v2\/types\/page"}],"author":[{"embeddable":true,"href":"https:\/\/mikrotech.sk\/sk\/wp-json\/wp\/v2\/users\/2"}],"replies":[{"embeddable":true,"href":"https:\/\/mikrotech.sk\/sk\/wp-json\/wp\/v2\/comments?post=1417"}],"version-history":[{"count":15,"href":"https:\/\/mikrotech.sk\/sk\/wp-json\/wp\/v2\/pages\/1417\/revisions"}],"predecessor-version":[{"id":4780,"href":"https:\/\/mikrotech.sk\/sk\/wp-json\/wp\/v2\/pages\/1417\/revisions\/4780"}],"wp:attachment":[{"href":"https:\/\/mikrotech.sk\/sk\/wp-json\/wp\/v2\/media?parent=1417"}],"curies":[{"name":"wp","href":"https:\/\/api.w.org\/{rel}","templated":true}]}}