{"id":109,"date":"2022-10-13T12:32:34","date_gmt":"2022-10-13T12:32:34","guid":{"rendered":"http:\/\/neu.hacker-feinmechanik.de\/?page_id=109"},"modified":"2024-06-27T08:13:25","modified_gmt":"2024-06-27T07:13:25","slug":"ansprechpartner","status":"publish","type":"page","link":"https:\/\/mikrotech.sk\/sk\/ansprechpartner\/","title":{"rendered":"KONTAKTN\u00c1 OSOBA"},"content":{"rendered":"<div id='full_slider_1'  class='avia-fullwidth-slider main_color avia-shadow   avia-builder-el-0  el_before_av_textblock  avia-builder-el-first   container_wrap fullsize'  ><div  class='avia-slideshow av-l971l6ra-96300b2af94c7efd22c7b7704a2c1069 avia-slideshow-no scaling av_slideshow_full avia-slide-slider av-slideshow-ui av-control-default av-slideshow-manual av-loop-once av-loop-manual-endless av-default-height-applied   avia-slideshow-1' data-slideshow-options=\"{&quot;animation&quot;:&quot;slide&quot;,&quot;autoplay&quot;:false,&quot;loop_autoplay&quot;:&quot;once&quot;,&quot;interval&quot;:5,&quot;loop_manual&quot;:&quot;manual-endless&quot;,&quot;autoplay_stopper&quot;:false,&quot;noNavigation&quot;:false,&quot;bg_slider&quot;:false,&quot;keep_padding&quot;:false,&quot;hoverpause&quot;:false,&quot;show_slide_delay&quot;:0}\"  itemprop=\"image\" itemscope=\"itemscope\" itemtype=\"https:\/\/schema.org\/ImageObject\" ><ul class='avia-slideshow-inner ' style='padding-bottom: 30.9375%;'><li  class='avia-slideshow-slide av-l971l6ra-96300b2af94c7efd22c7b7704a2c1069__0  av-single-slide slide-1 slide-odd'><div data-rel='slideshow-1' class='avia-slide-wrap '   ><img decoding=\"async\" fetchpriority=\"high\" class=\"wp-image-2753 avia-img-lazy-loading-not-2753\"  src=\"https:\/\/mikrotech.sk\/wp-content\/uploads\/2024\/04\/budova1-02-07-55-4-06-18.jpg\" width=\"1920\" height=\"594\" title='budova1-02-07-55-4-06-18' alt=''  itemprop=\"thumbnailUrl\" srcset=\"https:\/\/mikrotech.sk\/wp-content\/uploads\/2024\/04\/budova1-02-07-55-4-06-18.jpg 1920w, https:\/\/mikrotech.sk\/wp-content\/uploads\/2024\/04\/budova1-02-07-55-4-06-18-300x93.jpg 300w, https:\/\/mikrotech.sk\/wp-content\/uploads\/2024\/04\/budova1-02-07-55-4-06-18-1030x319.jpg 1030w, https:\/\/mikrotech.sk\/wp-content\/uploads\/2024\/04\/budova1-02-07-55-4-06-18-768x238.jpg 768w, https:\/\/mikrotech.sk\/wp-content\/uploads\/2024\/04\/budova1-02-07-55-4-06-18-1536x475.jpg 1536w, https:\/\/mikrotech.sk\/wp-content\/uploads\/2024\/04\/budova1-02-07-55-4-06-18-1500x464.jpg 1500w, https:\/\/mikrotech.sk\/wp-content\/uploads\/2024\/04\/budova1-02-07-55-4-06-18-705x218.jpg 705w\" sizes=\"(max-width: 1920px) 100vw, 1920px\" \/><\/div><\/li><\/ul><\/div><\/div><div id='after_full_slider_1'  class='main_color av_default_container_wrap container_wrap fullsize'  ><div class='container av-section-cont-open' ><div class='template-page content  av-content-full alpha units'><div class='post-entry post-entry-type-page post-entry-109'><div class='entry-content-wrapper clearfix'>\n\n<style type=\"text\/css\" data-created_by=\"avia_inline_auto\" id=\"style-css-av-l9724bpf-5d479026ab76f6b9078336c0a485a44a\">\n#top .av_textblock_section.av-l9724bpf-5d479026ab76f6b9078336c0a485a44a .avia_textblock{\nfont-size:36px;\n}\n\n@media only screen and (max-width: 479px){ \n#top .av_textblock_section.av-l9724bpf-5d479026ab76f6b9078336c0a485a44a .avia_textblock{\nfont-size:28px;\n}\n}\n<\/style>\n<section  class='av_textblock_section av-l9724bpf-5d479026ab76f6b9078336c0a485a44a '   itemscope=\"itemscope\" itemtype=\"https:\/\/schema.org\/CreativeWork\" ><div class='avia_textblock'  itemprop=\"text\" ><h2>KONTAKTN\u00c1 OSOBA<\/h2>\n<\/div><\/section>\n<div  class='flex_column av-4kwt9-b7440dfb4df04a949d7be8f30e9db6e7 av_one_half  avia-builder-el-2  el_after_av_textblock  el_before_av_hr  first flex_column_div  column-top-margin'     ><section  class='av_textblock_section av-l971vlfc-92839a339985408df28e8de07e6966f6 '   itemscope=\"itemscope\" itemtype=\"https:\/\/schema.org\/CreativeWork\" ><div class='avia_textblock'  itemprop=\"text\" ><h3><strong><span style=\"color: #00519e;\">KONTAKTUJTE N\u00c1\u0160 T\u00cdM<\/span><\/strong><\/h3>\n<h6><\/h6>\n<\/div><\/section><br \/>\n\n<style type=\"text\/css\" data-created_by=\"avia_inline_auto\" id=\"style-css-av-l972fghh-8d1edc7906ab0a3112bae1cb94f28102\">\n#top .hr.hr-invisible.av-l972fghh-8d1edc7906ab0a3112bae1cb94f28102{\nheight:30px;\n}\n<\/style>\n<div  class='hr av-l972fghh-8d1edc7906ab0a3112bae1cb94f28102 hr-invisible  avia-builder-el-4  el_after_av_textblock  el_before_av_textblock '><span class='hr-inner '><span class=\"hr-inner-style\"><\/span><\/span><\/div><br \/>\n<section  class='av_textblock_section av-l971xuyl-30b270f4cc4aa4e817cb235d29058099 '   itemscope=\"itemscope\" itemtype=\"https:\/\/schema.org\/CreativeWork\" ><div class='avia_textblock'  itemprop=\"text\" ><h6><\/h6>\n<h6><\/h6>\n<h6><\/h6>\n<p>Radi V\u00e1m osobne odpovieme na Va\u0161e ot\u00e1zky\u00a0oh\u013eadne \u0161irokej \u0161k\u00e1ly na\u0161ich slu\u017eieb.<\/p>\n<\/div><\/section><\/p><\/div>\n\n<style type=\"text\/css\" data-created_by=\"avia_inline_auto\" id=\"style-css-av-h54wl-e988cc24c6821ea8ce8cbd01123e385c\">\n#top .hr.av-h54wl-e988cc24c6821ea8ce8cbd01123e385c{\nmargin-top:10px;\nmargin-bottom:30px;\n}\n.hr.av-h54wl-e988cc24c6821ea8ce8cbd01123e385c .hr-inner{\nwidth:80px;\nborder-color:#00519e;\n}\n<\/style>\n<div  class='hr av-h54wl-e988cc24c6821ea8ce8cbd01123e385c hr-custom  avia-builder-el-6  el_after_av_one_half  el_before_av_one_fourth  hr-left hr-icon-no'><span class='hr-inner inner-border-av-border-fat'><span class=\"hr-inner-style\"><\/span><\/span><\/div>\n<div  class='flex_column av-k6xu5-ebfbc8990fc4fa8c7d21cd3632351b23 av_one_fourth  avia-builder-el-7  el_after_av_hr  el_before_av_one_fourth  first flex_column_div  '     ><\/div><div  class='flex_column av-d9jfx-bfcc4d0bf2eea17c0bd6133cd52d4277 av_one_fourth  avia-builder-el-9  el_after_av_one_fourth  el_before_av_one_fourth  flex_column_div  '     ><\/div><div  class='flex_column av-a60s5-9ec57531738626b68f3cd697a7e3f200 av_one_fourth  avia-builder-el-11  el_after_av_one_fourth  el_before_av_one_fourth  flex_column_div  '     ><\/div><div  class='flex_column av-b3o79-9772e98328491e7a3df8c78b54b57249 av_one_fourth  avia-builder-el-13  el_after_av_one_fourth  avia-builder-el-last  flex_column_div  '     ><\/div><\/p>\n","protected":false},"excerpt":{"rendered":"","protected":false},"author":2,"featured_media":0,"parent":0,"menu_order":0,"comment_status":"closed","ping_status":"closed","template":"","meta":{"footnotes":""},"class_list":["post-109","page","type-page","status-publish","hentry"],"yoast_head":"<!-- This site is optimized with the Yoast SEO plugin v27.4 - https:\/\/yoast.com\/product\/yoast-seo-wordpress\/ -->\n<title>KONTAKTN\u00c1 OSOBA - Mikrotech s.r.o.<\/title>\n<meta name=\"robots\" content=\"index, follow, max-snippet:-1, max-image-preview:large, max-video-preview:-1\" \/>\n<link rel=\"canonical\" href=\"https:\/\/mikrotech.sk\/sk\/ansprechpartner\/\" \/>\n<meta property=\"og:locale\" content=\"sk_SK\" \/>\n<meta property=\"og:type\" content=\"article\" \/>\n<meta property=\"og:title\" content=\"KONTAKTN\u00c1 OSOBA - Mikrotech s.r.o.\" \/>\n<meta property=\"og:url\" content=\"https:\/\/mikrotech.sk\/sk\/ansprechpartner\/\" \/>\n<meta property=\"og:site_name\" content=\"Mikrotech s.r.o.\" \/>\n<meta property=\"article:modified_time\" content=\"2024-06-27T07:13:25+00:00\" \/>\n<meta name=\"twitter:card\" content=\"summary_large_image\" \/>\n<meta name=\"twitter:label1\" content=\"Predpokladan\u00fd \u010das \u010d\u00edtania\" \/>\n\t<meta name=\"twitter:data1\" content=\"16 min\u00fat\" \/>\n<script type=\"application\/ld+json\" class=\"yoast-schema-graph\">{\"@context\":\"https:\\\/\\\/schema.org\",\"@graph\":[{\"@type\":\"WebPage\",\"@id\":\"https:\\\/\\\/mikrotech.sk\\\/sk\\\/ansprechpartner\\\/\",\"url\":\"https:\\\/\\\/mikrotech.sk\\\/sk\\\/ansprechpartner\\\/\",\"name\":\"KONTAKTN\u00c1 OSOBA - Mikrotech s.r.o.\",\"isPartOf\":{\"@id\":\"https:\\\/\\\/mikrotech.sk\\\/sk\\\/#website\"},\"datePublished\":\"2022-10-13T12:32:34+00:00\",\"dateModified\":\"2024-06-27T07:13:25+00:00\",\"breadcrumb\":{\"@id\":\"https:\\\/\\\/mikrotech.sk\\\/sk\\\/ansprechpartner\\\/#breadcrumb\"},\"inLanguage\":\"sk-SK\",\"potentialAction\":[{\"@type\":\"ReadAction\",\"target\":[\"https:\\\/\\\/mikrotech.sk\\\/sk\\\/ansprechpartner\\\/\"]}]},{\"@type\":\"BreadcrumbList\",\"@id\":\"https:\\\/\\\/mikrotech.sk\\\/sk\\\/ansprechpartner\\\/#breadcrumb\",\"itemListElement\":[{\"@type\":\"ListItem\",\"position\":1,\"name\":\"Startseite\",\"item\":\"https:\\\/\\\/mikrotech.sk\\\/sk\\\/\"},{\"@type\":\"ListItem\",\"position\":2,\"name\":\"KONTAKTN\u00c1 OSOBA\"}]},{\"@type\":\"WebSite\",\"@id\":\"https:\\\/\\\/mikrotech.sk\\\/sk\\\/#website\",\"url\":\"https:\\\/\\\/mikrotech.sk\\\/sk\\\/\",\"name\":\"Mikrotech s.r.o.\",\"description\":\"s\u00fastru\u017een\u00e9 diely, fr\u00e9zovan\u00e9 diely, br\u00fasen\u00e9 diely\",\"potentialAction\":[{\"@type\":\"SearchAction\",\"target\":{\"@type\":\"EntryPoint\",\"urlTemplate\":\"https:\\\/\\\/mikrotech.sk\\\/sk\\\/?s={search_term_string}\"},\"query-input\":{\"@type\":\"PropertyValueSpecification\",\"valueRequired\":true,\"valueName\":\"search_term_string\"}}],\"inLanguage\":\"sk-SK\"}]}<\/script>\n<!-- \/ Yoast SEO plugin. -->","yoast_head_json":{"title":"KONTAKTN\u00c1 OSOBA - Mikrotech s.r.o.","robots":{"index":"index","follow":"follow","max-snippet":"max-snippet:-1","max-image-preview":"max-image-preview:large","max-video-preview":"max-video-preview:-1"},"canonical":"https:\/\/mikrotech.sk\/sk\/ansprechpartner\/","og_locale":"sk_SK","og_type":"article","og_title":"KONTAKTN\u00c1 OSOBA - Mikrotech s.r.o.","og_url":"https:\/\/mikrotech.sk\/sk\/ansprechpartner\/","og_site_name":"Mikrotech s.r.o.","article_modified_time":"2024-06-27T07:13:25+00:00","twitter_card":"summary_large_image","twitter_misc":{"Predpokladan\u00fd \u010das \u010d\u00edtania":"16 min\u00fat"},"schema":{"@context":"https:\/\/schema.org","@graph":[{"@type":"WebPage","@id":"https:\/\/mikrotech.sk\/sk\/ansprechpartner\/","url":"https:\/\/mikrotech.sk\/sk\/ansprechpartner\/","name":"KONTAKTN\u00c1 OSOBA - Mikrotech s.r.o.","isPartOf":{"@id":"https:\/\/mikrotech.sk\/sk\/#website"},"datePublished":"2022-10-13T12:32:34+00:00","dateModified":"2024-06-27T07:13:25+00:00","breadcrumb":{"@id":"https:\/\/mikrotech.sk\/sk\/ansprechpartner\/#breadcrumb"},"inLanguage":"sk-SK","potentialAction":[{"@type":"ReadAction","target":["https:\/\/mikrotech.sk\/sk\/ansprechpartner\/"]}]},{"@type":"BreadcrumbList","@id":"https:\/\/mikrotech.sk\/sk\/ansprechpartner\/#breadcrumb","itemListElement":[{"@type":"ListItem","position":1,"name":"Startseite","item":"https:\/\/mikrotech.sk\/sk\/"},{"@type":"ListItem","position":2,"name":"KONTAKTN\u00c1 OSOBA"}]},{"@type":"WebSite","@id":"https:\/\/mikrotech.sk\/sk\/#website","url":"https:\/\/mikrotech.sk\/sk\/","name":"Mikrotech s.r.o.","description":"s\u00fastru\u017een\u00e9 diely, fr\u00e9zovan\u00e9 diely, br\u00fasen\u00e9 diely","potentialAction":[{"@type":"SearchAction","target":{"@type":"EntryPoint","urlTemplate":"https:\/\/mikrotech.sk\/sk\/?s={search_term_string}"},"query-input":{"@type":"PropertyValueSpecification","valueRequired":true,"valueName":"search_term_string"}}],"inLanguage":"sk-SK"}]}},"_links":{"self":[{"href":"https:\/\/mikrotech.sk\/sk\/wp-json\/wp\/v2\/pages\/109","targetHints":{"allow":["GET"]}}],"collection":[{"href":"https:\/\/mikrotech.sk\/sk\/wp-json\/wp\/v2\/pages"}],"about":[{"href":"https:\/\/mikrotech.sk\/sk\/wp-json\/wp\/v2\/types\/page"}],"author":[{"embeddable":true,"href":"https:\/\/mikrotech.sk\/sk\/wp-json\/wp\/v2\/users\/2"}],"replies":[{"embeddable":true,"href":"https:\/\/mikrotech.sk\/sk\/wp-json\/wp\/v2\/comments?post=109"}],"version-history":[{"count":77,"href":"https:\/\/mikrotech.sk\/sk\/wp-json\/wp\/v2\/pages\/109\/revisions"}],"predecessor-version":[{"id":3312,"href":"https:\/\/mikrotech.sk\/sk\/wp-json\/wp\/v2\/pages\/109\/revisions\/3312"}],"wp:attachment":[{"href":"https:\/\/mikrotech.sk\/sk\/wp-json\/wp\/v2\/media?parent=109"}],"curies":[{"name":"wp","href":"https:\/\/api.w.org\/{rel}","templated":true}]}}