{"id":1975,"date":"2023-05-22T06:23:00","date_gmt":"2023-05-22T05:23:00","guid":{"rendered":"http:\/\/neu.hacker-feinmechanik.de\/company\/"},"modified":"2024-12-17T15:22:30","modified_gmt":"2024-12-17T14:22:30","slug":"company","status":"publish","type":"page","link":"https:\/\/mikrotech.sk\/en\/company\/","title":{"rendered":"Company"},"content":{"rendered":"<div id='full_slider_1'  class='avia-fullwidth-slider main_color avia-shadow   avia-builder-el-0  el_before_av_one_half  avia-builder-el-first   container_wrap fullsize'  ><div  class='avia-slideshow av-utr77-95b7d699a23913a17119747759d2ef61 avia-slideshow-no scaling av_slideshow_full avia-slide-slider av-slideshow-ui av-control-default av-slideshow-manual av-loop-once av-loop-manual-endless av-default-height-applied   avia-slideshow-1' data-slideshow-options=\"{&quot;animation&quot;:&quot;slide&quot;,&quot;autoplay&quot;:false,&quot;loop_autoplay&quot;:&quot;once&quot;,&quot;interval&quot;:5,&quot;loop_manual&quot;:&quot;manual-endless&quot;,&quot;autoplay_stopper&quot;:false,&quot;noNavigation&quot;:false,&quot;bg_slider&quot;:false,&quot;keep_padding&quot;:false,&quot;hoverpause&quot;:false,&quot;show_slide_delay&quot;:0}\"  itemprop=\"image\" itemscope=\"itemscope\" itemtype=\"https:\/\/schema.org\/ImageObject\" ><ul class='avia-slideshow-inner ' style='padding-bottom: 30.9375%;'><li  class='avia-slideshow-slide av-utr77-95b7d699a23913a17119747759d2ef61__0  av-single-slide slide-1 slide-odd'><div data-rel='slideshow-1' class='avia-slide-wrap '   ><img decoding=\"async\" fetchpriority=\"high\" class=\"wp-image-4112 avia-img-lazy-loading-not-4112\"  src=\"https:\/\/mikrotech.sk\/wp-content\/uploads\/2024\/04\/budova1-02-07-55-4-06-18.jpg\" width=\"1920\" height=\"594\" title='budova1-02-07-55-4-06-18' alt=''  itemprop=\"thumbnailUrl\" srcset=\"https:\/\/mikrotech.sk\/wp-content\/uploads\/2024\/04\/budova1-02-07-55-4-06-18.jpg 1920w, https:\/\/mikrotech.sk\/wp-content\/uploads\/2024\/04\/budova1-02-07-55-4-06-18-300x93.jpg 300w, https:\/\/mikrotech.sk\/wp-content\/uploads\/2024\/04\/budova1-02-07-55-4-06-18-1030x319.jpg 1030w, https:\/\/mikrotech.sk\/wp-content\/uploads\/2024\/04\/budova1-02-07-55-4-06-18-768x238.jpg 768w, https:\/\/mikrotech.sk\/wp-content\/uploads\/2024\/04\/budova1-02-07-55-4-06-18-1536x475.jpg 1536w, https:\/\/mikrotech.sk\/wp-content\/uploads\/2024\/04\/budova1-02-07-55-4-06-18-1500x464.jpg 1500w, https:\/\/mikrotech.sk\/wp-content\/uploads\/2024\/04\/budova1-02-07-55-4-06-18-705x218.jpg 705w\" sizes=\"(max-width: 1920px) 100vw, 1920px\" \/><\/div><\/li><\/ul><\/div><\/div><div id='after_full_slider_1'  class='main_color av_default_container_wrap container_wrap fullsize'  ><div class='container av-section-cont-open' ><div class='template-page content  av-content-full alpha units'><div class='post-entry post-entry-type-page post-entry-1975'><div class='entry-content-wrapper clearfix'>\n<div  class='flex_column av-omtqj-bb3736ab67a284cff087a8ce39c420e1 av_one_half  avia-builder-el-1  el_after_av_slideshow_full  el_before_av_one_half  avia-builder-el-first  first flex_column_div  '     ><section  class='av_textblock_section av-lhygo6rs-13d0d11cb0c3827df8dc4a066e9e3384 '   itemscope=\"itemscope\" itemtype=\"https:\/\/schema.org\/CreativeWork\" ><div class='avia_textblock'  itemprop=\"text\" ><h1>COMPANY<\/h1>\n<\/div><\/section><br \/>\n\n<style type=\"text\/css\" data-created_by=\"avia_inline_auto\" id=\"style-css-av-kx58j-0aba14f451ad370bb3f1ff7ba719a1c4\">\n#top .hr.av-kx58j-0aba14f451ad370bb3f1ff7ba719a1c4{\nmargin-top:10px;\nmargin-bottom:30px;\n}\n.hr.av-kx58j-0aba14f451ad370bb3f1ff7ba719a1c4 .hr-inner{\nwidth:80px;\nborder-color:#00519e;\n}\n<\/style>\n<div  class='hr av-kx58j-0aba14f451ad370bb3f1ff7ba719a1c4 hr-custom  avia-builder-el-3  el_after_av_textblock  el_before_av_textblock  hr-left hr-icon-no'><span class='hr-inner inner-border-av-border-fat'><span class=\"hr-inner-style\"><\/span><\/span><\/div><br \/>\n<section  class='av_textblock_section av-lhygoq4e-b793a895c6ebf445ccd52c361775607a '   itemscope=\"itemscope\" itemtype=\"https:\/\/schema.org\/CreativeWork\" ><div class='avia_textblock'  itemprop=\"text\" ><h3><strong><span style=\"color: #00519e;\">SINCE 1994, PRECISION AND QUALITY HAVE BEEN OUR BASIS FOR SUCCESS<\/span><\/strong><\/h3>\n<\/div><\/section><\/p><\/div>\n<div  class='flex_column av-gzyob-a1aaa449fd40c63b7f35cc7bf56e27c3 av_one_half  avia-builder-el-5  el_after_av_one_half  el_before_av_layout_row  avia-builder-el-last  flex_column_div  '     ><section  class='av_textblock_section av-lhygqdek-f69a2673d6ae21271a7806e82c81c9fd '   itemscope=\"itemscope\" itemtype=\"https:\/\/schema.org\/CreativeWork\" ><div class='avia_textblock'  itemprop=\"text\" ><p>Mikrotech was founded in 1994 by <strong><span style=\"color: #000000;\">Karl Hacker<\/span><\/strong>, incorporating his ideas, idealism, visionary powers and courage in the company.<\/p>\n<h5><span style=\"color: #00519e;\">Qualified partner with know-how and ideas<\/span><\/h5>\n<p>Today, being able to look back at 30 years of experience in its field, the company is considered a reputable and renowned technology pioneer in precision machining. With the proper qualifications, reliability, flexibility, constantly high standard of quality as well as great innovative strength, we are partner of numerous renowned companies in mechanical engineering, electrotechnology or medical engineering among other industries.<br \/>Our product portfolio contains precision turning parts, milling parts, grinding parts and finished assemblies.<\/p>\n<\/div><\/section><\/div>\n<\/div><\/div><\/div><!-- close content main div --><\/div><\/div><div id='av-layout-grid-1'  class='av-layout-grid-container av-1l57zv-308f01e3466aa775cf033286ffe2b440 entry-content-wrapper main_color av-flex-cells  avia-builder-el-7  el_after_av_one_half  el_before_av_layout_row  grid-row-not-first  container_wrap fullsize'  >\n<div class='flex_cell av-1gz2wj-a9f4de2e800f5f17e270d3f38c18853f av-gridrow-cell av_one_fourth no_margin  avia-builder-el-8  el_before_av_cell_one_fourth  avia-builder-el-first '  ><div class='flex_cell_inner'><p>\n<style type=\"text\/css\" data-created_by=\"avia_inline_auto\" id=\"style-css-av-lhyhkg84-03ba2d6172dfa74171b43ff9195e1f7f\">\n.avia-image-container.av-lhyhkg84-03ba2d6172dfa74171b43ff9195e1f7f img.avia_image{\nbox-shadow:none;\n}\n.avia-image-container.av-lhyhkg84-03ba2d6172dfa74171b43ff9195e1f7f .av-image-caption-overlay-center{\ncolor:#ffffff;\n}\n<\/style>\n<div  class='avia-image-container av-lhyhkg84-03ba2d6172dfa74171b43ff9195e1f7f av-styling- av-img-linked avia-align-center  avia-builder-el-9  el_before_av_textblock  avia-builder-el-first '   itemprop=\"image\" itemscope=\"itemscope\" itemtype=\"https:\/\/schema.org\/ImageObject\" ><div class=\"avia-image-container-inner\"><div class=\"avia-image-overlay-wrap\"><a href=\"https:\/\/mikrotech.sk\/en\/the-hacker-precision-mechanics-group\/\" class='avia_image '  aria-label='1920-x-405-firmengruppe-neu-08-34-12-17-07-17 (2)'><img decoding=\"async\" fetchpriority=\"high\" class='wp-image-1823 avia-img-lazy-loading-not-1823 avia_image ' src=\"https:\/\/mikrotech.sk\/wp-content\/uploads\/2023\/05\/1920-x-405-firmengruppe-neu-08-34-12-17-07-17-2-1500x405.jpg\" alt='' title='1920-x-405-firmengruppe-neu-08-34-12-17-07-17 (2)'  height=\"405\" width=\"1500\"  itemprop=\"thumbnailUrl\"  \/><\/a><\/div><\/div><\/div><br \/>\n<section  class='av_textblock_section av-lhyhto6w-9058871f8c57fa3c4a69370d75f13846 '   itemscope=\"itemscope\" itemtype=\"https:\/\/schema.org\/CreativeWork\" ><div class='avia_textblock'  itemprop=\"text\" ><p><a href=\"https:\/\/mikrotech.sk\/en\/the-hacker-precision-mechanics-group\/\"><span style=\"color: #00519e;\"><b>THE HACKER FEINMECHANIK GROUP<\/b><\/span><\/a><\/p>\n<\/div><\/section><\/p>\n<\/div><\/div><div class='flex_cell av-17pbgz-b1e186a4ed284684a1c857ffa4d862cf av-gridrow-cell av_one_fourth no_margin  avia-builder-el-11  el_after_av_cell_one_fourth  el_before_av_cell_one_fourth '  ><div class='flex_cell_inner'><p>\n<style type=\"text\/css\" data-created_by=\"avia_inline_auto\" id=\"style-css-av-lhyhljqd-da779f32ad2646db49a6497ece5f89a2\">\n.avia-image-container.av-lhyhljqd-da779f32ad2646db49a6497ece5f89a2 img.avia_image{\nbox-shadow:none;\n}\n.avia-image-container.av-lhyhljqd-da779f32ad2646db49a6497ece5f89a2 .av-image-caption-overlay-center{\ncolor:#ffffff;\n}\n<\/style>\n<div  class='avia-image-container av-lhyhljqd-da779f32ad2646db49a6497ece5f89a2 av-styling- av-img-linked avia-align-center  avia-builder-el-12  el_before_av_textblock  avia-builder-el-first '   itemprop=\"image\" itemscope=\"itemscope\" itemtype=\"https:\/\/schema.org\/ImageObject\" ><div class=\"avia-image-container-inner\"><div class=\"avia-image-overlay-wrap\"><a href=\"https:\/\/mikrotech.sk\/en\/contact\/\" class='avia_image '  aria-label='Mitarbeiter_1500x630'><img decoding=\"async\" fetchpriority=\"high\" class='wp-image-4261 avia-img-lazy-loading-not-4261 avia_image ' src=\"https:\/\/mikrotech.sk\/wp-content\/uploads\/2024\/06\/Mitarbeiter_1500x630.jpg\" alt='' title='Mitarbeiter_1500x630'  height=\"405\" width=\"1500\"  itemprop=\"thumbnailUrl\" srcset=\"https:\/\/mikrotech.sk\/wp-content\/uploads\/2024\/06\/Mitarbeiter_1500x630.jpg 1500w, https:\/\/mikrotech.sk\/wp-content\/uploads\/2024\/06\/Mitarbeiter_1500x630-300x81.jpg 300w, https:\/\/mikrotech.sk\/wp-content\/uploads\/2024\/06\/Mitarbeiter_1500x630-1030x278.jpg 1030w, https:\/\/mikrotech.sk\/wp-content\/uploads\/2024\/06\/Mitarbeiter_1500x630-768x207.jpg 768w, https:\/\/mikrotech.sk\/wp-content\/uploads\/2024\/06\/Mitarbeiter_1500x630-705x190.jpg 705w\" sizes=\"(max-width: 1500px) 100vw, 1500px\" \/><\/a><\/div><\/div><\/div><br \/>\n<section  class='av_textblock_section av-lhyi1xt7-017ffed038e67d0c1a2840589bcd5fd4 '   itemscope=\"itemscope\" itemtype=\"https:\/\/schema.org\/CreativeWork\" ><div class='avia_textblock'  itemprop=\"text\" ><p><a href=\"https:\/\/mikrotech.sk\/en\/contact\/\"><span style=\"color: #00519e;\"><b>CONTACTS<\/b><\/span><\/a><\/p>\n<\/div><\/section><\/p>\n<\/div><\/div><div class='flex_cell av-131357-2deb00fdcd7aef9feada04780daf3e42 av-gridrow-cell av_one_fourth no_margin  avia-builder-el-14  el_after_av_cell_one_fourth  el_before_av_cell_one_fourth '  ><div class='flex_cell_inner'><p>\n<style type=\"text\/css\" data-created_by=\"avia_inline_auto\" id=\"style-css-av-lhyhltyz-a0579636fd3817fd6d4b90bacba120ad\">\n.avia-image-container.av-lhyhltyz-a0579636fd3817fd6d4b90bacba120ad img.avia_image{\nbox-shadow:none;\n}\n.avia-image-container.av-lhyhltyz-a0579636fd3817fd6d4b90bacba120ad .av-image-caption-overlay-center{\ncolor:#ffffff;\n}\n<\/style>\n<div  class='avia-image-container av-lhyhltyz-a0579636fd3817fd6d4b90bacba120ad av-styling- av-img-linked avia-align-center  avia-builder-el-15  el_before_av_textblock  avia-builder-el-first '   itemprop=\"image\" itemscope=\"itemscope\" itemtype=\"https:\/\/schema.org\/ImageObject\" ><div class=\"avia-image-container-inner\"><div class=\"avia-image-overlay-wrap\"><a href=\"https:\/\/mikrotech.sk\/en\/quality-management\/\" class='avia_image '  aria-label='1920-x-405-qm-neu-02-50-44-11-07-17 (1)'><img decoding=\"async\" fetchpriority=\"high\" class='wp-image-1821 avia-img-lazy-loading-not-1821 avia_image ' src=\"https:\/\/mikrotech.sk\/wp-content\/uploads\/2023\/05\/1920-x-405-qm-neu-02-50-44-11-07-17-1-1500x405.jpg\" alt='' title='1920-x-405-qm-neu-02-50-44-11-07-17 (1)'  height=\"405\" width=\"1500\"  itemprop=\"thumbnailUrl\"  \/><\/a><\/div><\/div><\/div><br \/>\n<section  class='av_textblock_section av-lhyi279y-15f1e58aa0d34ea9b5fb9ab75e9bd442 '   itemscope=\"itemscope\" itemtype=\"https:\/\/schema.org\/CreativeWork\" ><div class='avia_textblock'  itemprop=\"text\" ><p><a href=\"https:\/\/mikrotech.sk\/en\/quality-management\/\"><span style=\"color: #00519e;\"><b>QUALITY MANAGEMENT<\/b><\/span><\/a><\/p>\n<\/div><\/section><\/p>\n<\/div><\/div>\n<style type=\"text\/css\" data-created_by=\"avia_inline_auto\" id=\"style-css-av-v0mvv-993c0fa3df263a975223aa5b6732e17c\">\n.flex_cell.av-v0mvv-993c0fa3df263a975223aa5b6732e17c{\nvertical-align:top;\n}\n<\/style>\n<div class='flex_cell av-v0mvv-993c0fa3df263a975223aa5b6732e17c av-gridrow-cell av_one_fourth no_margin  avia-builder-el-17  el_after_av_cell_one_fourth  avia-builder-el-last  content-align-top'  ><div class='flex_cell_inner'><p>\n<style type=\"text\/css\" data-created_by=\"avia_inline_auto\" id=\"style-css-av-lhyi1lr0-ad7731ac665cbc6756977618bdaa9eae\">\n.avia-image-container.av-lhyi1lr0-ad7731ac665cbc6756977618bdaa9eae img.avia_image{\nbox-shadow:none;\n}\n.avia-image-container.av-lhyi1lr0-ad7731ac665cbc6756977618bdaa9eae .av-image-caption-overlay-center{\ncolor:#ffffff;\n}\n<\/style>\n<div  class='avia-image-container av-lhyi1lr0-ad7731ac665cbc6756977618bdaa9eae av-styling- av-img-linked avia-align-center  avia-builder-el-18  el_before_av_textblock  avia-builder-el-first '   itemprop=\"image\" itemscope=\"itemscope\" itemtype=\"https:\/\/schema.org\/ImageObject\" ><div class=\"avia-image-container-inner\"><div class=\"avia-image-overlay-wrap\"><a href=\"https:\/\/mikrotech.sk\/en\/company-development\/\" class='avia_image '  aria-label='MG_1458-HDR-2-Edit-2-1500x630'><img decoding=\"async\" fetchpriority=\"high\" class='wp-image-4262 avia-img-lazy-loading-not-4262 avia_image ' src=\"https:\/\/mikrotech.sk\/wp-content\/uploads\/2024\/06\/MG_1458-HDR-2-Edit-2-1500x630-1.jpg\" alt='' title='MG_1458-HDR-2-Edit-2-1500x630'  height=\"405\" width=\"1500\"  itemprop=\"thumbnailUrl\" srcset=\"https:\/\/mikrotech.sk\/wp-content\/uploads\/2024\/06\/MG_1458-HDR-2-Edit-2-1500x630-1.jpg 1500w, https:\/\/mikrotech.sk\/wp-content\/uploads\/2024\/06\/MG_1458-HDR-2-Edit-2-1500x630-1-300x81.jpg 300w, https:\/\/mikrotech.sk\/wp-content\/uploads\/2024\/06\/MG_1458-HDR-2-Edit-2-1500x630-1-1030x278.jpg 1030w, https:\/\/mikrotech.sk\/wp-content\/uploads\/2024\/06\/MG_1458-HDR-2-Edit-2-1500x630-1-768x207.jpg 768w, https:\/\/mikrotech.sk\/wp-content\/uploads\/2024\/06\/MG_1458-HDR-2-Edit-2-1500x630-1-705x190.jpg 705w\" sizes=\"(max-width: 1500px) 100vw, 1500px\" \/><\/a><\/div><\/div><\/div><br \/>\n<section  class='av_textblock_section av-lhyi2gpb-6eafd9261db7a5e1441d641ec6fb3901 '   itemscope=\"itemscope\" itemtype=\"https:\/\/schema.org\/CreativeWork\" ><div class='avia_textblock'  itemprop=\"text\" ><p><a href=\"https:\/\/mikrotech.sk\/en\/company-development\/\"><span style=\"color: #00519e;\"><b>HISTORY<\/b><\/span><\/a><\/p>\n<\/div><\/section><\/p>\n<\/div><\/div><\/div><div id='av-layout-grid-2'  class='av-layout-grid-container av-t9bkb-8a82f30ffba70dfd46039d7cab038af8 entry-content-wrapper main_color av-flex-cells  avia-builder-el-20  el_after_av_layout_row  avia-builder-el-last  grid-row-not-first  container_wrap fullsize'  >\n<div class='flex_cell av-1xrdv-47943f62f3036d97a2ca29383cede56e av-gridrow-cell av_one_fourth no_margin  avia-builder-el-21  el_before_av_cell_one_fourth  avia-builder-el-first '  ><div class='flex_cell_inner'><p>\n<style type=\"text\/css\" data-created_by=\"avia_inline_auto\" id=\"style-css-av-lhyi0rao-a5505179960d89ac0221f4620531d224\">\n.avia-image-container.av-lhyi0rao-a5505179960d89ac0221f4620531d224 img.avia_image{\nbox-shadow:none;\n}\n.avia-image-container.av-lhyi0rao-a5505179960d89ac0221f4620531d224 .av-image-caption-overlay-center{\ncolor:#ffffff;\n}\n<\/style>\n<div  class='avia-image-container av-lhyi0rao-a5505179960d89ac0221f4620531d224 av-styling- av-img-linked avia-align-center  avia-builder-el-22  el_before_av_textblock  avia-builder-el-first '   itemprop=\"image\" itemscope=\"itemscope\" itemtype=\"https:\/\/schema.org\/ImageObject\" ><div class=\"avia-image-container-inner\"><div class=\"avia-image-overlay-wrap\"><a href=\"https:\/\/mikrotech.sk\/en\/vacancies\/\" class='avia_image '  aria-label='Ausbildung_1500x630'><img decoding=\"async\" fetchpriority=\"high\" class='wp-image-4263 avia-img-lazy-loading-not-4263 avia_image ' src=\"https:\/\/mikrotech.sk\/wp-content\/uploads\/2024\/06\/Ausbildung_1500x630.jpg\" alt='' title='Ausbildung_1500x630'  height=\"405\" width=\"1500\"  itemprop=\"thumbnailUrl\" srcset=\"https:\/\/mikrotech.sk\/wp-content\/uploads\/2024\/06\/Ausbildung_1500x630.jpg 1500w, https:\/\/mikrotech.sk\/wp-content\/uploads\/2024\/06\/Ausbildung_1500x630-300x81.jpg 300w, https:\/\/mikrotech.sk\/wp-content\/uploads\/2024\/06\/Ausbildung_1500x630-1030x278.jpg 1030w, https:\/\/mikrotech.sk\/wp-content\/uploads\/2024\/06\/Ausbildung_1500x630-768x207.jpg 768w, https:\/\/mikrotech.sk\/wp-content\/uploads\/2024\/06\/Ausbildung_1500x630-705x190.jpg 705w\" sizes=\"(max-width: 1500px) 100vw, 1500px\" \/><\/a><\/div><\/div><\/div><br \/>\n<section  class='av_textblock_section av-lhyi2tv1-13f5c1d3f8a9100058ed0bb513daddb0 '   itemscope=\"itemscope\" itemtype=\"https:\/\/schema.org\/CreativeWork\" ><div class='avia_textblock'  itemprop=\"text\" ><p><a href=\"https:\/\/mikrotech.sk\/en\/vacancies\/\"><span style=\"color: #00519e;\"><b>JOBS<\/b><\/span><\/a><\/p>\n<\/div><\/section><\/p>\n<\/div><\/div><div class='flex_cell av-h454z-ef66b4c66617dfae915d4bdbd069ae78 av-gridrow-cell av_one_fourth no_margin  avia-builder-el-24  el_after_av_cell_one_fourth  el_before_av_cell_one_fourth '  ><div class='flex_cell_inner'><p>\n<style type=\"text\/css\" data-created_by=\"avia_inline_auto\" id=\"style-css-av-lhyi12b3-09e73846b0549174b40d43d0f25f8b00\">\n.avia-image-container.av-lhyi12b3-09e73846b0549174b40d43d0f25f8b00 img.avia_image{\nbox-shadow:none;\n}\n.avia-image-container.av-lhyi12b3-09e73846b0549174b40d43d0f25f8b00 .av-image-caption-overlay-center{\ncolor:#ffffff;\n}\n<\/style>\n<div  class='avia-image-container av-lhyi12b3-09e73846b0549174b40d43d0f25f8b00 av-styling- av-img-linked avia-align-center  avia-builder-el-25  el_before_av_textblock  avia-builder-el-first '   itemprop=\"image\" itemscope=\"itemscope\" itemtype=\"https:\/\/schema.org\/ImageObject\" ><div class=\"avia-image-container-inner\"><div class=\"avia-image-overlay-wrap\"><a href=\"https:\/\/mikrotech.sk\/index.php\/download\/\" class='avia_image '  aria-label='fraesen-hacker-feinmechanik-detail-02-20-30-2-01-17'><img decoding=\"async\" fetchpriority=\"high\" class='wp-image-1818 avia-img-lazy-loading-not-1818 avia_image ' src=\"https:\/\/mikrotech.sk\/wp-content\/uploads\/2023\/05\/fraesen-hacker-feinmechanik-detail-02-20-30-2-01-17-1500x405.jpg\" alt='' title='fraesen-hacker-feinmechanik-detail-02-20-30-2-01-17'  height=\"405\" width=\"1500\"  itemprop=\"thumbnailUrl\"  \/><\/a><\/div><\/div><\/div><br \/>\n<section  class='av_textblock_section av-lhyi340h-afa5d2abf26d9149764eabc4f44bd2b4 '   itemscope=\"itemscope\" itemtype=\"https:\/\/schema.org\/CreativeWork\" ><div class='avia_textblock'  itemprop=\"text\" ><p><a href=\"https:\/\/mikrotech.sk\/index.php\/download\/\"><strong><span style=\"color: #00519e;\">DOWNLOAD<\/span><\/strong><\/a><\/p>\n<\/div><\/section><\/p>\n<\/div><\/div>\n<style type=\"text\/css\" data-created_by=\"avia_inline_auto\" id=\"style-css-av-7q6gz-c3e10c53b52134607fca8c374ba13866\">\n.flex_cell.av-7q6gz-c3e10c53b52134607fca8c374ba13866{\nvertical-align:top;\n}\n<\/style>\n<div class='flex_cell av-7q6gz-c3e10c53b52134607fca8c374ba13866 av-gridrow-cell av_one_fourth no_margin  avia-builder-el-27  el_after_av_cell_one_fourth  el_before_av_cell_one_fourth  content-align-top'  ><div class='flex_cell_inner'><\/div><\/div>\n<style type=\"text\/css\" data-created_by=\"avia_inline_auto\" id=\"style-css-av-bl40j-c71bb9d686e468c706d3d145acf3de78\">\n.flex_cell.av-bl40j-c71bb9d686e468c706d3d145acf3de78{\nvertical-align:top;\n}\n<\/style>\n<div class='flex_cell av-bl40j-c71bb9d686e468c706d3d145acf3de78 av-gridrow-cell av_one_fourth no_margin  avia-builder-el-28  el_after_av_cell_one_fourth  avia-builder-el-last  content-align-top'  ><div class='flex_cell_inner'><\/div><\/div><\/div><\/p>\n","protected":false},"excerpt":{"rendered":"","protected":false},"author":2,"featured_media":0,"parent":0,"menu_order":0,"comment_status":"closed","ping_status":"closed","template":"","meta":{"footnotes":""},"class_list":["post-1975","page","type-page","status-publish","hentry"],"yoast_head":"<!-- This site is optimized with the Yoast SEO plugin v27.4 - https:\/\/yoast.com\/product\/yoast-seo-wordpress\/ -->\n<title>Company - Mikrotech s.r.o.<\/title>\n<meta name=\"robots\" content=\"index, follow, max-snippet:-1, max-image-preview:large, max-video-preview:-1\" \/>\n<link rel=\"canonical\" href=\"https:\/\/mikrotech.sk\/en\/company\/\" \/>\n<meta property=\"og:locale\" content=\"en_US\" \/>\n<meta property=\"og:type\" content=\"article\" \/>\n<meta property=\"og:title\" content=\"Company - Mikrotech s.r.o.\" \/>\n<meta property=\"og:url\" content=\"https:\/\/mikrotech.sk\/en\/company\/\" \/>\n<meta property=\"og:site_name\" content=\"Mikrotech s.r.o.\" \/>\n<meta property=\"article:modified_time\" content=\"2024-12-17T14:22:30+00:00\" \/>\n<meta name=\"twitter:card\" content=\"summary_large_image\" \/>\n<meta name=\"twitter:label1\" content=\"Est. reading time\" \/>\n\t<meta name=\"twitter:data1\" content=\"24 minutes\" \/>\n<script type=\"application\/ld+json\" class=\"yoast-schema-graph\">{\"@context\":\"https:\\\/\\\/schema.org\",\"@graph\":[{\"@type\":\"WebPage\",\"@id\":\"https:\\\/\\\/mikrotech.sk\\\/en\\\/company\\\/\",\"url\":\"https:\\\/\\\/mikrotech.sk\\\/en\\\/company\\\/\",\"name\":\"Company - Mikrotech s.r.o.\",\"isPartOf\":{\"@id\":\"https:\\\/\\\/mikrotech.sk\\\/sk\\\/#website\"},\"datePublished\":\"2023-05-22T05:23:00+00:00\",\"dateModified\":\"2024-12-17T14:22:30+00:00\",\"breadcrumb\":{\"@id\":\"https:\\\/\\\/mikrotech.sk\\\/en\\\/company\\\/#breadcrumb\"},\"inLanguage\":\"en-US\",\"potentialAction\":[{\"@type\":\"ReadAction\",\"target\":[\"https:\\\/\\\/mikrotech.sk\\\/en\\\/company\\\/\"]}]},{\"@type\":\"BreadcrumbList\",\"@id\":\"https:\\\/\\\/mikrotech.sk\\\/en\\\/company\\\/#breadcrumb\",\"itemListElement\":[{\"@type\":\"ListItem\",\"position\":1,\"name\":\"Startseite\",\"item\":\"https:\\\/\\\/mikrotech.sk\\\/en\\\/\"},{\"@type\":\"ListItem\",\"position\":2,\"name\":\"Company\"}]},{\"@type\":\"WebSite\",\"@id\":\"https:\\\/\\\/mikrotech.sk\\\/sk\\\/#website\",\"url\":\"https:\\\/\\\/mikrotech.sk\\\/sk\\\/\",\"name\":\"Mikrotech s.r.o.\",\"description\":\"s\u00fastru\u017een\u00e9 diely, fr\u00e9zovan\u00e9 diely, br\u00fasen\u00e9 diely\",\"potentialAction\":[{\"@type\":\"SearchAction\",\"target\":{\"@type\":\"EntryPoint\",\"urlTemplate\":\"https:\\\/\\\/mikrotech.sk\\\/sk\\\/?s={search_term_string}\"},\"query-input\":{\"@type\":\"PropertyValueSpecification\",\"valueRequired\":true,\"valueName\":\"search_term_string\"}}],\"inLanguage\":\"en-US\"}]}<\/script>\n<!-- \/ Yoast SEO plugin. -->","yoast_head_json":{"title":"Company - Mikrotech s.r.o.","robots":{"index":"index","follow":"follow","max-snippet":"max-snippet:-1","max-image-preview":"max-image-preview:large","max-video-preview":"max-video-preview:-1"},"canonical":"https:\/\/mikrotech.sk\/en\/company\/","og_locale":"en_US","og_type":"article","og_title":"Company - Mikrotech s.r.o.","og_url":"https:\/\/mikrotech.sk\/en\/company\/","og_site_name":"Mikrotech s.r.o.","article_modified_time":"2024-12-17T14:22:30+00:00","twitter_card":"summary_large_image","twitter_misc":{"Est. reading time":"24 minutes"},"schema":{"@context":"https:\/\/schema.org","@graph":[{"@type":"WebPage","@id":"https:\/\/mikrotech.sk\/en\/company\/","url":"https:\/\/mikrotech.sk\/en\/company\/","name":"Company - Mikrotech s.r.o.","isPartOf":{"@id":"https:\/\/mikrotech.sk\/sk\/#website"},"datePublished":"2023-05-22T05:23:00+00:00","dateModified":"2024-12-17T14:22:30+00:00","breadcrumb":{"@id":"https:\/\/mikrotech.sk\/en\/company\/#breadcrumb"},"inLanguage":"en-US","potentialAction":[{"@type":"ReadAction","target":["https:\/\/mikrotech.sk\/en\/company\/"]}]},{"@type":"BreadcrumbList","@id":"https:\/\/mikrotech.sk\/en\/company\/#breadcrumb","itemListElement":[{"@type":"ListItem","position":1,"name":"Startseite","item":"https:\/\/mikrotech.sk\/en\/"},{"@type":"ListItem","position":2,"name":"Company"}]},{"@type":"WebSite","@id":"https:\/\/mikrotech.sk\/sk\/#website","url":"https:\/\/mikrotech.sk\/sk\/","name":"Mikrotech s.r.o.","description":"s\u00fastru\u017een\u00e9 diely, fr\u00e9zovan\u00e9 diely, br\u00fasen\u00e9 diely","potentialAction":[{"@type":"SearchAction","target":{"@type":"EntryPoint","urlTemplate":"https:\/\/mikrotech.sk\/sk\/?s={search_term_string}"},"query-input":{"@type":"PropertyValueSpecification","valueRequired":true,"valueName":"search_term_string"}}],"inLanguage":"en-US"}]}},"_links":{"self":[{"href":"https:\/\/mikrotech.sk\/en\/wp-json\/wp\/v2\/pages\/1975","targetHints":{"allow":["GET"]}}],"collection":[{"href":"https:\/\/mikrotech.sk\/en\/wp-json\/wp\/v2\/pages"}],"about":[{"href":"https:\/\/mikrotech.sk\/en\/wp-json\/wp\/v2\/types\/page"}],"author":[{"embeddable":true,"href":"https:\/\/mikrotech.sk\/en\/wp-json\/wp\/v2\/users\/2"}],"replies":[{"embeddable":true,"href":"https:\/\/mikrotech.sk\/en\/wp-json\/wp\/v2\/comments?post=1975"}],"version-history":[{"count":10,"href":"https:\/\/mikrotech.sk\/en\/wp-json\/wp\/v2\/pages\/1975\/revisions"}],"predecessor-version":[{"id":4273,"href":"https:\/\/mikrotech.sk\/en\/wp-json\/wp\/v2\/pages\/1975\/revisions\/4273"}],"wp:attachment":[{"href":"https:\/\/mikrotech.sk\/en\/wp-json\/wp\/v2\/media?parent=1975"}],"curies":[{"name":"wp","href":"https:\/\/api.w.org\/{rel}","templated":true}]}}