{"id":1966,"date":"2023-03-17T08:15:40","date_gmt":"2023-03-17T07:15:40","guid":{"rendered":"http:\/\/neu.hacker-feinmechanik.de\/industries\/"},"modified":"2024-12-17T15:40:24","modified_gmt":"2024-12-17T14:40:24","slug":"industries","status":"publish","type":"page","link":"https:\/\/mikrotech.sk\/en\/industries\/","title":{"rendered":"Industries"},"content":{"rendered":"<div id='full_slider_1'  class='avia-fullwidth-slider main_color avia-shadow   avia-builder-el-0  el_before_av_one_half  avia-builder-el-first   container_wrap fullsize'  ><div  class='avia-slideshow av-lfc9pdlp-db0db96eb85a52b32dcc97137b60fdef avia-slideshow-no scaling av_slideshow_full avia-slide-slider av-slideshow-ui av-control-default av-slideshow-manual av-loop-once av-loop-manual-endless av-default-height-applied   avia-slideshow-1' data-slideshow-options=\"{&quot;animation&quot;:&quot;slide&quot;,&quot;autoplay&quot;:false,&quot;loop_autoplay&quot;:&quot;once&quot;,&quot;interval&quot;:5,&quot;loop_manual&quot;:&quot;manual-endless&quot;,&quot;autoplay_stopper&quot;:false,&quot;noNavigation&quot;:false,&quot;bg_slider&quot;:false,&quot;keep_padding&quot;:false,&quot;hoverpause&quot;:false,&quot;show_slide_delay&quot;:0}\"  itemprop=\"image\" itemscope=\"itemscope\" itemtype=\"https:\/\/schema.org\/ImageObject\" ><ul class='avia-slideshow-inner ' style='padding-bottom: 21.09375%;'><li  class='avia-slideshow-slide av-lfc9pdlp-db0db96eb85a52b32dcc97137b60fdef__0  av-single-slide slide-1 slide-odd'><div data-rel='slideshow-1' class='avia-slide-wrap '   ><img decoding=\"async\" fetchpriority=\"high\" class=\"wp-image-1778 avia-img-lazy-loading-not-1778\"  src=\"https:\/\/mikrotech.sk\/wp-content\/uploads\/2023\/03\/agb-hacker-feinmechanik-09-20-41-29-03-17.jpg\" width=\"1920\" height=\"405\" title='agb-hacker-feinmechanik-09-20-41-29-03-17' alt=''  itemprop=\"thumbnailUrl\" srcset=\"https:\/\/mikrotech.sk\/wp-content\/uploads\/2023\/03\/agb-hacker-feinmechanik-09-20-41-29-03-17.jpg 1920w, https:\/\/mikrotech.sk\/wp-content\/uploads\/2023\/03\/agb-hacker-feinmechanik-09-20-41-29-03-17-300x63.jpg 300w, https:\/\/mikrotech.sk\/wp-content\/uploads\/2023\/03\/agb-hacker-feinmechanik-09-20-41-29-03-17-1030x217.jpg 1030w, https:\/\/mikrotech.sk\/wp-content\/uploads\/2023\/03\/agb-hacker-feinmechanik-09-20-41-29-03-17-768x162.jpg 768w, https:\/\/mikrotech.sk\/wp-content\/uploads\/2023\/03\/agb-hacker-feinmechanik-09-20-41-29-03-17-1536x324.jpg 1536w, https:\/\/mikrotech.sk\/wp-content\/uploads\/2023\/03\/agb-hacker-feinmechanik-09-20-41-29-03-17-1500x316.jpg 1500w, https:\/\/mikrotech.sk\/wp-content\/uploads\/2023\/03\/agb-hacker-feinmechanik-09-20-41-29-03-17-705x149.jpg 705w\" sizes=\"(max-width: 1920px) 100vw, 1920px\" \/><\/div><\/li><\/ul><\/div><\/div><div id='after_full_slider_1'  class='main_color av_default_container_wrap container_wrap fullsize'  ><div class='container av-section-cont-open' ><div class='template-page content  av-content-full alpha units'><div class='post-entry post-entry-type-page post-entry-1966'><div class='entry-content-wrapper clearfix'>\n<div  class='flex_column av-1e01a2-867cccd151aba4edfd7896e17135237a av_one_half  avia-builder-el-1  el_after_av_slideshow_full  el_before_av_one_half  avia-builder-el-first  first flex_column_div  '     ><section  class='av_textblock_section av-lfc9pnvd-096d7111b223b961b0f1148eab721102 '   itemscope=\"itemscope\" itemtype=\"https:\/\/schema.org\/CreativeWork\" ><div class='avia_textblock'  itemprop=\"text\" ><h1>INDUSTRIES<\/h1>\n<\/div><\/section><br \/>\n\n<style type=\"text\/css\" data-created_by=\"avia_inline_auto\" id=\"style-css-av-1bjh0a-badd48b663651337b9e5674afe413c5f\">\n#top .hr.av-1bjh0a-badd48b663651337b9e5674afe413c5f{\nmargin-top:10px;\nmargin-bottom:30px;\n}\n.hr.av-1bjh0a-badd48b663651337b9e5674afe413c5f .hr-inner{\nwidth:80px;\nborder-color:#00519e;\n}\n<\/style>\n<div  class='hr av-1bjh0a-badd48b663651337b9e5674afe413c5f hr-custom  avia-builder-el-3  el_after_av_textblock  el_before_av_textblock  hr-left hr-icon-no'><span class='hr-inner inner-border-av-border-fat'><span class=\"hr-inner-style\"><\/span><\/span><\/div><br \/>\n<section  class='av_textblock_section av-lfc9q5hu-e14d0527153980ce219c864580e6e1d8 '   itemscope=\"itemscope\" itemtype=\"https:\/\/schema.org\/CreativeWork\" ><div class='avia_textblock'  itemprop=\"text\" ><h3><strong><span style=\"color: #00519e;\">PRECISION PARTS FOR YOUR APPLICATION<br \/>\n<\/span><\/strong><\/h3>\n<\/div><\/section><\/p><\/div><div  class='flex_column av-14gl2y-a47e007182999d650c87138388de34ba av_one_half  avia-builder-el-5  el_after_av_one_half  el_before_av_one_fourth  flex_column_div  '     ><section  class='av_textblock_section av-lfc9r7a2-9eeed28fae4642c7e051f64b0dbe2764 '   itemscope=\"itemscope\" itemtype=\"https:\/\/schema.org\/CreativeWork\" ><div class='avia_textblock'  itemprop=\"text\" ><p>Our customers put their trust in Mikrotech&#8217;s wealth of experience in numerous fields of applications. Consequently, our precision parts can be found in many different industries, i. a. in mechanical engineering, electrical engineering, medical engineering or hydraulics and pneumatics  <\/p>\n<h5><span style=\"color: #00519e;\">Know-how, quality and services as cornerstones for cooperation<\/span><\/h5>\n<div class=\"row row-title\">\n<div class=\"col-md-6 vspace-big-bottom\">\n<p>We invite you to also benefit from our know-how and to integrate us in the product development process at an early stage. Our products satisfy extremely high demands in regards to quality and safety requirements. At the same time, we are unfailingly providing the goods with reliability and flexibility. These abilities are crucial arguments for any professional cooperation.   <\/p>\n<\/div>\n<\/div>\n<div class=\"row row-galerie\">\n<div class=\"col-md-3 col-produktuebersicht vspace-big-bottom\"><\/div>\n<\/div>\n<\/div><\/section><\/div>\n<style type=\"text\/css\" data-created_by=\"avia_inline_auto\" id=\"style-css-av-ljqrcq1s-800a8126ed77765ff396260581185f6c\">\n.flex_column.av-ljqrcq1s-800a8126ed77765ff396260581185f6c{\nwidth:23.875%;\n}\n<\/style>\n<div  class='flex_column av-ljqrcq1s-800a8126ed77765ff396260581185f6c av_one_fourth  avia-builder-el-7  el_after_av_one_half  el_before_av_one_fourth  first flex_column_div  column-top-margin'     ><p>\n<style type=\"text\/css\" data-created_by=\"avia_inline_auto\" id=\"style-css-av-lfc9v42z-b545d384d539cea990ff2ba72bbb5fd1\">\n.avia-image-container.av-lfc9v42z-b545d384d539cea990ff2ba72bbb5fd1 img.avia_image{\nbox-shadow:none;\n}\n.avia-image-container.av-lfc9v42z-b545d384d539cea990ff2ba72bbb5fd1 .av-image-caption-overlay-center{\ncolor:#ffffff;\n}\n<\/style>\n<div  class='avia-image-container av-lfc9v42z-b545d384d539cea990ff2ba72bbb5fd1 av-styling- av-img-linked avia-align-center  avia-builder-el-8  el_before_av_textblock  avia-builder-el-first '   itemprop=\"image\" itemscope=\"itemscope\" itemtype=\"https:\/\/schema.org\/ImageObject\" ><div class=\"avia-image-container-inner\"><div class=\"avia-image-overlay-wrap\"><a href=\"https:\/\/mikrotech.sk\/en\/mechanical-engineering\/\" class='avia_image '  aria-label='maschinenbau-hacker-feinmechanik-05-27-34-21-02-17 (1)'><img decoding=\"async\" fetchpriority=\"high\" class='wp-image-1777 avia-img-lazy-loading-not-1777 avia_image ' src=\"https:\/\/mikrotech.sk\/wp-content\/uploads\/2023\/03\/maschinenbau-hacker-feinmechanik-05-27-34-21-02-17-1.jpg\" alt='' title='maschinenbau-hacker-feinmechanik-05-27-34-21-02-17 (1)'  height=\"405\" width=\"1920\"  itemprop=\"thumbnailUrl\" srcset=\"https:\/\/mikrotech.sk\/wp-content\/uploads\/2023\/03\/maschinenbau-hacker-feinmechanik-05-27-34-21-02-17-1.jpg 1920w, https:\/\/mikrotech.sk\/wp-content\/uploads\/2023\/03\/maschinenbau-hacker-feinmechanik-05-27-34-21-02-17-1-300x63.jpg 300w, https:\/\/mikrotech.sk\/wp-content\/uploads\/2023\/03\/maschinenbau-hacker-feinmechanik-05-27-34-21-02-17-1-1030x217.jpg 1030w, https:\/\/mikrotech.sk\/wp-content\/uploads\/2023\/03\/maschinenbau-hacker-feinmechanik-05-27-34-21-02-17-1-768x162.jpg 768w, https:\/\/mikrotech.sk\/wp-content\/uploads\/2023\/03\/maschinenbau-hacker-feinmechanik-05-27-34-21-02-17-1-1536x324.jpg 1536w, https:\/\/mikrotech.sk\/wp-content\/uploads\/2023\/03\/maschinenbau-hacker-feinmechanik-05-27-34-21-02-17-1-1500x316.jpg 1500w, https:\/\/mikrotech.sk\/wp-content\/uploads\/2023\/03\/maschinenbau-hacker-feinmechanik-05-27-34-21-02-17-1-705x149.jpg 705w\" sizes=\"(max-width: 1920px) 100vw, 1920px\" \/><\/a><\/div><\/div><\/div><br \/>\n<section  class='av_textblock_section av-lfc9w662-aa2a7c244c58bd96eb09b1624a3f9d59 '   itemscope=\"itemscope\" itemtype=\"https:\/\/schema.org\/CreativeWork\" ><div class='avia_textblock'  itemprop=\"text\" ><h6><span style=\"color: #00519e;\"><a style=\"color: #00519e;\" title=\"Electrical Engineering\" href=\"https:\/\/www.mikrotech.sk\/strojarstvo\">MECHANICAL ENGINEERING<\/a><\/span><\/h6>\n<\/div><\/section><\/p><\/div>\n<style type=\"text\/css\" data-created_by=\"avia_inline_auto\" id=\"style-css-av-n7q02-8b7e9c5936a79e9535a3acf7217acf61\">\n.flex_column.av-n7q02-8b7e9c5936a79e9535a3acf7217acf61{\nwidth:23.875%;\nmargin-left:1.5%;\n}\n<\/style>\n<div  class='flex_column av-n7q02-8b7e9c5936a79e9535a3acf7217acf61 av_one_fourth  avia-builder-el-10  el_after_av_one_fourth  el_before_av_one_fourth  flex_column_div  column-top-margin'     ><p>\n<style type=\"text\/css\" data-created_by=\"avia_inline_auto\" id=\"style-css-av-lfc9vcoc-3cc8a93479355882f1d6e26ffa70e5d6\">\n.avia-image-container.av-lfc9vcoc-3cc8a93479355882f1d6e26ffa70e5d6 img.avia_image{\nbox-shadow:none;\n}\n.avia-image-container.av-lfc9vcoc-3cc8a93479355882f1d6e26ffa70e5d6 .av-image-caption-overlay-center{\ncolor:#ffffff;\n}\n<\/style>\n<div  class='avia-image-container av-lfc9vcoc-3cc8a93479355882f1d6e26ffa70e5d6 av-styling- av-img-linked avia-align-center  avia-builder-el-11  el_before_av_textblock  avia-builder-el-first '   itemprop=\"image\" itemscope=\"itemscope\" itemtype=\"https:\/\/schema.org\/ImageObject\" ><div class=\"avia-image-container-inner\"><div class=\"avia-image-overlay-wrap\"><a href=\"https:\/\/mikrotech.sk\/en\/electrical-engineering\/\" class='avia_image '  aria-label='elektrotechnik-hacker-feinmechanik-08-58-38-28-03-17 (1)'><img decoding=\"async\" fetchpriority=\"high\" class='wp-image-1776 avia-img-lazy-loading-not-1776 avia_image ' src=\"https:\/\/mikrotech.sk\/wp-content\/uploads\/2023\/03\/elektrotechnik-hacker-feinmechanik-08-58-38-28-03-17-1.jpg\" alt='' title='elektrotechnik-hacker-feinmechanik-08-58-38-28-03-17 (1)'  height=\"405\" width=\"1920\"  itemprop=\"thumbnailUrl\" srcset=\"https:\/\/mikrotech.sk\/wp-content\/uploads\/2023\/03\/elektrotechnik-hacker-feinmechanik-08-58-38-28-03-17-1.jpg 1920w, https:\/\/mikrotech.sk\/wp-content\/uploads\/2023\/03\/elektrotechnik-hacker-feinmechanik-08-58-38-28-03-17-1-300x63.jpg 300w, https:\/\/mikrotech.sk\/wp-content\/uploads\/2023\/03\/elektrotechnik-hacker-feinmechanik-08-58-38-28-03-17-1-1030x217.jpg 1030w, https:\/\/mikrotech.sk\/wp-content\/uploads\/2023\/03\/elektrotechnik-hacker-feinmechanik-08-58-38-28-03-17-1-768x162.jpg 768w, https:\/\/mikrotech.sk\/wp-content\/uploads\/2023\/03\/elektrotechnik-hacker-feinmechanik-08-58-38-28-03-17-1-1536x324.jpg 1536w, https:\/\/mikrotech.sk\/wp-content\/uploads\/2023\/03\/elektrotechnik-hacker-feinmechanik-08-58-38-28-03-17-1-1500x316.jpg 1500w, https:\/\/mikrotech.sk\/wp-content\/uploads\/2023\/03\/elektrotechnik-hacker-feinmechanik-08-58-38-28-03-17-1-705x149.jpg 705w\" sizes=\"(max-width: 1920px) 100vw, 1920px\" \/><\/a><\/div><\/div><\/div><br \/>\n<section  class='av_textblock_section av-lfc9wdwg-e83645fa9c8e5412c115fd74e4d7dded '   itemscope=\"itemscope\" itemtype=\"https:\/\/schema.org\/CreativeWork\" ><div class='avia_textblock'  itemprop=\"text\" ><h6><span style=\"color: #00519e;\"><a style=\"color: #00519e;\" title=\"ELECTRICAL ENGINEERING\" href=\"https:\/\/www.mikrotech.sk\/elektrotechnika\">ELECTRICAL ENGINEERING<\/a><\/span><\/h6>\n<\/div><\/section><\/p><\/div>\n<style type=\"text\/css\" data-created_by=\"avia_inline_auto\" id=\"style-css-av-cnn4q-cc320eed2a3b625866d7868d30bc4129\">\n.flex_column.av-cnn4q-cc320eed2a3b625866d7868d30bc4129{\nwidth:23.875%;\nmargin-left:1.5%;\n}\n<\/style>\n<div  class='flex_column av-cnn4q-cc320eed2a3b625866d7868d30bc4129 av_one_fourth  avia-builder-el-13  el_after_av_one_fourth  el_before_av_one_fourth  flex_column_div  column-top-margin'     ><p>\n<style type=\"text\/css\" data-created_by=\"avia_inline_auto\" id=\"style-css-av-lfc9vmbi-ac1177f4c71bf4dac542d1db97536b9b\">\n.avia-image-container.av-lfc9vmbi-ac1177f4c71bf4dac542d1db97536b9b img.avia_image{\nbox-shadow:none;\n}\n.avia-image-container.av-lfc9vmbi-ac1177f4c71bf4dac542d1db97536b9b .av-image-caption-overlay-center{\ncolor:#ffffff;\n}\n<\/style>\n<div  class='avia-image-container av-lfc9vmbi-ac1177f4c71bf4dac542d1db97536b9b av-styling- av-img-linked avia-align-center  avia-builder-el-14  el_before_av_textblock  avia-builder-el-first '   itemprop=\"image\" itemscope=\"itemscope\" itemtype=\"https:\/\/schema.org\/ImageObject\" ><div class=\"avia-image-container-inner\"><div class=\"avia-image-overlay-wrap\"><a href=\"https:\/\/mikrotech.sk\/en\/medical-technology\/\" class='avia_image '  aria-label='medizintechnik-hacker-feinmechanik-12-12-16-16-01-17 (1)'><img decoding=\"async\" fetchpriority=\"high\" class='wp-image-1775 avia-img-lazy-loading-not-1775 avia_image ' src=\"https:\/\/mikrotech.sk\/wp-content\/uploads\/2023\/03\/medizintechnik-hacker-feinmechanik-12-12-16-16-01-17-1.jpg\" alt='' title='medizintechnik-hacker-feinmechanik-12-12-16-16-01-17 (1)'  height=\"405\" width=\"1920\"  itemprop=\"thumbnailUrl\" srcset=\"https:\/\/mikrotech.sk\/wp-content\/uploads\/2023\/03\/medizintechnik-hacker-feinmechanik-12-12-16-16-01-17-1.jpg 1920w, https:\/\/mikrotech.sk\/wp-content\/uploads\/2023\/03\/medizintechnik-hacker-feinmechanik-12-12-16-16-01-17-1-300x63.jpg 300w, https:\/\/mikrotech.sk\/wp-content\/uploads\/2023\/03\/medizintechnik-hacker-feinmechanik-12-12-16-16-01-17-1-1030x217.jpg 1030w, https:\/\/mikrotech.sk\/wp-content\/uploads\/2023\/03\/medizintechnik-hacker-feinmechanik-12-12-16-16-01-17-1-768x162.jpg 768w, https:\/\/mikrotech.sk\/wp-content\/uploads\/2023\/03\/medizintechnik-hacker-feinmechanik-12-12-16-16-01-17-1-1536x324.jpg 1536w, https:\/\/mikrotech.sk\/wp-content\/uploads\/2023\/03\/medizintechnik-hacker-feinmechanik-12-12-16-16-01-17-1-1500x316.jpg 1500w, https:\/\/mikrotech.sk\/wp-content\/uploads\/2023\/03\/medizintechnik-hacker-feinmechanik-12-12-16-16-01-17-1-705x149.jpg 705w\" sizes=\"(max-width: 1920px) 100vw, 1920px\" \/><\/a><\/div><\/div><\/div><br \/>\n<section  class='av_textblock_section av-lfc9wk28-305e4fdfa4fbbcc73cc6ebe97777a89b '   itemscope=\"itemscope\" itemtype=\"https:\/\/schema.org\/CreativeWork\" ><div class='avia_textblock'  itemprop=\"text\" ><h6><span style=\"color: #00519e;\"><a style=\"color: #00519e;\" title=\"Medizintechnik\" href=\"https:\/\/www.mikrotech.sk\/zdravotnictvo\">MEDICAL ENGINEERING<\/a><\/span><\/h6>\n<\/div><\/section><\/p><\/div>\n<style type=\"text\/css\" data-created_by=\"avia_inline_auto\" id=\"style-css-av-6kw4q-4ddfd3e190715291d59e8d45b9c248a5\">\n.flex_column.av-6kw4q-4ddfd3e190715291d59e8d45b9c248a5{\nwidth:23.875%;\nmargin-left:1.5%;\n}\n<\/style>\n<div  class='flex_column av-6kw4q-4ddfd3e190715291d59e8d45b9c248a5 av_one_fourth  avia-builder-el-16  el_after_av_one_fourth  avia-builder-el-last  flex_column_div  column-top-margin'     ><p>\n<style type=\"text\/css\" data-created_by=\"avia_inline_auto\" id=\"style-css-av-lfc9vx0w-27fdf299001453ee2e841c26d21b53d1\">\n.avia-image-container.av-lfc9vx0w-27fdf299001453ee2e841c26d21b53d1 img.avia_image{\nbox-shadow:none;\n}\n.avia-image-container.av-lfc9vx0w-27fdf299001453ee2e841c26d21b53d1 .av-image-caption-overlay-center{\ncolor:#ffffff;\n}\n<\/style>\n<div  class='avia-image-container av-lfc9vx0w-27fdf299001453ee2e841c26d21b53d1 av-styling- av-img-linked avia-align-center  avia-builder-el-17  el_before_av_textblock  avia-builder-el-first '   itemprop=\"image\" itemscope=\"itemscope\" itemtype=\"https:\/\/schema.org\/ImageObject\" ><div class=\"avia-image-container-inner\"><div class=\"avia-image-overlay-wrap\"><a href=\"https:\/\/mikrotech.sk\/en\/hydraulics-and-pneumatics\/\" class='avia_image '  aria-label='hydraulik-pneumatik-hacker-feinmechanik-05-00-44-21-02-17 (1)'><img decoding=\"async\" fetchpriority=\"high\" class='wp-image-1774 avia-img-lazy-loading-not-1774 avia_image ' src=\"https:\/\/mikrotech.sk\/wp-content\/uploads\/2023\/03\/hydraulik-pneumatik-hacker-feinmechanik-05-00-44-21-02-17-1.jpg\" alt='' title='hydraulik-pneumatik-hacker-feinmechanik-05-00-44-21-02-17 (1)'  height=\"405\" width=\"1920\"  itemprop=\"thumbnailUrl\" srcset=\"https:\/\/mikrotech.sk\/wp-content\/uploads\/2023\/03\/hydraulik-pneumatik-hacker-feinmechanik-05-00-44-21-02-17-1.jpg 1920w, https:\/\/mikrotech.sk\/wp-content\/uploads\/2023\/03\/hydraulik-pneumatik-hacker-feinmechanik-05-00-44-21-02-17-1-300x63.jpg 300w, https:\/\/mikrotech.sk\/wp-content\/uploads\/2023\/03\/hydraulik-pneumatik-hacker-feinmechanik-05-00-44-21-02-17-1-1030x217.jpg 1030w, https:\/\/mikrotech.sk\/wp-content\/uploads\/2023\/03\/hydraulik-pneumatik-hacker-feinmechanik-05-00-44-21-02-17-1-768x162.jpg 768w, https:\/\/mikrotech.sk\/wp-content\/uploads\/2023\/03\/hydraulik-pneumatik-hacker-feinmechanik-05-00-44-21-02-17-1-1536x324.jpg 1536w, https:\/\/mikrotech.sk\/wp-content\/uploads\/2023\/03\/hydraulik-pneumatik-hacker-feinmechanik-05-00-44-21-02-17-1-1500x316.jpg 1500w, https:\/\/mikrotech.sk\/wp-content\/uploads\/2023\/03\/hydraulik-pneumatik-hacker-feinmechanik-05-00-44-21-02-17-1-705x149.jpg 705w\" sizes=\"(max-width: 1920px) 100vw, 1920px\" \/><\/a><\/div><\/div><\/div><br \/>\n<section  class='av_textblock_section av-lfc9wyla-f3fd9306293516a0c4a37de3d2fe4f61 '   itemscope=\"itemscope\" itemtype=\"https:\/\/schema.org\/CreativeWork\" ><div class='avia_textblock'  itemprop=\"text\" ><h6><span style=\"color: #00519e;\"><a style=\"color: #00519e;\" title=\"Hydraulics and pneumatics\" href=\"https:\/\/www.mikrotech.sk\/hydraulika-a-pneumatika\">HYDRAULICS AND PNEUMATICS<\/a><\/span><\/h6>\n<\/div><\/section><\/p><\/div><\/p>\n","protected":false},"excerpt":{"rendered":"","protected":false},"author":2,"featured_media":0,"parent":0,"menu_order":0,"comment_status":"closed","ping_status":"closed","template":"","meta":{"footnotes":""},"class_list":["post-1966","page","type-page","status-publish","hentry"],"yoast_head":"<!-- This site is optimized with the Yoast SEO plugin v27.4 - https:\/\/yoast.com\/product\/yoast-seo-wordpress\/ -->\n<title>Industries - Mikrotech s.r.o.<\/title>\n<meta name=\"robots\" content=\"index, follow, max-snippet:-1, max-image-preview:large, max-video-preview:-1\" \/>\n<link rel=\"canonical\" href=\"https:\/\/mikrotech.sk\/branchen\/\" \/>\n<meta property=\"og:locale\" content=\"en_US\" \/>\n<meta property=\"og:type\" content=\"article\" \/>\n<meta property=\"og:title\" content=\"Industries - Mikrotech s.r.o.\" \/>\n<meta property=\"og:url\" content=\"https:\/\/mikrotech.sk\/branchen\/\" \/>\n<meta property=\"og:site_name\" content=\"Mikrotech s.r.o.\" \/>\n<meta property=\"article:modified_time\" content=\"2024-12-17T14:40:24+00:00\" \/>\n<meta name=\"twitter:card\" content=\"summary_large_image\" \/>\n<meta name=\"twitter:label1\" content=\"Est. reading time\" \/>\n\t<meta name=\"twitter:data1\" content=\"22 minutes\" \/>\n<script type=\"application\/ld+json\" class=\"yoast-schema-graph\">{\"@context\":\"https:\\\/\\\/schema.org\",\"@graph\":[{\"@type\":\"WebPage\",\"@id\":\"https:\\\/\\\/mikrotech.sk\\\/branchen\\\/\",\"url\":\"https:\\\/\\\/mikrotech.sk\\\/branchen\\\/\",\"name\":\"Industries - Mikrotech s.r.o.\",\"isPartOf\":{\"@id\":\"https:\\\/\\\/mikrotech.sk\\\/sk\\\/#website\"},\"datePublished\":\"2023-03-17T07:15:40+00:00\",\"dateModified\":\"2024-12-17T14:40:24+00:00\",\"breadcrumb\":{\"@id\":\"https:\\\/\\\/mikrotech.sk\\\/branchen\\\/#breadcrumb\"},\"inLanguage\":\"en-US\",\"potentialAction\":[{\"@type\":\"ReadAction\",\"target\":[\"https:\\\/\\\/mikrotech.sk\\\/branchen\\\/\"]}]},{\"@type\":\"BreadcrumbList\",\"@id\":\"https:\\\/\\\/mikrotech.sk\\\/branchen\\\/#breadcrumb\",\"itemListElement\":[{\"@type\":\"ListItem\",\"position\":1,\"name\":\"Startseite\",\"item\":\"https:\\\/\\\/mikrotech.sk\\\/en\\\/\"},{\"@type\":\"ListItem\",\"position\":2,\"name\":\"Industries\"}]},{\"@type\":\"WebSite\",\"@id\":\"https:\\\/\\\/mikrotech.sk\\\/sk\\\/#website\",\"url\":\"https:\\\/\\\/mikrotech.sk\\\/sk\\\/\",\"name\":\"Mikrotech s.r.o.\",\"description\":\"s\u00fastru\u017een\u00e9 diely, fr\u00e9zovan\u00e9 diely, br\u00fasen\u00e9 diely\",\"potentialAction\":[{\"@type\":\"SearchAction\",\"target\":{\"@type\":\"EntryPoint\",\"urlTemplate\":\"https:\\\/\\\/mikrotech.sk\\\/sk\\\/?s={search_term_string}\"},\"query-input\":{\"@type\":\"PropertyValueSpecification\",\"valueRequired\":true,\"valueName\":\"search_term_string\"}}],\"inLanguage\":\"en-US\"}]}<\/script>\n<!-- \/ Yoast SEO plugin. -->","yoast_head_json":{"title":"Industries - Mikrotech s.r.o.","robots":{"index":"index","follow":"follow","max-snippet":"max-snippet:-1","max-image-preview":"max-image-preview:large","max-video-preview":"max-video-preview:-1"},"canonical":"https:\/\/mikrotech.sk\/branchen\/","og_locale":"en_US","og_type":"article","og_title":"Industries - Mikrotech s.r.o.","og_url":"https:\/\/mikrotech.sk\/branchen\/","og_site_name":"Mikrotech s.r.o.","article_modified_time":"2024-12-17T14:40:24+00:00","twitter_card":"summary_large_image","twitter_misc":{"Est. reading time":"22 minutes"},"schema":{"@context":"https:\/\/schema.org","@graph":[{"@type":"WebPage","@id":"https:\/\/mikrotech.sk\/branchen\/","url":"https:\/\/mikrotech.sk\/branchen\/","name":"Industries - Mikrotech s.r.o.","isPartOf":{"@id":"https:\/\/mikrotech.sk\/sk\/#website"},"datePublished":"2023-03-17T07:15:40+00:00","dateModified":"2024-12-17T14:40:24+00:00","breadcrumb":{"@id":"https:\/\/mikrotech.sk\/branchen\/#breadcrumb"},"inLanguage":"en-US","potentialAction":[{"@type":"ReadAction","target":["https:\/\/mikrotech.sk\/branchen\/"]}]},{"@type":"BreadcrumbList","@id":"https:\/\/mikrotech.sk\/branchen\/#breadcrumb","itemListElement":[{"@type":"ListItem","position":1,"name":"Startseite","item":"https:\/\/mikrotech.sk\/en\/"},{"@type":"ListItem","position":2,"name":"Industries"}]},{"@type":"WebSite","@id":"https:\/\/mikrotech.sk\/sk\/#website","url":"https:\/\/mikrotech.sk\/sk\/","name":"Mikrotech s.r.o.","description":"s\u00fastru\u017een\u00e9 diely, fr\u00e9zovan\u00e9 diely, br\u00fasen\u00e9 diely","potentialAction":[{"@type":"SearchAction","target":{"@type":"EntryPoint","urlTemplate":"https:\/\/mikrotech.sk\/sk\/?s={search_term_string}"},"query-input":{"@type":"PropertyValueSpecification","valueRequired":true,"valueName":"search_term_string"}}],"inLanguage":"en-US"}]}},"_links":{"self":[{"href":"https:\/\/mikrotech.sk\/en\/wp-json\/wp\/v2\/pages\/1966","targetHints":{"allow":["GET"]}}],"collection":[{"href":"https:\/\/mikrotech.sk\/en\/wp-json\/wp\/v2\/pages"}],"about":[{"href":"https:\/\/mikrotech.sk\/en\/wp-json\/wp\/v2\/types\/page"}],"author":[{"embeddable":true,"href":"https:\/\/mikrotech.sk\/en\/wp-json\/wp\/v2\/users\/2"}],"replies":[{"embeddable":true,"href":"https:\/\/mikrotech.sk\/en\/wp-json\/wp\/v2\/comments?post=1966"}],"version-history":[{"count":9,"href":"https:\/\/mikrotech.sk\/en\/wp-json\/wp\/v2\/pages\/1966\/revisions"}],"predecessor-version":[{"id":4277,"href":"https:\/\/mikrotech.sk\/en\/wp-json\/wp\/v2\/pages\/1966\/revisions\/4277"}],"wp:attachment":[{"href":"https:\/\/mikrotech.sk\/en\/wp-json\/wp\/v2\/media?parent=1966"}],"curies":[{"name":"wp","href":"https:\/\/api.w.org\/{rel}","templated":true}]}}