{"id":1941,"date":"2023-03-14T10:40:23","date_gmt":"2023-03-14T09:40:23","guid":{"rendered":"http:\/\/neu.hacker-feinmechanik.de\/hydraulics-and-pneumatics\/"},"modified":"2024-12-17T15:52:13","modified_gmt":"2024-12-17T14:52:13","slug":"hydraulics-and-pneumatics","status":"publish","type":"page","link":"https:\/\/mikrotech.sk\/en\/hydraulics-and-pneumatics\/","title":{"rendered":"Hydraulics and Pneumatics"},"content":{"rendered":"<div id='full_slider_1'  class='avia-fullwidth-slider main_color avia-shadow   avia-builder-el-0  el_before_av_one_half  avia-builder-el-first   container_wrap fullsize'  ><div  class='avia-slideshow av-lf84ej4v-70cb40149902a70ef1e722303397ded0 avia-slideshow-no scaling av_slideshow_full avia-slide-slider av-slideshow-ui av-control-default av-slideshow-manual av-loop-once av-loop-manual-endless av-default-height-applied   avia-slideshow-1' data-slideshow-options=\"{&quot;animation&quot;:&quot;slide&quot;,&quot;autoplay&quot;:false,&quot;loop_autoplay&quot;:&quot;once&quot;,&quot;interval&quot;:5,&quot;loop_manual&quot;:&quot;manual-endless&quot;,&quot;autoplay_stopper&quot;:false,&quot;noNavigation&quot;:false,&quot;bg_slider&quot;:false,&quot;keep_padding&quot;:false,&quot;hoverpause&quot;:false,&quot;show_slide_delay&quot;:0}\"  itemprop=\"image\" itemscope=\"itemscope\" itemtype=\"https:\/\/schema.org\/ImageObject\" ><ul class='avia-slideshow-inner ' style='padding-bottom: 21.09375%;'><li  class='avia-slideshow-slide av-lf84ej4v-70cb40149902a70ef1e722303397ded0__0  av-single-slide slide-1 slide-odd'><div data-rel='slideshow-1' class='avia-slide-wrap '   ><img decoding=\"async\" fetchpriority=\"high\" class=\"wp-image-1773 avia-img-lazy-loading-not-1773\"  src=\"https:\/\/mikrotech.sk\/wp-content\/uploads\/2023\/03\/hydraulik-pneumatik-hacker-feinmechanik-05-00-44-21-02-17.jpg\" width=\"1920\" height=\"405\" title='hydraulik-pneumatik-hacker-feinmechanik-05-00-44-21-02-17' alt=''  itemprop=\"thumbnailUrl\" srcset=\"https:\/\/mikrotech.sk\/wp-content\/uploads\/2023\/03\/hydraulik-pneumatik-hacker-feinmechanik-05-00-44-21-02-17.jpg 1920w, https:\/\/mikrotech.sk\/wp-content\/uploads\/2023\/03\/hydraulik-pneumatik-hacker-feinmechanik-05-00-44-21-02-17-300x63.jpg 300w, https:\/\/mikrotech.sk\/wp-content\/uploads\/2023\/03\/hydraulik-pneumatik-hacker-feinmechanik-05-00-44-21-02-17-1030x217.jpg 1030w, https:\/\/mikrotech.sk\/wp-content\/uploads\/2023\/03\/hydraulik-pneumatik-hacker-feinmechanik-05-00-44-21-02-17-768x162.jpg 768w, https:\/\/mikrotech.sk\/wp-content\/uploads\/2023\/03\/hydraulik-pneumatik-hacker-feinmechanik-05-00-44-21-02-17-1536x324.jpg 1536w, https:\/\/mikrotech.sk\/wp-content\/uploads\/2023\/03\/hydraulik-pneumatik-hacker-feinmechanik-05-00-44-21-02-17-1500x316.jpg 1500w, https:\/\/mikrotech.sk\/wp-content\/uploads\/2023\/03\/hydraulik-pneumatik-hacker-feinmechanik-05-00-44-21-02-17-705x149.jpg 705w\" sizes=\"(max-width: 1920px) 100vw, 1920px\" \/><\/div><\/li><\/ul><\/div><\/div><div id='after_full_slider_1'  class='main_color av_default_container_wrap container_wrap fullsize'  ><div class='container av-section-cont-open' ><div class='template-page content  av-content-full alpha units'><div class='post-entry post-entry-type-page post-entry-1941'><div class='entry-content-wrapper clearfix'>\n<div  class='flex_column av-10l9n6-0ad291537387a66bc769ae0161acbce5 av_one_half  avia-builder-el-1  el_after_av_slideshow_full  el_before_av_one_half  avia-builder-el-first  first flex_column_div  '     ><section  class='av_textblock_section av-lf84eufl-a10290007eb09e2265a2d2b1d9bdceb7 '   itemscope=\"itemscope\" itemtype=\"https:\/\/schema.org\/CreativeWork\" ><div class='avia_textblock'  itemprop=\"text\" ><h1>HYDRAULICS AND PNEUMATICS<\/h1>\n<\/div><\/section><br \/>\n\n<style type=\"text\/css\" data-created_by=\"avia_inline_auto\" id=\"style-css-av-vn6dm-c5a0c8ba0300158f3d303b214edc4716\">\n#top .hr.av-vn6dm-c5a0c8ba0300158f3d303b214edc4716{\nmargin-top:10px;\nmargin-bottom:30px;\n}\n.hr.av-vn6dm-c5a0c8ba0300158f3d303b214edc4716 .hr-inner{\nwidth:80px;\nborder-color:#00519e;\n}\n<\/style>\n<div  class='hr av-vn6dm-c5a0c8ba0300158f3d303b214edc4716 hr-custom  avia-builder-el-3  el_after_av_textblock  el_before_av_textblock  hr-left hr-icon-no'><span class='hr-inner inner-border-av-border-fat'><span class=\"hr-inner-style\"><\/span><\/span><\/div><br \/>\n<section  class='av_textblock_section av-lf84f7p1-30cb59d12f425531375d3d3bf62e3229 '   itemscope=\"itemscope\" itemtype=\"https:\/\/schema.org\/CreativeWork\" ><div class='avia_textblock'  itemprop=\"text\" ><h3><strong><span style=\"color: #00519e;\">PRECISION PARTS FOR HIGH DEMANDS<\/span><\/strong><\/h3>\n<\/div><\/section><\/p><\/div>\n<div  class='flex_column av-r2ob6-4884888f9baf46ff98a4efdb7f861217 av_one_half  avia-builder-el-5  el_after_av_one_half  el_before_av_section  avia-builder-el-last  flex_column_div  '     ><section  class='av_textblock_section av-lf84g09s-7490746e5270b50b23ca37720d9fe12a '   itemscope=\"itemscope\" itemtype=\"https:\/\/schema.org\/CreativeWork\" ><div class='avia_textblock'  itemprop=\"text\" ><p>MIKROTECH produces high-end turning parts, milling parts and mechanical components made from metal and used for sophisticated applications in <strong>hydraulics and pneumatics<\/strong>, e. g<\/p>\n<ul>\n<li>cutting tools e.g. for the rescue missions <\/li>\n<li>hose line systems<\/li>\n<li>pipe systems<\/li>\n<li>valve guides<\/li>\n<li>landing gears<\/li>\n<\/ul>\n<\/div><\/section><\/div>\n<\/div><\/div><\/div><!-- close content main div --><\/div><\/div>\n<style type=\"text\/css\" data-created_by=\"avia_inline_auto\" id=\"style-css-av-lhpypg61-865c58a3f3097c6ad765addedf530229\">\n.avia-section.av-lhpypg61-865c58a3f3097c6ad765addedf530229{\nbackground-color:#00519e;\nbackground-image:unset;\n}\n<\/style>\n<div id='av_section_1'  class='avia-section av-lhpypg61-865c58a3f3097c6ad765addedf530229 main_color avia-section-default avia-no-border-styling  avia-builder-el-7  el_after_av_one_half  avia-builder-el-last  avia-bg-style-scroll container_wrap fullsize'  ><div class='container av-section-cont-open' ><div class='template-page content  av-content-full alpha units'><div class='post-entry post-entry-type-page post-entry-1941'><div class='entry-content-wrapper clearfix'>\n<div  class='flex_column av-esb5m-b49d490e33adceddbd0b40dfd0f679ad av_one_half  avia-builder-el-8  el_before_av_one_half  avia-builder-el-first  first flex_column_div  '     ><style type=\"text\/css\" data-created_by=\"avia_inline_auto\" id=\"style-css-av-lf84gneq-0ec7e5af720801b9006069caf0712de0\">\n#top .av_textblock_section.av-lf84gneq-0ec7e5af720801b9006069caf0712de0 .avia_textblock{\nfont-size:36px;\ntext-align:center;\n}\n\n@media only screen and (max-width: 479px){ \n#top .av_textblock_section.av-lf84gneq-0ec7e5af720801b9006069caf0712de0 .avia_textblock{\nfont-size:28px;\n}\n}\n<\/style>\n<section  class='av_textblock_section av-lf84gneq-0ec7e5af720801b9006069caf0712de0 '   itemscope=\"itemscope\" itemtype=\"https:\/\/schema.org\/CreativeWork\" ><div class='avia_textblock'  itemprop=\"text\" ><div style=\"text-align: left;\"><span style=\"color: #ffffff;\">CONTACT PERSON:<\/span><\/div>\n<\/div><\/section><br \/>\n\n<style type=\"text\/css\" data-created_by=\"avia_inline_auto\" id=\"style-css-av-lf84e9q9-126c3a7a9d64977899216c904a050699\">\n#top .hr.av-lf84e9q9-126c3a7a9d64977899216c904a050699{\nmargin-top:10px;\nmargin-bottom:30px;\n}\n.hr.av-lf84e9q9-126c3a7a9d64977899216c904a050699 .hr-inner{\nwidth:80px;\nborder-color:#ffffff;\n}\n<\/style>\n<div  class='hr av-lf84e9q9-126c3a7a9d64977899216c904a050699 hr-custom  avia-builder-el-10  el_after_av_textblock  avia-builder-el-last  hr-left hr-icon-no'><span class='hr-inner inner-border-av-border-fat'><span class=\"hr-inner-style\"><\/span><\/span><\/div><\/p><\/div><div  class='flex_column av-6uys2-2cc7b3c13046b8cb94fb35703efbb664 av_one_half  avia-builder-el-11  el_after_av_one_half  avia-builder-el-last  flex_column_div  '     ><section  class='av_textblock_section av-lf84gxfa-16cb38063a471de9746280ce7d8f8275 '   itemscope=\"itemscope\" itemtype=\"https:\/\/schema.org\/CreativeWork\" ><div class='avia_textblock'  itemprop=\"text\" ><h3><strong><span style=\"color: #ffffff;\">FRANTI\u0160EK LI\u0160AN\u00cdK<\/span><\/strong><\/h3>\n<\/div><\/section><br \/>\n\n<style type=\"text\/css\" data-created_by=\"avia_inline_auto\" id=\"style-css-av-9cwfm-0e36599b3ad8611c2809fc57833b5530\">\n#top .hr.hr-invisible.av-9cwfm-0e36599b3ad8611c2809fc57833b5530{\nheight:15px;\n}\n<\/style>\n<div  class='hr av-9cwfm-0e36599b3ad8611c2809fc57833b5530 hr-invisible  avia-builder-el-13  el_after_av_textblock  el_before_av_icon_box '><span class='hr-inner '><span class=\"hr-inner-style\"><\/span><\/span><\/div><br \/>\n\n<style type=\"text\/css\" data-created_by=\"avia_inline_auto\" id=\"style-css-av-lhpyo2jf-32bd74a2e67299c98d28085cc42e14e7\">\n.iconbox.av-lhpyo2jf-32bd74a2e67299c98d28085cc42e14e7 .iconbox_icon{\ncolor:#ffffff;\n}\n.iconbox.av-lhpyo2jf-32bd74a2e67299c98d28085cc42e14e7 .iconbox_icon.avia-svg-icon svg:first-child{\nfill:#ffffff;\nstroke:#ffffff;\n}\n<\/style>\n<article  class='iconbox iconbox_left av-lhpyo2jf-32bd74a2e67299c98d28085cc42e14e7  avia-builder-el-14  el_after_av_hr  el_before_av_icon_box '  itemscope=\"itemscope\" itemtype=\"https:\/\/schema.org\/CreativeWork\" ><div class=\"iconbox_content\"><header class=\"entry-content-header\" aria-label=\"Icon: \"><div class='iconbox_icon heading-color avia-iconfont avia-font-entypo-fontello' data-av_icon='\ue854' data-av_iconfont='entypo-fontello'  ><\/div><\/header><div class='iconbox_content_container '  itemprop=\"text\" ><h3><strong><span style=\"color: #ffffff;\">  +421 42 4305 012<\/span><\/strong><\/h3>\n<\/div><\/div><footer class=\"entry-footer\"><\/footer><\/article><br \/>\n\n<style type=\"text\/css\" data-created_by=\"avia_inline_auto\" id=\"style-css-av-lhpym8oa-bbdff3bd6bc8d2f334622176636bfff6\">\n.iconbox.av-lhpym8oa-bbdff3bd6bc8d2f334622176636bfff6 .iconbox_icon{\ncolor:#ffffff;\n}\n.iconbox.av-lhpym8oa-bbdff3bd6bc8d2f334622176636bfff6 .iconbox_icon.avia-svg-icon svg:first-child{\nfill:#ffffff;\nstroke:#ffffff;\n}\n<\/style>\n<article  class='iconbox iconbox_left av-lhpym8oa-bbdff3bd6bc8d2f334622176636bfff6  avia-builder-el-15  el_after_av_icon_box  avia-builder-el-last '  itemscope=\"itemscope\" itemtype=\"https:\/\/schema.org\/CreativeWork\" ><div class=\"iconbox_content\"><header class=\"entry-content-header\" aria-label=\"Icon: \"><div class='iconbox_icon heading-color avia-iconfont avia-font-entypo-fontello' data-av_icon='\ue805' data-av_iconfont='entypo-fontello'  ><\/div><\/header><div class='iconbox_content_container '  itemprop=\"text\" ><h3><strong><span style=\"color: #ffffff;\"><a style=\"color: #ffffff;\" href=\"mailto:F.LISANIK@MIKROTECH.SK\">  F.LISANIK@MIKROTECH.SK<\/a><\/span><\/strong><\/h3>\n<\/div><\/div><footer class=\"entry-footer\"><\/footer><\/article><\/p><\/div>\n","protected":false},"excerpt":{"rendered":"","protected":false},"author":2,"featured_media":0,"parent":0,"menu_order":0,"comment_status":"closed","ping_status":"closed","template":"","meta":{"footnotes":""},"class_list":["post-1941","page","type-page","status-publish","hentry"],"yoast_head":"<!-- This site is optimized with the Yoast SEO plugin v27.4 - https:\/\/yoast.com\/product\/yoast-seo-wordpress\/ -->\n<title>Hydraulics and Pneumatics - Mikrotech s.r.o.<\/title>\n<meta name=\"robots\" content=\"index, follow, max-snippet:-1, max-image-preview:large, max-video-preview:-1\" \/>\n<link rel=\"canonical\" href=\"https:\/\/mikrotech.sk\/hydraulik-und-pneumatik\/\" \/>\n<meta property=\"og:locale\" content=\"en_US\" \/>\n<meta property=\"og:type\" content=\"article\" \/>\n<meta property=\"og:title\" content=\"Hydraulics and Pneumatics - Mikrotech s.r.o.\" \/>\n<meta property=\"og:url\" content=\"https:\/\/mikrotech.sk\/hydraulik-und-pneumatik\/\" \/>\n<meta property=\"og:site_name\" content=\"Mikrotech s.r.o.\" \/>\n<meta property=\"article:modified_time\" content=\"2024-12-17T14:52:13+00:00\" \/>\n<meta name=\"twitter:card\" content=\"summary_large_image\" \/>\n<meta name=\"twitter:label1\" content=\"Est. reading time\" \/>\n\t<meta name=\"twitter:data1\" content=\"14 minutes\" \/>\n<script type=\"application\/ld+json\" class=\"yoast-schema-graph\">{\"@context\":\"https:\\\/\\\/schema.org\",\"@graph\":[{\"@type\":\"WebPage\",\"@id\":\"https:\\\/\\\/mikrotech.sk\\\/hydraulik-und-pneumatik\\\/\",\"url\":\"https:\\\/\\\/mikrotech.sk\\\/hydraulik-und-pneumatik\\\/\",\"name\":\"Hydraulics and Pneumatics - Mikrotech s.r.o.\",\"isPartOf\":{\"@id\":\"https:\\\/\\\/mikrotech.sk\\\/sk\\\/#website\"},\"datePublished\":\"2023-03-14T09:40:23+00:00\",\"dateModified\":\"2024-12-17T14:52:13+00:00\",\"breadcrumb\":{\"@id\":\"https:\\\/\\\/mikrotech.sk\\\/hydraulik-und-pneumatik\\\/#breadcrumb\"},\"inLanguage\":\"en-US\",\"potentialAction\":[{\"@type\":\"ReadAction\",\"target\":[\"https:\\\/\\\/mikrotech.sk\\\/hydraulik-und-pneumatik\\\/\"]}]},{\"@type\":\"BreadcrumbList\",\"@id\":\"https:\\\/\\\/mikrotech.sk\\\/hydraulik-und-pneumatik\\\/#breadcrumb\",\"itemListElement\":[{\"@type\":\"ListItem\",\"position\":1,\"name\":\"Startseite\",\"item\":\"https:\\\/\\\/mikrotech.sk\\\/en\\\/\"},{\"@type\":\"ListItem\",\"position\":2,\"name\":\"Hydraulics and Pneumatics\"}]},{\"@type\":\"WebSite\",\"@id\":\"https:\\\/\\\/mikrotech.sk\\\/sk\\\/#website\",\"url\":\"https:\\\/\\\/mikrotech.sk\\\/sk\\\/\",\"name\":\"Mikrotech s.r.o.\",\"description\":\"s\u00fastru\u017een\u00e9 diely, fr\u00e9zovan\u00e9 diely, br\u00fasen\u00e9 diely\",\"potentialAction\":[{\"@type\":\"SearchAction\",\"target\":{\"@type\":\"EntryPoint\",\"urlTemplate\":\"https:\\\/\\\/mikrotech.sk\\\/sk\\\/?s={search_term_string}\"},\"query-input\":{\"@type\":\"PropertyValueSpecification\",\"valueRequired\":true,\"valueName\":\"search_term_string\"}}],\"inLanguage\":\"en-US\"}]}<\/script>\n<!-- \/ Yoast SEO plugin. -->","yoast_head_json":{"title":"Hydraulics and Pneumatics - Mikrotech s.r.o.","robots":{"index":"index","follow":"follow","max-snippet":"max-snippet:-1","max-image-preview":"max-image-preview:large","max-video-preview":"max-video-preview:-1"},"canonical":"https:\/\/mikrotech.sk\/hydraulik-und-pneumatik\/","og_locale":"en_US","og_type":"article","og_title":"Hydraulics and Pneumatics - Mikrotech s.r.o.","og_url":"https:\/\/mikrotech.sk\/hydraulik-und-pneumatik\/","og_site_name":"Mikrotech s.r.o.","article_modified_time":"2024-12-17T14:52:13+00:00","twitter_card":"summary_large_image","twitter_misc":{"Est. reading time":"14 minutes"},"schema":{"@context":"https:\/\/schema.org","@graph":[{"@type":"WebPage","@id":"https:\/\/mikrotech.sk\/hydraulik-und-pneumatik\/","url":"https:\/\/mikrotech.sk\/hydraulik-und-pneumatik\/","name":"Hydraulics and Pneumatics - Mikrotech s.r.o.","isPartOf":{"@id":"https:\/\/mikrotech.sk\/sk\/#website"},"datePublished":"2023-03-14T09:40:23+00:00","dateModified":"2024-12-17T14:52:13+00:00","breadcrumb":{"@id":"https:\/\/mikrotech.sk\/hydraulik-und-pneumatik\/#breadcrumb"},"inLanguage":"en-US","potentialAction":[{"@type":"ReadAction","target":["https:\/\/mikrotech.sk\/hydraulik-und-pneumatik\/"]}]},{"@type":"BreadcrumbList","@id":"https:\/\/mikrotech.sk\/hydraulik-und-pneumatik\/#breadcrumb","itemListElement":[{"@type":"ListItem","position":1,"name":"Startseite","item":"https:\/\/mikrotech.sk\/en\/"},{"@type":"ListItem","position":2,"name":"Hydraulics and Pneumatics"}]},{"@type":"WebSite","@id":"https:\/\/mikrotech.sk\/sk\/#website","url":"https:\/\/mikrotech.sk\/sk\/","name":"Mikrotech s.r.o.","description":"s\u00fastru\u017een\u00e9 diely, fr\u00e9zovan\u00e9 diely, br\u00fasen\u00e9 diely","potentialAction":[{"@type":"SearchAction","target":{"@type":"EntryPoint","urlTemplate":"https:\/\/mikrotech.sk\/sk\/?s={search_term_string}"},"query-input":{"@type":"PropertyValueSpecification","valueRequired":true,"valueName":"search_term_string"}}],"inLanguage":"en-US"}]}},"_links":{"self":[{"href":"https:\/\/mikrotech.sk\/en\/wp-json\/wp\/v2\/pages\/1941","targetHints":{"allow":["GET"]}}],"collection":[{"href":"https:\/\/mikrotech.sk\/en\/wp-json\/wp\/v2\/pages"}],"about":[{"href":"https:\/\/mikrotech.sk\/en\/wp-json\/wp\/v2\/types\/page"}],"author":[{"embeddable":true,"href":"https:\/\/mikrotech.sk\/en\/wp-json\/wp\/v2\/users\/2"}],"replies":[{"embeddable":true,"href":"https:\/\/mikrotech.sk\/en\/wp-json\/wp\/v2\/comments?post=1941"}],"version-history":[{"count":6,"href":"https:\/\/mikrotech.sk\/en\/wp-json\/wp\/v2\/pages\/1941\/revisions"}],"predecessor-version":[{"id":4297,"href":"https:\/\/mikrotech.sk\/en\/wp-json\/wp\/v2\/pages\/1941\/revisions\/4297"}],"wp:attachment":[{"href":"https:\/\/mikrotech.sk\/en\/wp-json\/wp\/v2\/media?parent=1941"}],"curies":[{"name":"wp","href":"https:\/\/api.w.org\/{rel}","templated":true}]}}