{"id":1937,"date":"2023-03-14T10:25:41","date_gmt":"2023-03-14T09:25:41","guid":{"rendered":"http:\/\/neu.hacker-feinmechanik.de\/mechanical-engineering\/"},"modified":"2023-10-31T15:31:04","modified_gmt":"2023-10-31T15:31:04","slug":"mechanical-engineering","status":"publish","type":"page","link":"https:\/\/mikrotech.sk\/en\/mechanical-engineering\/","title":{"rendered":"Mechanical Engineering"},"content":{"rendered":"<div id='full_slider_1'  class='avia-fullwidth-slider main_color avia-shadow   avia-builder-el-0  el_before_av_one_half  avia-builder-el-first   container_wrap fullsize'  ><div  class='avia-slideshow av-h1rd-b3d943cb5b9207c9534150e8be703a55 avia-slideshow-no scaling av_slideshow_full avia-slide-slider av-slideshow-ui av-control-default av-slideshow-manual av-loop-once av-loop-manual-endless av-default-height-applied   avia-slideshow-1' data-slideshow-options=\"{&quot;animation&quot;:&quot;slide&quot;,&quot;autoplay&quot;:false,&quot;loop_autoplay&quot;:&quot;once&quot;,&quot;interval&quot;:5,&quot;loop_manual&quot;:&quot;manual-endless&quot;,&quot;autoplay_stopper&quot;:false,&quot;noNavigation&quot;:false,&quot;bg_slider&quot;:false,&quot;keep_padding&quot;:false,&quot;hoverpause&quot;:false,&quot;show_slide_delay&quot;:0}\"  itemprop=\"image\" itemscope=\"itemscope\" itemtype=\"https:\/\/schema.org\/ImageObject\" ><ul class='avia-slideshow-inner ' style='padding-bottom: 21.09375%;'><li  class='avia-slideshow-slide av-h1rd-b3d943cb5b9207c9534150e8be703a55__0  av-single-slide slide-1 slide-odd'><div data-rel='slideshow-1' class='avia-slide-wrap '   ><img decoding=\"async\" fetchpriority=\"high\" class=\"wp-image-1770 avia-img-lazy-loading-not-1770\"  src=\"https:\/\/mikrotech.sk\/wp-content\/uploads\/2023\/03\/maschinenbau-hacker-feinmechanik-05-27-34-21-02-17.jpg\" width=\"1920\" height=\"405\" title='maschinenbau-hacker-feinmechanik-05-27-34-21-02-17' alt=''  itemprop=\"thumbnailUrl\" srcset=\"https:\/\/mikrotech.sk\/wp-content\/uploads\/2023\/03\/maschinenbau-hacker-feinmechanik-05-27-34-21-02-17.jpg 1920w, https:\/\/mikrotech.sk\/wp-content\/uploads\/2023\/03\/maschinenbau-hacker-feinmechanik-05-27-34-21-02-17-300x63.jpg 300w, https:\/\/mikrotech.sk\/wp-content\/uploads\/2023\/03\/maschinenbau-hacker-feinmechanik-05-27-34-21-02-17-1030x217.jpg 1030w, https:\/\/mikrotech.sk\/wp-content\/uploads\/2023\/03\/maschinenbau-hacker-feinmechanik-05-27-34-21-02-17-768x162.jpg 768w, https:\/\/mikrotech.sk\/wp-content\/uploads\/2023\/03\/maschinenbau-hacker-feinmechanik-05-27-34-21-02-17-1536x324.jpg 1536w, https:\/\/mikrotech.sk\/wp-content\/uploads\/2023\/03\/maschinenbau-hacker-feinmechanik-05-27-34-21-02-17-1500x316.jpg 1500w, https:\/\/mikrotech.sk\/wp-content\/uploads\/2023\/03\/maschinenbau-hacker-feinmechanik-05-27-34-21-02-17-705x149.jpg 705w\" sizes=\"(max-width: 1920px) 100vw, 1920px\" \/><\/div><\/li><\/ul><\/div><\/div><div id='after_full_slider_1'  class='main_color av_default_container_wrap container_wrap fullsize'  ><div class='container av-section-cont-open' ><div class='template-page content  av-content-full alpha units'><div class='post-entry post-entry-type-page post-entry-1937'><div class='entry-content-wrapper clearfix'>\n<div  class='flex_column av-11pmk9-d22a8414ab5c7a66d58c2a858c6c2752 av_one_half  avia-builder-el-1  el_after_av_slideshow_full  el_before_av_one_half  avia-builder-el-first  first flex_column_div  '     ><section  class='av_textblock_section av-lf83xij3-efd5a06edd39d04d9d6474381353dac3 '   itemscope=\"itemscope\" itemtype=\"https:\/\/schema.org\/CreativeWork\" ><div class='avia_textblock'  itemprop=\"text\" ><h2>MECHANICAL ENGINEERING<\/h2>\n<\/div><\/section><br \/>\n\n<style type=\"text\/css\" data-created_by=\"avia_inline_auto\" id=\"style-css-av-3bkch-3112ef18c7cb91b496b2e85b1ea14964\">\n#top .hr.av-3bkch-3112ef18c7cb91b496b2e85b1ea14964{\nmargin-top:10px;\nmargin-bottom:30px;\n}\n.hr.av-3bkch-3112ef18c7cb91b496b2e85b1ea14964 .hr-inner{\nwidth:80px;\nborder-color:#00519e;\n}\n<\/style>\n<div  class='hr av-3bkch-3112ef18c7cb91b496b2e85b1ea14964 hr-custom  avia-builder-el-3  el_after_av_textblock  el_before_av_textblock  hr-left hr-icon-no'><span class='hr-inner inner-border-av-border-fat'><span class=\"hr-inner-style\"><\/span><\/span><\/div><br \/>\n<section  class='av_textblock_section av-lf83xou0-b66113515470d2aefd17d06a02439d1f '   itemscope=\"itemscope\" itemtype=\"https:\/\/schema.org\/CreativeWork\" ><div class='avia_textblock'  itemprop=\"text\" ><h3><strong><span style=\"color: #00519e;\">PRECISION PARTS FOR INDUSTRY<\/span><\/strong><\/h3>\n<\/div><\/section><\/p><\/div>\n<div  class='flex_column av-rnkm1-b700f8dc6a56d0dae30e42cc51e2b3d9 av_one_half  avia-builder-el-5  el_after_av_one_half  el_before_av_section  avia-builder-el-last  flex_column_div  '     ><section  class='av_textblock_section av-lf83y0nf-dd3d2823847dd4c065cb383ee8e3e4d0 '   itemscope=\"itemscope\" itemtype=\"https:\/\/schema.org\/CreativeWork\" ><div class='avia_textblock'  itemprop=\"text\" ><p>Our company Hacker Feinmechanik GmbH has been manufacturing precision parts for <strong><span style=\"color: #000000;\">mechanical engineering<\/span><\/strong> for many years now. We are considered a competent and reliable partner in this industrial sector.<\/p>\n<h5><span style=\"color: #00519e;\">We specialize in precision parts for mechanical engineering<\/span><\/h5>\n<p>Being a supplier for mechanical engineering, over the course of the years it became clear we had to fulfil certain requirements. That&#8217;s why we decided to specialize in small and medium scale lot sizes and corresponding execution of production processes &#8211; a successful model that is still working today.<\/p>\n<h5><span style=\"color: #00519e;\">High-quality solutions for diverse applications<\/span><\/h5>\n<p>The are numerous application possibilities for our turning parts, milling parts and mechanical components made from a broad range of metals. We are producing high-quality precision parts for manufacturers within a wide range of industries:<\/p>\n<ul>\n<li>printing presses<\/li>\n<li>cleaning systems<\/li>\n<li>packaging plants<\/li>\n<li>tooling<\/li>\n<li>fastening and fixing technology<\/li>\n<\/ul>\n<p>Would you like to learn more on this subject? We will be pleased to provide assistance and advice.<\/p>\n<\/div><\/section><\/div>\n<\/div><\/div><\/div><!-- close content main div --><\/div><\/div>\n<style type=\"text\/css\" data-created_by=\"avia_inline_auto\" id=\"style-css-av-lhpzseax-cfd6f9bb486f06dcbc4f22bc427d4f8d\">\n.avia-section.av-lhpzseax-cfd6f9bb486f06dcbc4f22bc427d4f8d{\nbackground-color:#00519e;\nbackground-image:unset;\n}\n<\/style>\n<div id='av_section_1'  class='avia-section av-lhpzseax-cfd6f9bb486f06dcbc4f22bc427d4f8d main_color avia-section-default avia-no-border-styling  avia-builder-el-7  el_after_av_one_half  avia-builder-el-last  avia-bg-style-scroll container_wrap fullsize'  ><div class='container av-section-cont-open' ><div class='template-page content  av-content-full alpha units'><div class='post-entry post-entry-type-page post-entry-1937'><div class='entry-content-wrapper clearfix'>\n<div  class='flex_column av-gw52x-a4091330903f7238a3ea05d91e485802 av_one_half  avia-builder-el-8  el_before_av_one_half  avia-builder-el-first  first flex_column_div  '     ><style type=\"text\/css\" data-created_by=\"avia_inline_auto\" id=\"style-css-av-lf841d8p-70ac11b2ea152ffebc2aeb04424c38a3\">\n#top .av_textblock_section.av-lf841d8p-70ac11b2ea152ffebc2aeb04424c38a3 .avia_textblock{\nfont-size:36px;\ntext-align:center;\n}\n\n@media only screen and (max-width: 479px){ \n#top .av_textblock_section.av-lf841d8p-70ac11b2ea152ffebc2aeb04424c38a3 .avia_textblock{\nfont-size:28px;\n}\n}\n<\/style>\n<section  class='av_textblock_section av-lf841d8p-70ac11b2ea152ffebc2aeb04424c38a3 '   itemscope=\"itemscope\" itemtype=\"https:\/\/schema.org\/CreativeWork\" ><div class='avia_textblock'  itemprop=\"text\" ><div style=\"text-align: left;\"><span style=\"color: #ffffff;\">YOUR CONTACT:<\/span><\/div>\n<\/div><\/section><br \/>\n\n<style type=\"text\/css\" data-created_by=\"avia_inline_auto\" id=\"style-css-av-9bqr5-e2952f05ce071f80af42e2f4647ac812\">\n#top .hr.av-9bqr5-e2952f05ce071f80af42e2f4647ac812{\nmargin-top:10px;\nmargin-bottom:30px;\n}\n.hr.av-9bqr5-e2952f05ce071f80af42e2f4647ac812 .hr-inner{\nwidth:80px;\nborder-color:#ffffff;\n}\n<\/style>\n<div  class='hr av-9bqr5-e2952f05ce071f80af42e2f4647ac812 hr-custom  avia-builder-el-10  el_after_av_textblock  avia-builder-el-last  hr-left hr-icon-no'><span class='hr-inner inner-border-av-border-fat'><span class=\"hr-inner-style\"><\/span><\/span><\/div><\/p><\/div><div  class='flex_column av-7071d-01cbf7177437f45560216b96f2b613f8 av_one_half  avia-builder-el-11  el_after_av_one_half  avia-builder-el-last  flex_column_div  '     ><section  class='av_textblock_section av-lf841sct-47e6ec09578ef9543658dd08ce791332 '   itemscope=\"itemscope\" itemtype=\"https:\/\/schema.org\/CreativeWork\" ><div class='avia_textblock'  itemprop=\"text\" ><h3><strong><span style=\"color: #ffffff;\">MICHAEL BESENDORFER<\/span><\/strong><\/h3>\n<\/div><\/section><br \/>\n\n<style type=\"text\/css\" data-created_by=\"avia_inline_auto\" id=\"style-css-av-bbcop-dea0d2d4b6049efd23a9be5fe6d714eb\">\n#top .hr.hr-invisible.av-bbcop-dea0d2d4b6049efd23a9be5fe6d714eb{\nheight:15px;\n}\n<\/style>\n<div  class='hr av-bbcop-dea0d2d4b6049efd23a9be5fe6d714eb hr-invisible  avia-builder-el-13  el_after_av_textblock  el_before_av_icon_box '><span class='hr-inner '><span class=\"hr-inner-style\"><\/span><\/span><\/div><br \/>\n\n<style type=\"text\/css\" data-created_by=\"avia_inline_auto\" id=\"style-css-av-lhpzgbqt-ada97604c28c4b00b53a0994bab4e668\">\n.iconbox.av-lhpzgbqt-ada97604c28c4b00b53a0994bab4e668 .iconbox_icon{\ncolor:#ffffff;\n}\n.iconbox.av-lhpzgbqt-ada97604c28c4b00b53a0994bab4e668 .iconbox_icon.avia-svg-icon svg:first-child{\nfill:#ffffff;\nstroke:#ffffff;\n}\n<\/style>\n<article  class='iconbox iconbox_left av-lhpzgbqt-ada97604c28c4b00b53a0994bab4e668  avia-builder-el-14  el_after_av_hr  el_before_av_icon_box '  itemscope=\"itemscope\" itemtype=\"https:\/\/schema.org\/CreativeWork\" ><div class=\"iconbox_content\"><header class=\"entry-content-header\" aria-label=\"Icon: \"><div class='iconbox_icon heading-color avia-iconfont avia-font-entypo-fontello' data-av_icon='\ue854' data-av_iconfont='entypo-fontello'  ><\/div><\/header><div class='iconbox_content_container '  itemprop=\"text\" ><h3><span style=\"color: #ffffff;\"><strong>  +49 991 99800-36<\/strong><\/span><\/h3>\n<\/div><\/div><footer class=\"entry-footer\"><\/footer><\/article><br \/>\n\n<style type=\"text\/css\" data-created_by=\"avia_inline_auto\" id=\"style-css-av-lhpzfolj-1d1b91e2d742dccf0e28641114cc650b\">\n.iconbox.av-lhpzfolj-1d1b91e2d742dccf0e28641114cc650b .iconbox_icon{\ncolor:#ffffff;\n}\n.iconbox.av-lhpzfolj-1d1b91e2d742dccf0e28641114cc650b .iconbox_icon.avia-svg-icon svg:first-child{\nfill:#ffffff;\nstroke:#ffffff;\n}\n<\/style>\n<article  class='iconbox iconbox_left av-lhpzfolj-1d1b91e2d742dccf0e28641114cc650b  avia-builder-el-15  el_after_av_icon_box  avia-builder-el-last '  itemscope=\"itemscope\" itemtype=\"https:\/\/schema.org\/CreativeWork\" ><div class=\"iconbox_content\"><header class=\"entry-content-header\" aria-label=\"Icon: \"><div class='iconbox_icon heading-color avia-iconfont avia-font-entypo-fontello' data-av_icon='\ue805' data-av_iconfont='entypo-fontello'  ><\/div><\/header><div class='iconbox_content_container '  itemprop=\"text\" ><h3><strong><span style=\"color: #ffffff;\"><a style=\"color: #ffffff;\" href=\"mailto:m.besendorfer@hf.sikora-webdesign.de\">  M.BESENDORFER@hf.sikora-webdesign.de<\/a><\/span><\/strong><\/h3>\n<\/div><\/div><footer class=\"entry-footer\"><\/footer><\/article><\/p><\/div>\n","protected":false},"excerpt":{"rendered":"","protected":false},"author":2,"featured_media":0,"parent":0,"menu_order":0,"comment_status":"closed","ping_status":"closed","template":"","meta":{"footnotes":""},"class_list":["post-1937","page","type-page","status-publish","hentry"],"yoast_head":"<!-- This site is optimized with the Yoast SEO plugin v27.5 - https:\/\/yoast.com\/product\/yoast-seo-wordpress\/ -->\n<title>Mechanical Engineering - Mikrotech s.r.o.<\/title>\n<meta name=\"robots\" content=\"index, follow, max-snippet:-1, max-image-preview:large, max-video-preview:-1\" \/>\n<link rel=\"canonical\" href=\"https:\/\/mikrotech.sk\/maschinenbau\/\" \/>\n<meta property=\"og:locale\" content=\"en_US\" \/>\n<meta property=\"og:type\" content=\"article\" \/>\n<meta property=\"og:title\" content=\"Mechanical Engineering - Mikrotech s.r.o.\" \/>\n<meta property=\"og:url\" content=\"https:\/\/mikrotech.sk\/maschinenbau\/\" \/>\n<meta property=\"og:site_name\" content=\"Mikrotech s.r.o.\" \/>\n<meta property=\"article:modified_time\" content=\"2023-10-31T15:31:04+00:00\" \/>\n<meta name=\"twitter:card\" content=\"summary_large_image\" \/>\n<meta name=\"twitter:label1\" content=\"Est. reading time\" \/>\n\t<meta name=\"twitter:data1\" content=\"10 minutes\" \/>\n<script type=\"application\/ld+json\" class=\"yoast-schema-graph\">{\"@context\":\"https:\\\/\\\/schema.org\",\"@graph\":[{\"@type\":\"WebPage\",\"@id\":\"https:\\\/\\\/mikrotech.sk\\\/maschinenbau\\\/\",\"url\":\"https:\\\/\\\/mikrotech.sk\\\/maschinenbau\\\/\",\"name\":\"Mechanical Engineering - Mikrotech s.r.o.\",\"isPartOf\":{\"@id\":\"https:\\\/\\\/mikrotech.sk\\\/sk\\\/#website\"},\"datePublished\":\"2023-03-14T09:25:41+00:00\",\"dateModified\":\"2023-10-31T15:31:04+00:00\",\"breadcrumb\":{\"@id\":\"https:\\\/\\\/mikrotech.sk\\\/maschinenbau\\\/#breadcrumb\"},\"inLanguage\":\"en-US\",\"potentialAction\":[{\"@type\":\"ReadAction\",\"target\":[\"https:\\\/\\\/mikrotech.sk\\\/maschinenbau\\\/\"]}]},{\"@type\":\"BreadcrumbList\",\"@id\":\"https:\\\/\\\/mikrotech.sk\\\/maschinenbau\\\/#breadcrumb\",\"itemListElement\":[{\"@type\":\"ListItem\",\"position\":1,\"name\":\"Startseite\",\"item\":\"https:\\\/\\\/mikrotech.sk\\\/en\\\/\"},{\"@type\":\"ListItem\",\"position\":2,\"name\":\"Mechanical Engineering\"}]},{\"@type\":\"WebSite\",\"@id\":\"https:\\\/\\\/mikrotech.sk\\\/sk\\\/#website\",\"url\":\"https:\\\/\\\/mikrotech.sk\\\/sk\\\/\",\"name\":\"Mikrotech s.r.o.\",\"description\":\"s\u00fastru\u017een\u00e9 diely, fr\u00e9zovan\u00e9 diely, br\u00fasen\u00e9 diely\",\"potentialAction\":[{\"@type\":\"SearchAction\",\"target\":{\"@type\":\"EntryPoint\",\"urlTemplate\":\"https:\\\/\\\/mikrotech.sk\\\/sk\\\/?s={search_term_string}\"},\"query-input\":{\"@type\":\"PropertyValueSpecification\",\"valueRequired\":true,\"valueName\":\"search_term_string\"}}],\"inLanguage\":\"en-US\"}]}<\/script>\n<!-- \/ Yoast SEO plugin. -->","yoast_head_json":{"title":"Mechanical Engineering - Mikrotech s.r.o.","robots":{"index":"index","follow":"follow","max-snippet":"max-snippet:-1","max-image-preview":"max-image-preview:large","max-video-preview":"max-video-preview:-1"},"canonical":"https:\/\/mikrotech.sk\/maschinenbau\/","og_locale":"en_US","og_type":"article","og_title":"Mechanical Engineering - Mikrotech s.r.o.","og_url":"https:\/\/mikrotech.sk\/maschinenbau\/","og_site_name":"Mikrotech s.r.o.","article_modified_time":"2023-10-31T15:31:04+00:00","twitter_card":"summary_large_image","twitter_misc":{"Est. reading time":"10 minutes"},"schema":{"@context":"https:\/\/schema.org","@graph":[{"@type":"WebPage","@id":"https:\/\/mikrotech.sk\/maschinenbau\/","url":"https:\/\/mikrotech.sk\/maschinenbau\/","name":"Mechanical Engineering - Mikrotech s.r.o.","isPartOf":{"@id":"https:\/\/mikrotech.sk\/sk\/#website"},"datePublished":"2023-03-14T09:25:41+00:00","dateModified":"2023-10-31T15:31:04+00:00","breadcrumb":{"@id":"https:\/\/mikrotech.sk\/maschinenbau\/#breadcrumb"},"inLanguage":"en-US","potentialAction":[{"@type":"ReadAction","target":["https:\/\/mikrotech.sk\/maschinenbau\/"]}]},{"@type":"BreadcrumbList","@id":"https:\/\/mikrotech.sk\/maschinenbau\/#breadcrumb","itemListElement":[{"@type":"ListItem","position":1,"name":"Startseite","item":"https:\/\/mikrotech.sk\/en\/"},{"@type":"ListItem","position":2,"name":"Mechanical Engineering"}]},{"@type":"WebSite","@id":"https:\/\/mikrotech.sk\/sk\/#website","url":"https:\/\/mikrotech.sk\/sk\/","name":"Mikrotech s.r.o.","description":"s\u00fastru\u017een\u00e9 diely, fr\u00e9zovan\u00e9 diely, br\u00fasen\u00e9 diely","potentialAction":[{"@type":"SearchAction","target":{"@type":"EntryPoint","urlTemplate":"https:\/\/mikrotech.sk\/sk\/?s={search_term_string}"},"query-input":{"@type":"PropertyValueSpecification","valueRequired":true,"valueName":"search_term_string"}}],"inLanguage":"en-US"}]}},"_links":{"self":[{"href":"https:\/\/mikrotech.sk\/en\/wp-json\/wp\/v2\/pages\/1937","targetHints":{"allow":["GET"]}}],"collection":[{"href":"https:\/\/mikrotech.sk\/en\/wp-json\/wp\/v2\/pages"}],"about":[{"href":"https:\/\/mikrotech.sk\/en\/wp-json\/wp\/v2\/types\/page"}],"author":[{"embeddable":true,"href":"https:\/\/mikrotech.sk\/en\/wp-json\/wp\/v2\/users\/2"}],"replies":[{"embeddable":true,"href":"https:\/\/mikrotech.sk\/en\/wp-json\/wp\/v2\/comments?post=1937"}],"version-history":[{"count":2,"href":"https:\/\/mikrotech.sk\/en\/wp-json\/wp\/v2\/pages\/1937\/revisions"}],"predecessor-version":[{"id":2134,"href":"https:\/\/mikrotech.sk\/en\/wp-json\/wp\/v2\/pages\/1937\/revisions\/2134"}],"wp:attachment":[{"href":"https:\/\/mikrotech.sk\/en\/wp-json\/wp\/v2\/media?parent=1937"}],"curies":[{"name":"wp","href":"https:\/\/api.w.org\/{rel}","templated":true}]}}