{"id":1935,"date":"2023-03-14T10:30:11","date_gmt":"2023-03-14T09:30:11","guid":{"rendered":"http:\/\/neu.hacker-feinmechanik.de\/electrical-engineering\/"},"modified":"2024-12-17T15:49:59","modified_gmt":"2024-12-17T14:49:59","slug":"electrical-engineering","status":"publish","type":"page","link":"https:\/\/mikrotech.sk\/en\/electrical-engineering\/","title":{"rendered":"Electrical Engineering"},"content":{"rendered":"<div id='full_slider_1'  class='avia-fullwidth-slider main_color avia-shadow   avia-builder-el-0  el_before_av_one_half  avia-builder-el-first   container_wrap fullsize'  ><div  class='avia-slideshow av-lf8444du-c7def45e264d5bafd15d3f1891942c44 avia-slideshow-no scaling av_slideshow_full avia-slide-slider av-slideshow-ui av-control-default av-slideshow-manual av-loop-once av-loop-manual-endless av-default-height-applied   avia-slideshow-1' data-slideshow-options=\"{&quot;animation&quot;:&quot;slide&quot;,&quot;autoplay&quot;:false,&quot;loop_autoplay&quot;:&quot;once&quot;,&quot;interval&quot;:5,&quot;loop_manual&quot;:&quot;manual-endless&quot;,&quot;autoplay_stopper&quot;:false,&quot;noNavigation&quot;:false,&quot;bg_slider&quot;:false,&quot;keep_padding&quot;:false,&quot;hoverpause&quot;:false,&quot;show_slide_delay&quot;:0}\"  itemprop=\"image\" itemscope=\"itemscope\" itemtype=\"https:\/\/schema.org\/ImageObject\" ><ul class='avia-slideshow-inner ' style='padding-bottom: 21.09375%;'><li  class='avia-slideshow-slide av-lf8444du-c7def45e264d5bafd15d3f1891942c44__0  av-single-slide slide-1 slide-odd'><div data-rel='slideshow-1' class='avia-slide-wrap '   ><img decoding=\"async\" fetchpriority=\"high\" class=\"wp-image-1771 avia-img-lazy-loading-not-1771\"  src=\"https:\/\/mikrotech.sk\/wp-content\/uploads\/2023\/03\/elektrotechnik-hacker-feinmechanik-08-58-38-28-03-17.jpg\" width=\"1920\" height=\"405\" title='elektrotechnik-hacker-feinmechanik-08-58-38-28-03-17' alt=''  itemprop=\"thumbnailUrl\" srcset=\"https:\/\/mikrotech.sk\/wp-content\/uploads\/2023\/03\/elektrotechnik-hacker-feinmechanik-08-58-38-28-03-17.jpg 1920w, https:\/\/mikrotech.sk\/wp-content\/uploads\/2023\/03\/elektrotechnik-hacker-feinmechanik-08-58-38-28-03-17-300x63.jpg 300w, https:\/\/mikrotech.sk\/wp-content\/uploads\/2023\/03\/elektrotechnik-hacker-feinmechanik-08-58-38-28-03-17-1030x217.jpg 1030w, https:\/\/mikrotech.sk\/wp-content\/uploads\/2023\/03\/elektrotechnik-hacker-feinmechanik-08-58-38-28-03-17-768x162.jpg 768w, https:\/\/mikrotech.sk\/wp-content\/uploads\/2023\/03\/elektrotechnik-hacker-feinmechanik-08-58-38-28-03-17-1536x324.jpg 1536w, https:\/\/mikrotech.sk\/wp-content\/uploads\/2023\/03\/elektrotechnik-hacker-feinmechanik-08-58-38-28-03-17-1500x316.jpg 1500w, https:\/\/mikrotech.sk\/wp-content\/uploads\/2023\/03\/elektrotechnik-hacker-feinmechanik-08-58-38-28-03-17-705x149.jpg 705w\" sizes=\"(max-width: 1920px) 100vw, 1920px\" \/><\/div><\/li><\/ul><\/div><\/div><div id='after_full_slider_1'  class='main_color av_default_container_wrap container_wrap fullsize'  ><div class='container av-section-cont-open' ><div class='template-page content  av-content-full alpha units'><div class='post-entry post-entry-type-page post-entry-1935'><div class='entry-content-wrapper clearfix'>\n<div  class='flex_column av-1vr14f-203e68fc5ceafd59eed25e9433c15b0f av_one_half  avia-builder-el-1  el_after_av_slideshow_full  el_before_av_one_half  avia-builder-el-first  first flex_column_div  '     ><section  class='av_textblock_section av-1rzj1b-7cf002d8f111a9b0905ab79156cdfc7e '   itemscope=\"itemscope\" itemtype=\"https:\/\/schema.org\/CreativeWork\" ><div class='avia_textblock'  itemprop=\"text\" ><h1>ELECTRICAL ENGINEERING<\/h1>\n<\/div><\/section><br \/>\n\n<style type=\"text\/css\" data-created_by=\"avia_inline_auto\" id=\"style-css-av-1mf27r-03beca976fc2682aabbdfc90521b407c\">\n#top .hr.av-1mf27r-03beca976fc2682aabbdfc90521b407c{\nmargin-top:10px;\nmargin-bottom:30px;\n}\n.hr.av-1mf27r-03beca976fc2682aabbdfc90521b407c .hr-inner{\nwidth:80px;\nborder-color:#00519e;\n}\n<\/style>\n<div  class='hr av-1mf27r-03beca976fc2682aabbdfc90521b407c hr-custom  avia-builder-el-3  el_after_av_textblock  el_before_av_textblock  hr-left hr-icon-no'><span class='hr-inner inner-border-av-border-fat'><span class=\"hr-inner-style\"><\/span><\/span><\/div><br \/>\n<section  class='av_textblock_section av-1cjfqv-c35aa86e0a2f9e4cca75e62fb930b7bf '   itemscope=\"itemscope\" itemtype=\"https:\/\/schema.org\/CreativeWork\" ><div class='avia_textblock'  itemprop=\"text\" ><h3><strong><span style=\"color: #00519e;\">PRECISION COMPONENTS SUITED FOR HIGH CHARGES<\/span><\/strong><\/h3>\n<\/div><\/section><\/p><\/div>\n<div  class='flex_column av-17nq4n-21c7b1928c3b1cbd1434f5068d63201b av_one_half  avia-builder-el-5  el_after_av_one_half  el_before_av_section  avia-builder-el-last  flex_column_div  '     ><section  class='av_textblock_section av-13t2m7-0d263904d1ee1e3c5388755bab5e2383 '   itemscope=\"itemscope\" itemtype=\"https:\/\/schema.org\/CreativeWork\" ><div class='avia_textblock'  itemprop=\"text\" ><p>Sophisticated electrical applications require professional solutions. That&#8217;s why, in the area of <strong>electrical engineering<\/strong>, MIKROTECH is concentrating on manufacturing high-end turning parts, milling parts and mechanical components made of metal and applied in diverse fields. <\/p>\n<h5><span style=\"color: #00519e;\">Applications for precision parts in electrical engineering:<\/span><\/h5>\n<ul>\n<li>energy distribution<\/li>\n<li>control technology &#8211; e.g. power transformers <\/li>\n<li>lighting<\/li>\n<li>measuring systems<\/li>\n<li>sensor technology<\/li>\n<li>connectors<\/li>\n<\/ul>\n<p>You could not find your field on this list? We will be pleased to help. Feel free to ask us!<\/p>\n<\/div><\/section><\/div>\n<\/div><\/div><\/div><!-- close content main div --><\/div><\/div>\n<style type=\"text\/css\" data-created_by=\"avia_inline_auto\" id=\"style-css-av-xizq7-0fa7e4314bed641fc92e04433a65bcc3\">\n.avia-section.av-xizq7-0fa7e4314bed641fc92e04433a65bcc3{\nbackground-color:#00519e;\nbackground-image:unset;\n}\n<\/style>\n<div id='av_section_1'  class='avia-section av-xizq7-0fa7e4314bed641fc92e04433a65bcc3 main_color avia-section-default avia-no-border-styling  avia-builder-el-7  el_after_av_one_half  avia-builder-el-last  avia-bg-style-scroll container_wrap fullsize'  ><div class='container av-section-cont-open' ><div class='template-page content  av-content-full alpha units'><div class='post-entry post-entry-type-page post-entry-1935'><div class='entry-content-wrapper clearfix'>\n<div  class='flex_column av-q7guf-682c1fbe507a582d25bc2a501c8d9dfa av_one_half  avia-builder-el-8  el_before_av_one_half  avia-builder-el-first  first flex_column_div  '     ><style type=\"text\/css\" data-created_by=\"avia_inline_auto\" id=\"style-css-av-li1d4f10-6866eb51789d3bbd24c97e3a1af10807\">\n#top .av_textblock_section.av-li1d4f10-6866eb51789d3bbd24c97e3a1af10807 .avia_textblock{\nfont-size:36px;\n}\n\n@media only screen and (max-width: 479px){ \n#top .av_textblock_section.av-li1d4f10-6866eb51789d3bbd24c97e3a1af10807 .avia_textblock{\nfont-size:28px;\n}\n}\n<\/style>\n<section  class='av_textblock_section av-li1d4f10-6866eb51789d3bbd24c97e3a1af10807 '   itemscope=\"itemscope\" itemtype=\"https:\/\/schema.org\/CreativeWork\" ><div class='avia_textblock'  itemprop=\"text\" ><div><span style=\"color: #ffffff;\">CONTACT PERSON:<\/span><\/div>\n<\/div><\/section><br \/>\n\n<style type=\"text\/css\" data-created_by=\"avia_inline_auto\" id=\"style-css-av-li1d3sv1-c4fd3f39a6694c88391aae15cc8e5c2a\">\n#top .hr.av-li1d3sv1-c4fd3f39a6694c88391aae15cc8e5c2a{\nmargin-top:10px;\nmargin-bottom:30px;\n}\n.hr.av-li1d3sv1-c4fd3f39a6694c88391aae15cc8e5c2a .hr-inner{\nwidth:80px;\nborder-color:#ffffff;\n}\n<\/style>\n<div  class='hr av-li1d3sv1-c4fd3f39a6694c88391aae15cc8e5c2a hr-custom  avia-builder-el-10  el_after_av_textblock  avia-builder-el-last  hr-left hr-icon-no'><span class='hr-inner inner-border-av-border-fat'><span class=\"hr-inner-style\"><\/span><\/span><\/div><\/p><\/div><div  class='flex_column av-z5vbr-aded1f965b9f8e22518def4c2ec348bd av_one_half  avia-builder-el-11  el_after_av_one_half  avia-builder-el-last  flex_column_div  '     ><section  class='av_textblock_section av-p92f3-377e006c69ab8c56b6af3ac4dfbfbe19 '   itemscope=\"itemscope\" itemtype=\"https:\/\/schema.org\/CreativeWork\" ><div class='avia_textblock'  itemprop=\"text\" ><h3><strong><span style=\"color: #ffffff;\">FRANTI\u0160EK LI\u0160AN\u00cdK<\/span><\/strong><\/h3>\n<\/div><\/section><br \/>\n\n<style type=\"text\/css\" data-created_by=\"avia_inline_auto\" id=\"style-css-av-j6g1r-c132722454a57c9c5ddcd5272537ce28\">\n#top .hr.hr-invisible.av-j6g1r-c132722454a57c9c5ddcd5272537ce28{\nheight:15px;\n}\n<\/style>\n<div  class='hr av-j6g1r-c132722454a57c9c5ddcd5272537ce28 hr-invisible  avia-builder-el-13  el_after_av_textblock  el_before_av_icon_box '><span class='hr-inner '><span class=\"hr-inner-style\"><\/span><\/span><\/div><br \/>\n\n<style type=\"text\/css\" data-created_by=\"avia_inline_auto\" id=\"style-css-av-foswf-e9ff5af6c8d1a40221488fe24fd5811d\">\n.iconbox.av-foswf-e9ff5af6c8d1a40221488fe24fd5811d .iconbox_icon{\ncolor:#ffffff;\n}\n.iconbox.av-foswf-e9ff5af6c8d1a40221488fe24fd5811d .iconbox_icon.avia-svg-icon svg:first-child{\nfill:#ffffff;\nstroke:#ffffff;\n}\n<\/style>\n<article  class='iconbox iconbox_left av-foswf-e9ff5af6c8d1a40221488fe24fd5811d  avia-builder-el-14  el_after_av_hr  el_before_av_icon_box '  itemscope=\"itemscope\" itemtype=\"https:\/\/schema.org\/CreativeWork\" ><div class=\"iconbox_content\"><header class=\"entry-content-header\" aria-label=\"Icon: \"><div class='iconbox_icon heading-color avia-iconfont avia-font-entypo-fontello' data-av_icon='\ue854' data-av_iconfont='entypo-fontello'  ><\/div><\/header><div class='iconbox_content_container '  itemprop=\"text\" ><h3><span style=\"color: #ffffff;\"><strong>  +421 42 4305 012<\/strong><\/span><\/h3>\n<\/div><\/div><footer class=\"entry-footer\"><\/footer><\/article><br \/>\n\n<style type=\"text\/css\" data-created_by=\"avia_inline_auto\" id=\"style-css-av-8lwz3-ab2ad68066349f0e375d486d0b00183f\">\n.iconbox.av-8lwz3-ab2ad68066349f0e375d486d0b00183f .iconbox_icon{\ncolor:#ffffff;\n}\n.iconbox.av-8lwz3-ab2ad68066349f0e375d486d0b00183f .iconbox_icon.avia-svg-icon svg:first-child{\nfill:#ffffff;\nstroke:#ffffff;\n}\n<\/style>\n<article  class='iconbox iconbox_left av-8lwz3-ab2ad68066349f0e375d486d0b00183f  avia-builder-el-15  el_after_av_icon_box  avia-builder-el-last '  itemscope=\"itemscope\" itemtype=\"https:\/\/schema.org\/CreativeWork\" ><div class=\"iconbox_content\"><header class=\"entry-content-header\" aria-label=\"Icon: \"><div class='iconbox_icon heading-color avia-iconfont avia-font-entypo-fontello' data-av_icon='\ue805' data-av_iconfont='entypo-fontello'  ><\/div><\/header><div class='iconbox_content_container '  itemprop=\"text\" ><h3><strong><span style=\"color: #ffffff;\"><a style=\"color: #ffffff;\" href=\"mailto:F.LISANIK@MIKROTECH.SK\">  F.LISANIK@MIKROTECH.SK<\/a><\/span><\/strong><\/h3>\n<\/div><\/div><footer class=\"entry-footer\"><\/footer><\/article><\/p><\/div>\n","protected":false},"excerpt":{"rendered":"","protected":false},"author":2,"featured_media":0,"parent":0,"menu_order":0,"comment_status":"closed","ping_status":"closed","template":"","meta":{"footnotes":""},"class_list":["post-1935","page","type-page","status-publish","hentry"],"yoast_head":"<!-- This site is optimized with the Yoast SEO plugin v27.5 - https:\/\/yoast.com\/product\/yoast-seo-wordpress\/ -->\n<title>Electrical Engineering - Mikrotech s.r.o.<\/title>\n<meta name=\"robots\" content=\"index, follow, max-snippet:-1, max-image-preview:large, max-video-preview:-1\" \/>\n<link rel=\"canonical\" href=\"https:\/\/mikrotech.sk\/en\/electrical-engineering\/\" \/>\n<meta property=\"og:locale\" content=\"en_US\" \/>\n<meta property=\"og:type\" content=\"article\" \/>\n<meta property=\"og:title\" content=\"Electrical Engineering - Mikrotech s.r.o.\" \/>\n<meta property=\"og:url\" content=\"https:\/\/mikrotech.sk\/en\/electrical-engineering\/\" \/>\n<meta property=\"og:site_name\" content=\"Mikrotech s.r.o.\" \/>\n<meta property=\"article:modified_time\" content=\"2024-12-17T14:49:59+00:00\" \/>\n<meta name=\"twitter:card\" content=\"summary_large_image\" \/>\n<meta name=\"twitter:label1\" content=\"Est. reading time\" \/>\n\t<meta name=\"twitter:data1\" content=\"14 minutes\" \/>\n<script type=\"application\/ld+json\" class=\"yoast-schema-graph\">{\"@context\":\"https:\\\/\\\/schema.org\",\"@graph\":[{\"@type\":\"WebPage\",\"@id\":\"https:\\\/\\\/mikrotech.sk\\\/en\\\/electrical-engineering\\\/\",\"url\":\"https:\\\/\\\/mikrotech.sk\\\/en\\\/electrical-engineering\\\/\",\"name\":\"Electrical Engineering - Mikrotech s.r.o.\",\"isPartOf\":{\"@id\":\"https:\\\/\\\/mikrotech.sk\\\/sk\\\/#website\"},\"datePublished\":\"2023-03-14T09:30:11+00:00\",\"dateModified\":\"2024-12-17T14:49:59+00:00\",\"breadcrumb\":{\"@id\":\"https:\\\/\\\/mikrotech.sk\\\/en\\\/electrical-engineering\\\/#breadcrumb\"},\"inLanguage\":\"en-US\",\"potentialAction\":[{\"@type\":\"ReadAction\",\"target\":[\"https:\\\/\\\/mikrotech.sk\\\/en\\\/electrical-engineering\\\/\"]}]},{\"@type\":\"BreadcrumbList\",\"@id\":\"https:\\\/\\\/mikrotech.sk\\\/en\\\/electrical-engineering\\\/#breadcrumb\",\"itemListElement\":[{\"@type\":\"ListItem\",\"position\":1,\"name\":\"Startseite\",\"item\":\"https:\\\/\\\/mikrotech.sk\\\/en\\\/\"},{\"@type\":\"ListItem\",\"position\":2,\"name\":\"Electrical Engineering\"}]},{\"@type\":\"WebSite\",\"@id\":\"https:\\\/\\\/mikrotech.sk\\\/sk\\\/#website\",\"url\":\"https:\\\/\\\/mikrotech.sk\\\/sk\\\/\",\"name\":\"Mikrotech s.r.o.\",\"description\":\"s\u00fastru\u017een\u00e9 diely, fr\u00e9zovan\u00e9 diely, br\u00fasen\u00e9 diely\",\"potentialAction\":[{\"@type\":\"SearchAction\",\"target\":{\"@type\":\"EntryPoint\",\"urlTemplate\":\"https:\\\/\\\/mikrotech.sk\\\/sk\\\/?s={search_term_string}\"},\"query-input\":{\"@type\":\"PropertyValueSpecification\",\"valueRequired\":true,\"valueName\":\"search_term_string\"}}],\"inLanguage\":\"en-US\"}]}<\/script>\n<!-- \/ Yoast SEO plugin. -->","yoast_head_json":{"title":"Electrical Engineering - Mikrotech s.r.o.","robots":{"index":"index","follow":"follow","max-snippet":"max-snippet:-1","max-image-preview":"max-image-preview:large","max-video-preview":"max-video-preview:-1"},"canonical":"https:\/\/mikrotech.sk\/en\/electrical-engineering\/","og_locale":"en_US","og_type":"article","og_title":"Electrical Engineering - Mikrotech s.r.o.","og_url":"https:\/\/mikrotech.sk\/en\/electrical-engineering\/","og_site_name":"Mikrotech s.r.o.","article_modified_time":"2024-12-17T14:49:59+00:00","twitter_card":"summary_large_image","twitter_misc":{"Est. reading time":"14 minutes"},"schema":{"@context":"https:\/\/schema.org","@graph":[{"@type":"WebPage","@id":"https:\/\/mikrotech.sk\/en\/electrical-engineering\/","url":"https:\/\/mikrotech.sk\/en\/electrical-engineering\/","name":"Electrical Engineering - Mikrotech s.r.o.","isPartOf":{"@id":"https:\/\/mikrotech.sk\/sk\/#website"},"datePublished":"2023-03-14T09:30:11+00:00","dateModified":"2024-12-17T14:49:59+00:00","breadcrumb":{"@id":"https:\/\/mikrotech.sk\/en\/electrical-engineering\/#breadcrumb"},"inLanguage":"en-US","potentialAction":[{"@type":"ReadAction","target":["https:\/\/mikrotech.sk\/en\/electrical-engineering\/"]}]},{"@type":"BreadcrumbList","@id":"https:\/\/mikrotech.sk\/en\/electrical-engineering\/#breadcrumb","itemListElement":[{"@type":"ListItem","position":1,"name":"Startseite","item":"https:\/\/mikrotech.sk\/en\/"},{"@type":"ListItem","position":2,"name":"Electrical Engineering"}]},{"@type":"WebSite","@id":"https:\/\/mikrotech.sk\/sk\/#website","url":"https:\/\/mikrotech.sk\/sk\/","name":"Mikrotech s.r.o.","description":"s\u00fastru\u017een\u00e9 diely, fr\u00e9zovan\u00e9 diely, br\u00fasen\u00e9 diely","potentialAction":[{"@type":"SearchAction","target":{"@type":"EntryPoint","urlTemplate":"https:\/\/mikrotech.sk\/sk\/?s={search_term_string}"},"query-input":{"@type":"PropertyValueSpecification","valueRequired":true,"valueName":"search_term_string"}}],"inLanguage":"en-US"}]}},"_links":{"self":[{"href":"https:\/\/mikrotech.sk\/en\/wp-json\/wp\/v2\/pages\/1935","targetHints":{"allow":["GET"]}}],"collection":[{"href":"https:\/\/mikrotech.sk\/en\/wp-json\/wp\/v2\/pages"}],"about":[{"href":"https:\/\/mikrotech.sk\/en\/wp-json\/wp\/v2\/types\/page"}],"author":[{"embeddable":true,"href":"https:\/\/mikrotech.sk\/en\/wp-json\/wp\/v2\/users\/2"}],"replies":[{"embeddable":true,"href":"https:\/\/mikrotech.sk\/en\/wp-json\/wp\/v2\/comments?post=1935"}],"version-history":[{"count":8,"href":"https:\/\/mikrotech.sk\/en\/wp-json\/wp\/v2\/pages\/1935\/revisions"}],"predecessor-version":[{"id":4295,"href":"https:\/\/mikrotech.sk\/en\/wp-json\/wp\/v2\/pages\/1935\/revisions\/4295"}],"wp:attachment":[{"href":"https:\/\/mikrotech.sk\/en\/wp-json\/wp\/v2\/media?parent=1935"}],"curies":[{"name":"wp","href":"https:\/\/api.w.org\/{rel}","templated":true}]}}