{"id":1910,"date":"2022-10-26T11:53:25","date_gmt":"2022-10-26T10:53:25","guid":{"rendered":"http:\/\/neu.hacker-feinmechanik.de\/download\/"},"modified":"2025-01-10T09:45:01","modified_gmt":"2025-01-10T08:45:01","slug":"download","status":"publish","type":"page","link":"https:\/\/mikrotech.sk\/en\/download\/","title":{"rendered":"Downloads"},"content":{"rendered":"<div id='full_slider_1'  class='avia-fullwidth-slider main_color avia-shadow   avia-builder-el-0  el_before_av_one_half  avia-builder-el-first   container_wrap fullsize'  ><div  class='avia-slideshow av-z13uz-a4c65bcd8bb597a9d7db46968fb08d70 avia-slideshow-no scaling av_slideshow_full avia-slide-slider av-slideshow-ui av-control-default av-slideshow-manual av-loop-once av-loop-manual-endless av-default-height-applied   avia-slideshow-1' data-slideshow-options=\"{&quot;animation&quot;:&quot;slide&quot;,&quot;autoplay&quot;:false,&quot;loop_autoplay&quot;:&quot;once&quot;,&quot;interval&quot;:5,&quot;loop_manual&quot;:&quot;manual-endless&quot;,&quot;autoplay_stopper&quot;:false,&quot;noNavigation&quot;:false,&quot;bg_slider&quot;:false,&quot;keep_padding&quot;:false,&quot;hoverpause&quot;:false,&quot;show_slide_delay&quot;:0}\"  itemprop=\"image\" itemscope=\"itemscope\" itemtype=\"https:\/\/schema.org\/ImageObject\" ><ul class='avia-slideshow-inner ' style='padding-bottom: 21.09375%;'><li  class='avia-slideshow-slide av-z13uz-a4c65bcd8bb597a9d7db46968fb08d70__0  av-single-slide slide-1 slide-odd'><div data-rel='slideshow-1' class='avia-slide-wrap '   ><img decoding=\"async\" fetchpriority=\"high\" class=\"wp-image-1852 avia-img-lazy-loading-not-1852\"  src=\"https:\/\/mikrotech.sk\/wp-content\/uploads\/2023\/05\/fraesen-hacker-feinmechanik-detail-02-20-30-2-01-17-1.jpg\" width=\"1920\" height=\"405\" title='fraesen-hacker-feinmechanik-detail-02-20-30-2-01-17 (1)' alt=''  itemprop=\"thumbnailUrl\" srcset=\"https:\/\/mikrotech.sk\/wp-content\/uploads\/2023\/05\/fraesen-hacker-feinmechanik-detail-02-20-30-2-01-17-1.jpg 1920w, https:\/\/mikrotech.sk\/wp-content\/uploads\/2023\/05\/fraesen-hacker-feinmechanik-detail-02-20-30-2-01-17-1-300x63.jpg 300w, https:\/\/mikrotech.sk\/wp-content\/uploads\/2023\/05\/fraesen-hacker-feinmechanik-detail-02-20-30-2-01-17-1-1030x217.jpg 1030w, https:\/\/mikrotech.sk\/wp-content\/uploads\/2023\/05\/fraesen-hacker-feinmechanik-detail-02-20-30-2-01-17-1-768x162.jpg 768w, https:\/\/mikrotech.sk\/wp-content\/uploads\/2023\/05\/fraesen-hacker-feinmechanik-detail-02-20-30-2-01-17-1-1536x324.jpg 1536w, https:\/\/mikrotech.sk\/wp-content\/uploads\/2023\/05\/fraesen-hacker-feinmechanik-detail-02-20-30-2-01-17-1-1500x316.jpg 1500w, https:\/\/mikrotech.sk\/wp-content\/uploads\/2023\/05\/fraesen-hacker-feinmechanik-detail-02-20-30-2-01-17-1-705x149.jpg 705w\" sizes=\"(max-width: 1920px) 100vw, 1920px\" \/><\/div><\/li><\/ul><\/div><\/div><div id='after_full_slider_1'  class='main_color av_default_container_wrap container_wrap fullsize'  ><div class='container av-section-cont-open' ><div class='template-page content  av-content-full alpha units'><div class='post-entry post-entry-type-page post-entry-1910'><div class='entry-content-wrapper clearfix'>\n<div  class='flex_column av-pz7lv-7f72da79d5b06f7b42baa6d8e8560470 av_one_half  avia-builder-el-1  el_after_av_slideshow_full  el_before_av_one_half  avia-builder-el-first  first flex_column_div  '     ><section  class='av_textblock_section av-l9pki20y-97152eeefe9b78d24f0b0864a439b6b8 '   itemscope=\"itemscope\" itemtype=\"https:\/\/schema.org\/CreativeWork\" ><div class='avia_textblock'  itemprop=\"text\" ><h2>DOWNLOAD<\/h2>\n<\/div><\/section><br \/>\n\n<style type=\"text\/css\" data-created_by=\"avia_inline_auto\" id=\"style-css-av-kv52b-d94027e140692e20b7ddc38aa8e99c58\">\n#top .hr.av-kv52b-d94027e140692e20b7ddc38aa8e99c58{\nmargin-top:10px;\nmargin-bottom:30px;\n}\n.hr.av-kv52b-d94027e140692e20b7ddc38aa8e99c58 .hr-inner{\nwidth:80px;\nborder-color:#00519e;\n}\n<\/style>\n<div  class='hr av-kv52b-d94027e140692e20b7ddc38aa8e99c58 hr-custom  avia-builder-el-3  el_after_av_textblock  avia-builder-el-last  hr-left hr-icon-no'><span class='hr-inner inner-border-av-border-fat'><span class=\"hr-inner-style\"><\/span><\/span><\/div><\/p><\/div>\n<div  class='flex_column av-dtd9f-9d3e6aec799b0457fda576a66a2f9c8d av_one_half  avia-builder-el-4  el_after_av_one_half  el_before_av_one_full  flex_column_div  '     ><section  class='av_textblock_section av-l9pkhpmp-9ba7df0ff692bb6aef8bc5f90c946101 '   itemscope=\"itemscope\" itemtype=\"https:\/\/schema.org\/CreativeWork\" ><div class='avia_textblock'  itemprop=\"text\" ><h4><span style=\"color: #00519e;\"><strong>OUR EXTENSIVE INFORMATION MATERIAL FOR YOU<\/strong><\/span><\/h4>\n<p>We would like to give you the opportunity to extensively inform yourself about our company. These PDF-files are available as <strong><span style=\"color: #000000;\">downloads<\/span><\/strong> to give you a quick insight into Hacker Feinmechanik.<\/p>\n<p>For downloading our info material, just click on the respective element. After that, you can either save or open the PDF file on your computer. You can save or print the PDF file afterwards.<\/p>\n<h5><span style=\"color: #00519e;\"><a style=\"color: #00519e;\" title=\"Contact form\" href=\"https:\/\/mikrotech.sk\/index.php\/kontakt\/\">We are happy to send you our machine list on request!<\/a><\/span><\/h5>\n<\/div><\/section><\/div>\n<div  class='flex_column av-3ckchf-76e2ab0b8c404929259ebbfd822aaef6 av_one_full  avia-builder-el-6  el_after_av_one_half  el_before_av_one_fourth  first flex_column_div  column-top-margin'     ><section  class='av_textblock_section av-li45dfj3-9a81c242f01ed4b04552728b2d25cf01 '   itemscope=\"itemscope\" itemtype=\"https:\/\/schema.org\/CreativeWork\" ><div class='avia_textblock'  itemprop=\"text\" ><h4><strong><span style=\"color: #00519e;\">CERTIFICATES:<\/span><\/strong><\/h4>\n<\/div><\/section><\/div>\n<div  class='flex_column av-14v39v-3902cd5022fb1f7ad4affa256aa009d3 av_one_fourth  avia-builder-el-8  el_after_av_one_full  el_before_av_one_full  first flex_column_div  column-top-margin'     ><p>\n<style type=\"text\/css\" data-created_by=\"avia_inline_auto\" id=\"style-css-av-zgy2r-1e437a71f5ffc9af22d2650958a2f2b3\">\n.avia-image-container.av-zgy2r-1e437a71f5ffc9af22d2650958a2f2b3 img.avia_image{\nbox-shadow:none;\n}\n.avia-image-container.av-zgy2r-1e437a71f5ffc9af22d2650958a2f2b3 .av-image-caption-overlay-center{\ncolor:#ffffff;\n}\n<\/style>\n<div  class='avia-image-container av-zgy2r-1e437a71f5ffc9af22d2650958a2f2b3 av-styling- av-img-linked avia-align-center  avia-builder-el-9  el_before_av_textblock  avia-builder-el-first '   itemprop=\"image\" itemscope=\"itemscope\" itemtype=\"https:\/\/schema.org\/ImageObject\" ><div class=\"avia-image-container-inner\"><div class=\"avia-image-overlay-wrap\"><a href=\"https:\/\/mikrotech.sk\/wp-content\/uploads\/2023\/11\/Hacker-Feinmechanik-ISO9001_2015-TUEV-Zertifikat-gueltig-bis-Dez-2026_de.pdf\" class='avia_image '  target=\"_blank\"  rel=\"noopener noreferrer\" aria-label='Unbenannt'><img decoding=\"async\" fetchpriority=\"high\" class='wp-image-4130 avia-img-lazy-loading-not-4130 avia_image ' src=\"https:\/\/mikrotech.sk\/wp-content\/uploads\/2024\/04\/Unbenannt.jpg\" alt='' title='Unbenannt'  height=\"880\" width=\"594\"  itemprop=\"thumbnailUrl\" srcset=\"https:\/\/mikrotech.sk\/wp-content\/uploads\/2024\/04\/Unbenannt.jpg 594w, https:\/\/mikrotech.sk\/wp-content\/uploads\/2024\/04\/Unbenannt-203x300.jpg 203w, https:\/\/mikrotech.sk\/wp-content\/uploads\/2024\/04\/Unbenannt-476x705.jpg 476w\" sizes=\"(max-width: 594px) 100vw, 594px\" \/><\/a><\/div><\/div><\/div><br \/>\n<section  class='av_textblock_section av-li45enus-9b50ea24c55dec916181c753041db5ed '   itemscope=\"itemscope\" itemtype=\"https:\/\/schema.org\/CreativeWork\" ><div class='avia_textblock'  itemprop=\"text\" ><p style=\"text-align: center;\"><strong><a href=\"https:\/\/mikrotech.sk\/wp-content\/uploads\/2024\/04\/iso-certifikat-sk-05-10-39-23-03-23-2.pdf\">Certificate<\/a><a href=\"https:\/\/mikrotech.sk\/wp-content\/uploads\/2023\/11\/Hacker-Feinmechanik-ISO9001_2015-TUEV-Zertifikat-gueltig-bis-Dez-2026_de.pdf\">\u00a0ISO 9001:2015 \u2013 T\u00dcV S\u00fcd<\/a><\/strong><\/p>\n<\/div><\/section><\/p><\/div>\n<div  id=\"bedingungen\"  class='flex_column av-btacr-92895f0e64d58a9c60ceb267f9305b5c av_one_full  avia-builder-el-11  el_after_av_one_fourth  el_before_av_hr  first flex_column_div  column-top-margin'     ><p>\n<style type=\"text\/css\" data-created_by=\"avia_inline_auto\" id=\"style-css-av-li46x8qu-1f7478e18a9d64842a07e13bcd158a18\">\n.iconbox.av-li46x8qu-1f7478e18a9d64842a07e13bcd158a18 .iconbox_icon{\ncolor:#b02b2c;\n}\n.iconbox.av-li46x8qu-1f7478e18a9d64842a07e13bcd158a18 .iconbox_icon.avia-svg-icon svg:first-child{\nfill:#b02b2c;\nstroke:#b02b2c;\n}\n<\/style>\n<article  class='iconbox iconbox_left av-li46x8qu-1f7478e18a9d64842a07e13bcd158a18  avia-builder-el-12  el_before_av_icon_box  avia-builder-el-first '  itemscope=\"itemscope\" itemtype=\"https:\/\/schema.org\/CreativeWork\" ><div class=\"iconbox_content\"><header class=\"entry-content-header\" aria-label=\"Icon: \"><div class='iconbox_icon heading-color avia-iconfont avia-font-entypo-fontello' data-av_icon='\ue82d' data-av_iconfont='entypo-fontello'  ><\/div><\/header><div class='iconbox_content_container '  itemprop=\"text\" ><p><a href=\"https:\/\/mikrotech.sk\/wp-content\/uploads\/2024\/04\/protispolocenska-cinnost-oznamenie-02-40-18-1-06-18.pdf\"><b>Notes<\/b><\/a><\/p>\n<\/div><\/div><footer class=\"entry-footer\"><\/footer><\/article><br \/>\n\n<style type=\"text\/css\" data-created_by=\"avia_inline_auto\" id=\"style-css-av-li46y8gl-22e6bea890c7b234d2a4c387c976f5c7\">\n.iconbox.av-li46y8gl-22e6bea890c7b234d2a4c387c976f5c7 .iconbox_icon{\ncolor:#b02b2c;\n}\n.iconbox.av-li46y8gl-22e6bea890c7b234d2a4c387c976f5c7 .iconbox_icon.avia-svg-icon svg:first-child{\nfill:#b02b2c;\nstroke:#b02b2c;\n}\n<\/style>\n<article  class='iconbox iconbox_left av-li46y8gl-22e6bea890c7b234d2a4c387c976f5c7  avia-builder-el-13  el_after_av_icon_box  el_before_av_icon_box '  itemscope=\"itemscope\" itemtype=\"https:\/\/schema.org\/CreativeWork\" ><div class=\"iconbox_content\"><header class=\"entry-content-header\" aria-label=\"Icon: \"><div class='iconbox_icon heading-color avia-iconfont avia-font-entypo-fontello' data-av_icon='\ue82d' data-av_iconfont='entypo-fontello'  ><\/div><\/header><div class='iconbox_content_container '  itemprop=\"text\" ><p><a href=\"https:\/\/mikrotech.sk\/wp-content\/uploads\/2024\/04\/smernica-pc-02-45-10-1-06-18.pdf\"><b>Whistleblowing system\u00a0<\/b><\/a><\/p>\n<\/div><\/div><footer class=\"entry-footer\"><\/footer><\/article><br \/>\n\n<style type=\"text\/css\" data-created_by=\"avia_inline_auto\" id=\"style-css-av-li46ykrn-670dc08d84e3d4c3640b40137d4718f7\">\n.iconbox.av-li46ykrn-670dc08d84e3d4c3640b40137d4718f7 .iconbox_icon{\ncolor:#b02b2c;\n}\n.iconbox.av-li46ykrn-670dc08d84e3d4c3640b40137d4718f7 .iconbox_icon.avia-svg-icon svg:first-child{\nfill:#b02b2c;\nstroke:#b02b2c;\n}\n<\/style>\n<article  class='iconbox iconbox_left av-li46ykrn-670dc08d84e3d4c3640b40137d4718f7  avia-builder-el-14  el_after_av_icon_box  el_before_av_icon_box '  itemscope=\"itemscope\" itemtype=\"https:\/\/schema.org\/CreativeWork\" ><div class=\"iconbox_content\"><header class=\"entry-content-header\" aria-label=\"Icon: \"><div class='iconbox_icon heading-color avia-iconfont avia-font-entypo-fontello' data-av_icon='\ue82d' data-av_iconfont='entypo-fontello'  ><\/div><\/header><div class='iconbox_content_container '  itemprop=\"text\" ><p><a href=\"https:\/\/mikrotech.sk\/wp-content\/uploads\/2024\/04\/informacia-pre-uchadzacov-o-zamestnanie-02-47-42-1-06-18.pdf\"><b>Personal Data<\/b><\/a><\/p>\n<\/div><\/div><footer class=\"entry-footer\"><\/footer><\/article><br \/>\n\n<style type=\"text\/css\" data-created_by=\"avia_inline_auto\" id=\"style-css-av-m5qihjru-ad8a86677286112971034e28c369d5b4\">\n.iconbox.av-m5qihjru-ad8a86677286112971034e28c369d5b4 .iconbox_icon{\ncolor:#b02b2c;\n}\n.iconbox.av-m5qihjru-ad8a86677286112971034e28c369d5b4 .iconbox_icon.avia-svg-icon svg:first-child{\nfill:#b02b2c;\nstroke:#b02b2c;\n}\n<\/style>\n<article  class='iconbox iconbox_left av-m5qihjru-ad8a86677286112971034e28c369d5b4  avia-builder-el-15  el_after_av_icon_box  avia-builder-el-last '  itemscope=\"itemscope\" itemtype=\"https:\/\/schema.org\/CreativeWork\" ><div class=\"iconbox_content\"><header class=\"entry-content-header\" aria-label=\"Icon: \"><div class='iconbox_icon heading-color avia-iconfont avia-font-entypo-fontello' data-av_icon='\ue82d' data-av_iconfont='entypo-fontello'  ><\/div><\/header><div class='iconbox_content_container '  itemprop=\"text\" ><p><a href=\"https:\/\/mikrotech.sk\/wp-content\/uploads\/2025\/01\/Maschinenliste-Mikrotech-Stand-2024-2.pdf\"><b>Machinery<\/b><\/a><\/p>\n<\/div><\/div><footer class=\"entry-footer\"><\/footer><\/article><\/p><\/div>\n<style type=\"text\/css\" data-created_by=\"avia_inline_auto\" id=\"style-css-av-31d8wr-b44041519bf89c1df17b0608eabd0666\">\n#top .hr.hr-invisible.av-31d8wr-b44041519bf89c1df17b0608eabd0666{\nheight:15px;\n}\n<\/style>\n<div  class='hr av-31d8wr-b44041519bf89c1df17b0608eabd0666 hr-invisible  avia-builder-el-16  el_after_av_one_full  el_before_av_hr '><span class='hr-inner '><span class=\"hr-inner-style\"><\/span><\/span><\/div><\/p>\n\n<style type=\"text\/css\" data-created_by=\"avia_inline_auto\" id=\"style-css-av-2tzd5f-e1285bdc2f0f26f7865437acb07b9411\">\n#top .hr.hr-invisible.av-2tzd5f-e1285bdc2f0f26f7865437acb07b9411{\nheight:15px;\n}\n<\/style>\n<div  class='hr av-2tzd5f-e1285bdc2f0f26f7865437acb07b9411 hr-invisible  avia-builder-el-17  el_after_av_hr  el_before_av_hr '><span class='hr-inner '><span class=\"hr-inner-style\"><\/span><\/span><\/div>\n\n<style type=\"text\/css\" data-created_by=\"avia_inline_auto\" id=\"style-css-av-2rlmqb-058de05c61ad5ca52814ff39be26da4f\">\n#top .hr.hr-invisible.av-2rlmqb-058de05c61ad5ca52814ff39be26da4f{\nheight:15px;\n}\n<\/style>\n<div  class='hr av-2rlmqb-058de05c61ad5ca52814ff39be26da4f hr-invisible  avia-builder-el-18  el_after_av_hr  el_before_av_hr '><span class='hr-inner '><span class=\"hr-inner-style\"><\/span><\/span><\/div>\n\n<style type=\"text\/css\" data-created_by=\"avia_inline_auto\" id=\"style-css-av-2icqxn-00fc47265726bf72229bb8baf905b9e1\">\n#top .hr.hr-invisible.av-2icqxn-00fc47265726bf72229bb8baf905b9e1{\nheight:15px;\n}\n<\/style>\n<div  class='hr av-2icqxn-00fc47265726bf72229bb8baf905b9e1 hr-invisible  avia-builder-el-19  el_after_av_hr  el_before_av_hr '><span class='hr-inner '><span class=\"hr-inner-style\"><\/span><\/span><\/div>\n\n<style type=\"text\/css\" data-created_by=\"avia_inline_auto\" id=\"style-css-av-2elf0r-af0a9d9915b55ad8169918edcf22180b\">\n#top .hr.hr-invisible.av-2elf0r-af0a9d9915b55ad8169918edcf22180b{\nheight:15px;\n}\n<\/style>\n<div  class='hr av-2elf0r-af0a9d9915b55ad8169918edcf22180b hr-invisible  avia-builder-el-20  el_after_av_hr  el_before_av_hr '><span class='hr-inner '><span class=\"hr-inner-style\"><\/span><\/span><\/div>\n\n<style type=\"text\/css\" data-created_by=\"avia_inline_auto\" id=\"style-css-av-27muyj-b67dfa3e426a2c815548f1c63fb5332e\">\n#top .hr.hr-invisible.av-27muyj-b67dfa3e426a2c815548f1c63fb5332e{\nheight:15px;\n}\n<\/style>\n<div  class='hr av-27muyj-b67dfa3e426a2c815548f1c63fb5332e hr-invisible  avia-builder-el-21  el_after_av_hr  el_before_av_one_full '><span class='hr-inner '><span class=\"hr-inner-style\"><\/span><\/span><\/div>\n<div  id=\"zertifikate\"  class='flex_column av-23hrob-5ce0a4d779c9e67cc143f1ea1ecdab88 av_one_full  avia-builder-el-22  el_after_av_hr  avia-builder-el-last  first flex_column_div  '     ><\/div>\n","protected":false},"excerpt":{"rendered":"","protected":false},"author":2,"featured_media":0,"parent":0,"menu_order":0,"comment_status":"closed","ping_status":"closed","template":"","meta":{"footnotes":""},"class_list":["post-1910","page","type-page","status-publish","hentry"],"yoast_head":"<!-- This site is optimized with the Yoast SEO plugin v27.4 - https:\/\/yoast.com\/product\/yoast-seo-wordpress\/ -->\n<title>Downloads - Mikrotech s.r.o.<\/title>\n<meta name=\"robots\" content=\"index, follow, max-snippet:-1, max-image-preview:large, max-video-preview:-1\" \/>\n<link rel=\"canonical\" href=\"https:\/\/mikrotech.sk\/en\/download\/\" \/>\n<meta property=\"og:locale\" content=\"en_US\" \/>\n<meta property=\"og:type\" content=\"article\" \/>\n<meta property=\"og:title\" content=\"Downloads - Mikrotech s.r.o.\" \/>\n<meta property=\"og:url\" content=\"https:\/\/mikrotech.sk\/en\/download\/\" \/>\n<meta property=\"og:site_name\" content=\"Mikrotech s.r.o.\" \/>\n<meta property=\"article:modified_time\" content=\"2025-01-10T08:45:01+00:00\" \/>\n<meta name=\"twitter:card\" content=\"summary_large_image\" \/>\n<meta name=\"twitter:label1\" content=\"Est. reading time\" \/>\n\t<meta name=\"twitter:data1\" content=\"1 minute\" \/>\n<script type=\"application\/ld+json\" class=\"yoast-schema-graph\">{\"@context\":\"https:\\\/\\\/schema.org\",\"@graph\":[{\"@type\":\"WebPage\",\"@id\":\"https:\\\/\\\/mikrotech.sk\\\/en\\\/download\\\/\",\"url\":\"https:\\\/\\\/mikrotech.sk\\\/en\\\/download\\\/\",\"name\":\"Downloads - Mikrotech s.r.o.\",\"isPartOf\":{\"@id\":\"https:\\\/\\\/mikrotech.sk\\\/sk\\\/#website\"},\"datePublished\":\"2022-10-26T10:53:25+00:00\",\"dateModified\":\"2025-01-10T08:45:01+00:00\",\"breadcrumb\":{\"@id\":\"https:\\\/\\\/mikrotech.sk\\\/en\\\/download\\\/#breadcrumb\"},\"inLanguage\":\"en-US\",\"potentialAction\":[{\"@type\":\"ReadAction\",\"target\":[\"https:\\\/\\\/mikrotech.sk\\\/en\\\/download\\\/\"]}]},{\"@type\":\"BreadcrumbList\",\"@id\":\"https:\\\/\\\/mikrotech.sk\\\/en\\\/download\\\/#breadcrumb\",\"itemListElement\":[{\"@type\":\"ListItem\",\"position\":1,\"name\":\"Startseite\",\"item\":\"https:\\\/\\\/mikrotech.sk\\\/en\\\/\"},{\"@type\":\"ListItem\",\"position\":2,\"name\":\"Downloads\"}]},{\"@type\":\"WebSite\",\"@id\":\"https:\\\/\\\/mikrotech.sk\\\/sk\\\/#website\",\"url\":\"https:\\\/\\\/mikrotech.sk\\\/sk\\\/\",\"name\":\"Mikrotech s.r.o.\",\"description\":\"s\u00fastru\u017een\u00e9 diely, fr\u00e9zovan\u00e9 diely, br\u00fasen\u00e9 diely\",\"potentialAction\":[{\"@type\":\"SearchAction\",\"target\":{\"@type\":\"EntryPoint\",\"urlTemplate\":\"https:\\\/\\\/mikrotech.sk\\\/sk\\\/?s={search_term_string}\"},\"query-input\":{\"@type\":\"PropertyValueSpecification\",\"valueRequired\":true,\"valueName\":\"search_term_string\"}}],\"inLanguage\":\"en-US\"}]}<\/script>\n<!-- \/ Yoast SEO plugin. -->","yoast_head_json":{"title":"Downloads - Mikrotech s.r.o.","robots":{"index":"index","follow":"follow","max-snippet":"max-snippet:-1","max-image-preview":"max-image-preview:large","max-video-preview":"max-video-preview:-1"},"canonical":"https:\/\/mikrotech.sk\/en\/download\/","og_locale":"en_US","og_type":"article","og_title":"Downloads - Mikrotech s.r.o.","og_url":"https:\/\/mikrotech.sk\/en\/download\/","og_site_name":"Mikrotech s.r.o.","article_modified_time":"2025-01-10T08:45:01+00:00","twitter_card":"summary_large_image","twitter_misc":{"Est. reading time":"1 minute"},"schema":{"@context":"https:\/\/schema.org","@graph":[{"@type":"WebPage","@id":"https:\/\/mikrotech.sk\/en\/download\/","url":"https:\/\/mikrotech.sk\/en\/download\/","name":"Downloads - Mikrotech s.r.o.","isPartOf":{"@id":"https:\/\/mikrotech.sk\/sk\/#website"},"datePublished":"2022-10-26T10:53:25+00:00","dateModified":"2025-01-10T08:45:01+00:00","breadcrumb":{"@id":"https:\/\/mikrotech.sk\/en\/download\/#breadcrumb"},"inLanguage":"en-US","potentialAction":[{"@type":"ReadAction","target":["https:\/\/mikrotech.sk\/en\/download\/"]}]},{"@type":"BreadcrumbList","@id":"https:\/\/mikrotech.sk\/en\/download\/#breadcrumb","itemListElement":[{"@type":"ListItem","position":1,"name":"Startseite","item":"https:\/\/mikrotech.sk\/en\/"},{"@type":"ListItem","position":2,"name":"Downloads"}]},{"@type":"WebSite","@id":"https:\/\/mikrotech.sk\/sk\/#website","url":"https:\/\/mikrotech.sk\/sk\/","name":"Mikrotech s.r.o.","description":"s\u00fastru\u017een\u00e9 diely, fr\u00e9zovan\u00e9 diely, br\u00fasen\u00e9 diely","potentialAction":[{"@type":"SearchAction","target":{"@type":"EntryPoint","urlTemplate":"https:\/\/mikrotech.sk\/sk\/?s={search_term_string}"},"query-input":{"@type":"PropertyValueSpecification","valueRequired":true,"valueName":"search_term_string"}}],"inLanguage":"en-US"}]}},"_links":{"self":[{"href":"https:\/\/mikrotech.sk\/en\/wp-json\/wp\/v2\/pages\/1910","targetHints":{"allow":["GET"]}}],"collection":[{"href":"https:\/\/mikrotech.sk\/en\/wp-json\/wp\/v2\/pages"}],"about":[{"href":"https:\/\/mikrotech.sk\/en\/wp-json\/wp\/v2\/types\/page"}],"author":[{"embeddable":true,"href":"https:\/\/mikrotech.sk\/en\/wp-json\/wp\/v2\/users\/2"}],"replies":[{"embeddable":true,"href":"https:\/\/mikrotech.sk\/en\/wp-json\/wp\/v2\/comments?post=1910"}],"version-history":[{"count":41,"href":"https:\/\/mikrotech.sk\/en\/wp-json\/wp\/v2\/pages\/1910\/revisions"}],"predecessor-version":[{"id":4499,"href":"https:\/\/mikrotech.sk\/en\/wp-json\/wp\/v2\/pages\/1910\/revisions\/4499"}],"wp:attachment":[{"href":"https:\/\/mikrotech.sk\/en\/wp-json\/wp\/v2\/media?parent=1910"}],"curies":[{"name":"wp","href":"https:\/\/api.w.org\/{rel}","templated":true}]}}