{"id":1906,"date":"2022-10-26T07:27:12","date_gmt":"2022-10-26T06:27:12","guid":{"rendered":"http:\/\/neu.hacker-feinmechanik.de\/quality-management\/"},"modified":"2024-12-17T15:20:47","modified_gmt":"2024-12-17T14:20:47","slug":"quality-management","status":"publish","type":"page","link":"https:\/\/mikrotech.sk\/en\/quality-management\/","title":{"rendered":"Quality Management"},"content":{"rendered":"<div id='full_slider_1'  class='avia-fullwidth-slider main_color avia-shadow   avia-builder-el-0  el_before_av_hr  avia-builder-el-first   container_wrap fullsize'  ><div  class='avia-slideshow av-ihj7s-b63d0ed33432c6a34d88fd416cd529e1 avia-slideshow-no scaling av_slideshow_full avia-slide-slider av-slideshow-ui av-control-default av-slideshow-manual av-loop-once av-loop-manual-endless av-default-height-applied   avia-slideshow-1' data-slideshow-options=\"{&quot;animation&quot;:&quot;slide&quot;,&quot;autoplay&quot;:false,&quot;loop_autoplay&quot;:&quot;once&quot;,&quot;interval&quot;:5,&quot;loop_manual&quot;:&quot;manual-endless&quot;,&quot;autoplay_stopper&quot;:false,&quot;noNavigation&quot;:false,&quot;bg_slider&quot;:false,&quot;keep_padding&quot;:false,&quot;hoverpause&quot;:false,&quot;show_slide_delay&quot;:0}\"  itemprop=\"image\" itemscope=\"itemscope\" itemtype=\"https:\/\/schema.org\/ImageObject\" ><ul class='avia-slideshow-inner ' style='padding-bottom: 21.09375%;'><li  class='avia-slideshow-slide av-ihj7s-b63d0ed33432c6a34d88fd416cd529e1__0  av-single-slide slide-1 slide-odd'><div data-rel='slideshow-1' class='avia-slide-wrap '   ><img decoding=\"async\" fetchpriority=\"high\" class=\"wp-image-1721 avia-img-lazy-loading-not-1721\"  src=\"https:\/\/mikrotech.sk\/wp-content\/uploads\/2022\/10\/1920-x-405-qm-neu-02-50-44-11-07-17.jpg\" width=\"1920\" height=\"405\" title='1920-x-405-qm-neu-02-50-44-11-07-17' alt=''  itemprop=\"thumbnailUrl\" srcset=\"https:\/\/mikrotech.sk\/wp-content\/uploads\/2022\/10\/1920-x-405-qm-neu-02-50-44-11-07-17.jpg 1920w, https:\/\/mikrotech.sk\/wp-content\/uploads\/2022\/10\/1920-x-405-qm-neu-02-50-44-11-07-17-300x63.jpg 300w, https:\/\/mikrotech.sk\/wp-content\/uploads\/2022\/10\/1920-x-405-qm-neu-02-50-44-11-07-17-1030x217.jpg 1030w, https:\/\/mikrotech.sk\/wp-content\/uploads\/2022\/10\/1920-x-405-qm-neu-02-50-44-11-07-17-768x162.jpg 768w, https:\/\/mikrotech.sk\/wp-content\/uploads\/2022\/10\/1920-x-405-qm-neu-02-50-44-11-07-17-1536x324.jpg 1536w, https:\/\/mikrotech.sk\/wp-content\/uploads\/2022\/10\/1920-x-405-qm-neu-02-50-44-11-07-17-1500x316.jpg 1500w, https:\/\/mikrotech.sk\/wp-content\/uploads\/2022\/10\/1920-x-405-qm-neu-02-50-44-11-07-17-705x149.jpg 705w\" sizes=\"(max-width: 1920px) 100vw, 1920px\" \/><\/div><\/li><\/ul><\/div><\/div><div id='after_full_slider_1'  class='main_color av_default_container_wrap container_wrap fullsize'  ><div class='container av-section-cont-open' ><div class='template-page content  av-content-full alpha units'><div class='post-entry post-entry-type-page post-entry-1906'><div class='entry-content-wrapper clearfix'>\n\n<style type=\"text\/css\" data-created_by=\"avia_inline_auto\" id=\"style-css-av-2qjy8-eb6c14bde9bedb2e90ceb568477d1f41\">\n#top .hr.hr-invisible.av-2qjy8-eb6c14bde9bedb2e90ceb568477d1f41{\nheight:15px;\n}\n<\/style>\n<div  class='hr av-2qjy8-eb6c14bde9bedb2e90ceb568477d1f41 hr-invisible  avia-builder-el-1  el_after_av_slideshow_full  el_before_av_one_half  avia-builder-el-first '><span class='hr-inner '><span class=\"hr-inner-style\"><\/span><\/span><\/div>\n<div  class='flex_column av-d2hm0-3d9fef6db51356711827657daf9598c1 av_one_half  avia-builder-el-2  el_after_av_hr  el_before_av_one_half  first flex_column_div  '     ><style type=\"text\/css\" data-created_by=\"avia_inline_auto\" id=\"style-css-av-l9pbkcx8-b22c5f39e246e3f1ae45d80e79f50ee7\">\n#top .av_textblock_section.av-l9pbkcx8-b22c5f39e246e3f1ae45d80e79f50ee7 .avia_textblock{\nfont-size:36px;\n}\n\n@media only screen and (max-width: 479px){ \n#top .av_textblock_section.av-l9pbkcx8-b22c5f39e246e3f1ae45d80e79f50ee7 .avia_textblock{\nfont-size:28px;\n}\n}\n<\/style>\n<section  class='av_textblock_section av-l9pbkcx8-b22c5f39e246e3f1ae45d80e79f50ee7 '   itemscope=\"itemscope\" itemtype=\"https:\/\/schema.org\/CreativeWork\" ><div class='avia_textblock'  itemprop=\"text\" ><h2>QUALITY MANAGEMENT<\/h2>\n<\/div><\/section><br \/>\n\n<style type=\"text\/css\" data-created_by=\"avia_inline_auto\" id=\"style-css-av-aopnc-97a9873f6d2c398aaf0ef7378a127b58\">\n#top .hr.av-aopnc-97a9873f6d2c398aaf0ef7378a127b58{\nmargin-top:10px;\nmargin-bottom:30px;\n}\n.hr.av-aopnc-97a9873f6d2c398aaf0ef7378a127b58 .hr-inner{\nwidth:10000px;\nborder-color:#00519e;\n}\n<\/style>\n<div  class='hr av-aopnc-97a9873f6d2c398aaf0ef7378a127b58 hr-custom  avia-builder-el-4  el_after_av_textblock  el_before_av_textblock  hr-left hr-icon-no'><span class='hr-inner inner-border-av-border-fat'><span class=\"hr-inner-style\"><\/span><\/span><\/div><br \/>\n<section  class='av_textblock_section av-l9pbotdj-7e74dac8a86c5d2548f4d40338f5e6cd '   itemscope=\"itemscope\" itemtype=\"https:\/\/schema.org\/CreativeWork\" ><div class='avia_textblock'  itemprop=\"text\" ><h4><strong><span style=\"color: #00519e;\">OUR AIM: HIGHEST QUALITY AND CUSTOMER SATISFACTION<\/span><\/strong><\/h4>\n<\/div><\/section><br \/>\n\n<style type=\"text\/css\" data-created_by=\"avia_inline_auto\" id=\"style-css-av-a66zc-c176fcca1c24fb288476967ed9f976c9\">\n#top .hr.hr-invisible.av-a66zc-c176fcca1c24fb288476967ed9f976c9{\nheight:15px;\n}\n<\/style>\n<div  class='hr av-a66zc-c176fcca1c24fb288476967ed9f976c9 hr-invisible  avia-builder-el-6  el_after_av_textblock  el_before_av_image '><span class='hr-inner '><span class=\"hr-inner-style\"><\/span><\/span><\/div><br \/>\n\n<style type=\"text\/css\" data-created_by=\"avia_inline_auto\" id=\"style-css-av-l9pbzhtz-95b95780e3ea4985fe2d7c71df965031\">\n.avia-image-container.av-l9pbzhtz-95b95780e3ea4985fe2d7c71df965031 img.avia_image{\nbox-shadow:none;\n}\n.avia-image-container.av-l9pbzhtz-95b95780e3ea4985fe2d7c71df965031 .av-image-caption-overlay-center{\ncolor:#ffffff;\n}\n<\/style>\n<div  class='avia-image-container av-l9pbzhtz-95b95780e3ea4985fe2d7c71df965031 av-styling- avia-align-center  avia-builder-el-7  el_after_av_hr  avia-builder-el-last '   itemprop=\"image\" itemscope=\"itemscope\" itemtype=\"https:\/\/schema.org\/ImageObject\" ><div class=\"avia-image-container-inner\"><div class=\"avia-image-overlay-wrap\"><img decoding=\"async\" fetchpriority=\"high\" class='wp-image-1722 avia-img-lazy-loading-not-1722 avia_image ' src=\"https:\/\/mikrotech.sk\/wp-content\/uploads\/2022\/10\/800-x-600-qs-05-34-17-1-08-16.jpg\" alt='' title='800-x-600-qs-05-34-17-1-08-16'  height=\"600\" width=\"800\"  itemprop=\"thumbnailUrl\" srcset=\"https:\/\/mikrotech.sk\/wp-content\/uploads\/2022\/10\/800-x-600-qs-05-34-17-1-08-16.jpg 800w, https:\/\/mikrotech.sk\/wp-content\/uploads\/2022\/10\/800-x-600-qs-05-34-17-1-08-16-300x225.jpg 300w, https:\/\/mikrotech.sk\/wp-content\/uploads\/2022\/10\/800-x-600-qs-05-34-17-1-08-16-768x576.jpg 768w, https:\/\/mikrotech.sk\/wp-content\/uploads\/2022\/10\/800-x-600-qs-05-34-17-1-08-16-705x529.jpg 705w\" sizes=\"(max-width: 800px) 100vw, 800px\" \/><\/div><\/div><\/div><\/p><\/div>\n<div  class='flex_column av-b7588-7577e51d208a7ceafb6881ada1c90514 av_one_half  avia-builder-el-8  el_after_av_one_half  el_before_av_section  avia-builder-el-last  flex_column_div  '     ><p><section  class='av_textblock_section av-l9pbmdna-e2a05d64d013d0ca4db59465a05e5aa0 '   itemscope=\"itemscope\" itemtype=\"https:\/\/schema.org\/CreativeWork\" ><div class='avia_textblock'  itemprop=\"text\" ><p>Our quality management system monitors all operational aspects from supplier selection through internal audits and customer audits to &#8220;just-in-time&#8221; delivery.<br \/>We use the CAQ software Babtec in order to secure our production processes. The high quality of our products is comprehensively documented by modern measuring techniques as per customer requirements.<br \/>The monitoring and measuring process is fortified by:<\/p>\n<ul>\n<li style=\"text-align: left;\">a modern 3D coordinate measuring device by Carl Zeiss<\/li>\n<li style=\"text-align: left;\">optical measuring instruments by Mitutoyo and Keyence<\/li>\n<li style=\"text-align: left;\">and many other measuring devices according to customer requirements<\/li>\n<\/ul>\n<\/div><\/section><br \/>\n\n<style type=\"text\/css\" data-created_by=\"avia_inline_auto\" id=\"style-css-av-jh42w-107110134ed71509eb175fae244c4b2d\">\n#top .hr.hr-invisible.av-jh42w-107110134ed71509eb175fae244c4b2d{\nheight:15px;\n}\n<\/style>\n<div  class='hr av-jh42w-107110134ed71509eb175fae244c4b2d hr-invisible  avia-builder-el-10  el_after_av_textblock  el_before_av_textblock '><span class='hr-inner '><span class=\"hr-inner-style\"><\/span><\/span><\/div><br \/>\n<section  class='av_textblock_section av-ljoehlf2-9cfd0a0074d9e0405adcc05f25aac753 '   itemscope=\"itemscope\" itemtype=\"https:\/\/schema.org\/CreativeWork\" ><div class='avia_textblock'  itemprop=\"text\" ><h4><span style=\"color: #00519e;\"><a style=\"color: #00519e;\" href=\"https:\/\/mikrotech.sk\/download\">Quality management<\/a><\/span><\/h4>\n<p>The quality management system of MIKROTECH, s.r.o. is certified according to ISO:9001:2015<\/p>\n<\/div><\/section><br \/>\n\n<style type=\"text\/css\" data-created_by=\"avia_inline_auto\" id=\"style-css-av-l9pdc4io-d54b174e70d051564c01614fc452136a\">\n.avia-image-container.av-l9pdc4io-d54b174e70d051564c01614fc452136a img.avia_image{\nbox-shadow:none;\n}\n.avia-image-container.av-l9pdc4io-d54b174e70d051564c01614fc452136a .av-image-caption-overlay-center{\ncolor:#ffffff;\n}\n<\/style>\n<div  class='avia-image-container av-l9pdc4io-d54b174e70d051564c01614fc452136a av-styling- av-img-linked avia-align-center  avia-builder-el-12  el_after_av_textblock  el_before_av_textblock '   itemprop=\"image\" itemscope=\"itemscope\" itemtype=\"https:\/\/schema.org\/ImageObject\" ><div class=\"avia-image-container-inner\"><div class=\"avia-image-overlay-wrap\"><a href=\"https:\/\/mikrotech.sk\/wp-content\/uploads\/2023\/11\/Hacker-Feinmechanik-ISO9001_2015-TUEV-Zertifikat-gueltig-bis-Dez-2026_de.pdf\" class='avia_image '  target=\"_blank\"  rel=\"noopener noreferrer\" aria-label='Unbenannt'><img decoding=\"async\" fetchpriority=\"high\" class='wp-image-4130 avia-img-lazy-loading-not-4130 avia_image ' src=\"https:\/\/mikrotech.sk\/wp-content\/uploads\/2024\/04\/Unbenannt.jpg\" alt='' title='Unbenannt'  height=\"880\" width=\"594\"  itemprop=\"thumbnailUrl\" srcset=\"https:\/\/mikrotech.sk\/wp-content\/uploads\/2024\/04\/Unbenannt.jpg 594w, https:\/\/mikrotech.sk\/wp-content\/uploads\/2024\/04\/Unbenannt-203x300.jpg 203w, https:\/\/mikrotech.sk\/wp-content\/uploads\/2024\/04\/Unbenannt-476x705.jpg 476w\" sizes=\"(max-width: 594px) 100vw, 594px\" \/><\/a><\/div><\/div><\/div><br \/>\n<section  class='av_textblock_section av-l9pjgqvv-3e950698e69146a87b00513b1942edb1 '   itemscope=\"itemscope\" itemtype=\"https:\/\/schema.org\/CreativeWork\" ><div class='avia_textblock'  itemprop=\"text\" ><p style=\"text-align: center;\"><strong><a href=\"https:\/\/mikrotech.sk\/wp-content\/uploads\/2023\/11\/Hacker-Feinmechanik-ISO9001_2015-TUEV-Zertifikat-gueltig-bis-Dez-2026_de.pdf\" target=\"_blank\" rel=\"noopener\">ISO 9001:2015 certificate &#8211; T\u00dcV S\u00fcd<\/a><\/strong><\/p>\n<\/div><\/section><\/p><\/div>\n<\/div><\/div><\/div><!-- close content main div --><\/div><\/div>\n<style type=\"text\/css\" data-created_by=\"avia_inline_auto\" id=\"style-css-av-lhq10bsk-fbdda3ab78953c6cf5850f690eb31a52\">\n.avia-section.av-lhq10bsk-fbdda3ab78953c6cf5850f690eb31a52{\nbackground-color:#00519e;\nbackground-image:unset;\n}\n<\/style>\n<div id='av_section_1'  class='avia-section av-lhq10bsk-fbdda3ab78953c6cf5850f690eb31a52 main_color avia-section-default avia-no-shadow  avia-builder-el-14  el_after_av_one_half  avia-builder-el-last  avia-bg-style-scroll container_wrap fullsize'  ><div class='container av-section-cont-open' ><div class='template-page content  av-content-full alpha units'><div class='post-entry post-entry-type-page post-entry-1906'><div class='entry-content-wrapper clearfix'>\n<div  class='flex_column av-hffaw-834e25852c300eed38a2f078258dee94 av_one_half  avia-builder-el-15  el_before_av_one_half  avia-builder-el-first  first flex_column_div  '     ><style type=\"text\/css\" data-created_by=\"avia_inline_auto\" id=\"style-css-av-l9pjdu90-91c538fe750911187762ca40f00dd951\">\n#top .av_textblock_section.av-l9pjdu90-91c538fe750911187762ca40f00dd951 .avia_textblock{\nfont-size:36px;\ntext-align:right;\n}\n\n@media only screen and (max-width: 479px){ \n#top .av_textblock_section.av-l9pjdu90-91c538fe750911187762ca40f00dd951 .avia_textblock{\nfont-size:28px;\n}\n}\n<\/style>\n<section  class='av_textblock_section av-l9pjdu90-91c538fe750911187762ca40f00dd951 '   itemscope=\"itemscope\" itemtype=\"https:\/\/schema.org\/CreativeWork\" ><div class='avia_textblock'  itemprop=\"text\" ><div style=\"text-align: left;\"><span style=\"color: #ffffff;\">CONTACT PERSON:<\/span><\/div>\n<\/div><\/section><br \/>\n\n<style type=\"text\/css\" data-created_by=\"avia_inline_auto\" id=\"style-css-av-l9pjf9x0-97d78feecb006219cb1c32ce4920e46d\">\n#top .hr.av-l9pjf9x0-97d78feecb006219cb1c32ce4920e46d{\nmargin-top:10px;\nmargin-bottom:30px;\n}\n.hr.av-l9pjf9x0-97d78feecb006219cb1c32ce4920e46d .hr-inner{\nwidth:80px;\nborder-color:#ffffff;\n}\n<\/style>\n<div  class='hr av-l9pjf9x0-97d78feecb006219cb1c32ce4920e46d hr-custom  avia-builder-el-17  el_after_av_textblock  avia-builder-el-last  hr-left hr-icon-no'><span class='hr-inner inner-border-av-border-fat'><span class=\"hr-inner-style\"><\/span><\/span><\/div><\/p><\/div><div  class='flex_column av-8jlew-e2ed92c1effb91ff24c176c59e4a40c3 av_one_half  avia-builder-el-18  el_after_av_one_half  avia-builder-el-last  flex_column_div  '     ><section  class='av_textblock_section av-l9pjdi5j-12b3ef0b8f95ef37282e6c23427b557b '   itemscope=\"itemscope\" itemtype=\"https:\/\/schema.org\/CreativeWork\" ><div class='avia_textblock'  itemprop=\"text\" ><h3><span style=\"color: #ffffff;\"><strong>MILO\u0160 KALLO<\/strong><\/span><\/h3>\n<\/div><\/section><br \/>\n\n<style type=\"text\/css\" data-created_by=\"avia_inline_auto\" id=\"style-css-av-7dxew-0b0c99c23f27b330e32168561b43c0c5\">\n#top .hr.hr-invisible.av-7dxew-0b0c99c23f27b330e32168561b43c0c5{\nheight:15px;\n}\n<\/style>\n<div  class='hr av-7dxew-0b0c99c23f27b330e32168561b43c0c5 hr-invisible  avia-builder-el-20  el_after_av_textblock  el_before_av_icon_box '><span class='hr-inner '><span class=\"hr-inner-style\"><\/span><\/span><\/div><br \/>\n\n<style type=\"text\/css\" data-created_by=\"avia_inline_auto\" id=\"style-css-av-lhq08q2y-988749f3600cb5ceb388b4d89e5e96ca\">\n.iconbox.av-lhq08q2y-988749f3600cb5ceb388b4d89e5e96ca .iconbox_icon{\ncolor:#ffffff;\n}\n.iconbox.av-lhq08q2y-988749f3600cb5ceb388b4d89e5e96ca .iconbox_icon.avia-svg-icon svg:first-child{\nfill:#ffffff;\nstroke:#ffffff;\n}\n<\/style>\n<article  class='iconbox iconbox_left av-lhq08q2y-988749f3600cb5ceb388b4d89e5e96ca  avia-builder-el-21  el_after_av_hr  el_before_av_icon_box '  itemscope=\"itemscope\" itemtype=\"https:\/\/schema.org\/CreativeWork\" ><div class=\"iconbox_content\"><header class=\"entry-content-header\" aria-label=\"Icon: \"><div class='iconbox_icon heading-color avia-iconfont avia-font-entypo-fontello' data-av_icon='\ue854' data-av_iconfont='entypo-fontello'  ><\/div><\/header><div class='iconbox_content_container '  itemprop=\"text\" ><h3><span style=\"color: #ffffff;\"><strong>  +421 42 4305 010<\/strong><\/span><\/h3>\n<\/div><\/div><footer class=\"entry-footer\"><\/footer><\/article><br \/>\n\n<style type=\"text\/css\" data-created_by=\"avia_inline_auto\" id=\"style-css-av-lhq08139-fd421aed859441ec1fd6cfab3cedb78f\">\n.iconbox.av-lhq08139-fd421aed859441ec1fd6cfab3cedb78f .iconbox_icon{\ncolor:#ffffff;\n}\n.iconbox.av-lhq08139-fd421aed859441ec1fd6cfab3cedb78f .iconbox_icon.avia-svg-icon svg:first-child{\nfill:#ffffff;\nstroke:#ffffff;\n}\n<\/style>\n<article  class='iconbox iconbox_left av-lhq08139-fd421aed859441ec1fd6cfab3cedb78f  avia-builder-el-22  el_after_av_icon_box  avia-builder-el-last '  itemscope=\"itemscope\" itemtype=\"https:\/\/schema.org\/CreativeWork\" ><div class=\"iconbox_content\"><header class=\"entry-content-header\" aria-label=\"Icon: \"><div class='iconbox_icon heading-color avia-iconfont avia-font-entypo-fontello' data-av_icon='\ue805' data-av_iconfont='entypo-fontello'  ><\/div><\/header><div class='iconbox_content_container '  itemprop=\"text\" ><h3><span style=\"color: #ffffff;\"><strong><a style=\"color: #ffffff;\" href=\"M.KALLO@MIKROTECH.SK\">  M.KALLO@MIKROTECH.SK<\/a><\/strong><\/span><\/h3>\n<\/div><\/div><footer class=\"entry-footer\"><\/footer><\/article><\/p><\/div>\n","protected":false},"excerpt":{"rendered":"","protected":false},"author":2,"featured_media":0,"parent":0,"menu_order":0,"comment_status":"closed","ping_status":"closed","template":"","meta":{"footnotes":""},"class_list":["post-1906","page","type-page","status-publish","hentry"],"yoast_head":"<!-- This site is optimized with the Yoast SEO plugin v27.5 - https:\/\/yoast.com\/product\/yoast-seo-wordpress\/ -->\n<title>Quality Management - Mikrotech s.r.o.<\/title>\n<meta name=\"robots\" content=\"index, follow, max-snippet:-1, max-image-preview:large, max-video-preview:-1\" \/>\n<link rel=\"canonical\" href=\"https:\/\/mikrotech.sk\/qualitaetsmanagement\/\" \/>\n<meta property=\"og:locale\" content=\"en_US\" \/>\n<meta property=\"og:type\" content=\"article\" \/>\n<meta property=\"og:title\" content=\"Quality Management - Mikrotech s.r.o.\" \/>\n<meta property=\"og:url\" content=\"https:\/\/mikrotech.sk\/qualitaetsmanagement\/\" \/>\n<meta property=\"og:site_name\" content=\"Mikrotech s.r.o.\" \/>\n<meta property=\"article:modified_time\" content=\"2024-12-17T14:20:47+00:00\" \/>\n<meta name=\"twitter:card\" content=\"summary_large_image\" \/>\n<meta name=\"twitter:label1\" content=\"Est. reading time\" \/>\n\t<meta name=\"twitter:data1\" content=\"21 minutes\" \/>\n<script type=\"application\/ld+json\" class=\"yoast-schema-graph\">{\"@context\":\"https:\\\/\\\/schema.org\",\"@graph\":[{\"@type\":\"WebPage\",\"@id\":\"https:\\\/\\\/mikrotech.sk\\\/qualitaetsmanagement\\\/\",\"url\":\"https:\\\/\\\/mikrotech.sk\\\/qualitaetsmanagement\\\/\",\"name\":\"Quality Management - Mikrotech s.r.o.\",\"isPartOf\":{\"@id\":\"https:\\\/\\\/mikrotech.sk\\\/sk\\\/#website\"},\"datePublished\":\"2022-10-26T06:27:12+00:00\",\"dateModified\":\"2024-12-17T14:20:47+00:00\",\"breadcrumb\":{\"@id\":\"https:\\\/\\\/mikrotech.sk\\\/qualitaetsmanagement\\\/#breadcrumb\"},\"inLanguage\":\"en-US\",\"potentialAction\":[{\"@type\":\"ReadAction\",\"target\":[\"https:\\\/\\\/mikrotech.sk\\\/qualitaetsmanagement\\\/\"]}]},{\"@type\":\"BreadcrumbList\",\"@id\":\"https:\\\/\\\/mikrotech.sk\\\/qualitaetsmanagement\\\/#breadcrumb\",\"itemListElement\":[{\"@type\":\"ListItem\",\"position\":1,\"name\":\"Startseite\",\"item\":\"https:\\\/\\\/mikrotech.sk\\\/en\\\/\"},{\"@type\":\"ListItem\",\"position\":2,\"name\":\"Quality Management\"}]},{\"@type\":\"WebSite\",\"@id\":\"https:\\\/\\\/mikrotech.sk\\\/sk\\\/#website\",\"url\":\"https:\\\/\\\/mikrotech.sk\\\/sk\\\/\",\"name\":\"Mikrotech s.r.o.\",\"description\":\"s\u00fastru\u017een\u00e9 diely, fr\u00e9zovan\u00e9 diely, br\u00fasen\u00e9 diely\",\"potentialAction\":[{\"@type\":\"SearchAction\",\"target\":{\"@type\":\"EntryPoint\",\"urlTemplate\":\"https:\\\/\\\/mikrotech.sk\\\/sk\\\/?s={search_term_string}\"},\"query-input\":{\"@type\":\"PropertyValueSpecification\",\"valueRequired\":true,\"valueName\":\"search_term_string\"}}],\"inLanguage\":\"en-US\"}]}<\/script>\n<!-- \/ Yoast SEO plugin. -->","yoast_head_json":{"title":"Quality Management - Mikrotech s.r.o.","robots":{"index":"index","follow":"follow","max-snippet":"max-snippet:-1","max-image-preview":"max-image-preview:large","max-video-preview":"max-video-preview:-1"},"canonical":"https:\/\/mikrotech.sk\/qualitaetsmanagement\/","og_locale":"en_US","og_type":"article","og_title":"Quality Management - Mikrotech s.r.o.","og_url":"https:\/\/mikrotech.sk\/qualitaetsmanagement\/","og_site_name":"Mikrotech s.r.o.","article_modified_time":"2024-12-17T14:20:47+00:00","twitter_card":"summary_large_image","twitter_misc":{"Est. reading time":"21 minutes"},"schema":{"@context":"https:\/\/schema.org","@graph":[{"@type":"WebPage","@id":"https:\/\/mikrotech.sk\/qualitaetsmanagement\/","url":"https:\/\/mikrotech.sk\/qualitaetsmanagement\/","name":"Quality Management - Mikrotech s.r.o.","isPartOf":{"@id":"https:\/\/mikrotech.sk\/sk\/#website"},"datePublished":"2022-10-26T06:27:12+00:00","dateModified":"2024-12-17T14:20:47+00:00","breadcrumb":{"@id":"https:\/\/mikrotech.sk\/qualitaetsmanagement\/#breadcrumb"},"inLanguage":"en-US","potentialAction":[{"@type":"ReadAction","target":["https:\/\/mikrotech.sk\/qualitaetsmanagement\/"]}]},{"@type":"BreadcrumbList","@id":"https:\/\/mikrotech.sk\/qualitaetsmanagement\/#breadcrumb","itemListElement":[{"@type":"ListItem","position":1,"name":"Startseite","item":"https:\/\/mikrotech.sk\/en\/"},{"@type":"ListItem","position":2,"name":"Quality Management"}]},{"@type":"WebSite","@id":"https:\/\/mikrotech.sk\/sk\/#website","url":"https:\/\/mikrotech.sk\/sk\/","name":"Mikrotech s.r.o.","description":"s\u00fastru\u017een\u00e9 diely, fr\u00e9zovan\u00e9 diely, br\u00fasen\u00e9 diely","potentialAction":[{"@type":"SearchAction","target":{"@type":"EntryPoint","urlTemplate":"https:\/\/mikrotech.sk\/sk\/?s={search_term_string}"},"query-input":{"@type":"PropertyValueSpecification","valueRequired":true,"valueName":"search_term_string"}}],"inLanguage":"en-US"}]}},"_links":{"self":[{"href":"https:\/\/mikrotech.sk\/en\/wp-json\/wp\/v2\/pages\/1906","targetHints":{"allow":["GET"]}}],"collection":[{"href":"https:\/\/mikrotech.sk\/en\/wp-json\/wp\/v2\/pages"}],"about":[{"href":"https:\/\/mikrotech.sk\/en\/wp-json\/wp\/v2\/types\/page"}],"author":[{"embeddable":true,"href":"https:\/\/mikrotech.sk\/en\/wp-json\/wp\/v2\/users\/2"}],"replies":[{"embeddable":true,"href":"https:\/\/mikrotech.sk\/en\/wp-json\/wp\/v2\/comments?post=1906"}],"version-history":[{"count":7,"href":"https:\/\/mikrotech.sk\/en\/wp-json\/wp\/v2\/pages\/1906\/revisions"}],"predecessor-version":[{"id":4270,"href":"https:\/\/mikrotech.sk\/en\/wp-json\/wp\/v2\/pages\/1906\/revisions\/4270"}],"wp:attachment":[{"href":"https:\/\/mikrotech.sk\/en\/wp-json\/wp\/v2\/media?parent=1906"}],"curies":[{"name":"wp","href":"https:\/\/api.w.org\/{rel}","templated":true}]}}