{"id":1902,"date":"2022-10-26T11:36:23","date_gmt":"2022-10-26T11:36:23","guid":{"rendered":"http:\/\/neu.hacker-feinmechanik.de\/vacancies-alt\/"},"modified":"2023-10-26T08:09:30","modified_gmt":"2023-10-26T08:09:30","slug":"vacancies-alt","status":"publish","type":"page","link":"https:\/\/mikrotech.sk\/en\/vacancies-alt\/","title":{"rendered":"Vacancies ALT"},"content":{"rendered":"<div id='full_slider_1'  class='avia-fullwidth-slider main_color avia-shadow   avia-builder-el-0  el_before_av_one_full  avia-builder-el-first   container_wrap fullsize'  ><\/div><div id='after_full_slider_1'  class='main_color av_default_container_wrap container_wrap fullsize'  ><div class='container av-section-cont-open' ><div class='template-page content  av-content-full alpha units'><div class='post-entry post-entry-type-page post-entry-1902'><div class='entry-content-wrapper clearfix'>\n<div  class='flex_column av-138pf4-1bec5df300b3c5e6d1ff55eb3c3b0974 av_one_full  avia-builder-el-1  el_after_av_slideshow_full  el_before_av_one_half  avia-builder-el-first  first flex_column_div  '     ><section  class='av_textblock_section av-l9pjw9gc-deb6a3e4575579594c88e6e595ae3d56 '   itemscope=\"itemscope\" itemtype=\"https:\/\/schema.org\/CreativeWork\" ><div class='avia_textblock'  itemprop=\"text\" ><h2>JOB OFFERS<\/h2>\n<\/div><\/section><br \/>\n\n<style type=\"text\/css\" data-created_by=\"avia_inline_auto\" id=\"style-css-av-ve8fs-634527a0ca584792905f8dc38fbe9a6b\">\n#top .hr.av-ve8fs-634527a0ca584792905f8dc38fbe9a6b{\nmargin-top:10px;\nmargin-bottom:30px;\n}\n.hr.av-ve8fs-634527a0ca584792905f8dc38fbe9a6b .hr-inner{\nwidth:80px;\nborder-color:#00519e;\n}\n<\/style>\n<div  class='hr av-ve8fs-634527a0ca584792905f8dc38fbe9a6b hr-custom  avia-builder-el-3  el_after_av_textblock  avia-builder-el-last  hr-left hr-icon-no'><span class='hr-inner inner-border-av-border-fat'><span class=\"hr-inner-style\"><\/span><\/span><\/div><\/p><\/div>\n<div  class='flex_column av-1gxva0-cc059b6fdd15f85b05aac6f8c69dbb2f av_one_half  avia-builder-el-4  el_after_av_one_full  avia-builder-el-last  first flex_column_div  column-top-margin'     ><section  class='av_textblock_section av-19eqh4-9a786f6468465fd1bdf2b9140e8cd151 '   itemscope=\"itemscope\" itemtype=\"https:\/\/schema.org\/CreativeWork\" ><div class='avia_textblock'  itemprop=\"text\" ><h3><a href=\"https:\/\/mikrotech.sk\/en\/employee-cnc-machining-m-f-d\/\"><span style=\"color: #00519e;\"><strong>EMPLOYEE &#8211; CNC MACHINING (M\/F\/D)<\/strong><\/span><\/a><\/h3>\n<p class=\"datum\">\n<p>You will machine workpieces in medium and small batch production in 2-shift operation. Your field of activity includes setting up or setting up and operating CNC lathes as well as quality control of the produced workpieces.<\/p>\n<p><span style=\"color: #00519e;\"><a style=\"color: #00519e;\" href=\"https:\/\/mikrotech.sk\/en\/employee-cnc-machining-m-f-d\/\" target=\"_blank\" rel=\"noopener\">more<\/a><\/span><\/p>\n<\/div><\/section><\/div>\n","protected":false},"excerpt":{"rendered":"","protected":false},"author":2,"featured_media":0,"parent":0,"menu_order":0,"comment_status":"closed","ping_status":"closed","template":"","meta":{"footnotes":""},"class_list":["post-1902","page","type-page","status-publish","hentry"],"yoast_head":"<!-- This site is optimized with the Yoast SEO plugin v27.4 - https:\/\/yoast.com\/product\/yoast-seo-wordpress\/ -->\n<title>Vacancies ALT - Mikrotech s.r.o.<\/title>\n<meta name=\"robots\" content=\"index, follow, max-snippet:-1, max-image-preview:large, max-video-preview:-1\" \/>\n<link rel=\"canonical\" href=\"https:\/\/mikrotech.sk\/en\/vacancies-alt\/\" \/>\n<meta property=\"og:locale\" content=\"en_US\" \/>\n<meta property=\"og:type\" content=\"article\" \/>\n<meta property=\"og:title\" content=\"Vacancies ALT - Mikrotech s.r.o.\" \/>\n<meta property=\"og:url\" content=\"https:\/\/mikrotech.sk\/en\/vacancies-alt\/\" \/>\n<meta property=\"og:site_name\" content=\"Mikrotech s.r.o.\" \/>\n<meta property=\"article:modified_time\" content=\"2023-10-26T08:09:30+00:00\" \/>\n<meta name=\"twitter:card\" content=\"summary_large_image\" \/>\n<meta name=\"twitter:label1\" content=\"Est. reading time\" \/>\n\t<meta name=\"twitter:data1\" content=\"4 minutes\" \/>\n<script type=\"application\/ld+json\" class=\"yoast-schema-graph\">{\"@context\":\"https:\\\/\\\/schema.org\",\"@graph\":[{\"@type\":\"WebPage\",\"@id\":\"https:\\\/\\\/mikrotech.sk\\\/en\\\/vacancies-alt\\\/\",\"url\":\"https:\\\/\\\/mikrotech.sk\\\/en\\\/vacancies-alt\\\/\",\"name\":\"Vacancies ALT - Mikrotech s.r.o.\",\"isPartOf\":{\"@id\":\"https:\\\/\\\/mikrotech.sk\\\/sk\\\/#website\"},\"datePublished\":\"2022-10-26T11:36:23+00:00\",\"dateModified\":\"2023-10-26T08:09:30+00:00\",\"breadcrumb\":{\"@id\":\"https:\\\/\\\/mikrotech.sk\\\/en\\\/vacancies-alt\\\/#breadcrumb\"},\"inLanguage\":\"en-US\",\"potentialAction\":[{\"@type\":\"ReadAction\",\"target\":[\"https:\\\/\\\/mikrotech.sk\\\/en\\\/vacancies-alt\\\/\"]}]},{\"@type\":\"BreadcrumbList\",\"@id\":\"https:\\\/\\\/mikrotech.sk\\\/en\\\/vacancies-alt\\\/#breadcrumb\",\"itemListElement\":[{\"@type\":\"ListItem\",\"position\":1,\"name\":\"Startseite\",\"item\":\"https:\\\/\\\/mikrotech.sk\\\/en\\\/\"},{\"@type\":\"ListItem\",\"position\":2,\"name\":\"Vacancies ALT\"}]},{\"@type\":\"WebSite\",\"@id\":\"https:\\\/\\\/mikrotech.sk\\\/sk\\\/#website\",\"url\":\"https:\\\/\\\/mikrotech.sk\\\/sk\\\/\",\"name\":\"Mikrotech s.r.o.\",\"description\":\"s\u00fastru\u017een\u00e9 diely, fr\u00e9zovan\u00e9 diely, br\u00fasen\u00e9 diely\",\"potentialAction\":[{\"@type\":\"SearchAction\",\"target\":{\"@type\":\"EntryPoint\",\"urlTemplate\":\"https:\\\/\\\/mikrotech.sk\\\/sk\\\/?s={search_term_string}\"},\"query-input\":{\"@type\":\"PropertyValueSpecification\",\"valueRequired\":true,\"valueName\":\"search_term_string\"}}],\"inLanguage\":\"en-US\"}]}<\/script>\n<!-- \/ Yoast SEO plugin. -->","yoast_head_json":{"title":"Vacancies ALT - Mikrotech s.r.o.","robots":{"index":"index","follow":"follow","max-snippet":"max-snippet:-1","max-image-preview":"max-image-preview:large","max-video-preview":"max-video-preview:-1"},"canonical":"https:\/\/mikrotech.sk\/en\/vacancies-alt\/","og_locale":"en_US","og_type":"article","og_title":"Vacancies ALT - Mikrotech s.r.o.","og_url":"https:\/\/mikrotech.sk\/en\/vacancies-alt\/","og_site_name":"Mikrotech s.r.o.","article_modified_time":"2023-10-26T08:09:30+00:00","twitter_card":"summary_large_image","twitter_misc":{"Est. reading time":"4 minutes"},"schema":{"@context":"https:\/\/schema.org","@graph":[{"@type":"WebPage","@id":"https:\/\/mikrotech.sk\/en\/vacancies-alt\/","url":"https:\/\/mikrotech.sk\/en\/vacancies-alt\/","name":"Vacancies ALT - Mikrotech s.r.o.","isPartOf":{"@id":"https:\/\/mikrotech.sk\/sk\/#website"},"datePublished":"2022-10-26T11:36:23+00:00","dateModified":"2023-10-26T08:09:30+00:00","breadcrumb":{"@id":"https:\/\/mikrotech.sk\/en\/vacancies-alt\/#breadcrumb"},"inLanguage":"en-US","potentialAction":[{"@type":"ReadAction","target":["https:\/\/mikrotech.sk\/en\/vacancies-alt\/"]}]},{"@type":"BreadcrumbList","@id":"https:\/\/mikrotech.sk\/en\/vacancies-alt\/#breadcrumb","itemListElement":[{"@type":"ListItem","position":1,"name":"Startseite","item":"https:\/\/mikrotech.sk\/en\/"},{"@type":"ListItem","position":2,"name":"Vacancies ALT"}]},{"@type":"WebSite","@id":"https:\/\/mikrotech.sk\/sk\/#website","url":"https:\/\/mikrotech.sk\/sk\/","name":"Mikrotech s.r.o.","description":"s\u00fastru\u017een\u00e9 diely, fr\u00e9zovan\u00e9 diely, br\u00fasen\u00e9 diely","potentialAction":[{"@type":"SearchAction","target":{"@type":"EntryPoint","urlTemplate":"https:\/\/mikrotech.sk\/sk\/?s={search_term_string}"},"query-input":{"@type":"PropertyValueSpecification","valueRequired":true,"valueName":"search_term_string"}}],"inLanguage":"en-US"}]}},"_links":{"self":[{"href":"https:\/\/mikrotech.sk\/en\/wp-json\/wp\/v2\/pages\/1902","targetHints":{"allow":["GET"]}}],"collection":[{"href":"https:\/\/mikrotech.sk\/en\/wp-json\/wp\/v2\/pages"}],"about":[{"href":"https:\/\/mikrotech.sk\/en\/wp-json\/wp\/v2\/types\/page"}],"author":[{"embeddable":true,"href":"https:\/\/mikrotech.sk\/en\/wp-json\/wp\/v2\/users\/2"}],"replies":[{"embeddable":true,"href":"https:\/\/mikrotech.sk\/en\/wp-json\/wp\/v2\/comments?post=1902"}],"version-history":[{"count":1,"href":"https:\/\/mikrotech.sk\/en\/wp-json\/wp\/v2\/pages\/1902\/revisions"}],"predecessor-version":[{"id":1999,"href":"https:\/\/mikrotech.sk\/en\/wp-json\/wp\/v2\/pages\/1902\/revisions\/1999"}],"wp:attachment":[{"href":"https:\/\/mikrotech.sk\/en\/wp-json\/wp\/v2\/media?parent=1902"}],"curies":[{"name":"wp","href":"https:\/\/api.w.org\/{rel}","templated":true}]}}