{"id":1899,"date":"2022-11-07T13:00:49","date_gmt":"2022-11-07T12:00:49","guid":{"rendered":"http:\/\/neu.hacker-feinmechanik.de\/grinding-parts\/"},"modified":"2024-12-17T15:49:09","modified_gmt":"2024-12-17T14:49:09","slug":"grinding-parts","status":"publish","type":"page","link":"https:\/\/mikrotech.sk\/en\/grinding-parts\/","title":{"rendered":"Grinding Parts"},"content":{"rendered":"<div id='full_slider_1'  class='avia-fullwidth-slider main_color avia-shadow   avia-builder-el-0  el_before_av_one_half  avia-builder-el-first   container_wrap fullsize'  ><div  class='avia-slideshow av-w43ub-206f2b37fc61b495b0bba3d74f4a6679 avia-slideshow-no scaling av_slideshow_full avia-slide-slider av-slideshow-ui av-control-default av-slideshow-manual av-loop-once av-loop-manual-endless av-default-height-applied   avia-slideshow-1' data-slideshow-options=\"{&quot;animation&quot;:&quot;slide&quot;,&quot;autoplay&quot;:false,&quot;loop_autoplay&quot;:&quot;once&quot;,&quot;interval&quot;:5,&quot;loop_manual&quot;:&quot;manual-endless&quot;,&quot;autoplay_stopper&quot;:false,&quot;noNavigation&quot;:false,&quot;bg_slider&quot;:false,&quot;keep_padding&quot;:false,&quot;hoverpause&quot;:false,&quot;show_slide_delay&quot;:0}\"  itemprop=\"image\" itemscope=\"itemscope\" itemtype=\"https:\/\/schema.org\/ImageObject\" ><ul class='avia-slideshow-inner ' style='padding-bottom: 21.09375%;'><li  class='avia-slideshow-slide av-w43ub-206f2b37fc61b495b0bba3d74f4a6679__0  av-single-slide slide-1 slide-odd'><div data-rel='slideshow-1' class='avia-slide-wrap '   ><img decoding=\"async\" fetchpriority=\"high\" class=\"wp-image-1751 avia-img-lazy-loading-not-1751\"  src=\"https:\/\/mikrotech.sk\/wp-content\/uploads\/2022\/11\/1920x405-schleifteile-wm-02-01-39-19-05-17-1.jpg\" width=\"1920\" height=\"405\" title='1920x405-schleifteile-wm-02-01-39-19-05-17 (1)' alt=''  itemprop=\"thumbnailUrl\" srcset=\"https:\/\/mikrotech.sk\/wp-content\/uploads\/2022\/11\/1920x405-schleifteile-wm-02-01-39-19-05-17-1.jpg 1920w, https:\/\/mikrotech.sk\/wp-content\/uploads\/2022\/11\/1920x405-schleifteile-wm-02-01-39-19-05-17-1-300x63.jpg 300w, https:\/\/mikrotech.sk\/wp-content\/uploads\/2022\/11\/1920x405-schleifteile-wm-02-01-39-19-05-17-1-1030x217.jpg 1030w, https:\/\/mikrotech.sk\/wp-content\/uploads\/2022\/11\/1920x405-schleifteile-wm-02-01-39-19-05-17-1-768x162.jpg 768w, https:\/\/mikrotech.sk\/wp-content\/uploads\/2022\/11\/1920x405-schleifteile-wm-02-01-39-19-05-17-1-1536x324.jpg 1536w, https:\/\/mikrotech.sk\/wp-content\/uploads\/2022\/11\/1920x405-schleifteile-wm-02-01-39-19-05-17-1-1500x316.jpg 1500w, https:\/\/mikrotech.sk\/wp-content\/uploads\/2022\/11\/1920x405-schleifteile-wm-02-01-39-19-05-17-1-705x149.jpg 705w\" sizes=\"(max-width: 1920px) 100vw, 1920px\" \/><\/div><\/li><\/ul><\/div><\/div><div id='after_full_slider_1'  class='main_color av_default_container_wrap container_wrap fullsize'  ><div class='container av-section-cont-open' ><div class='template-page content  av-content-full alpha units'><div class='post-entry post-entry-type-page post-entry-1899'><div class='entry-content-wrapper clearfix'>\n<div  class='flex_column av-onrcj-433f27a63a681b2d1e7f248e5578628b av_one_half  avia-builder-el-1  el_after_av_slideshow_full  el_before_av_one_half  avia-builder-el-first  first flex_column_div  '     ><section  class='av_textblock_section av-ip9wb-252a4da75f95afa5e1f0ec8fa4ee5dc2 '   itemscope=\"itemscope\" itemtype=\"https:\/\/schema.org\/CreativeWork\" ><div class='avia_textblock'  itemprop=\"text\" ><h2>GRINDING PARTS<\/h2>\n<\/div><\/section><br \/>\n\n<style type=\"text\/css\" data-created_by=\"avia_inline_auto\" id=\"style-css-av-hr2ez-a885ae7f825f960503a3064641309905\">\n#top .hr.av-hr2ez-a885ae7f825f960503a3064641309905{\nmargin-top:10px;\nmargin-bottom:30px;\n}\n.hr.av-hr2ez-a885ae7f825f960503a3064641309905 .hr-inner{\nwidth:80px;\nborder-color:#00519e;\n}\n<\/style>\n<div  class='hr av-hr2ez-a885ae7f825f960503a3064641309905 hr-custom  avia-builder-el-3  el_after_av_textblock  el_before_av_textblock  hr-left hr-icon-no'><span class='hr-inner inner-border-av-border-fat'><span class=\"hr-inner-style\"><\/span><\/span><\/div><br \/>\n<section  class='av_textblock_section av-la6sj46f-645ffd58d908d48f91d03fe6017422d2 '   itemscope=\"itemscope\" itemtype=\"https:\/\/schema.org\/CreativeWork\" ><div class='avia_textblock'  itemprop=\"text\" ><h3><strong><span style=\"color: #00519e;\">GRINDING AS AN INDISPENSABLE PART OF PRECISION ENGINEERING<br \/>\n<\/span><\/strong><\/h3>\n<\/div><\/section><br \/>\n<div  class='hr av-bkpsb-dd930f328e8eea1c989ee20d4ad1397b hr-default  avia-builder-el-5  el_after_av_textblock  el_before_av_slideshow '><span class='hr-inner '><span class=\"hr-inner-style\"><\/span><\/span><\/div><br \/>\n<div  class='avia-slideshow av-lxd826bn-06a488eb41dc3d65b7615a644f60d0a8 avia-slideshow-featured av_slideshow avia-slide-slider  avia-builder-el-6  el_after_av_hr  avia-builder-el-last  av-slideshow-ui av-control-default av-slideshow-autoplay av-loop-endless av-loop-manual-once av-default-height-applied avia-slideshow-2' data-slideshow-options=\"{&quot;animation&quot;:&quot;slide&quot;,&quot;autoplay&quot;:true,&quot;loop_autoplay&quot;:&quot;endless&quot;,&quot;interval&quot;:3,&quot;loop_manual&quot;:&quot;manual-once&quot;,&quot;autoplay_stopper&quot;:false,&quot;noNavigation&quot;:false,&quot;bg_slider&quot;:false,&quot;keep_padding&quot;:false,&quot;hoverpause&quot;:false,&quot;show_slide_delay&quot;:0}\"  itemprop=\"image\" itemscope=\"itemscope\" itemtype=\"https:\/\/schema.org\/ImageObject\" ><ul class='avia-slideshow-inner ' style='padding-bottom: 53.75%;'><li  class='avia-slideshow-slide av-lxd826bn-06a488eb41dc3d65b7615a644f60d0a8__0  slide-1 slide-odd'><div data-rel='slideshow-2' class='avia-slide-wrap '   ><img decoding=\"async\" fetchpriority=\"high\" class=\"wp-image-4074 avia-img-lazy-loading-not-4074\"  src=\"https:\/\/mikrotech.sk\/wp-content\/uploads\/2024\/06\/img-0785-03-47-06-2-05-18-3259-800x430.jpg\" width=\"800\" height=\"430\" title='0000002' alt=''  itemprop=\"thumbnailUrl\"   \/><\/div><\/li><li  class='avia-slideshow-slide av-lxd826bn-06a488eb41dc3d65b7615a644f60d0a8__1  slide-2 slide-even'><div data-rel='slideshow-2' class='avia-slide-wrap '   ><img decoding=\"async\" fetchpriority=\"high\" class=\"wp-image-4075 avia-img-lazy-loading-not-4075\"  src=\"https:\/\/mikrotech.sk\/wp-content\/uploads\/2024\/06\/fotolia-84906339-m-03-33-03-29-05-18-1649-800x430.jpg\" width=\"800\" height=\"430\" title='0000003' alt=''  itemprop=\"thumbnailUrl\"   \/><\/div><\/li><li  class='avia-slideshow-slide av-lxd826bn-06a488eb41dc3d65b7615a644f60d0a8__2  slide-3 slide-odd'><div data-rel='slideshow-2' class='avia-slide-wrap '   ><img decoding=\"async\" fetchpriority=\"high\" class=\"wp-image-4076 avia-img-lazy-loading-not-4076\"  src=\"https:\/\/mikrotech.sk\/wp-content\/uploads\/2024\/06\/img-0758-03-43-19-2-05-18-5579-800x430.jpg\" width=\"800\" height=\"430\" title='0000001' alt=''  itemprop=\"thumbnailUrl\"   \/><\/div><\/li><\/ul><div class='avia-slideshow-arrows avia-slideshow-controls' ><a href='#prev' class='prev-slide  avia-svg-icon avia-font-svg_entypo-fontello' data-av_svg_icon='left-open-big' data-av_iconset='svg_entypo-fontello' tabindex='-1' title=\"Previous\"><svg version=\"1.1\" xmlns=\"http:\/\/www.w3.org\/2000\/svg\" width=\"15\" height=\"32\" viewBox=\"0 0 15 32\" preserveAspectRatio=\"xMidYMid meet\" aria-labelledby='av-svg-title-1' aria-describedby='av-svg-desc-1' role=\"graphics-symbol\" aria-hidden=\"true\">\n<title id='av-svg-title-1'>Previous<\/title>\n<desc id='av-svg-desc-1'>Previous<\/desc>\n<path d=\"M14.464 27.84q0.832 0.832 0 1.536-0.832 0.832-1.536 0l-12.544-12.608q-0.768-0.768 0-1.6l12.544-12.608q0.704-0.832 1.536 0 0.832 0.704 0 1.536l-11.456 11.904z\"><\/path>\n<\/svg><span class='avia_hidden_link_text'>Previous<\/span><\/a><a href='#next' class='next-slide  avia-svg-icon avia-font-svg_entypo-fontello' data-av_svg_icon='right-open-big' data-av_iconset='svg_entypo-fontello' tabindex='-1' title=\"Next\"><svg version=\"1.1\" xmlns=\"http:\/\/www.w3.org\/2000\/svg\" width=\"15\" height=\"32\" viewBox=\"0 0 15 32\" preserveAspectRatio=\"xMidYMid meet\" aria-labelledby='av-svg-title-2' aria-describedby='av-svg-desc-2' role=\"graphics-symbol\" aria-hidden=\"true\">\n<title id='av-svg-title-2'>Next<\/title>\n<desc id='av-svg-desc-2'>Next<\/desc>\n<path d=\"M0.416 27.84l11.456-11.84-11.456-11.904q-0.832-0.832 0-1.536 0.832-0.832 1.536 0l12.544 12.608q0.768 0.832 0 1.6l-12.544 12.608q-0.704 0.832-1.536 0-0.832-0.704 0-1.536z\"><\/path>\n<\/svg><span class='avia_hidden_link_text'>Next<\/span><\/a><\/div><div class='avia-slideshow-dots avia-slideshow-controls'><a href='#1' class='goto-slide active' >1<\/a><a href='#2' class='goto-slide ' >2<\/a><a href='#3' class='goto-slide ' >3<\/a><\/div><\/div><\/p><\/div><div  class='flex_column av-2ih6r-31f8dc1e0f1cf33083f22dc07a023bdd av_one_half  avia-builder-el-7  el_after_av_one_half  avia-builder-el-last  flex_column_div  '     ><section  class='av_textblock_section av-la6sisak-dcb44a53376f11b17181e20e6b83031c '   itemscope=\"itemscope\" itemtype=\"https:\/\/schema.org\/CreativeWork\" ><div class='avia_textblock'  itemprop=\"text\" ><h5><span style=\"color: #00519e;\">Grinding parts according to highest requirements<br \/>\n<\/span><\/h5>\n<p>We offer a broad range of in-house grinding techniques in order to give your parts the &#8220;finishing&#8221; touch. A broad range of machines fulfilling highest demands on dimensional precision, surface finishing or concentricity is contributing to our objective, which is: grinding parts of exceptional precision.  <\/p>\n<h5><span style=\"color: #00519e;\">Our CNC devices are prerequisites for precision<br \/>\n<\/span><\/h5>\n<p>Utilizing our grinding devices, we achieve the required quality of surfaces and edges.<br \/>In addition, we offer conventional and CNC grinding up to a diameter of 50 mm:<\/p>\n<ul>\n<li style=\"list-style-type: none;\">\n<ul>\n<li>grinding of outer diameters between centers,<\/li>\n<li>crank grinding to achieve high circularity even on long workpieces.<\/li>\n<\/ul>\n<\/li>\n<\/ul>\n<\/div><\/section><\/div><\/p>\n","protected":false},"excerpt":{"rendered":"","protected":false},"author":2,"featured_media":0,"parent":0,"menu_order":0,"comment_status":"closed","ping_status":"closed","template":"","meta":{"footnotes":""},"class_list":["post-1899","page","type-page","status-publish","hentry"],"yoast_head":"<!-- This site is optimized with the Yoast SEO plugin v27.5 - https:\/\/yoast.com\/product\/yoast-seo-wordpress\/ -->\n<title>Grinding Parts - Mikrotech s.r.o.<\/title>\n<meta name=\"robots\" content=\"index, follow, max-snippet:-1, max-image-preview:large, max-video-preview:-1\" \/>\n<link rel=\"canonical\" href=\"https:\/\/mikrotech.sk\/schleifteile\/\" \/>\n<meta property=\"og:locale\" content=\"en_US\" \/>\n<meta property=\"og:type\" content=\"article\" \/>\n<meta property=\"og:title\" content=\"Grinding Parts - Mikrotech s.r.o.\" \/>\n<meta property=\"og:url\" content=\"https:\/\/mikrotech.sk\/schleifteile\/\" \/>\n<meta property=\"og:site_name\" content=\"Mikrotech s.r.o.\" \/>\n<meta property=\"article:modified_time\" content=\"2024-12-17T14:49:09+00:00\" \/>\n<meta name=\"twitter:card\" content=\"summary_large_image\" \/>\n<meta name=\"twitter:label1\" content=\"Est. reading time\" \/>\n\t<meta name=\"twitter:data1\" content=\"9 minutes\" \/>\n<script type=\"application\/ld+json\" class=\"yoast-schema-graph\">{\"@context\":\"https:\\\/\\\/schema.org\",\"@graph\":[{\"@type\":\"WebPage\",\"@id\":\"https:\\\/\\\/mikrotech.sk\\\/schleifteile\\\/\",\"url\":\"https:\\\/\\\/mikrotech.sk\\\/schleifteile\\\/\",\"name\":\"Grinding Parts - Mikrotech s.r.o.\",\"isPartOf\":{\"@id\":\"https:\\\/\\\/mikrotech.sk\\\/sk\\\/#website\"},\"datePublished\":\"2022-11-07T12:00:49+00:00\",\"dateModified\":\"2024-12-17T14:49:09+00:00\",\"breadcrumb\":{\"@id\":\"https:\\\/\\\/mikrotech.sk\\\/schleifteile\\\/#breadcrumb\"},\"inLanguage\":\"en-US\",\"potentialAction\":[{\"@type\":\"ReadAction\",\"target\":[\"https:\\\/\\\/mikrotech.sk\\\/schleifteile\\\/\"]}]},{\"@type\":\"BreadcrumbList\",\"@id\":\"https:\\\/\\\/mikrotech.sk\\\/schleifteile\\\/#breadcrumb\",\"itemListElement\":[{\"@type\":\"ListItem\",\"position\":1,\"name\":\"Startseite\",\"item\":\"https:\\\/\\\/mikrotech.sk\\\/en\\\/\"},{\"@type\":\"ListItem\",\"position\":2,\"name\":\"Grinding Parts\"}]},{\"@type\":\"WebSite\",\"@id\":\"https:\\\/\\\/mikrotech.sk\\\/sk\\\/#website\",\"url\":\"https:\\\/\\\/mikrotech.sk\\\/sk\\\/\",\"name\":\"Mikrotech s.r.o.\",\"description\":\"s\u00fastru\u017een\u00e9 diely, fr\u00e9zovan\u00e9 diely, br\u00fasen\u00e9 diely\",\"potentialAction\":[{\"@type\":\"SearchAction\",\"target\":{\"@type\":\"EntryPoint\",\"urlTemplate\":\"https:\\\/\\\/mikrotech.sk\\\/sk\\\/?s={search_term_string}\"},\"query-input\":{\"@type\":\"PropertyValueSpecification\",\"valueRequired\":true,\"valueName\":\"search_term_string\"}}],\"inLanguage\":\"en-US\"}]}<\/script>\n<!-- \/ Yoast SEO plugin. -->","yoast_head_json":{"title":"Grinding Parts - Mikrotech s.r.o.","robots":{"index":"index","follow":"follow","max-snippet":"max-snippet:-1","max-image-preview":"max-image-preview:large","max-video-preview":"max-video-preview:-1"},"canonical":"https:\/\/mikrotech.sk\/schleifteile\/","og_locale":"en_US","og_type":"article","og_title":"Grinding Parts - Mikrotech s.r.o.","og_url":"https:\/\/mikrotech.sk\/schleifteile\/","og_site_name":"Mikrotech s.r.o.","article_modified_time":"2024-12-17T14:49:09+00:00","twitter_card":"summary_large_image","twitter_misc":{"Est. reading time":"9 minutes"},"schema":{"@context":"https:\/\/schema.org","@graph":[{"@type":"WebPage","@id":"https:\/\/mikrotech.sk\/schleifteile\/","url":"https:\/\/mikrotech.sk\/schleifteile\/","name":"Grinding Parts - Mikrotech s.r.o.","isPartOf":{"@id":"https:\/\/mikrotech.sk\/sk\/#website"},"datePublished":"2022-11-07T12:00:49+00:00","dateModified":"2024-12-17T14:49:09+00:00","breadcrumb":{"@id":"https:\/\/mikrotech.sk\/schleifteile\/#breadcrumb"},"inLanguage":"en-US","potentialAction":[{"@type":"ReadAction","target":["https:\/\/mikrotech.sk\/schleifteile\/"]}]},{"@type":"BreadcrumbList","@id":"https:\/\/mikrotech.sk\/schleifteile\/#breadcrumb","itemListElement":[{"@type":"ListItem","position":1,"name":"Startseite","item":"https:\/\/mikrotech.sk\/en\/"},{"@type":"ListItem","position":2,"name":"Grinding Parts"}]},{"@type":"WebSite","@id":"https:\/\/mikrotech.sk\/sk\/#website","url":"https:\/\/mikrotech.sk\/sk\/","name":"Mikrotech s.r.o.","description":"s\u00fastru\u017een\u00e9 diely, fr\u00e9zovan\u00e9 diely, br\u00fasen\u00e9 diely","potentialAction":[{"@type":"SearchAction","target":{"@type":"EntryPoint","urlTemplate":"https:\/\/mikrotech.sk\/sk\/?s={search_term_string}"},"query-input":{"@type":"PropertyValueSpecification","valueRequired":true,"valueName":"search_term_string"}}],"inLanguage":"en-US"}]}},"_links":{"self":[{"href":"https:\/\/mikrotech.sk\/en\/wp-json\/wp\/v2\/pages\/1899","targetHints":{"allow":["GET"]}}],"collection":[{"href":"https:\/\/mikrotech.sk\/en\/wp-json\/wp\/v2\/pages"}],"about":[{"href":"https:\/\/mikrotech.sk\/en\/wp-json\/wp\/v2\/types\/page"}],"author":[{"embeddable":true,"href":"https:\/\/mikrotech.sk\/en\/wp-json\/wp\/v2\/users\/2"}],"replies":[{"embeddable":true,"href":"https:\/\/mikrotech.sk\/en\/wp-json\/wp\/v2\/comments?post=1899"}],"version-history":[{"count":12,"href":"https:\/\/mikrotech.sk\/en\/wp-json\/wp\/v2\/pages\/1899\/revisions"}],"predecessor-version":[{"id":4293,"href":"https:\/\/mikrotech.sk\/en\/wp-json\/wp\/v2\/pages\/1899\/revisions\/4293"}],"wp:attachment":[{"href":"https:\/\/mikrotech.sk\/en\/wp-json\/wp\/v2\/media?parent=1899"}],"curies":[{"name":"wp","href":"https:\/\/api.w.org\/{rel}","templated":true}]}}